{"id":32236,"date":"2024-09-02T14:34:23","date_gmt":"2024-09-02T14:34:23","guid":{"rendered":"https:\/\/drterziler.com\/?page_id=32236"},"modified":"2025-06-11T05:44:45","modified_gmt":"2025-06-11T05:44:45","slug":"el-papel-de-la-dht-en-la-caida-del-cabello","status":"publish","type":"page","link":"https:\/\/drterziler.com\/es\/el-papel-de-la-dht-en-la-caida-del-cabello\/","title":{"rendered":"El papel de la DHT en la ca\u00edda del cabello"},"content":{"rendered":"<h1 class=\"content-title h1-header\">El papel de la DHT en la ca\u00edda del cabello<\/h1>\n<nav aria-label=\"breadcrumbs\">\n<p>Dr. Terziler<\/p>\n<\/nav>\n<h4>\n\t\t\t\t\u00cdndice\t\t\t<\/h4>\n<p>\t\t\t\t\t\t\t<svg aria-hidden=\"true\" viewBox=\"0 0 448 512\" xmlns=\"http:\/\/www.w3.org\/2000\/svg\"><path d=\"M207.029 381.476L12.686 187.132c-9.373-9.373-9.373-24.569 0-33.941l22.667-22.667c9.357-9.357 24.522-9.375 33.901-.04L224 284.505l154.745-154.021c9.379-9.335 24.544-9.317 33.901.04l22.667 22.667c9.373 9.373 9.373 24.569 0 33.941L240.971 381.476c-9.373 9.372-24.569 9.372-33.942 0z\"><\/path><\/svg><br \/>\n\t\t\t\t<svg aria-hidden=\"true\" viewBox=\"0 0 448 512\" xmlns=\"http:\/\/www.w3.org\/2000\/svg\"><path d=\"M240.971 130.524l194.343 194.343c9.373 9.373 9.373 24.569 0 33.941l-22.667 22.667c-9.357 9.357-24.522 9.375-33.901.04L224 227.495 69.255 381.516c-9.379 9.335-24.544 9.317-33.901-.04l-22.667-22.667c-9.373-9.373-9.373-24.569 0-33.941L207.03 130.525c9.372-9.373 24.568-9.373 33.941-.001z\"><\/path><\/svg><br \/>\n\t\t\t\t<svg aria-hidden=\"true\" viewBox=\"0 0 1000 1000\" xmlns=\"http:\/\/www.w3.org\/2000\/svg\"><path d=\"M500 975V858C696 858 858 696 858 500S696 142 500 142 142 304 142 500H25C25 237 238 25 500 25S975 237 975 500 763 975 500 975Z\"><\/path><\/svg><br \/>\n\t\t\t\t\t\t\t\t\t\t\t\t\t\t\t\t\t\t\t\t\t\t<img loading=\"lazy\" decoding=\"async\" width=\"885\" height=\"517\" src=\"https:\/\/drterziler.com\/wp-content\/uploads\/2024\/11\/dht-hormone-cause-hair-loss.png\" alt=\"\" srcset=\"https:\/\/drterziler.com\/wp-content\/uploads\/2024\/11\/dht-hormone-cause-hair-loss.png 885w, https:\/\/drterziler.com\/wp-content\/uploads\/2024\/11\/dht-hormone-cause-hair-loss-300x175.png 300w, https:\/\/drterziler.com\/wp-content\/uploads\/2024\/11\/dht-hormone-cause-hair-loss-768x449.png 768w\" sizes=\"auto, (max-width: 885px) 100vw, 885px\">\t\t\t\t\t\t\t\t\t\t\t\t\t<\/p>\n<p>La perdita dei capelli \u00e8 un problema comune a molte persone e comprenderne le cause \u00e8 fondamentale per un trattamento efficace. Uno dei principali responsabili della perdita dei capelli, soprattutto negli uomini, \u00e8 un ormone chiamato diidrotestosterone (DHT). In questo articolo esploreremo il ruolo del DHT nella perdita dei capelli e discuteremo i potenziali trattamenti per contrastarne gli effetti.<\/p>\n<h2>Che cos&#8217;\u00e8 il DHT?<\/h2>\n<p>Il diidrotestosterone (DHT) \u00e8 un ormone derivato dal testosterone. Si crea quando l&#8217;enzima 5-alfa reduttasi converte il testosterone in DHT. Il DHT svolge un ruolo fondamentale nello sviluppo sessuale maschile, ma pu\u00f2 anche contribuire alla caduta dei capelli in individui geneticamente predisposti.<\/p>\n<h2>In che modo il DHT influisce sui follicoli piliferi?<\/h2>\n<p>Il DHT influisce sulla crescita dei capelli in diversi modi:<\/p>\n<ol>\n<li>\n<p><strong>Miniaturizzazione<\/strong>: il DHT pu\u00f2 causare il restringimento dei follicoli piliferi nel tempo, portando a capelli pi\u00f9 sottili, corti e meno pigmentati.<\/p>\n<\/li>\n<li>\n<p><strong>Accorciamento del ciclo di crescita<\/strong>: il DHT pu\u00f2 accorciare la fase anagen (crescita) del ciclo pilifero, causando una caduta prematura.<\/p>\n<\/li>\n<li>\n<p><strong>Ritardo nella ricrescita<\/strong>: livelli elevati di DHT possono ritardare l&#8217;inizio di un nuovo ciclo di crescita, portando a un diradamento graduale e alla calvizie.<\/p>\n<\/li>\n<li>\n<p><strong>Maggiore sensibilit\u00e0<\/strong>: alcuni individui hanno follicoli piliferi pi\u00f9 sensibili al DHT, che li rende pi\u00f9 inclini alla caduta dei capelli.<\/p>\n<\/li>\n<\/ol>\n<h2>Chi \u00e8 pi\u00f9 colpito dalla caduta dei capelli legata al DHT?<\/h2>\n<p>Sebbene sia gli uomini che le donne possano sperimentare la caduta dei capelli legata al DHT, \u00e8 pi\u00f9 comune e tipicamente pi\u00f9 grave negli uomini. Questa condizione \u00e8 nota come calvizie maschile o alopecia androgenetica. Anche le donne possono soffrire di perdita di capelli legata al DHT, ma spesso si presenta in modo diverso, con diradamento generale piuttosto che stempiatura o punti calvi.<\/p>\n<h2>Opzioni di trattamento per contrastare il DHT<\/h2>\n<p>Sono disponibili diverse opzioni di trattamento per combattere la perdita di capelli legata al DHT:<\/p>\n<ol>\n<li>\n<p><strong>Bloccanti del DHT<\/strong>: farmaci come la finasteride agiscono inibendo l&#8217;enzima che converte il testosterone in DHT.<\/p>\n<\/li>\n<li>\n<p><strong>Trattamenti topici<\/strong>: il minoxidil \u00e8 una soluzione topica che pu\u00f2 aiutare a stimolare la crescita dei capelli e a rallentarne la caduta.<\/p>\n<\/li>\n<li>\n<p><strong>Trapianto di capelli<\/strong>: per chi ha una perdita significativa di capelli, le tecniche di trapianto di capelli come la FUE (estrazione di unit\u00e0 follicolari) o la DHI (impianto diretto di capelli) possono fornire risultati naturali.<\/p>\n<\/li>\n<li>\n<p><strong>Micropigmentazione del cuoio capelluto<\/strong>: questa procedura cosmetica pu\u00f2 creare l&#8217;aspetto di una chioma pi\u00f9 folta per chi ha una perdita di capelli avanzata.<\/p>\n<\/li>\n<li>\n<p><strong>Cambiamenti dello stile di vita<\/strong>: una dieta sana, la gestione dello stress e una cura adeguata dei capelli possono favorire la salute generale dei capelli.<\/p>\n<\/li>\n<\/ol>\n<h2>L&#8217;approccio del dottor Terziler<\/h2>\n<p>Alla Dr. Terziler Exclusive Hair Clinic, comprendiamo la natura complessa della perdita di capelli e il suo impatto sui nostri pazienti. Offriamo un approccio completo al trattamento della perdita di capelli correlata al DHT, che include:<\/p>\n<ul>\n<li>\n<p>Tecniche diagnostiche avanzate per determinare le cause alla base della perdita di capelli<\/p>\n<\/li>\n<li>\n<p>Piani di trattamento personalizzati su misura per le esigenze specifiche di ogni paziente<\/p>\n<\/li>\n<li>\n<p>Tecniche di trapianto di capelli all&#8217;avanguardia, tra cui DHI robotizzato<\/p>\n<\/li>\n<li>\n<p>Supporto e guida continui durante tutto il processo di trattamento<\/p>\n<\/li>\n<\/ul>\n<p>Ricorda, sebbene il DHT abbia un ruolo significativo nella perdita dei capelli, non \u00e8 l&#8217;unico fattore. Anche la genetica, l&#8217;et\u00e0, lo stress e altre condizioni di salute possono contribuire. Ecco perch\u00e9 \u00e8 fondamentale consultare uno specialista della perdita dei capelli per determinare la migliore linea d&#8217;azione per il tuo caso specifico.<\/p>\n<p>Se sei preoccupato per la caduta dei capelli o sei interessato a saperne di pi\u00f9 sulle opzioni di trattamento, non esitare a contattare la Dr. Terziler Exclusive Hair Clinic. Il nostro team di esperti \u00e8 qui per aiutarti a ottenere la chioma piena e sana che desideri.<\/p>\n<details id=\"e-n-accordion-item-1280\" open>\n<summary data-accordion-index=\"1\" tabindex=\"0\" aria-expanded=\"true\" aria-controls=\"e-n-accordion-item-1280\" >\n\t\t\t\t\t \u00bfQu\u00e9 es la DHT y qu\u00e9 relaci\u00f3n tiene con la ca\u00edda del cabello?<br \/>\n\t\t\t<svg aria-hidden=\"true\" viewBox=\"0 0 448 512\" xmlns=\"http:\/\/www.w3.org\/2000\/svg\"><path d=\"M416 208H32c-17.67 0-32 14.33-32 32v32c0 17.67 14.33 32 32 32h384c17.67 0 32-14.33 32-32v-32c0-17.67-14.33-32-32-32z\"><\/path><\/svg><br \/>\n\t\t\t<svg aria-hidden=\"true\" viewBox=\"0 0 448 512\" xmlns=\"http:\/\/www.w3.org\/2000\/svg\"><path d=\"M416 208H272V64c0-17.67-14.33-32-32-32h-32c-17.67 0-32 14.33-32 32v144H32c-17.67 0-32 14.33-32 32v32c0 17.67 14.33 32 32 32h144v144c0 17.67 14.33 32 32 32h32c17.67 0 32-14.33 32-32V304h144c17.67 0 32-14.33 32-32v-32c0-17.67-14.33-32-32-32z\"><\/path><\/svg><br \/>\n\t\t\t\t\t\t<\/summary>\n<p>La DHT (dihidrotestosterona) es una hormona derivada de la testosterona. Se adhiere a los fol\u00edculos pilosos, reduci\u00e9ndolos y acortando el ciclo de crecimiento del cabello, lo que puede provocar su adelgazamiento y posterior ca\u00edda, sobre todo en la alopecia androgen\u00e9tica (calvicie de patr\u00f3n masculino o femenino).<\/p>\n<\/details>\n<details id=\"e-n-accordion-item-1281\" >\n<summary data-accordion-index=\"2\" tabindex=\"-1\" aria-expanded=\"false\" aria-controls=\"e-n-accordion-item-1281\" >\n\t\t\t\t\t \u00bfPor qu\u00e9 la DHT afecta al cabello de algunas personas y no de otras?<br \/>\n\t\t\t<svg aria-hidden=\"true\" viewBox=\"0 0 448 512\" xmlns=\"http:\/\/www.w3.org\/2000\/svg\"><path d=\"M416 208H32c-17.67 0-32 14.33-32 32v32c0 17.67 14.33 32 32 32h384c17.67 0 32-14.33 32-32v-32c0-17.67-14.33-32-32-32z\"><\/path><\/svg><br \/>\n\t\t\t<svg aria-hidden=\"true\" viewBox=\"0 0 448 512\" xmlns=\"http:\/\/www.w3.org\/2000\/svg\"><path d=\"M416 208H272V64c0-17.67-14.33-32-32-32h-32c-17.67 0-32 14.33-32 32v144H32c-17.67 0-32 14.33-32 32v32c0 17.67 14.33 32 32 32h144v144c0 17.67 14.33 32 32 32h32c17.67 0 32-14.33 32-32V304h144c17.67 0 32-14.33 32-32v-32c0-17.67-14.33-32-32-32z\"><\/path><\/svg><br \/>\n\t\t\t\t\t\t<\/summary>\n<p>La gen\u00e9tica desempe\u00f1a un papel importante en la determinaci\u00f3n de la sensibilidad a la DHT. Las personas con predisposici\u00f3n gen\u00e9tica tienen fol\u00edculos pilosos m\u00e1s susceptibles a los efectos de la DHT, lo que provoca la ca\u00edda del cabello.<\/p>\n<\/details>\n<details id=\"e-n-accordion-item-1282\" >\n<summary data-accordion-index=\"3\" tabindex=\"-1\" aria-expanded=\"false\" aria-controls=\"e-n-accordion-item-1282\" >\n\t\t\t\t\t \u00bfCu\u00e1les son los s\u00edntomas de la ca\u00edda del cabello relacionada con la DHT?<br \/>\n\t\t\t<svg aria-hidden=\"true\" viewBox=\"0 0 448 512\" xmlns=\"http:\/\/www.w3.org\/2000\/svg\"><path d=\"M416 208H32c-17.67 0-32 14.33-32 32v32c0 17.67 14.33 32 32 32h384c17.67 0 32-14.33 32-32v-32c0-17.67-14.33-32-32-32z\"><\/path><\/svg><br \/>\n\t\t\t<svg aria-hidden=\"true\" viewBox=\"0 0 448 512\" xmlns=\"http:\/\/www.w3.org\/2000\/svg\"><path d=\"M416 208H272V64c0-17.67-14.33-32-32-32h-32c-17.67 0-32 14.33-32 32v144H32c-17.67 0-32 14.33-32 32v32c0 17.67 14.33 32 32 32h144v144c0 17.67 14.33 32 32 32h32c17.67 0 32-14.33 32-32V304h144c17.67 0 32-14.33 32-32v-32c0-17.67-14.33-32-32-32z\"><\/path><\/svg><br \/>\n\t\t\t\t\t\t<\/summary>\n<p>La ca\u00edda del cabello relacionada con la DHT suele comenzar con un adelgazamiento en las sienes y la coronilla en los hombres y un adelgazamiento difuso en la parte superior del cuero cabelludo en las mujeres. Con el tiempo, las zonas afectadas pueden quedarse calvas.<\/p>\n<\/details>\n<details id=\"e-n-accordion-item-1283\" >\n<summary data-accordion-index=\"4\" tabindex=\"-1\" aria-expanded=\"false\" aria-controls=\"e-n-accordion-item-1283\" >\n\t\t\t\t\t \u00bfPuede revertirse la ca\u00edda del cabello relacionada con la DHT?<br \/>\n\t\t\t<svg aria-hidden=\"true\" viewBox=\"0 0 448 512\" xmlns=\"http:\/\/www.w3.org\/2000\/svg\"><path d=\"M416 208H32c-17.67 0-32 14.33-32 32v32c0 17.67 14.33 32 32 32h384c17.67 0 32-14.33 32-32v-32c0-17.67-14.33-32-32-32z\"><\/path><\/svg><br \/>\n\t\t\t<svg aria-hidden=\"true\" viewBox=\"0 0 448 512\" xmlns=\"http:\/\/www.w3.org\/2000\/svg\"><path d=\"M416 208H272V64c0-17.67-14.33-32-32-32h-32c-17.67 0-32 14.33-32 32v144H32c-17.67 0-32 14.33-32 32v32c0 17.67 14.33 32 32 32h144v144c0 17.67 14.33 32 32 32h32c17.67 0 32-14.33 32-32V304h144c17.67 0 32-14.33 32-32v-32c0-17.67-14.33-32-32-32z\"><\/path><\/svg><br \/>\n\t\t\t\t\t\t<\/summary>\n<p>Aunque la ca\u00edda del cabello relacionada con la DHT no siempre puede revertirse por completo, tratamientos como el minoxidil, el finasteride y la terapia con l\u00e1ser de baja intensidad pueden ralentizar la progresi\u00f3n, favorecer el recrecimiento y mejorar la densidad capilar.<\/p>\n<\/details>\n<details id=\"e-n-accordion-item-1284\" >\n<summary data-accordion-index=\"5\" tabindex=\"-1\" aria-expanded=\"false\" aria-controls=\"e-n-accordion-item-1284\" >\n\t\t\t\t\t \u00bfC\u00f3mo act\u00faan los bloqueantes de la DHT?<br \/>\n\t\t\t<svg aria-hidden=\"true\" viewBox=\"0 0 448 512\" xmlns=\"http:\/\/www.w3.org\/2000\/svg\"><path d=\"M416 208H32c-17.67 0-32 14.33-32 32v32c0 17.67 14.33 32 32 32h384c17.67 0 32-14.33 32-32v-32c0-17.67-14.33-32-32-32z\"><\/path><\/svg><br \/>\n\t\t\t<svg aria-hidden=\"true\" viewBox=\"0 0 448 512\" xmlns=\"http:\/\/www.w3.org\/2000\/svg\"><path d=\"M416 208H272V64c0-17.67-14.33-32-32-32h-32c-17.67 0-32 14.33-32 32v144H32c-17.67 0-32 14.33-32 32v32c0 17.67 14.33 32 32 32h144v144c0 17.67 14.33 32 32 32h32c17.67 0 32-14.33 32-32V304h144c17.67 0 32-14.33 32-32v-32c0-17.67-14.33-32-32-32z\"><\/path><\/svg><br \/>\n\t\t\t\t\t\t<\/summary>\n<p>Los bloqueantes de la DHT, como la finasterida y la palma enana americana, inhiben la enzima 5-alfa-reductasa, que convierte la testosterona en DHT. Al reducir los niveles de DHT, estos tratamientos ayudan a proteger los fol\u00edculos pilosos y a reducir la ca\u00edda del cabello.<\/p>\n<\/details>\n<details id=\"e-n-accordion-item-1285\" >\n<summary data-accordion-index=\"6\" tabindex=\"-1\" aria-expanded=\"false\" aria-controls=\"e-n-accordion-item-1285\" >\n\t\t\t\t\t \u00bfExisten formas naturales de reducir los niveles de DHT?<br \/>\n\t\t\t<svg aria-hidden=\"true\" viewBox=\"0 0 448 512\" xmlns=\"http:\/\/www.w3.org\/2000\/svg\"><path d=\"M416 208H32c-17.67 0-32 14.33-32 32v32c0 17.67 14.33 32 32 32h384c17.67 0 32-14.33 32-32v-32c0-17.67-14.33-32-32-32z\"><\/path><\/svg><br \/>\n\t\t\t<svg aria-hidden=\"true\" viewBox=\"0 0 448 512\" xmlns=\"http:\/\/www.w3.org\/2000\/svg\"><path d=\"M416 208H272V64c0-17.67-14.33-32-32-32h-32c-17.67 0-32 14.33-32 32v144H32c-17.67 0-32 14.33-32 32v32c0 17.67 14.33 32 32 32h144v144c0 17.67 14.33 32 32 32h32c17.67 0 32-14.33 32-32V304h144c17.67 0 32-14.33 32-32v-32c0-17.67-14.33-32-32-32z\"><\/path><\/svg><br \/>\n\t\t\t\t\t\t<\/summary>\n<p>S\u00ed, se ha demostrado que las opciones naturales como la palma enana americana, el t\u00e9 verde y el aceite de semilla de calabaza reducen los niveles de DHT. Mantener una dieta sana y controlar el estr\u00e9s tambi\u00e9n puede ayudar a reducir sus efectos sobre el cabello.<\/p>\n<\/details>\n<details id=\"e-n-accordion-item-1286\" >\n<summary data-accordion-index=\"7\" tabindex=\"-1\" aria-expanded=\"false\" aria-controls=\"e-n-accordion-item-1286\" >\n\t\t\t\t\t \u00bfCu\u00e1nto tardan en hacer efecto los tratamientos que bloquean la DHT?<br \/>\n\t\t\t<svg aria-hidden=\"true\" viewBox=\"0 0 448 512\" xmlns=\"http:\/\/www.w3.org\/2000\/svg\"><path d=\"M416 208H32c-17.67 0-32 14.33-32 32v32c0 17.67 14.33 32 32 32h384c17.67 0 32-14.33 32-32v-32c0-17.67-14.33-32-32-32z\"><\/path><\/svg><br \/>\n\t\t\t<svg aria-hidden=\"true\" viewBox=\"0 0 448 512\" xmlns=\"http:\/\/www.w3.org\/2000\/svg\"><path d=\"M416 208H272V64c0-17.67-14.33-32-32-32h-32c-17.67 0-32 14.33-32 32v144H32c-17.67 0-32 14.33-32 32v32c0 17.67 14.33 32 32 32h144v144c0 17.67 14.33 32 32 32h32c17.67 0 32-14.33 32-32V304h144c17.67 0 32-14.33 32-32v-32c0-17.67-14.33-32-32-32z\"><\/path><\/svg><br \/>\n\t\t\t\t\t\t<\/summary>\n<p>Los tratamientos que bloquean la DHT, como la finasterida o la palma enana americana, pueden tardar entre 3 y 6 meses en dar resultados visibles. La constancia es la clave para conseguir y mantener los resultados.<\/p>\n<\/details>\n<details id=\"e-n-accordion-item-1287\" >\n<summary data-accordion-index=\"8\" tabindex=\"-1\" aria-expanded=\"false\" aria-controls=\"e-n-accordion-item-1287\" >\n\t\t\t\t\t \u00bfDebo consultar a un m\u00e9dico sobre la ca\u00edda del cabello relacionada con la DHT?<br \/>\n\t\t\t<svg aria-hidden=\"true\" viewBox=\"0 0 448 512\" xmlns=\"http:\/\/www.w3.org\/2000\/svg\"><path d=\"M416 208H32c-17.67 0-32 14.33-32 32v32c0 17.67 14.33 32 32 32h384c17.67 0 32-14.33 32-32v-32c0-17.67-14.33-32-32-32z\"><\/path><\/svg><br \/>\n\t\t\t<svg aria-hidden=\"true\" viewBox=\"0 0 448 512\" xmlns=\"http:\/\/www.w3.org\/2000\/svg\"><path d=\"M416 208H272V64c0-17.67-14.33-32-32-32h-32c-17.67 0-32 14.33-32 32v144H32c-17.67 0-32 14.33-32 32v32c0 17.67 14.33 32 32 32h144v144c0 17.67 14.33 32 32 32h32c17.67 0 32-14.33 32-32V304h144c17.67 0 32-14.33 32-32v-32c0-17.67-14.33-32-32-32z\"><\/path><\/svg><br \/>\n\t\t\t\t\t\t<\/summary>\n<p>S\u00ed, si sospecha que su ca\u00edda del cabello est\u00e1 relacionada con la DHT, es esencial consultar a un dermat\u00f3logo o tric\u00f3logo. Ellos podr\u00e1n confirmar el diagn\u00f3stico y recomendarte tratamientos adecuados y adaptados a tus necesidades.<\/p>\n<\/details>\n<p>La DHT (dihidrotestosterona) es una hormona derivada de la testosterona. Se adhiere a los fol\u00edculos pilosos, reduci\u00e9ndolos y acortando el ciclo de crecimiento del cabello, lo que puede provocar su adelgazamiento y posterior ca\u00edda, sobre todo en la alopecia androgen\u00e9tica (calvicie de patr\u00f3n masculino o femenino).<\/p>\n<p>La gen\u00e9tica desempe\u00f1a un papel importante en la determinaci\u00f3n de la sensibilidad a la DHT. Las personas con predisposici\u00f3n gen\u00e9tica tienen fol\u00edculos pilosos m\u00e1s susceptibles a los efectos de la DHT, lo que provoca la ca\u00edda del cabello.<\/p>\n<p>La ca\u00edda del cabello relacionada con la DHT suele comenzar con un adelgazamiento en las sienes y la coronilla en los hombres y un adelgazamiento difuso en la parte superior del cuero cabelludo en las mujeres. Con el tiempo, las zonas afectadas pueden quedarse calvas.<\/p>\n<p>Aunque la ca\u00edda del cabello relacionada con la DHT no siempre puede revertirse por completo, tratamientos como el minoxidil, el finasteride y la terapia con l\u00e1ser de baja intensidad pueden ralentizar la progresi\u00f3n, favorecer el recrecimiento y mejorar la densidad capilar.<\/p>\n<p>Los bloqueantes de la DHT, como la finasterida y la palma enana americana, inhiben la enzima 5-alfa-reductasa, que convierte la testosterona en DHT. Al reducir los niveles de DHT, estos tratamientos ayudan a proteger los fol\u00edculos pilosos y a reducir la ca\u00edda del cabello.<\/p>\n<p>S\u00ed, se ha demostrado que las opciones naturales como la palma enana americana, el t\u00e9 verde y el aceite de semilla de calabaza reducen los niveles de DHT. Mantener una dieta sana y controlar el estr\u00e9s tambi\u00e9n puede ayudar a reducir sus efectos sobre el cabello.<\/p>\n<p>Los tratamientos que bloquean la DHT, como la finasterida o la palma enana americana, pueden tardar entre 3 y 6 meses en dar resultados visibles. La constancia es la clave para conseguir y mantener los resultados.<\/p>\n<p>S\u00ed, si sospecha que su ca\u00edda del cabello est\u00e1 relacionada con la DHT, es esencial consultar a un dermat\u00f3logo o tric\u00f3logo. Ellos podr\u00e1n confirmar el diagn\u00f3stico y recomendarte tratamientos adecuados y adaptados a tus necesidades.<\/p>\n","protected":false},"excerpt":{"rendered":"<p>El papel de la DHT en la ca\u00edda del cabello Dr. Terziler \u00cdndice La perdita dei capelli \u00e8 un problema comune a molte persone e comprenderne le cause \u00e8 fondamentale per un trattamento efficace. Uno dei principali responsabili della perdita dei capelli, soprattutto negli uomini, \u00e8 un ormone chiamato diidrotestosterone (DHT). In questo articolo esploreremo [&hellip;]<\/p>\n","protected":false},"author":6,"featured_media":0,"parent":0,"menu_order":0,"comment_status":"closed","ping_status":"closed","template":"","meta":{"footnotes":""},"class_list":["post-32236","page","type-page","status-publish","hentry"],"_links":{"self":[{"href":"https:\/\/drterziler.com\/es\/wp-json\/wp\/v2\/pages\/32236","targetHints":{"allow":["GET"]}}],"collection":[{"href":"https:\/\/drterziler.com\/es\/wp-json\/wp\/v2\/pages"}],"about":[{"href":"https:\/\/drterziler.com\/es\/wp-json\/wp\/v2\/types\/page"}],"author":[{"embeddable":true,"href":"https:\/\/drterziler.com\/es\/wp-json\/wp\/v2\/users\/6"}],"replies":[{"embeddable":true,"href":"https:\/\/drterziler.com\/es\/wp-json\/wp\/v2\/comments?post=32236"}],"version-history":[{"count":7,"href":"https:\/\/drterziler.com\/es\/wp-json\/wp\/v2\/pages\/32236\/revisions"}],"predecessor-version":[{"id":42946,"href":"https:\/\/drterziler.com\/es\/wp-json\/wp\/v2\/pages\/32236\/revisions\/42946"}],"wp:attachment":[{"href":"https:\/\/drterziler.com\/es\/wp-json\/wp\/v2\/media?parent=32236"}],"curies":[{"name":"wp","href":"https:\/\/api.w.org\/{rel}","templated":true}]}}