{"id":32246,"date":"2024-09-02T14:26:22","date_gmt":"2024-09-02T14:26:22","guid":{"rendered":"https:\/\/drterziler.com\/?page_id=32246"},"modified":"2025-06-11T05:33:13","modified_gmt":"2025-06-11T05:33:13","slug":"finasterida-como-trata-finasteride-la-caida-del-cabello","status":"publish","type":"page","link":"https:\/\/drterziler.com\/es\/finasterida-como-trata-finasteride-la-caida-del-cabello\/","title":{"rendered":"Finasterida: \u00bfC\u00f3mo trata Finasteride la ca\u00edda del cabello?"},"content":{"rendered":"<nav aria-label=\"breadcrumbs\">\n<p>Dr. Terziler<\/p>\n<\/nav>\n<h4>\n\t\t\t\t\u00cdndice\t\t\t<\/h4>\n<p>\t\t\t\t\t\t\t<svg aria-hidden=\"true\" viewBox=\"0 0 448 512\" xmlns=\"http:\/\/www.w3.org\/2000\/svg\"><path d=\"M207.029 381.476L12.686 187.132c-9.373-9.373-9.373-24.569 0-33.941l22.667-22.667c9.357-9.357 24.522-9.375 33.901-.04L224 284.505l154.745-154.021c9.379-9.335 24.544-9.317 33.901.04l22.667 22.667c9.373 9.373 9.373 24.569 0 33.941L240.971 381.476c-9.373 9.372-24.569 9.372-33.942 0z\"><\/path><\/svg><br \/>\n\t\t\t\t<svg aria-hidden=\"true\" viewBox=\"0 0 448 512\" xmlns=\"http:\/\/www.w3.org\/2000\/svg\"><path d=\"M240.971 130.524l194.343 194.343c9.373 9.373 9.373 24.569 0 33.941l-22.667 22.667c-9.357 9.357-24.522 9.375-33.901.04L224 227.495 69.255 381.516c-9.379 9.335-24.544 9.317-33.901-.04l-22.667-22.667c-9.373-9.373-9.373-24.569 0-33.941L207.03 130.525c9.372-9.373 24.568-9.373 33.941-.001z\"><\/path><\/svg><br \/>\n\t\t\t\t<svg aria-hidden=\"true\" viewBox=\"0 0 1000 1000\" xmlns=\"http:\/\/www.w3.org\/2000\/svg\"><path d=\"M500 975V858C696 858 858 696 858 500S696 142 500 142 142 304 142 500H25C25 237 238 25 500 25S975 237 975 500 763 975 500 975Z\"><\/path><\/svg><br \/>\n\t\t\t\t\t\t\t\t\t\t\t\t\t\t\t\t\t\t\t\t\t\t<img loading=\"lazy\" decoding=\"async\" width=\"882\" height=\"557\" src=\"https:\/\/drterziler.com\/wp-content\/uploads\/2024\/11\/finasteride-hair-loss.png\" alt=\"\" srcset=\"https:\/\/drterziler.com\/wp-content\/uploads\/2024\/11\/finasteride-hair-loss.png 882w, https:\/\/drterziler.com\/wp-content\/uploads\/2024\/11\/finasteride-hair-loss-300x189.png 300w, https:\/\/drterziler.com\/wp-content\/uploads\/2024\/11\/finasteride-hair-loss-768x485.png 768w\" sizes=\"auto, (max-width: 882px) 100vw, 882px\">\t\t\t\t\t\t\t\t\t\t\t\t\t<\/p>\n<h1>Finasteride: come la finasteride cura la caduta dei capelli?<\/h1>\n<p>La caduta dei capelli pu\u00f2 essere un&#8217;esperienza angosciante per molte persone, che ne risente l&#8217;autostima e la fiducia in se stessi. Alla Dr. Terziler Exclusive Hair Clinic, comprendiamo l&#8217;impatto della caduta dei capelli e offriamo varie opzioni di trattamento, tra cui la finasteride. In questo articolo, esploreremo come la finasteride agisce per curare la caduta dei capelli, i suoi benefici, il corretto utilizzo e i potenziali effetti collaterali.<\/p>\n<h2>Cos&#8217;\u00e8 la finasteride?<\/h2>\n<p>La finasteride \u00e8 un farmaco approvato dalla FDA (Food and Drug Administration) utilizzato principalmente per il trattamento della calvizie maschile (alopecia androgenetica). \u00c8 un farmaco su prescrizione che si presenta sotto forma di pillola e viene assunto per via orale.<\/p>\n<h2>Come agisce la finasteride contro la caduta dei capelli?<\/h2>\n<p>La finasteride agisce inibendo l&#8217;enzima 5-alfa reduttasi, responsabile della conversione del testosterone in diidrotestosterone (DHT). Il DHT \u00e8 l&#8217;ormone principalmente responsabile della calvizie maschile. Riducendo i livelli di DHT nel cuoio capelluto, il finasteride aiuta a:<\/p>\n<ol>\n<li>Rallentare la caduta dei capelli<\/li>\n<li>Favorire la ricrescita dei capelli<\/li>\n<li>Aumentare lo spessore e la densit\u00e0 dei capelli<\/li>\n<\/ol>\n<h2>Benefici del finasteride<\/h2>\n<ul>\n<li>Clinicamente dimostrato efficace nel trattamento della calvizie maschile<\/li>\n<li>Pu\u00f2 prevenire un&#8217;ulteriore caduta dei capelli in circa il 90% degli uomini<\/li>\n<li>Favorisce la ricrescita dei capelli in circa il 65% degli uomini<\/li>\n<li>Facile da usare (una pillola al giorno)<\/li>\n<li>Opzione di trattamento non invasiva<\/li>\n<\/ul>\n<h2>Uso corretto del finasteride<\/h2>\n<ul>\n<li>Solitamente prescritto in una dose giornaliera di 1 mg<\/li>\n<li>Per ottenere i migliori risultati, deve essere assunto regolarmente<\/li>\n<li>I risultati possono essere visibili dopo 3-6 mesi di uso regolare<\/li>\n<li>L&#8217;uso continuato \u00e8 necessario per mantenere i risultati<\/li>\n<\/ul>\n<h2>Potenziali effetti collaterali<\/h2>\n<p>Sebbene il finasteride sia generalmente ben tollerato, alcuni uomini possono manifestare effetti collaterali. \u00c8 importante discutere questi potenziali effetti collaterali con il dottor Terziler prima di iniziare il trattamento:<\/p>\n<ul>\n<li>Diminuzione della libido<\/li>\n<li>Disfunzione erettile<\/li>\n<li>Diminuzione del volume dell&#8217;eiaculato<\/li>\n<li>Tensione o ingrossamento del seno<\/li>\n<li>Depressione (in rari casi)<\/li>\n<\/ul>\n<p>Vale la pena notare che questi effetti collaterali sono generalmente lievi e interessano solo una piccola percentuale di utenti. La maggior parte degli effetti collaterali si risolve quando il farmaco viene sospeso.<\/p>\n<h2>Il finasteride \u00e8 adatto a te?<\/h2>\n<p>Determinare se il finasteride \u00e8 l&#8217;opzione di trattamento giusta per la tua perdita di capelli dipende da vari fattori, tra cui:<\/p>\n<ul>\n<li>L&#8217;entit\u00e0 e il tipo di perdita di capelli<\/li>\n<li>Lo stato di salute generale<\/li>\n<li>L&#8217;et\u00e0<\/li>\n<li>Gli obiettivi del trattamento<\/li>\n<\/ul>\n<p>Presso la Dr. Terziler Exclusive Hair Clinic offriamo consulenze personalizzate per valutare le esigenze individuali e consigliare il piano di trattamento pi\u00f9 appropriato.<\/p>\n<h2>Combinare il finasteride con altri trattamenti<\/h2>\n<p>Per risultati ottimali, il finasteride pu\u00f2 essere combinato con altri trattamenti contro la perdita di capelli, come ad esempio:<\/p>\n<ul>\n<li>Minoxidil (soluzione topica)<\/li>\n<li>Laserterapia a bassa intensit\u00e0<\/li>\n<li>Trapianto di capelli<\/li>\n<\/ul>\n<p>Il dottor Terziler pu\u00f2 consigliarti la migliore combinazione di trattamenti per affrontare le tue specifiche problematiche di perdita di capelli.<\/p>\n<h2>Conclusione<\/h2>\n<p>Il finasteride \u00e8 un potente strumento nella lotta contro la calvizie maschile. Comprendendo come funziona e i suoi potenziali benefici e rischi, puoi prendere una decisione informata sul fatto che sia la scelta giusta per te. Alla Dr. Terziler Exclusive Hair Clinic, ci impegniamo a fornirti i trattamenti per la perdita di capelli pi\u00f9 avanzati ed efficaci disponibili.<\/p>\n<p>Se sta considerando la finasteride o qualsiasi altro trattamento contro la caduta dei capelli, la invitiamo a fissare un consulto con il dottor Terziler. Il nostro team di esperti lavorer\u00e0 con lei per sviluppare un piano di trattamento personalizzato su misura per le sue esigenze e i suoi obiettivi.<\/p>\n<p>Ricordi, l&#8217;intervento precoce \u00e8 fondamentale nella gestione della caduta dei capelli. Non aspetti a prendere provvedimenti: contatti subito la Dr. Terziler Exclusive Hair Clinic e faccia il primo passo verso il ripristino dei suoi capelli e della sua fiducia.<\/p>\n<details id=\"e-n-accordion-item-1710\" open>\n<summary data-accordion-index=\"1\" tabindex=\"0\" aria-expanded=\"true\" aria-controls=\"e-n-accordion-item-1710\" >\n\t\t\t\t\t \u00bfQu\u00e9 es la finasterida y c\u00f3mo trata la ca\u00edda del cabello?<br \/>\n\t\t\t<svg aria-hidden=\"true\" viewBox=\"0 0 448 512\" xmlns=\"http:\/\/www.w3.org\/2000\/svg\"><path d=\"M416 208H32c-17.67 0-32 14.33-32 32v32c0 17.67 14.33 32 32 32h384c17.67 0 32-14.33 32-32v-32c0-17.67-14.33-32-32-32z\"><\/path><\/svg><br \/>\n\t\t\t<svg aria-hidden=\"true\" viewBox=\"0 0 448 512\" xmlns=\"http:\/\/www.w3.org\/2000\/svg\"><path d=\"M416 208H272V64c0-17.67-14.33-32-32-32h-32c-17.67 0-32 14.33-32 32v144H32c-17.67 0-32 14.33-32 32v32c0 17.67 14.33 32 32 32h144v144c0 17.67 14.33 32 32 32h32c17.67 0 32-14.33 32-32V304h144c17.67 0 32-14.33 32-32v-32c0-17.67-14.33-32-32-32z\"><\/path><\/svg><br \/>\n\t\t\t\t\t\t<\/summary>\n<p>La finasterida es un medicamento oral que trata la ca\u00edda del cabello inhibiendo la enzima 5-alfa-reductasa. Esta enzima convierte la testosterona en dihidrotestosterona (DHT), una hormona que encoge los fol\u00edculos pilosos y provoca la ca\u00edda del cabello. Al reducir los niveles de DHT, la finasterida ayuda a frenar la ca\u00edda del cabello y favorece su crecimiento.<\/p>\n<\/details>\n<details id=\"e-n-accordion-item-1711\" >\n<summary data-accordion-index=\"2\" tabindex=\"-1\" aria-expanded=\"false\" aria-controls=\"e-n-accordion-item-1711\" >\n\t\t\t\t\t \u00bfQui\u00e9n puede utilizar finasterida para la ca\u00edda del cabello?<br \/>\n\t\t\t<svg aria-hidden=\"true\" viewBox=\"0 0 448 512\" xmlns=\"http:\/\/www.w3.org\/2000\/svg\"><path d=\"M416 208H32c-17.67 0-32 14.33-32 32v32c0 17.67 14.33 32 32 32h384c17.67 0 32-14.33 32-32v-32c0-17.67-14.33-32-32-32z\"><\/path><\/svg><br \/>\n\t\t\t<svg aria-hidden=\"true\" viewBox=\"0 0 448 512\" xmlns=\"http:\/\/www.w3.org\/2000\/svg\"><path d=\"M416 208H272V64c0-17.67-14.33-32-32-32h-32c-17.67 0-32 14.33-32 32v144H32c-17.67 0-32 14.33-32 32v32c0 17.67 14.33 32 32 32h144v144c0 17.67 14.33 32 32 32h32c17.67 0 32-14.33 32-32V304h144c17.67 0 32-14.33 32-32v-32c0-17.67-14.33-32-32-32z\"><\/path><\/svg><br \/>\n\t\t\t\t\t\t<\/summary>\n<p>La finasterida suele recetarse a hombres con alopecia androgen\u00e9tica (calvicie de patr\u00f3n masculino). No est\u00e1 aprobado su uso en mujeres, especialmente las que est\u00e1n embarazadas o planean concebir, ya que puede causar defectos cong\u00e9nitos.<\/p>\n<\/details>\n<details id=\"e-n-accordion-item-1712\" >\n<summary data-accordion-index=\"3\" tabindex=\"-1\" aria-expanded=\"false\" aria-controls=\"e-n-accordion-item-1712\" >\n\t\t\t\t\t \u00bfQu\u00e9 eficacia tiene la finasterida para el crecimiento del cabello?<br \/>\n\t\t\t<svg aria-hidden=\"true\" viewBox=\"0 0 448 512\" xmlns=\"http:\/\/www.w3.org\/2000\/svg\"><path d=\"M416 208H32c-17.67 0-32 14.33-32 32v32c0 17.67 14.33 32 32 32h384c17.67 0 32-14.33 32-32v-32c0-17.67-14.33-32-32-32z\"><\/path><\/svg><br \/>\n\t\t\t<svg aria-hidden=\"true\" viewBox=\"0 0 448 512\" xmlns=\"http:\/\/www.w3.org\/2000\/svg\"><path d=\"M416 208H272V64c0-17.67-14.33-32-32-32h-32c-17.67 0-32 14.33-32 32v144H32c-17.67 0-32 14.33-32 32v32c0 17.67 14.33 32 32 32h144v144c0 17.67 14.33 32 32 32h32c17.67 0 32-14.33 32-32V304h144c17.67 0 32-14.33 32-32v-32c0-17.67-14.33-32-32-32z\"><\/path><\/svg><br \/>\n\t\t\t\t\t\t<\/summary>\n<p>Los estudios demuestran que la finasterida puede ralentizar o detener la ca\u00edda del cabello en cerca del 90% de los hombres y favorecer su crecimiento en el 65% de los usuarios. Los resultados var\u00edan y se requiere un uso constante para mantener sus beneficios.<\/p>\n<\/details>\n<details id=\"e-n-accordion-item-1713\" >\n<summary data-accordion-index=\"4\" tabindex=\"-1\" aria-expanded=\"false\" aria-controls=\"e-n-accordion-item-1713\" >\n\t\t\t\t\t \u00bfCu\u00e1nto tiempo se tarda en ver resultados con la finasterida?<br \/>\n\t\t\t<svg aria-hidden=\"true\" viewBox=\"0 0 448 512\" xmlns=\"http:\/\/www.w3.org\/2000\/svg\"><path d=\"M416 208H32c-17.67 0-32 14.33-32 32v32c0 17.67 14.33 32 32 32h384c17.67 0 32-14.33 32-32v-32c0-17.67-14.33-32-32-32z\"><\/path><\/svg><br \/>\n\t\t\t<svg aria-hidden=\"true\" viewBox=\"0 0 448 512\" xmlns=\"http:\/\/www.w3.org\/2000\/svg\"><path d=\"M416 208H272V64c0-17.67-14.33-32-32-32h-32c-17.67 0-32 14.33-32 32v144H32c-17.67 0-32 14.33-32 32v32c0 17.67 14.33 32 32 32h144v144c0 17.67 14.33 32 32 32h32c17.67 0 32-14.33 32-32V304h144c17.67 0 32-14.33 32-32v-32c0-17.67-14.33-32-32-32z\"><\/path><\/svg><br \/>\n\t\t\t\t\t\t<\/summary>\n<p>La mayor\u00eda de los usuarios empiezan a notar una reducci\u00f3n de la ca\u00edda del cabello en un plazo de 3 a 6 meses. El crecimiento significativo puede tardar de 6 a 12 meses. El uso diario constante es esencial para obtener resultados \u00f3ptimos.<\/p>\n<\/details>\n<details id=\"e-n-accordion-item-1714\" >\n<summary data-accordion-index=\"5\" tabindex=\"-1\" aria-expanded=\"false\" aria-controls=\"e-n-accordion-item-1714\" >\n\t\t\t\t\t \u00bfQu\u00e9 ocurre si dejo de tomar finasterida?<br \/>\n\t\t\t<svg aria-hidden=\"true\" viewBox=\"0 0 448 512\" xmlns=\"http:\/\/www.w3.org\/2000\/svg\"><path d=\"M416 208H32c-17.67 0-32 14.33-32 32v32c0 17.67 14.33 32 32 32h384c17.67 0 32-14.33 32-32v-32c0-17.67-14.33-32-32-32z\"><\/path><\/svg><br \/>\n\t\t\t<svg aria-hidden=\"true\" viewBox=\"0 0 448 512\" xmlns=\"http:\/\/www.w3.org\/2000\/svg\"><path d=\"M416 208H272V64c0-17.67-14.33-32-32-32h-32c-17.67 0-32 14.33-32 32v144H32c-17.67 0-32 14.33-32 32v32c0 17.67 14.33 32 32 32h144v144c0 17.67 14.33 32 32 32h32c17.67 0 32-14.33 32-32V304h144c17.67 0 32-14.33 32-32v-32c0-17.67-14.33-32-32-32z\"><\/path><\/svg><br \/>\n\t\t\t\t\t\t<\/summary>\n<p>Si deja de tomar finasterida, los niveles de DHT volver\u00e1n a aumentar y puede reanudarse la ca\u00edda del cabello. El cabello que vuelva a crecer durante el tratamiento puede perderse entre 6 y 12 meses despu\u00e9s de dejar de tomarlo.<\/p>\n<\/details>\n<details id=\"e-n-accordion-item-1715\" >\n<summary data-accordion-index=\"6\" tabindex=\"-1\" aria-expanded=\"false\" aria-controls=\"e-n-accordion-item-1715\" >\n\t\t\t\t\t \u00bfTiene efectos secundarios tomar finasterida?<br \/>\n\t\t\t<svg aria-hidden=\"true\" viewBox=\"0 0 448 512\" xmlns=\"http:\/\/www.w3.org\/2000\/svg\"><path d=\"M416 208H32c-17.67 0-32 14.33-32 32v32c0 17.67 14.33 32 32 32h384c17.67 0 32-14.33 32-32v-32c0-17.67-14.33-32-32-32z\"><\/path><\/svg><br \/>\n\t\t\t<svg aria-hidden=\"true\" viewBox=\"0 0 448 512\" xmlns=\"http:\/\/www.w3.org\/2000\/svg\"><path d=\"M416 208H272V64c0-17.67-14.33-32-32-32h-32c-17.67 0-32 14.33-32 32v144H32c-17.67 0-32 14.33-32 32v32c0 17.67 14.33 32 32 32h144v144c0 17.67 14.33 32 32 32h32c17.67 0 32-14.33 32-32V304h144c17.67 0 32-14.33 32-32v-32c0-17.67-14.33-32-32-32z\"><\/path><\/svg><br \/>\n\t\t\t\t\t\t<\/summary>\n<p>Algunos usuarios pueden experimentar efectos secundarios, como disminuci\u00f3n de la libido, disfunci\u00f3n er\u00e9ctil o sensibilidad mamaria. Estos efectos son poco frecuentes y a menudo reversibles tras dejar de tomar el medicamento.<\/p>\n<\/details>\n<details id=\"e-n-accordion-item-1716\" >\n<summary data-accordion-index=\"7\" tabindex=\"-1\" aria-expanded=\"false\" aria-controls=\"e-n-accordion-item-1716\" >\n\t\t\t\t\t \u00bfPuede utilizarse finasterida con otros tratamientos contra la ca\u00edda del cabello?<br \/>\n\t\t\t<svg aria-hidden=\"true\" viewBox=\"0 0 448 512\" xmlns=\"http:\/\/www.w3.org\/2000\/svg\"><path d=\"M416 208H32c-17.67 0-32 14.33-32 32v32c0 17.67 14.33 32 32 32h384c17.67 0 32-14.33 32-32v-32c0-17.67-14.33-32-32-32z\"><\/path><\/svg><br \/>\n\t\t\t<svg aria-hidden=\"true\" viewBox=\"0 0 448 512\" xmlns=\"http:\/\/www.w3.org\/2000\/svg\"><path d=\"M416 208H272V64c0-17.67-14.33-32-32-32h-32c-17.67 0-32 14.33-32 32v144H32c-17.67 0-32 14.33-32 32v32c0 17.67 14.33 32 32 32h144v144c0 17.67 14.33 32 32 32h32c17.67 0 32-14.33 32-32V304h144c17.67 0 32-14.33 32-32v-32c0-17.67-14.33-32-32-32z\"><\/path><\/svg><br \/>\n\t\t\t\t\t\t<\/summary>\n<p>S\u00ed, la finasterida puede combinarse con otros tratamientos como el minoxidil o la terapia con l\u00e1ser de baja intensidad para obtener mejores resultados. Consulte a su m\u00e9dico antes de combinar tratamientos para garantizar la seguridad.<\/p>\n<\/details>\n<details id=\"e-n-accordion-item-1717\" >\n<summary data-accordion-index=\"8\" tabindex=\"-1\" aria-expanded=\"false\" aria-controls=\"e-n-accordion-item-1717\" >\n\t\t\t\t\t \u00bfNecesito receta m\u00e9dica para tomar finasterida?<br \/>\n\t\t\t<svg aria-hidden=\"true\" viewBox=\"0 0 448 512\" xmlns=\"http:\/\/www.w3.org\/2000\/svg\"><path d=\"M416 208H32c-17.67 0-32 14.33-32 32v32c0 17.67 14.33 32 32 32h384c17.67 0 32-14.33 32-32v-32c0-17.67-14.33-32-32-32z\"><\/path><\/svg><br \/>\n\t\t\t<svg aria-hidden=\"true\" viewBox=\"0 0 448 512\" xmlns=\"http:\/\/www.w3.org\/2000\/svg\"><path d=\"M416 208H272V64c0-17.67-14.33-32-32-32h-32c-17.67 0-32 14.33-32 32v144H32c-17.67 0-32 14.33-32 32v32c0 17.67 14.33 32 32 32h144v144c0 17.67 14.33 32 32 32h32c17.67 0 32-14.33 32-32V304h144c17.67 0 32-14.33 32-32v-32c0-17.67-14.33-32-32-32z\"><\/path><\/svg><br \/>\n\t\t\t\t\t\t<\/summary>\n<p>S\u00ed, la finasterida es un medicamento de venta con receta. Un profesional sanitario evaluar\u00e1 su idoneidad para el tratamiento y controlar\u00e1 los posibles efectos secundarios.<\/p>\n<\/details>\n<details id=\"e-n-accordion-item-1718\" >\n<summary data-accordion-index=\"9\" tabindex=\"-1\" aria-expanded=\"false\" aria-controls=\"e-n-accordion-item-1718\" >\n\t\t\t\t\t \u00bfPuede la finasterida evitar por completo la ca\u00edda del cabello en el futuro?<br \/>\n\t\t\t<svg aria-hidden=\"true\" viewBox=\"0 0 448 512\" xmlns=\"http:\/\/www.w3.org\/2000\/svg\"><path d=\"M416 208H32c-17.67 0-32 14.33-32 32v32c0 17.67 14.33 32 32 32h384c17.67 0 32-14.33 32-32v-32c0-17.67-14.33-32-32-32z\"><\/path><\/svg><br \/>\n\t\t\t<svg aria-hidden=\"true\" viewBox=\"0 0 448 512\" xmlns=\"http:\/\/www.w3.org\/2000\/svg\"><path d=\"M416 208H272V64c0-17.67-14.33-32-32-32h-32c-17.67 0-32 14.33-32 32v144H32c-17.67 0-32 14.33-32 32v32c0 17.67 14.33 32 32 32h144v144c0 17.67 14.33 32 32 32h32c17.67 0 32-14.33 32-32V304h144c17.67 0 32-14.33 32-32v-32c0-17.67-14.33-32-32-32z\"><\/path><\/svg><br \/>\n\t\t\t\t\t\t<\/summary>\n<p>La finasterida ralentiza o detiene eficazmente la ca\u00edda del cabello en la mayor\u00eda de los hombres, pero no puede evitarla por completo en todos los casos. La predisposici\u00f3n gen\u00e9tica y otros factores pueden contribuir al debilitamiento gradual del cabello con el paso del tiempo.<\/p>\n<\/details>\n<p>La finasterida es un medicamento oral que trata la ca\u00edda del cabello inhibiendo la enzima 5-alfa-reductasa. Esta enzima convierte la testosterona en dihidrotestosterona (DHT), una hormona que encoge los fol\u00edculos pilosos y provoca la ca\u00edda del cabello. Al reducir los niveles de DHT, la finasterida ayuda a frenar la ca\u00edda del cabello y favorece su crecimiento.<\/p>\n<p>La finasterida suele recetarse a hombres con alopecia androgen\u00e9tica (calvicie de patr\u00f3n masculino). No est\u00e1 aprobado su uso en mujeres, especialmente las que est\u00e1n embarazadas o planean concebir, ya que puede causar defectos cong\u00e9nitos.<\/p>\n<p>Los estudios demuestran que la finasterida puede ralentizar o detener la ca\u00edda del cabello en cerca del 90% de los hombres y favorecer su crecimiento en el 65% de los usuarios. Los resultados var\u00edan y se requiere un uso constante para mantener sus beneficios.<\/p>\n<p>La mayor\u00eda de los usuarios empiezan a notar una reducci\u00f3n de la ca\u00edda del cabello en un plazo de 3 a 6 meses. El crecimiento significativo puede tardar de 6 a 12 meses. El uso diario constante es esencial para obtener resultados \u00f3ptimos.<\/p>\n<p>Si deja de tomar finasterida, los niveles de DHT volver\u00e1n a aumentar y puede reanudarse la ca\u00edda del cabello. El cabello que vuelva a crecer durante el tratamiento puede perderse entre 6 y 12 meses despu\u00e9s de dejar de tomarlo.<\/p>\n<p>Algunos usuarios pueden experimentar efectos secundarios, como disminuci\u00f3n de la libido, disfunci\u00f3n er\u00e9ctil o sensibilidad mamaria. Estos efectos son poco frecuentes y a menudo reversibles tras dejar de tomar el medicamento.<\/p>\n<p>S\u00ed, la finasterida puede combinarse con otros tratamientos como el minoxidil o la terapia con l\u00e1ser de baja intensidad para obtener mejores resultados. Consulte a su m\u00e9dico antes de combinar tratamientos para garantizar la seguridad.<\/p>\n<p>S\u00ed, la finasterida es un medicamento de venta con receta. Un profesional sanitario evaluar\u00e1 su idoneidad para el tratamiento y controlar\u00e1 los posibles efectos secundarios.<\/p>\n<p>La finasterida ralentiza o detiene eficazmente la ca\u00edda del cabello en la mayor\u00eda de los hombres, pero no puede evitarla por completo en todos los casos. La predisposici\u00f3n gen\u00e9tica y otros factores pueden contribuir al debilitamiento gradual del cabello con el paso del tiempo.<\/p>\n","protected":false},"excerpt":{"rendered":"<p>Dr. Terziler \u00cdndice Finasteride: come la finasteride cura la caduta dei capelli? La caduta dei capelli pu\u00f2 essere un&#8217;esperienza angosciante per molte persone, che ne risente l&#8217;autostima e la fiducia in se stessi. Alla Dr. Terziler Exclusive Hair Clinic, comprendiamo l&#8217;impatto della caduta dei capelli e offriamo varie opzioni di trattamento, tra cui la finasteride. [&hellip;]<\/p>\n","protected":false},"author":6,"featured_media":0,"parent":0,"menu_order":0,"comment_status":"closed","ping_status":"closed","template":"","meta":{"footnotes":""},"class_list":["post-32246","page","type-page","status-publish","hentry"],"_links":{"self":[{"href":"https:\/\/drterziler.com\/es\/wp-json\/wp\/v2\/pages\/32246","targetHints":{"allow":["GET"]}}],"collection":[{"href":"https:\/\/drterziler.com\/es\/wp-json\/wp\/v2\/pages"}],"about":[{"href":"https:\/\/drterziler.com\/es\/wp-json\/wp\/v2\/types\/page"}],"author":[{"embeddable":true,"href":"https:\/\/drterziler.com\/es\/wp-json\/wp\/v2\/users\/6"}],"replies":[{"embeddable":true,"href":"https:\/\/drterziler.com\/es\/wp-json\/wp\/v2\/comments?post=32246"}],"version-history":[{"count":4,"href":"https:\/\/drterziler.com\/es\/wp-json\/wp\/v2\/pages\/32246\/revisions"}],"predecessor-version":[{"id":42927,"href":"https:\/\/drterziler.com\/es\/wp-json\/wp\/v2\/pages\/32246\/revisions\/42927"}],"wp:attachment":[{"href":"https:\/\/drterziler.com\/es\/wp-json\/wp\/v2\/media?parent=32246"}],"curies":[{"name":"wp","href":"https:\/\/api.w.org\/{rel}","templated":true}]}}