{"id":3249,"date":"2024-08-26T12:10:50","date_gmt":"2024-08-26T12:10:50","guid":{"rendered":"https:\/\/drterziler.com\/estetica-medica\/relleno\/"},"modified":"2026-03-06T23:04:15","modified_gmt":"2026-03-06T23:04:15","slug":"relleno","status":"publish","type":"page","link":"https:\/\/drterziler.com\/es\/estetica-medica\/tratamientos-faciales\/relleno\/","title":{"rendered":"Relleno"},"content":{"rendered":"<div class=\"page-content\">\n<div id=\"header-area\">\n<div class=\"container\" id=\"firstContent\">\n<div class=\"header-content d-flex flex-column\">\n<h1 class=\"content-title\">Rellenos<\/h1>\n<div class=\"content-paragraph\">\n                    El ajetreo de la vida diaria, el estr\u00e9s y los efectos del envejecimiento se reflejan gradualmente en su piel, pero es posible revertir este cambio. Los diversos tratamientos de relleno que ofrecemos en nuestra cl\u00ednica restauran el volumen perdido, definen los contornos y suavizan su piel. Con resultados instant\u00e1neos y un tiempo de recuperaci\u00f3n m\u00ednimo, proporciona un rejuvenecimiento natural, haci\u00e9ndole sentir m\u00e1s fresco y joven.\n                <\/div>\n<nav aria-label=\"breadcrumb\" class=\"breadcrumbs\">\n<ul class=\"d-flex align-items-center mb-0\">\n<li>\n                            <a class=\"link\" href=\"https:\/\/drterziler.com\/es\"><span>Dr. Terziler<\/span><\/a>\n                        <\/li>\n<li class=\"separator\">\u00bb<\/li>\n<li>\n                            <a class=\"link\" href=\"https:\/\/drterziler.com\/es\/estetica-medica\/\"><span>Est\u00e9tica M\u00e9dica<\/span><\/a>\n                        <\/li>\n<li class=\"separator\">\u00bb<\/li>\n<li>\n                            <a class=\"link\" href=\"https:\/\/drterziler.com\/es\/estetica-medica\/tratamientos-faciales\/\"><span>Tratamientos Faciales<\/span><\/a>\n                        <\/li>\n<li class=\"separator\">\u00bb<\/li>\n<li class=\"current-page\"><span>Rellenos<\/span><\/li>\n<\/ul>\n<\/nav><\/div>\n<\/p><\/div>\n<\/p><\/div>\n<\/div>\n<section class=\"svc-section\">\n<div class=\"container\">\n<div class=\"svc-item right-card\">\n<div class=\"svc-media\">\n                <img decoding=\"async\" src=\"https:\/\/drterziler.com\/wp-content\/uploads\/2025\/02\/Cene-Dolgusu.webp\" loading=\"lazy\" class=\"cat-img\" alt=\"\">\n            <\/div>\n<div class=\"svc-card\">\n<h3 class=\"svc-title gilda\">Relleno de Ment\u00f3n<\/h3>\n<p class=\"svc-text barlow\">\n                    El relleno de ment\u00f3n es un procedimiento est\u00e9tico realizado para definir la forma y los contornos de la barbilla. Este tratamiento equilibra los rasgos faciales, proporcionando una apariencia m\u00e1s atractiva y sim\u00e9trica. Se realiza con rellenos como el \u00e1cido hialur\u00f3nico y ofrece un proceso de tratamiento c\u00f3modo.\n                <\/p>\n<p>                <a class=\"btn-details barlow-condensed\" href=\"https:\/\/drterziler.com\/es\/estetica-medica\/tratamientos-faciales\/relleno\/relleno-de-menton\/\">DETALLES<\/a>\n            <\/div>\n<\/p><\/div>\n<div class=\"svc-item left-card\">\n<div class=\"svc-media\">\n                <img decoding=\"async\" src=\"https:\/\/drterziler.com\/wp-content\/uploads\/2025\/02\/Burun-Dolgusu.webp\" loading=\"lazy\" class=\"cat-img\" alt=\"\">\n            <\/div>\n<div class=\"svc-card\">\n<h3 class=\"svc-title gilda\">Relleno de Nariz<\/h3>\n<p class=\"svc-text barlow\">\n                    El relleno de nariz es un procedimiento realizado con \u00e1cido hialur\u00f3nico o sustancias similares para dar forma a la estructura nasal y corregir la simetr\u00eda. Realiza peque\u00f1os ajustes en la nariz sin requerir intervenci\u00f3n quir\u00fargica. Proporciona resultados est\u00e9ticos en un corto per\u00edodo y tiene un proceso de recuperaci\u00f3n muy r\u00e1pido.\n                <\/p>\n<p>                <a class=\"btn-details barlow-condensed\" href=\"https:\/\/drterziler.com\/es\/estetica-medica\/tratamientos-faciales\/relleno\/relleno-de-nariz\/\">DETALLES<\/a>\n            <\/div>\n<\/p><\/div>\n<div class=\"svc-item right-card\">\n<div class=\"svc-media\">\n                <img decoding=\"async\" src=\"https:\/\/drterziler.com\/wp-content\/uploads\/2025\/02\/Dudak-Dolgusu.webp\" loading=\"lazy\" class=\"cat-img\" alt=\"\">\n            <\/div>\n<div class=\"svc-card\">\n<h3 class=\"svc-title gilda\">Relleno de Labios<\/h3>\n<p class=\"svc-text barlow\">\n                    El relleno de labios aumenta el volumen de los labios, proporcionando una apariencia m\u00e1s plena y definida. Este procedimiento previene el adelgazamiento debido al envejecimiento y crea una est\u00e9tica natural. El tratamiento se realiza con anestesia local, minimizando el dolor. Los resultados son visibles de inmediato y el retorno a la vida social es r\u00e1pido.\n                <\/p>\n<p>                <a class=\"btn-details barlow-condensed\" href=\"https:\/\/drterziler.com\/es\/estetica-medica\/tratamientos-faciales\/relleno\/relleno-de-labios\/\">DETALLES<\/a>\n            <\/div>\n<\/p><\/div>\n<div class=\"svc-item left-card\">\n<div class=\"svc-media\">\n                <img decoding=\"async\" src=\"https:\/\/drterziler.com\/wp-content\/uploads\/2025\/01\/Elmacik-Dolgusu.webp\" loading=\"lazy\" class=\"cat-img\" alt=\"\">\n            <\/div>\n<div class=\"svc-card\">\n<h3 class=\"svc-title gilda\">Relleno de Mejillas<\/h3>\n<p class=\"svc-text barlow\">\n                    El relleno de mejillas define los contornos faciales y resalta los p\u00f3mulos. Realizado con rellenos como el \u00e1cido hialur\u00f3nico, este procedimiento proporciona una apariencia m\u00e1s juvenil en armon\u00eda con la parte inferior del rostro. El tratamiento es r\u00e1pido y efectivo, ofreciendo un resultado natural.\n                <\/p>\n<p>                <a class=\"btn-details barlow-condensed\" href=\"https:\/\/drterziler.com\/es\/estetica-medica\/tratamientos-faciales\/relleno\/relleno-de-mejillas\/\">DETALLES<\/a>\n            <\/div>\n<\/p><\/div>\n<div class=\"svc-item right-card\">\n<div class=\"svc-media\">\n                <img decoding=\"async\" src=\"https:\/\/drterziler.com\/wp-content\/uploads\/2025\/02\/Jawline-Dolgusu.webp\" loading=\"lazy\" class=\"cat-img\" alt=\"\">\n            <\/div>\n<div class=\"svc-card\">\n<h3 class=\"svc-title gilda\">Relleno de Mand\u00edbula (Jawline)<\/h3>\n<p class=\"svc-text barlow\">\n                    El relleno de mand\u00edbula define la l\u00ednea mandibular, creando un perfil facial m\u00e1s n\u00edtido. Mejora los contornos faciales y tiene un efecto rejuvenecedor. Este procedimiento, realizado con \u00e1cido hialur\u00f3nico, es m\u00ednimamente invasivo y ofrece resultados duraderos.\n                <\/p>\n<p>                <a class=\"btn-details barlow-condensed\" href=\"https:\/\/drterziler.com\/es\/estetica-medica\/tratamientos-faciales\/relleno\/relleno-de-mandibula\/\">DETALLES<\/a>\n            <\/div>\n<\/p><\/div>\n<div class=\"svc-item left-card\">\n<div class=\"svc-media\">\n                <img decoding=\"async\" src=\"https:\/\/drterziler.com\/wp-content\/uploads\/2025\/02\/Kulak-Memesi-Dolgusu.webp\" loading=\"lazy\" class=\"cat-img\" alt=\"\">\n            <\/div>\n<div class=\"svc-card\">\n<h3 class=\"svc-title gilda\">Relleno de L\u00f3bulo de la Oreja<\/h3>\n<p class=\"svc-text barlow\">\n                    El relleno de l\u00f3bulo de la oreja remodela y a\u00f1ade volumen a los l\u00f3bulos que se han descolgado debido al envejecimiento. Este procedimiento mejora la apariencia est\u00e9tica de los l\u00f3bulos y proporciona un efecto rejuvenecedor. Se logran resultados r\u00e1pidos y el proceso de recuperaci\u00f3n es corto.\n                <\/p>\n<p>                <a class=\"btn-details barlow-condensed\" href=\"https:\/\/drterziler.com\/es\/estetica-medica\/tratamientos-faciales\/relleno\/relleno-del-lobulo-de-la-oreja\/\">DETALLES<\/a>\n            <\/div>\n<\/p><\/div>\n<div class=\"svc-item right-card\">\n<div class=\"svc-media\">\n                <img decoding=\"async\" src=\"https:\/\/drterziler.com\/wp-content\/uploads\/2025\/02\/Nazolabial-Marionett.webp\" loading=\"lazy\" class=\"cat-img\" alt=\"\">\n            <\/div>\n<div class=\"svc-card\">\n<h3 class=\"svc-title gilda\">Nasolabial y Marioneta<\/h3>\n<p class=\"svc-text barlow\">\n                    Los tratamientos de relleno nasolabial y de marioneta eliminan las l\u00edneas profundas y la flacidez en la parte inferior del rostro, proporcionando una apariencia m\u00e1s juvenil y suave. Estos tratamientos corrigen las l\u00edneas alrededor de la nariz y la boca utilizando materiales de relleno. Las aplicaciones realizadas con \u00e1cido hialur\u00f3nico ofrecen resultados duraderos con un efecto natural.\n                <\/p>\n<p>                <a class=\"btn-details barlow-condensed\" href=\"https:\/\/drterziler.com\/es\/estetica-medica\/tratamientos-faciales\/relleno\/marioneta-nasolabial\/\">DETALLES<\/a>\n            <\/div>\n<\/p><\/div>\n<\/p><\/div>\n<\/section>\n","protected":false},"excerpt":{"rendered":"<p>Rellenos El ajetreo de la vida diaria, el estr\u00e9s y los efectos del envejecimiento se reflejan gradualmente en su piel, pero es posible revertir este cambio. Los diversos tratamientos de relleno que ofrecemos en nuestra cl\u00ednica restauran el volumen perdido, definen los contornos y suavizan su piel. Con resultados instant\u00e1neos y un tiempo de recuperaci\u00f3n [&hellip;]<\/p>\n","protected":false},"author":6,"featured_media":0,"parent":15919,"menu_order":0,"comment_status":"closed","ping_status":"closed","template":"","meta":{"footnotes":""},"class_list":["post-3249","page","type-page","status-publish","hentry"],"_links":{"self":[{"href":"https:\/\/drterziler.com\/es\/wp-json\/wp\/v2\/pages\/3249","targetHints":{"allow":["GET"]}}],"collection":[{"href":"https:\/\/drterziler.com\/es\/wp-json\/wp\/v2\/pages"}],"about":[{"href":"https:\/\/drterziler.com\/es\/wp-json\/wp\/v2\/types\/page"}],"author":[{"embeddable":true,"href":"https:\/\/drterziler.com\/es\/wp-json\/wp\/v2\/users\/6"}],"replies":[{"embeddable":true,"href":"https:\/\/drterziler.com\/es\/wp-json\/wp\/v2\/comments?post=3249"}],"version-history":[{"count":36,"href":"https:\/\/drterziler.com\/es\/wp-json\/wp\/v2\/pages\/3249\/revisions"}],"predecessor-version":[{"id":59842,"href":"https:\/\/drterziler.com\/es\/wp-json\/wp\/v2\/pages\/3249\/revisions\/59842"}],"up":[{"embeddable":true,"href":"https:\/\/drterziler.com\/es\/wp-json\/wp\/v2\/pages\/15919"}],"wp:attachment":[{"href":"https:\/\/drterziler.com\/es\/wp-json\/wp\/v2\/media?parent=3249"}],"curies":[{"name":"wp","href":"https:\/\/api.w.org\/{rel}","templated":true}]}}