{"id":3280,"date":"2024-08-26T12:16:14","date_gmt":"2024-08-26T12:16:14","guid":{"rendered":"https:\/\/drterziler.com\/longevidad\/nad\/"},"modified":"2026-02-28T15:46:21","modified_gmt":"2026-02-28T15:46:21","slug":"nad","status":"publish","type":"page","link":"https:\/\/drterziler.com\/es\/longevidad\/nad\/","title":{"rendered":"NAD"},"content":{"rendered":"<div class=\"page-content\">\n<div id=\"header-area\">\n<div class=\"container\" id=\"firstContent\">\n<div class=\"header-content d-flex flex-column\">\n<h1 class=\"content-title h1-header\">NAD<\/h1>\n<div class=\"content-paragraph\">\n<p class=\"p-text\">La Terapia NAD (Nicotinamida Adenina Dinucle\u00f3tido) es un m\u00e9todo complementario que aumenta la producci\u00f3n de energ\u00eda de calidad de las c\u00e9lulas, proporcionando vitalidad y agilidad, y permitiendo que las funciones corporales trabajen de forma m\u00e1s eficiente. El cuerpo, con mayores niveles de energ\u00eda, proporciona reparaci\u00f3n y rejuvenecimiento a nivel celular, mejorando la calidad de vida.<\/p>\n<\/p><\/div>\n<nav aria-label=\"breadcrumb\" class=\"breadcrumbs\">\n<ul class=\"d-flex align-items-center mb-0\">\n<li><a class=\"link\" href=\"https:\/\/drterziler.com\/es\/\"><span>Dr. Terziler Exclusive Clinic<\/span><\/a><\/li>\n<li class=\"separator\">\u00bb<\/li>\n<li><a class=\"link\" href=\"https:\/\/drterziler.com\/es\/longevidad\/\"><span>Longevidad<\/span><\/a><\/li>\n<li class=\"separator\">\u00bb<\/li>\n<li class=\"current-page\"><span>NAD<\/span><\/li>\n<\/ul>\n<\/nav><\/div>\n<\/p><\/div>\n<\/p><\/div>\n<\/div>\n<section id=\"content-area\">\n<div class=\"container my-5\">\n<div class=\"row align-items-start\">\n<div class=\"col-md-6 order-2 order-md-1\">\n<div class=\"custom-toc-box\">\n<div id=\"toc-header\">\n<h4>\u00cdndice<\/h4>\n<div class=\"toc-toggle-icon\"><\/div>\n<\/p><\/div>\n<div class=\"toc-full-divider\"><\/div>\n<div id=\"toc-body\">\n<div id=\"toc-container\"><\/div>\n<\/p><\/div>\n<\/p><\/div>\n<\/p><\/div>\n<div class=\"col-md-6 order-1 order-md-2\" id=\"jForm\">\n                <script type=\"text\/javascript\" src=\"https:\/\/form.jotform.com\/jsform\/242881767918979\"><\/script>\n            <\/div>\n<\/p><\/div>\n<\/p><\/div>\n<div class=\"container\">\n<div class=\"img-thumb\">\n            <img loading=\"lazy\" decoding=\"async\" width=\"1140\" height=\"641\" src=\"https:\/\/drterziler.com\/wp-content\/uploads\/2025\/04\/NAD.webp\" alt=\"\" srcset=\"https:\/\/drterziler.com\/wp-content\/uploads\/2025\/04\/NAD.webp 1140w, https:\/\/drterziler.com\/wp-content\/uploads\/2025\/04\/NAD-300x169.webp 300w, https:\/\/drterziler.com\/wp-content\/uploads\/2025\/04\/NAD-1024x576.webp 1024w, https:\/\/drterziler.com\/wp-content\/uploads\/2025\/04\/NAD-768x432.webp 768w\" sizes=\"auto, (max-width: 1140px) 100vw, 1140px\">\n        <\/div>\n<div>\n<div>\n<h2 class=\"h2-header\">Si\u00e9ntase con m\u00e1s vigor y energ\u00eda<\/h2>\n<\/p><\/div>\n<div>\n<p class=\"p-text\">La Terapia NAD puede definirse como un m\u00e9todo que aumenta la vitalidad y agilidad general del organismo incrementando la producci\u00f3n de energ\u00eda celular y apoyando las funciones biol\u00f3gicas de las c\u00e9lulas. El aumento de los niveles de NAD no s\u00f3lo aumenta los niveles de energ\u00eda, sino que tambi\u00e9n puede reducir los signos de envejecimiento y apoyar el funcionamiento \u00f3ptimo de las funciones corporales.<\/p>\n<\/p><\/div>\n<\/p><\/div>\n<div>\n<div>\n<h2 class=\"h2-header\">Efectos bioqu\u00edmicos y papel en la calidad de vida<\/h2>\n<\/p><\/div>\n<div>\n<p class=\"p-text\">El NAD es una coenzima que desempe\u00f1a un papel central en la producci\u00f3n de energ\u00eda celular y es fundamental en la regulaci\u00f3n de los procesos bioqu\u00edmicos. La terapia NAD es un enfoque que pretende optimizar la producci\u00f3n de energ\u00eda del organismo aumentando los niveles de NAD en las c\u00e9lulas. Este tratamiento pretende maximizar la calidad de vida apoyando las funciones biol\u00f3gicas de las c\u00e9lulas.<\/p>\n<\/p><\/div>\n<\/p><\/div>\n<div>\n<div>\n<h2 class=\"h2-header\">Efectos fisiol\u00f3gicos de la terapia NAD<\/h2>\n<\/p><\/div>\n<div>\n<p class=\"p-text\">La terapia con NAD no s\u00f3lo aumenta los niveles de energ\u00eda al potenciar los niveles de energ\u00eda celular, sino que tambi\u00e9n puede tener efectos que ralenticen el envejecimiento celular. El NAD interviene en procesos celulares como la reparaci\u00f3n del ADN, la defensa antioxidante y la activaci\u00f3n de las sirtuinas. Estos efectos aumentan la resistencia de las c\u00e9lulas a los procesos de envejecimiento y mejoran la calidad de vida en general.<\/p>\n<\/p><\/div>\n<\/p><\/div>\n<div>\n<div>\n<h2 class=\"h2-header\">Producci\u00f3n de energ\u00eda celular y NAD<\/h2>\n<\/p><\/div>\n<div>\n<p class=\"p-text\">El NAD desempe\u00f1a un papel crucial en la producci\u00f3n de energ\u00eda celular, funcionando como un componente cr\u00edtico en la producci\u00f3n de ATP, especialmente en la respiraci\u00f3n mitocondrial. La Terapia NAD maximiza la capacidad de producci\u00f3n de energ\u00eda de las c\u00e9lulas aumentando los niveles de NAD en este proceso. El aumento de la producci\u00f3n de energ\u00eda favorece los procesos de reparaci\u00f3n y regeneraci\u00f3n celular, lo que permite que las funciones corporales trabajen con mayor eficacia.<\/p>\n<\/p><\/div>\n<\/p><\/div>\n<div>\n<div>\n<h2 class=\"h2-header\">\u00bfQui\u00e9n puede recibir la terapia NAD?<\/h2>\n<\/p><\/div>\n<div>\n<p class=\"p-text\">La terapia con NAD puede aplicarse a personas que muestren signos de envejecimiento o padezcan fatiga cr\u00f3nica, enfermedades neurodegenerativas y trastornos metab\u00f3licos para aumentar el metabolismo energ\u00e9tico y favorecer la renovaci\u00f3n celular. Adem\u00e1s, puede utilizarse como tratamiento de apoyo para retrasar el envejecimiento en personas sanas que deseen optimizar las funciones celulares.<\/p>\n<\/p><\/div>\n<\/p><\/div>\n<\/p><\/div>\n<\/section>\n","protected":false},"excerpt":{"rendered":"<p>NAD La Terapia NAD (Nicotinamida Adenina Dinucle\u00f3tido) es un m\u00e9todo complementario que aumenta la producci\u00f3n de energ\u00eda de calidad de las c\u00e9lulas, proporcionando vitalidad y agilidad, y permitiendo que las funciones corporales trabajen de forma m\u00e1s eficiente. El cuerpo, con mayores niveles de energ\u00eda, proporciona reparaci\u00f3n y rejuvenecimiento a nivel celular, mejorando la calidad de [&hellip;]<\/p>\n","protected":false},"author":6,"featured_media":0,"parent":2485,"menu_order":0,"comment_status":"closed","ping_status":"closed","template":"","meta":{"footnotes":""},"class_list":["post-3280","page","type-page","status-publish","hentry"],"_links":{"self":[{"href":"https:\/\/drterziler.com\/es\/wp-json\/wp\/v2\/pages\/3280","targetHints":{"allow":["GET"]}}],"collection":[{"href":"https:\/\/drterziler.com\/es\/wp-json\/wp\/v2\/pages"}],"about":[{"href":"https:\/\/drterziler.com\/es\/wp-json\/wp\/v2\/types\/page"}],"author":[{"embeddable":true,"href":"https:\/\/drterziler.com\/es\/wp-json\/wp\/v2\/users\/6"}],"replies":[{"embeddable":true,"href":"https:\/\/drterziler.com\/es\/wp-json\/wp\/v2\/comments?post=3280"}],"version-history":[{"count":10,"href":"https:\/\/drterziler.com\/es\/wp-json\/wp\/v2\/pages\/3280\/revisions"}],"predecessor-version":[{"id":57889,"href":"https:\/\/drterziler.com\/es\/wp-json\/wp\/v2\/pages\/3280\/revisions\/57889"}],"up":[{"embeddable":true,"href":"https:\/\/drterziler.com\/es\/wp-json\/wp\/v2\/pages\/2485"}],"wp:attachment":[{"href":"https:\/\/drterziler.com\/es\/wp-json\/wp\/v2\/media?parent=3280"}],"curies":[{"name":"wp","href":"https:\/\/api.w.org\/{rel}","templated":true}]}}