{"id":38849,"date":"2025-05-27T09:10:35","date_gmt":"2025-05-27T09:10:35","guid":{"rendered":"https:\/\/drterziler.com\/tratamientos-capilares\/hair-care-products\/"},"modified":"2026-03-06T22:54:35","modified_gmt":"2026-03-06T22:54:35","slug":"productos-para-el-cuidado-del-cabello","status":"publish","type":"page","link":"https:\/\/drterziler.com\/es\/tratamientos-capilares\/productos-para-el-cuidado-del-cabello\/","title":{"rendered":"Productos para el cuidado del cabello"},"content":{"rendered":"<div class=\"page-content\">\n<div id=\"header-area\">\n<div class=\"container\" id=\"firstContent\">\n<div class=\"header-content d-flex flex-column\">\n<h1 class=\"content-title\">Productos para el Cuidado del Cabello<\/h1>\n<div class=\"content-paragraph\">\n<p>La salud capilar es uno de los pilares de una apariencia est\u00e9tica y est\u00e1 directamente relacionada con la calidad de vida en general. Nuestros productos para el cuidado del cabello, desarrollados cl\u00ednicamente, tienen como objetivo nutrir y fortalecer las ra\u00edces capilares preservando la estructura natural del cabello. Potentes ingredientes herbales como la semilla de pimienta negra, la corteza de sauce blanco o el extracto de granada apoyan el proceso natural de crecimiento del cabello mientras optimizan la salud del cuero cabelludo. Los productos para el cuidado del cabello Feeluxo est\u00e1n desarrollados cl\u00ednicamente para proporcionar soluciones a largo plazo y permanentes, minimizar la p\u00e9rdida de cabello y restaurar el brillo de su melena.<\/p>\n<\/p><\/div>\n<nav aria-label=\"breadcrumb\" class=\"breadcrumbs\">\n<ul class=\"d-flex align-items-center mb-0\">\n<li><a class=\"link\" href=\"https:\/\/drterziler.com\/es\/\"><span>Dr. Terziler<\/span><\/a><\/li>\n<li class=\"separator\">\u00bb<\/li>\n<li><a class=\"link\" href=\"https:\/\/drterziler.com\/es\/tratamientos-capilares\/\"><span>Tratamientos Capilares<\/span><\/a><\/li>\n<li class=\"separator\">\u00bb<\/li>\n<li class=\"current-page\"><span>Productos para el Cuidado del Cabello<\/span><\/li>\n<\/ul>\n<\/nav><\/div>\n<\/p><\/div>\n<\/p><\/div>\n<\/div>\n<section class=\"svc-section\">\n<div class=\"container\">\n<div class=\"svc-item right-card\">\n<div class=\"svc-media\">\n                <img decoding=\"async\" src=\"https:\/\/drterziler.com\/wp-content\/uploads\/2026\/02\/SAMPUANrev_6_11zon.webp\" loading=\"lazy\" class=\"cat-img\" alt=\"\">\n            <\/div>\n<div class=\"svc-card\">\n<h3 class=\"svc-title gilda\">Feeluxo Anti Hair Loss &#038; Dandruff Shampoo<\/h3>\n<p class=\"svc-text barlow\">\n                    Con su extracto de canela, fortalece las ra\u00edces capilares y otorga resistencia al cabello. Gracias a vitaminas y minerales como la niacinamida, equilibra el cuero cabelludo. Con extracto de semilla de comino negro, previene la ca\u00edda del cabello.\n                <\/p>\n<p>                <a class=\"btn-details barlow-condensed\" href=\"https:\/\/drterziler.com\/es\/tratamientos-capilares\/productos-para-el-cuidado-del-cabello\/feeluxo-champu-anticaida-y-anticaspa\/\">DETALLES<\/a>\n            <\/div>\n<\/p><\/div>\n<div class=\"svc-item left-card\">\n<div class=\"svc-media\">\n                <img decoding=\"async\" src=\"https:\/\/drterziler.com\/wp-content\/uploads\/2025\/04\/serumrev.webp\" loading=\"lazy\" class=\"cat-img\" alt=\"\">\n            <\/div>\n<div class=\"svc-card\">\n<h3 class=\"svc-title gilda\">S\u00e9rum Activador Capilar Feeluxo<\/h3>\n<p class=\"svc-text barlow\">\n                    El extracto de granada ayuda a prevenir la ca\u00edda del cabello, mientras que la semilla de pimienta negra estimula las ra\u00edces y los fol\u00edculos capilares para favorecer el crecimiento de nuevo cabello. La corteza de sauce blanco proporciona protecci\u00f3n contra la sensibilidad cut\u00e1nea.\n                <\/p>\n<p>                <a class=\"btn-details barlow-condensed\" href=\"https:\/\/drterziler.com\/es\/tratamientos-capilares\/productos-para-el-cuidado-del-cabello\/serum-activador-capilar-feeluxo\/\">DETALLES<\/a>\n            <\/div>\n<\/p><\/div>\n<div class=\"svc-item right-card\">\n<div class=\"svc-media\">\n                <img decoding=\"async\" src=\"https:\/\/drterziler.com\/wp-content\/uploads\/2025\/04\/tabletrev.webp\" loading=\"lazy\" class=\"cat-img\" alt=\"\">\n            <\/div>\n<div class=\"svc-card\">\n<h3 class=\"svc-title gilda\">Complemento alimenticio Feeluxo Trichomix Plus<\/h3>\n<p class=\"svc-text barlow\">\n                    El extracto de palma enana americana (Saw palmetto) ayuda a prevenir la ca\u00edda del cabello desde el interior y favorece el crecimiento de nuevo cabello. Proporciona el soporte necesario con vitaminas y minerales como selenio, zinc, \u00e1cido f\u00f3lico y biotina.\n                <\/p>\n<p>                <a class=\"btn-details barlow-condensed\" href=\"https:\/\/drterziler.com\/es\/tratamientos-capilares\/productos-para-el-cuidado-del-cabello\/complemento-alimenticio-feeluxo-trichomix-plus\/\">DETALLES<\/a>\n            <\/div>\n<\/p><\/div>\n<div class=\"svc-item left-card\">\n<div class=\"svc-media\">\n                <img decoding=\"async\" src=\"https:\/\/drterziler.com\/wp-content\/uploads\/2025\/04\/growth-faktor-serumrev.webp\" loading=\"lazy\" class=\"cat-img\" alt=\"\">\n            <\/div>\n<div class=\"svc-card\">\n<h3 class=\"svc-title gilda\">Feeluxo S\u00e9rum Tratante Crecimiento Capilar<\/h3>\n<p class=\"svc-text barlow\">\n                    Gracias a los extractos de alta calidad que contiene, acelera eficazmente la circulaci\u00f3n sangu\u00ednea, nutriendo las ra\u00edces capilares. Despierta los fol\u00edculos pilosos en fase de reposo y activa las c\u00e9lulas latentes, promoviendo el desarrollo de cabellos nuevos. Adem\u00e1s, engrosa las hebras de cabello y previene su ca\u00edda.\n                <\/p>\n<p>                <a class=\"btn-details barlow-condensed\" href=\"https:\/\/drterziler.com\/es\/tratamientos-capilares\/productos-para-el-cuidado-del-cabello\/feeluxo-serum-tratante-crecimiento-capilar\/\">DETALLES<\/a>\n            <\/div>\n<\/p><\/div>\n<div class=\"svc-item right-card\">\n<div class=\"svc-media\">\n                <img decoding=\"async\" src=\"https:\/\/drterziler.com\/wp-content\/uploads\/2025\/04\/stemcell-serumrev.webp\" loading=\"lazy\" class=\"cat-img\" alt=\"\">\n            <\/div>\n<div class=\"svc-card\">\n<h3 class=\"svc-title gilda\">Suero de crecimiento de c\u00e9lulas madre Feeluxo<\/h3>\n<p class=\"svc-text barlow\">\n                    Gracias a sus potentes ingredientes, estimula los fol\u00edculos capilares y ayuda a engrosar las hebras de cabello. Al mismo tiempo, al acelerar la circulaci\u00f3n sangu\u00ednea, desempe\u00f1a un papel activo en la prevenci\u00f3n de la ca\u00edda del cabello. Promueve la actividad en el desarrollo del fol\u00edculo piloso, creando una base para que el cabello se revitalice.\n                <\/p>\n<p>                <a class=\"btn-details barlow-condensed\" href=\"https:\/\/drterziler.com\/es\/tratamientos-capilares\/productos-para-el-cuidado-del-cabello\/suero-de-crecimiento-de-celulas-madre-feeluxo\/\">DETALLES<\/a>\n            <\/div>\n<\/p><\/div>\n<div class=\"svc-item left-card\">\n<div class=\"svc-media\">\n                <img decoding=\"async\" src=\"https:\/\/drterziler.com\/wp-content\/uploads\/2025\/04\/lazer-kep-2rev.webp\" loading=\"lazy\" class=\"cat-img\" alt=\"\">\n            <\/div>\n<div class=\"svc-card\">\n<h3 class=\"svc-title gilda\">Feeluxo Gorra L\u00e1ser Capilar \/ 272 Bombillas LED<\/h3>\n<p class=\"svc-text barlow\">\n                    La energ\u00eda de la luz l\u00e1ser estimula los capilares bajo los fol\u00edculos pilosos, aumentando la circulaci\u00f3n sangu\u00ednea. Esto revitaliza los fol\u00edculos inactivos, los nutre mejor y conduce a una mejora visible en la calidad del cabello. Al acelerar la circulaci\u00f3n, nutre las ra\u00edces, reduce la ca\u00edda y apoya el crecimiento de nuevo cabello.\n                <\/p>\n<p>                <a class=\"btn-details barlow-condensed\" href=\"https:\/\/drterziler.com\/es\/tratamientos-capilares\/productos-para-el-cuidado-del-cabello\/feeluxo-gorra-laser-capilar-272-bombillas-led\/\">DETALLES<\/a>\n            <\/div>\n<\/p><\/div>\n<div class=\"svc-item right-card\">\n<div class=\"svc-media\">\n                <img decoding=\"async\" src=\"https:\/\/drterziler.com\/wp-content\/uploads\/2025\/04\/lazer-kep-1rev.webp\" loading=\"lazy\" class=\"cat-img\" alt=\"\">\n            <\/div>\n<div class=\"svc-card\">\n<h3 class=\"svc-title gilda\">Feeluxo Gorra L\u00e1ser Capilar \/ 81 Bombillas LED<\/h3>\n<p class=\"svc-text barlow\">\n                    La energ\u00eda de la luz l\u00e1ser estimula los capilares bajo los fol\u00edculos pilosos, aumentando la circulaci\u00f3n sangu\u00ednea. Esto revitaliza los fol\u00edculos inactivos, los nutre mejor y conduce a una mejora visible en la calidad del cabello. Al acelerar la circulaci\u00f3n, nutre las ra\u00edces, reduce la ca\u00edda y apoya el crecimiento de nuevo cabello.\n                <\/p>\n<p>                <a class=\"btn-details barlow-condensed\" href=\"https:\/\/drterziler.com\/es\/tratamientos-capilares\/productos-para-el-cuidado-del-cabello\/feeluxo-gorra-laser-capilar-81-bombillas-led\/\">DETALLES<\/a>\n            <\/div>\n<\/p><\/div>\n<div class=\"svc-item left-card\">\n<div class=\"svc-media\">\n                <img decoding=\"async\" src=\"https:\/\/drterziler.com\/wp-content\/uploads\/2025\/04\/lazer-tarakrev.webp\" loading=\"lazy\" class=\"cat-img\" alt=\"\">\n            <\/div>\n<div class=\"svc-card\">\n<h3 class=\"svc-title gilda\">Peine l\u00e1ser capilar Feeluxo<\/h3>\n<p class=\"svc-text barlow\">\n                    Es un tratamiento l\u00e1ser dise\u00f1ado con longitudes de onda especiales que se puede aplicar f\u00e1cilmente en casa. Este producto, recomendado por dermat\u00f3logos, probado cl\u00ednicamente y aprobado por la FDA, ofrece una soluci\u00f3n eficaz contra la ca\u00edda del cabello.\n                <\/p>\n<p>                <a class=\"btn-details barlow-condensed\" href=\"https:\/\/drterziler.com\/es\/tratamientos-capilares\/productos-para-el-cuidado-del-cabello\/peine-laser-capilar-feeluxo\/\">DETALLES<\/a>\n            <\/div>\n<\/p><\/div>\n<\/p><\/div>\n<\/section>\n","protected":false},"excerpt":{"rendered":"<p>Productos para el Cuidado del Cabello La salud capilar es uno de los pilares de una apariencia est\u00e9tica y est\u00e1 directamente relacionada con la calidad de vida en general. Nuestros productos para el cuidado del cabello, desarrollados cl\u00ednicamente, tienen como objetivo nutrir y fortalecer las ra\u00edces capilares preservando la estructura natural del cabello. Potentes ingredientes [&hellip;]<\/p>\n","protected":false},"author":6,"featured_media":0,"parent":2447,"menu_order":0,"comment_status":"closed","ping_status":"closed","template":"","meta":{"footnotes":""},"class_list":["post-38849","page","type-page","status-publish","hentry"],"_links":{"self":[{"href":"https:\/\/drterziler.com\/es\/wp-json\/wp\/v2\/pages\/38849","targetHints":{"allow":["GET"]}}],"collection":[{"href":"https:\/\/drterziler.com\/es\/wp-json\/wp\/v2\/pages"}],"about":[{"href":"https:\/\/drterziler.com\/es\/wp-json\/wp\/v2\/types\/page"}],"author":[{"embeddable":true,"href":"https:\/\/drterziler.com\/es\/wp-json\/wp\/v2\/users\/6"}],"replies":[{"embeddable":true,"href":"https:\/\/drterziler.com\/es\/wp-json\/wp\/v2\/comments?post=38849"}],"version-history":[{"count":10,"href":"https:\/\/drterziler.com\/es\/wp-json\/wp\/v2\/pages\/38849\/revisions"}],"predecessor-version":[{"id":59830,"href":"https:\/\/drterziler.com\/es\/wp-json\/wp\/v2\/pages\/38849\/revisions\/59830"}],"up":[{"embeddable":true,"href":"https:\/\/drterziler.com\/es\/wp-json\/wp\/v2\/pages\/2447"}],"wp:attachment":[{"href":"https:\/\/drterziler.com\/es\/wp-json\/wp\/v2\/media?parent=38849"}],"curies":[{"name":"wp","href":"https:\/\/api.w.org\/{rel}","templated":true}]}}