{"id":41001,"date":"2025-06-03T06:29:19","date_gmt":"2025-06-03T06:29:19","guid":{"rendered":"https:\/\/drterziler.com\/sexual-life\/"},"modified":"2026-03-30T11:03:19","modified_gmt":"2026-03-30T11:03:19","slug":"salud-sexual-es","status":"publish","type":"page","link":"https:\/\/drterziler.com\/es\/salud-sexual-es\/","title":{"rendered":"Salud Sexual"},"content":{"rendered":"<div class=\"page-content category-page\">\n<div id=\"header-area\">\n<div class=\"container\" id=\"firstContent\">\n<div class=\"header-content d-flex flex-column\">\n<h1 class=\"content-title\">Salud Sexual<\/h1>\n<div class=\"content-paragraph\">\n<p>La salud sexual masculina est\u00e1 influenciada por muchos factores, como el equilibrio hormonal, la estructura vascular, el estado psicol\u00f3gico y el estilo de vida. En nuestra cl\u00ednica, ofrecemos soluciones integrales en diversas \u00e1reas de la sexualidad, incluyendo la disfunci\u00f3n er\u00e9ctil, la eyaculaci\u00f3n precoz, el alargamiento de pene y los niveles bajos de testosterona. Nuestro objetivo es mejorar la funci\u00f3n sexual y realzar la calidad de vida a trav\u00e9s de enfoques personalizados.<\/p>\n<\/p><\/div>\n<nav aria-label=\"breadcrumb\" class=\"breadcrumbs\">\n<ul class=\"d-flex align-items-center mb-0\">\n<li><a class=\"link\" href=\"https:\/\/drterziler.com\/es\/\"><span>Dr. Terziler<\/span><\/a><\/li>\n<li class=\"separator\">\u00bb<\/li>\n<li class=\"current-page\"><span>Salud Sexual<\/span><\/li>\n<\/ul>\n<\/nav><\/div>\n<\/p><\/div>\n<\/p><\/div>\n<\/div>\n<section class=\"svc-section\">\n<div class=\"container\">\n<div class=\"svc-item right-card\">\n<div class=\"svc-media\">\n                <img decoding=\"async\" src=\"https:\/\/drterziler.com\/wp-content\/uploads\/2025\/06\/Erken-Bosalma-ve-Kok-Hucre-Tedavisi.webp\" alt=\"Eyaculaci\u00f3n Precoz y Terapia con C\u00e9lulas Madre\" loading=\"lazy\" class=\"cat-img\">\n            <\/div>\n<div class=\"svc-card\">\n<h3 class=\"svc-title gilda\">Eyaculaci\u00f3n Precoz y Terapia con C\u00e9lulas Madre<\/h3>\n<p class=\"svc-text barlow\">\n                    La eyaculaci\u00f3n precoz es una de las disfunciones sexuales masculinas m\u00e1s comunes. Se define como la eyaculaci\u00f3n involuntaria que ocurre significativamente antes de lo normal durante el coito. En la mayor\u00eda de los casos, este tiempo puede ser inferior a un minuto tras la penetraci\u00f3n vaginal. Esta condici\u00f3n puede provocar insatisfacci\u00f3n sexual, ansiedad y p\u00e9rdida de confianza en uno mismo, tanto en el individuo como en su pareja.\n                <\/p>\n<p>                <a class=\"btn-details barlow-condensed\" href=\"https:\/\/drterziler.com\/es\/salud-sexual-es\/eyaculacion-precoz-y-terapia-con-celulas-madre\/\">DETALLES<\/a>\n            <\/div>\n<\/p><\/div>\n<div class=\"svc-item left-card\">\n<div class=\"svc-media\">\n                <img decoding=\"async\" src=\"https:\/\/drterziler.com\/wp-content\/uploads\/2025\/06\/Hipogonadizm-Dusuk-Testosteron.webp\" alt=\"Hipogonadismo (Testosterona Baja)\" loading=\"lazy\" class=\"cat-img\">\n            <\/div>\n<div class=\"svc-card\">\n<h3 class=\"svc-title gilda\">Hipogonadismo (Testosterona Baja)<\/h3>\n<p class=\"svc-text barlow\">\n                    El hipogonadismo es una condici\u00f3n cl\u00ednica en la que los niveles de testosterona en los hombres se producen por debajo de lo normal. La testosterona es una hormona vital para el desarrollo sexual masculino, las funciones reproductivas, la masa muscular, la densidad \u00f3sea y la salud en general. Los niveles bajos de testosterona pueden derivar en numerosos s\u00edntomas f\u00edsicos, psicol\u00f3gicos y sociales negativos, as\u00ed como en problemas de salud.\n                <\/p>\n<p>                <a class=\"btn-details barlow-condensed\" href=\"https:\/\/drterziler.com\/es\/salud-sexual-es\/hipogonadismo-bajo-nivel-de-testosterona\/\">DETALLES<\/a>\n            <\/div>\n<\/p><\/div>\n<div class=\"svc-item right-card\">\n<div class=\"svc-media\">\n                <img decoding=\"async\" src=\"https:\/\/drterziler.com\/wp-content\/uploads\/2025\/06\/Kozmetik-Androloji.webp\" alt=\"Androlog\u00eda Cosm\u00e9tica\" loading=\"lazy\" class=\"cat-img\">\n            <\/div>\n<div class=\"svc-card\">\n<h3 class=\"svc-title gilda\">Androlog\u00eda Cosm\u00e9tica<\/h3>\n<p class=\"svc-text barlow\">\n                    La androlog\u00eda cosm\u00e9tica es un campo m\u00e9dico en r\u00e1pido desarrollo que aborda los problemas del sistema reproductivo masculino y la salud sexual desde perspectivas tanto funcionales como est\u00e9ticas. Este campo no solo se enfoca en resolver problemas m\u00e9dicos, sino que tambi\u00e9n ofrece mejoras est\u00e9ticas que ayudan a los hombres a sentirse mejor consigo mismos. Combinado con las posibilidades de la medicina moderna, este enfoque proporciona soluciones integrales para los pacientes masculinos.\n                <\/p>\n<p>                <a class=\"btn-details barlow-condensed\" href=\"https:\/\/drterziler.com\/es\/salud-sexual-es\/andrologia-estetica\/\">DETALLES<\/a>\n            <\/div>\n<\/p><\/div>\n<div class=\"svc-item left-card\">\n<div class=\"svc-media\">\n                <img decoding=\"async\" src=\"https:\/\/drterziler.com\/wp-content\/uploads\/2025\/06\/Penil-Protez-Implantasyonu.webp\" alt=\"Implantaci\u00f3n de Pr\u00f3tesis de Pene\" loading=\"lazy\" class=\"cat-img\">\n            <\/div>\n<div class=\"svc-card\">\n<h3 class=\"svc-title gilda\">Pr\u00f3tesis de Pene<\/h3>\n<p class=\"svc-text barlow\">\n                    Una pr\u00f3tesis de pene es un dispositivo m\u00e9dico implantado quir\u00fargicamente en el pene para imitar la funci\u00f3n de una erecci\u00f3n. Uno de los criterios clave para el uso de una pr\u00f3tesis de pene es que el paciente debe haber intentado y fallado con todas las dem\u00e1s opciones de tratamiento conocidas. Dado que se considera una intervenci\u00f3n quir\u00fargica, generalmente se ve como un tratamiento de \u00faltimo recurso. Sin embargo, al evaluar los resultados, se puede decir que este procedimiento proporciona resultados altamente satisfactorios tanto para el paciente como para su pareja.\n                <\/p>\n<p>                <a class=\"btn-details barlow-condensed\" href=\"https:\/\/drterziler.com\/es\/salud-sexual-es\/protesis-de-pene\/\">DETALLES<\/a>\n            <\/div>\n<\/p><\/div>\n<div class=\"svc-item right-card\">\n<div class=\"svc-media\">\n                <img decoding=\"async\" src=\"https:\/\/drterziler.com\/wp-content\/uploads\/2025\/06\/Penis-Kalinlastirma-Uzatma-Dolgusu.webp\" alt=\"Relleno de Engrosamiento y Alargamiento de Pene\" loading=\"lazy\" class=\"cat-img\">\n            <\/div>\n<div class=\"svc-card\">\n<h3 class=\"svc-title gilda\">Relleno de Engrosamiento y Alargamiento de Pene<\/h3>\n<p class=\"svc-text barlow\">\n                    La est\u00e9tica del pene se ha convertido en un procedimiento preferido en los \u00faltimos a\u00f1os por razones tanto funcionales como psicol\u00f3gicas. Los hombres son cada vez m\u00e1s conscientes de que, m\u00e1s all\u00e1 del rendimiento sexual, el tama\u00f1o del pene tiene un impacto significativo en la confianza en uno mismo. En este contexto, el engrosamiento y alargamiento de pene con rellenos ofrece soluciones seguras y efectivas sin necesidad de intervenci\u00f3n quir\u00fargica.\n                <\/p>\n<p>                <a class=\"btn-details barlow-condensed\" href=\"https:\/\/drterziler.com\/es\/salud-sexual-es\/relleno-para-el-aumento-del-grosor-y-la-longitud-del-pene\/\">DETALLES<\/a>\n            <\/div>\n<\/p><\/div>\n<div class=\"svc-item left-card\">\n<div class=\"svc-media\">\n                <img decoding=\"async\" src=\"https:\/\/drterziler.com\/wp-content\/uploads\/2025\/06\/Sertlesme-Sorunu-ve-kok-hucre-Tedavisi.webp\" alt=\"Disfunci\u00f3n Er\u00e9ctil y Terapia con C\u00e9lulas Madre\" loading=\"lazy\" class=\"cat-img\">\n            <\/div>\n<div class=\"svc-card\">\n<h3 class=\"svc-title gilda\">Disfunci\u00f3n Er\u00e9ctil y Terapia con C\u00e9lulas Madre<\/h3>\n<p class=\"svc-text barlow\">\n                    La disfunci\u00f3n er\u00e9ctil (DE) es un problema de salud com\u00fan que impacta significativamente la calidad de vida y el bienestar psicosocial de los hombres. Para los hombres que no experimentan un beneficio suficiente con medicamentos, inyecciones u otros m\u00e9todos de tratamiento, la implantaci\u00f3n de una pr\u00f3tesis de pene ofrece una soluci\u00f3n fiable y permanente. Gracias a dispositivos de tecnolog\u00eda avanzada, este procedimiento permite mantener relaciones sexuales de aspecto natural, satisfactorias y espont\u00e1neas.\n                <\/p>\n<p>                <a class=\"btn-details barlow-condensed\" href=\"https:\/\/drterziler.com\/es\/salud-sexual-es\/disfuncion-erectil-y-terapia-con-celulas-madre\/\">DETALLES<\/a>\n            <\/div>\n<\/p><\/div>\n<div class=\"svc-item right-card\">\n<div class=\"svc-media\">\n                <img decoding=\"async\" src=\"https:\/\/drterziler.com\/wp-content\/uploads\/2025\/06\/Yasam-Tarzi-ve-Erkek-Sagligi.webp\" alt=\"Estilo de Vida y Salud Masculina\" loading=\"lazy\" class=\"cat-img\">\n            <\/div>\n<div class=\"svc-card\">\n<h3 class=\"svc-title gilda\">Estilo de Vida y Salud Masculina<\/h3>\n<p class=\"svc-text barlow\">\n                    La salud masculina no es meramente la ausencia de enfermedad, sino que representa un estado de completo bienestar f\u00edsico, mental y sexual. Este enfoque hol\u00edstico es vital para mejorar la calidad de vida y alcanzar objetivos de salud a largo plazo.\n                <\/p>\n<p>                <a class=\"btn-details barlow-condensed\" href=\"https:\/\/drterziler.com\/es\/salud-sexual-es\/estilo-de-vida-y-salud-masculina\/\">DETALLES<\/a>\n            <\/div>\n<\/p><\/div>\n<\/p><\/div>\n<\/section>\n","protected":false},"excerpt":{"rendered":"<p>Salud Sexual La salud sexual masculina est\u00e1 influenciada por muchos factores, como el equilibrio hormonal, la estructura vascular, el estado psicol\u00f3gico y el estilo de vida. En nuestra cl\u00ednica, ofrecemos soluciones integrales en diversas \u00e1reas de la sexualidad, incluyendo la disfunci\u00f3n er\u00e9ctil, la eyaculaci\u00f3n precoz, el alargamiento de pene y los niveles bajos de testosterona. [&hellip;]<\/p>\n","protected":false},"author":6,"featured_media":0,"parent":0,"menu_order":0,"comment_status":"closed","ping_status":"closed","template":"","meta":{"footnotes":""},"class_list":["post-41001","page","type-page","status-publish","hentry"],"_links":{"self":[{"href":"https:\/\/drterziler.com\/es\/wp-json\/wp\/v2\/pages\/41001","targetHints":{"allow":["GET"]}}],"collection":[{"href":"https:\/\/drterziler.com\/es\/wp-json\/wp\/v2\/pages"}],"about":[{"href":"https:\/\/drterziler.com\/es\/wp-json\/wp\/v2\/types\/page"}],"author":[{"embeddable":true,"href":"https:\/\/drterziler.com\/es\/wp-json\/wp\/v2\/users\/6"}],"replies":[{"embeddable":true,"href":"https:\/\/drterziler.com\/es\/wp-json\/wp\/v2\/comments?post=41001"}],"version-history":[{"count":27,"href":"https:\/\/drterziler.com\/es\/wp-json\/wp\/v2\/pages\/41001\/revisions"}],"predecessor-version":[{"id":60963,"href":"https:\/\/drterziler.com\/es\/wp-json\/wp\/v2\/pages\/41001\/revisions\/60963"}],"wp:attachment":[{"href":"https:\/\/drterziler.com\/es\/wp-json\/wp\/v2\/media?parent=41001"}],"curies":[{"name":"wp","href":"https:\/\/api.w.org\/{rel}","templated":true}]}}