{"id":48132,"date":"2025-07-17T09:24:07","date_gmt":"2025-07-17T09:24:07","guid":{"rendered":"https:\/\/drterziler.com\/tratamientos-capilares\/exosome-treatments\/"},"modified":"2026-04-06T12:33:49","modified_gmt":"2026-04-06T12:33:49","slug":"exosomas","status":"publish","type":"page","link":"https:\/\/drterziler.com\/es\/tratamientos-capilares\/exosomas\/","title":{"rendered":"Tratamientos con exosomas"},"content":{"rendered":"<div class=\"page-content\">\n<div id=\"header-area\">\n<div class=\"container\" id=\"firstContent\">\n<div class=\"header-content d-flex flex-column\">\n<h1 class=\"content-title h1-header\">Exosomas para el tratamiento capilar<\/h1>\n<div class=\"content-paragraph\">\n<p class=\"p-text\">Los exosomas son estructuras microsc\u00f3picas, rodeadas por una membrana, que son secretadas de forma natural por las c\u00e9lulas y facilitan la comunicaci\u00f3n intercelular. Generalmente miden entre 30 y 150 nan\u00f3metros, se forman a trav\u00e9s de ves\u00edculas especializadas dentro de la c\u00e9lula y afectan a otras c\u00e9lulas al transportar informaci\u00f3n biol\u00f3gica.Contienen mensajes celulares como prote\u00ednas, ARN, l\u00edpidos y diversos factores de crecimiento. En los \u00faltimos a\u00f1os, los exosomas han ganado una atenci\u00f3n significativa en campos como la medicina regenerativa, la inmunolog\u00eda y la oncolog\u00eda. Presentes en m\u00e1s de 35.000 estudios cient\u00edficos hasta la fecha, estas estructuras abren el camino a aplicaciones m\u00e1s seguras y espec\u00edficas m\u00e1s all\u00e1 de las terapias celulares tradicionales.En el tratamiento de la ca\u00edda del cabello, los exosomas destacan por su capacidad de interactuar directamente con los fol\u00edculos pilosos y ayudar a regular su ciclo de vida.<\/p>\n<\/p><\/div>\n<nav aria-label=\"breadcrumb\" class=\"breadcrumbs\">\n<ul class=\"d-flex align-items-center mb-0\">\n<li><a class=\"link\" href=\"https:\/\/drterziler.com\/es\/\"><span>Dr. Terziler<\/span><\/a><\/li>\n<li class=\"separator\">\u00bb<\/li>\n<li><a class=\"link\" href=\"https:\/\/drterziler.com\/es\/tratamientos-capilares\/\"><span>Tratamientos capilares<\/span><\/a><\/li>\n<li class=\"separator\">\u00bb<\/li>\n<li class=\"current-page\"><span>Exosomas para el tratamiento capilar<\/span><\/li>\n<\/ul>\n<\/nav><\/div>\n<\/p><\/div>\n<\/p><\/div>\n<\/div>\n<section id=\"content-area\">\n<div class=\"container my-5\">\n<div class=\"row align-items-start\">\n<div class=\"col-md-6 order-2 order-md-1\">\n<div class=\"custom-toc-box\">\n<div id=\"toc-header\">\n<h4>\u00cdndice<\/h4>\n<div class=\"toc-toggle-icon\"><\/div>\n<\/p><\/div>\n<div class=\"toc-full-divider\"><\/div>\n<div id=\"toc-body\">\n<div id=\"toc-container\"><\/div>\n<\/p><\/div>\n<\/p><\/div>\n<\/p><\/div>\n<div class=\"col-md-6 order-1 order-md-2\" id=\"jForm\">\n                <script type=\"text\/javascript\" src=\"https:\/\/form.jotform.com\/jsform\/242881767918979\"><\/script>\n            <\/div>\n<\/p><\/div>\n<\/p><\/div>\n<div class=\"container\">\n<div class=\"img-thumb\">\n            <img decoding=\"async\" src=\"https:\/\/drterziler.com\/wp-content\/uploads\/2025\/07\/Sac-Eksozom.webp\" loading=\"lazy\" alt=\"\">\n        <\/div>\n<div>\n<div>\n<h2 class=\"h2-header\">\u00bfC\u00f3mo funciona el tratamiento con exosomas para la ca\u00edda del cabello?<\/h2>\n<\/p><\/div>\n<div>\n<p class=\"p-text\">La ca\u00edda del cabello puede estar causada por factores gen\u00e9ticos, desequilibrios hormonales, influencias ambientales o inflamaci\u00f3n. Los exosomas act\u00faan como estructuras mensajeras biol\u00f3gicas con el potencial de intervenir en este proceso. Cuando se aplican en el cuero cabelludo, los microARN, factores de crecimiento y prote\u00ednas que contienen ayudan a estimular los fol\u00edculos pilosos. Los fol\u00edculos inactivos o da\u00f1ados se reactivan, y la calidad del cabello existente mejora. Al mismo tiempo, los exosomas reducen la inflamaci\u00f3n del cuero cabelludo, creando un entorno m\u00e1s saludable para el crecimiento. Al interactuar con los fol\u00edculos pilosos a nivel celular, los exosomas promueven la formaci\u00f3n de nuevo cabello y ralentizan la ca\u00edda de los cabellos existentes. Esto proporciona tanto un efecto preventivo contra la ca\u00edda como un beneficio de volumen.<\/p>\n<\/p><\/div>\n<\/p><\/div>\n<div>\n<div>\n<h2 class=\"h2-header\">\u00bfC\u00f3mo se realiza la aplicaci\u00f3n capilar de exosomas?<\/h2>\n<\/p><\/div>\n<div>\n<p class=\"p-text\">La terapia con exosomas es un procedimiento c\u00f3modo y no quir\u00fargico que se realiza en un entorno cl\u00ednico para combatir la ca\u00edda del cabello. Antes del tratamiento, se lleva a cabo una evaluaci\u00f3n dermatol\u00f3gica para analizar el tipo y la gravedad de la ca\u00edda, as\u00ed como las expectativas del paciente. Durante el procedimiento, la soluci\u00f3n de exosomas se inyecta en \u00e1reas espec\u00edficas del cuero cabelludo utilizando agujas muy finas. Este proceso suele completarse de forma r\u00e1pida e indolora, sin necesidad de anestesia local. Los pacientes pueden retomar su vida diaria inmediatamente despu\u00e9s del tratamiento. Aunque el n\u00famero de sesiones var\u00eda seg\u00fan las necesidades individuales, normalmente se planifican entre 1 y 3 aplicaciones. Este tratamiento tambi\u00e9n puede utilizarse para apoyar la recuperaci\u00f3n posterior al trasplante capilar, fortaleciendo el proceso de adaptaci\u00f3n de los fol\u00edculos y logrando una apariencia capilar m\u00e1s densa y fuerte.<\/p>\n<\/p><\/div>\n<\/p><\/div>\n<div>\n<div>\n<h2 class=\"h2-header\">\u00bfQui\u00e9n es un buen candidato para el tratamiento con exosomas?<\/h2>\n<\/p><\/div>\n<div>\n<p class=\"p-text\">El tratamiento con exosomas ofrece una opci\u00f3n segura y eficaz para muchas personas que experimentan p\u00e9rdida de cabello. Puede utilizarse con \u00e9xito en casos de ca\u00edda de origen gen\u00e9tico como la alopecia androg\u00e9nica, com\u00fan en los hombres, as\u00ed como en la ca\u00edda inducida por hormonas o estr\u00e9s en las mujeres. Es un tratamiento de apoyo ideal para quienes notan una disminuci\u00f3n en la densidad del cabello o hebras m\u00e1s finas. Adem\u00e1s, puede ofrecer resultados efectivos en casos de p\u00e9rdida repentina de cabello debida a cambios postparto, transiciones estacionales o enfermedades. Para las personas que se han sometido a un trasplante capilar, la terapia con exosomas puede recomendarse para acelerar el proceso de curaci\u00f3n y favorecer la fijaci\u00f3n de los injertos.<\/p>\n<\/p><\/div>\n<\/p><\/div>\n<div>\n<div>\n<h2 class=\"h2-header\">\u00bfCu\u00e1les son las ventajas del tratamiento con exosomas?<\/h2>\n<\/p><\/div>\n<div>\n<p class=\"p-text\">La terapia con exosomas es un enfoque completamente biol\u00f3gico y natural que no requiere intervenci\u00f3n quir\u00fargica y es m\u00ednimamente invasivo. La posibilidad de volver a la vida diaria sin limitar las actividades sociales proporciona un gran confort. Como sistemas mensajeros extracelulares naturales, los exosomas utilizados en el tratamiento activan los propios mecanismos de reparaci\u00f3n del cuerpo. Como no contienen aditivos ni productos qu\u00edmicos, pueden aplicarse con seguridad incluso en tipos de piel sensibles. Adem\u00e1s, el corto tiempo de recuperaci\u00f3n y los efectos duraderos hacen que este tratamiento sea ventajoso para quienes buscan mejoras permanentes en la calidad del cabello. Lo m\u00e1s importante es que, en comparaci\u00f3n con la mesoterapia capilar tradicional, los exosomas contienen un contenido biol\u00f3gico m\u00e1s concentrado, proporcionando resultados m\u00e1s eficaces y duraderos a nivel celular.<\/p>\n<\/p><\/div>\n<\/p><\/div>\n<div>\n<div>\n<h2 class=\"h2-header\">\u00bfCu\u00e1ndo son visibles los resultados del tratamiento capilar con exosomas?<\/h2>\n<\/p><\/div>\n<div>\n<p class=\"p-text\">Los resultados del tratamiento con exosomas suelen comenzar a notarse a las pocas semanas de la aplicaci\u00f3n. En la fase inicial, puede observarse una reducci\u00f3n visible de la ca\u00edda del cabello y, en un plazo de 1 a 2 meses, el cabello comienza a verse m\u00e1s fuerte y con m\u00e1s vitalidad. El crecimiento de nuevo cabello suele hacerse m\u00e1s evidente a partir del tercer mes. Este cronograma puede variar seg\u00fan la estructura gen\u00e9tica, el estilo de vida y la respuesta individual al tratamiento. Para obtener resultados duraderos y satisfactorios, es importante que el plan de tratamiento sea personalizado. Las sesiones de mantenimiento regulares ayudan a preservar los resultados obtenidos durante un per\u00edodo m\u00e1s prolongado.<\/p>\n<\/p><\/div>\n<\/p><\/div>\n<\/p><\/div>\n<\/section>\n","protected":false},"excerpt":{"rendered":"<p>Exosomas para el tratamiento capilar Los exosomas son estructuras microsc\u00f3picas, rodeadas por una membrana, que son secretadas de forma natural por las c\u00e9lulas y facilitan la comunicaci\u00f3n intercelular. Generalmente miden entre 30 y 150 nan\u00f3metros, se forman a trav\u00e9s de ves\u00edculas especializadas dentro de la c\u00e9lula y afectan a otras c\u00e9lulas al transportar informaci\u00f3n biol\u00f3gica.Contienen [&hellip;]<\/p>\n","protected":false},"author":6,"featured_media":0,"parent":2447,"menu_order":0,"comment_status":"closed","ping_status":"closed","template":"","meta":{"footnotes":""},"class_list":["post-48132","page","type-page","status-publish","hentry"],"_links":{"self":[{"href":"https:\/\/drterziler.com\/es\/wp-json\/wp\/v2\/pages\/48132","targetHints":{"allow":["GET"]}}],"collection":[{"href":"https:\/\/drterziler.com\/es\/wp-json\/wp\/v2\/pages"}],"about":[{"href":"https:\/\/drterziler.com\/es\/wp-json\/wp\/v2\/types\/page"}],"author":[{"embeddable":true,"href":"https:\/\/drterziler.com\/es\/wp-json\/wp\/v2\/users\/6"}],"replies":[{"embeddable":true,"href":"https:\/\/drterziler.com\/es\/wp-json\/wp\/v2\/comments?post=48132"}],"version-history":[{"count":17,"href":"https:\/\/drterziler.com\/es\/wp-json\/wp\/v2\/pages\/48132\/revisions"}],"predecessor-version":[{"id":61416,"href":"https:\/\/drterziler.com\/es\/wp-json\/wp\/v2\/pages\/48132\/revisions\/61416"}],"up":[{"embeddable":true,"href":"https:\/\/drterziler.com\/es\/wp-json\/wp\/v2\/pages\/2447"}],"wp:attachment":[{"href":"https:\/\/drterziler.com\/es\/wp-json\/wp\/v2\/media?parent=48132"}],"curies":[{"name":"wp","href":"https:\/\/api.w.org\/{rel}","templated":true}]}}