{"id":48191,"date":"2025-07-17T09:32:09","date_gmt":"2025-07-17T09:32:09","guid":{"rendered":"https:\/\/drterziler.com\/estetica-medica\/exosome-treatments\/"},"modified":"2026-04-22T08:41:53","modified_gmt":"2026-04-22T08:41:53","slug":"tratamientos-con-exosomas-skin","status":"publish","type":"page","link":"https:\/\/drterziler.com\/es\/estetica-medica\/tratamientos-con-exosomas-skin\/","title":{"rendered":"Tratamientos con exosomas skin"},"content":{"rendered":"<div class=\"page-content\">\n<div id=\"header-area\">\n<div class=\"container\" id=\"firstContent\">\n<div class=\"header-content d-flex flex-column\">\n<h1 class=\"content-title h1-header\">Exosomas para el Tratamiento de la Piel<\/h1>\n<div class=\"content-paragraph\">\n<p class=\"p-text\">Los exosomas son estructuras microsc\u00f3picas rodeadas por una membrana, producidas dentro de las c\u00e9lulas y secretadas al exterior. Transportan contenidos biol\u00f3gicos como ARN, prote\u00ednas y factores de crecimiento, transmitiendo informaci\u00f3n entre c\u00e9lulas. En los \u00faltimos a\u00f1os, los exosomas han ganado atenci\u00f3n en los tratamientos de rejuvenecimiento de la piel debido a su papel importante en la regeneraci\u00f3n tisular y los procesos de renovaci\u00f3n celular. Estas microestructuras, que cada vez aparecen con m\u00e1s frecuencia en estudios cient\u00edficos, se han convertido en una opci\u00f3n preferida ya que ofrecen un enfoque m\u00e1s natural y celular en comparaci\u00f3n con los procedimientos est\u00e9ticos tradicionales. Muestran potencial en diversas \u00e1reas como ralentizar el envejecimiento de la piel, reducir las manchas y reparar la barrera cut\u00e1nea.<\/p>\n<\/p><\/div>\n<nav aria-label=\"breadcrumb\" class=\"breadcrumbs\">\n<ul class=\"d-flex align-items-center mb-0\">\n<li><a class=\"link\" href=\"https:\/\/drterziler.com\/es\/\"><span>Dr. Terziler<\/span><\/a><\/li>\n<li class=\"separator\">\u00bb<\/li>\n<li><a class=\"link\" href=\"https:\/\/drterziler.com\/es\/estetica-medica\/\"><span>Est\u00e9tica m\u00e9dica<\/span><\/a><\/li>\n<li class=\"separator\">\u00bb<\/li>\n<li class=\"separator\">\u00bb<\/li>\n<li class=\"current-page\"><span>Exosomas para el Tratamiento de la Piel<\/span><\/li>\n<\/ul>\n<\/nav><\/div>\n<\/p><\/div>\n<\/p><\/div>\n<\/div>\n<section id=\"content-area\">\n<div class=\"container my-5\">\n<div class=\"row align-items-start\">\n<div class=\"col-md-6 order-2 order-md-1\">\n<div class=\"custom-toc-box\">\n<div id=\"toc-header\">\n<h4>\u00cdndice<\/h4>\n<div class=\"toc-toggle-icon\"><\/div>\n<\/p><\/div>\n<div class=\"toc-full-divider\"><\/div>\n<div id=\"toc-body\">\n<div id=\"toc-container\"><\/div>\n<\/p><\/div>\n<\/p><\/div>\n<\/p><\/div>\n<div class=\"col-md-6 order-1 order-md-2\" id=\"jForm\">\n                <script type=\"text\/javascript\" src=\"https:\/\/form.jotform.com\/jsform\/242881767918979\"><\/script>\n            <\/div>\n<\/p><\/div>\n<\/p><\/div>\n<div class=\"container\">\n<div class=\"img-thumb\">\n            <img decoding=\"async\" src=\"https:\/\/drterziler.com\/wp-content\/uploads\/2025\/07\/Cilt-Eksozom.webp\" loading=\"lazy\" alt=\"\">\n        <\/div>\n<div>\n<div>\n<h2 class=\"h2-header\">\u00bfC\u00f3mo Act\u00faa el Tratamiento con Exosomas en la Piel?<\/h2>\n<\/p><\/div>\n<div>\n<p class=\"p-text\">Cuando se aplica en la piel, los exosomas interact\u00faan con las c\u00e9lulas cut\u00e1neas e inician el proceso de reparaci\u00f3n. Activan los fibroblastos \u2014c\u00e9lulas responsables de la producci\u00f3n de col\u00e1geno y elastina\u2014 promoviendo la regeneraci\u00f3n del tejido cut\u00e1neo. Al mismo tiempo, sus efectos antioxidantes y antiinflamatorios protegen contra el da\u00f1o de los radicales libres. Los exosomas ayudan a equilibrar el tono de la piel, mejorar los niveles de hidrataci\u00f3n y aumentar la microcirculaci\u00f3n, lo que da como resultado una apariencia saludable y radiante. Gracias a estos componentes biol\u00f3gicos que influyen en las v\u00edas de se\u00f1alizaci\u00f3n celular, la piel comienza a renovarse desde el interior hacia el exterior.<\/p>\n<\/p><\/div>\n<\/p><\/div>\n<div>\n<div>\n<h2 class=\"h2-header\">\u00bfC\u00f3mo Se Realiza la Aplicaci\u00f3n de Exosomas en la Piel?<\/h2>\n<\/p><\/div>\n<div>\n<p class=\"p-text\">La aplicaci\u00f3n de exosomas en la piel se realiza generalmente en combinaci\u00f3n con la micropunci\u00f3n (microneedling). Este m\u00e9todo crea microcanales en la superficie cut\u00e1nea, lo que permite que los exosomas penetren de manera m\u00e1s eficaz en las capas profundas de la piel. Antes del procedimiento, se limpia la piel y se aplica una crema anest\u00e9sica t\u00f3pica. Luego, se aplica la soluci\u00f3n de exosomas utilizando dispositivos especializados o t\u00e9cnicas manuales. El procedimiento dura entre 30 y 45 minutos, y es normal que aparezca un leve enrojecimiento inmediatamente despu\u00e9s, aunque suele desaparecer en pocas horas. Dependiendo de la sensibilidad de la piel, se pueden planificar varias sesiones.<\/p>\n<\/p><\/div>\n<\/p><\/div>\n<div>\n<div>\n<h2 class=\"h2-header\">\u00bfQui\u00e9n Es un Buen Candidato para el Tratamiento con Exosomas?<\/h2>\n<\/p><\/div>\n<div>\n<p class=\"p-text\">La terapia cut\u00e1nea con exosomas es adecuada para cualquier persona que desee prevenir el envejecimiento de la piel o mejorar problemas cut\u00e1neos existentes. Puede ofrecer resultados eficaces en personas con arrugas finas, manchas solares, cicatrices de acn\u00e9, tono desigual, poros dilatados o tez apagada. Tambi\u00e9n se puede utilizar despu\u00e9s de tratamientos como l\u00e1ser, peeling qu\u00edmico o dermapen para acelerar la cicatrizaci\u00f3n de la piel. Es segura tanto para pieles j\u00f3venes como medida preventiva, como para pieles maduras por su efecto reafirmante.<\/p>\n<\/p><\/div>\n<\/p><\/div>\n<div>\n<div>\n<h2 class=\"h2-header\">\u00bfCu\u00e1les Son las Ventajas del Tratamiento con Exosomas?<\/h2>\n<\/p><\/div>\n<div>\n<p class=\"p-text\">El tratamiento con exosomas es altamente seguro y eficaz porque respalda los mecanismos naturales de curaci\u00f3n del cuerpo. Rejuvenece la piel desde el interior a nivel celular, ofreciendo resultados m\u00e1s duraderos. En comparaci\u00f3n con otros tratamientos est\u00e9ticos, conlleva un menor riesgo de efectos secundarios. El tiempo de recuperaci\u00f3n es corto y no interfiere con la vida diaria. Al no contener productos qu\u00edmicos, es apto incluso para pieles sensibles. Adem\u00e1s, al fortalecer la barrera cut\u00e1nea, proporciona beneficios no solo est\u00e9ticos sino tambi\u00e9n funcionales para el cuidado de la piel.<\/p>\n<\/p><\/div>\n<\/p><\/div>\n<div>\n<div>\n<h2 class=\"h2-header\">\u00bfCu\u00e1ndo Son Visibles los Resultados del Tratamiento con Exosomas en la Piel?<\/h2>\n<\/p><\/div>\n<div>\n<p class=\"p-text\">Durante los primeros 3 a 5 d\u00edas posteriores al tratamiento, se puede observar un aumento en el brillo e hidrataci\u00f3n de la piel. A partir de la segunda semana, se notan la reducci\u00f3n de poros, una textura m\u00e1s suave y un tono m\u00e1s uniforme. Los efectos m\u00e1s profundos \u2014como la renovaci\u00f3n relacionada con el col\u00e1geno\u2014 suelen hacerse evidentes entre 4 y 8 semanas. Los resultados completos y duraderos generalmente se observan despu\u00e9s de 2 a 3 sesiones. El proceso puede variar seg\u00fan el tipo de piel y la edad, por lo que es esencial un plan de tratamiento personalizado.<\/p>\n<\/p><\/div>\n<\/p><\/div>\n<\/p><\/div>\n<\/section>\n","protected":false},"excerpt":{"rendered":"<p>Exosomas para el Tratamiento de la Piel Los exosomas son estructuras microsc\u00f3picas rodeadas por una membrana, producidas dentro de las c\u00e9lulas y secretadas al exterior. Transportan contenidos biol\u00f3gicos como ARN, prote\u00ednas y factores de crecimiento, transmitiendo informaci\u00f3n entre c\u00e9lulas. En los \u00faltimos a\u00f1os, los exosomas han ganado atenci\u00f3n en los tratamientos de rejuvenecimiento de la [&hellip;]<\/p>\n","protected":false},"author":6,"featured_media":0,"parent":2504,"menu_order":0,"comment_status":"closed","ping_status":"closed","template":"","meta":{"footnotes":""},"class_list":["post-48191","page","type-page","status-publish","hentry"],"_links":{"self":[{"href":"https:\/\/drterziler.com\/es\/wp-json\/wp\/v2\/pages\/48191","targetHints":{"allow":["GET"]}}],"collection":[{"href":"https:\/\/drterziler.com\/es\/wp-json\/wp\/v2\/pages"}],"about":[{"href":"https:\/\/drterziler.com\/es\/wp-json\/wp\/v2\/types\/page"}],"author":[{"embeddable":true,"href":"https:\/\/drterziler.com\/es\/wp-json\/wp\/v2\/users\/6"}],"replies":[{"embeddable":true,"href":"https:\/\/drterziler.com\/es\/wp-json\/wp\/v2\/comments?post=48191"}],"version-history":[{"count":10,"href":"https:\/\/drterziler.com\/es\/wp-json\/wp\/v2\/pages\/48191\/revisions"}],"predecessor-version":[{"id":62424,"href":"https:\/\/drterziler.com\/es\/wp-json\/wp\/v2\/pages\/48191\/revisions\/62424"}],"up":[{"embeddable":true,"href":"https:\/\/drterziler.com\/es\/wp-json\/wp\/v2\/pages\/2504"}],"wp:attachment":[{"href":"https:\/\/drterziler.com\/es\/wp-json\/wp\/v2\/media?parent=48191"}],"curies":[{"name":"wp","href":"https:\/\/api.w.org\/{rel}","templated":true}]}}