{"id":6107,"date":"2024-09-19T06:08:42","date_gmt":"2024-09-19T06:08:42","guid":{"rendered":"https:\/\/drterziler.com\/faq\/"},"modified":"2026-04-03T16:59:33","modified_gmt":"2026-04-03T16:59:33","slug":"faq","status":"publish","type":"page","link":"https:\/\/drterziler.com\/es\/trasplante-de-cabello\/faq\/","title":{"rendered":"FAQs"},"content":{"rendered":"<div class=\"page-content\">\n<div id=\"header-area\">\n<div class=\"container\" id=\"firstContent\">\n<div class=\"header-content d-flex flex-column\">\n<h1 class=\"content-title h1-header\">Preguntas Frecuentes<\/h1>\n<div class=\"content-paragraph\">\n<p class=\"p-text\">\n<\/p><\/div>\n<nav aria-label=\"breadcrumb\" class=\"breadcrumbs\">\n<ul class=\"d-flex align-items-center mb-0\">\n<li><a class=\"link\" href=\"https:\/\/drterziler.com\/es\/\"><span>Dr. Terziler Exclusive Clinic<\/span><\/a><\/li>\n<li class=\"separator\">\u00bb<\/li>\n<li><a class=\"link\" href=\"https:\/\/drterziler.com\/es\/trasplante-de-cabello\/\"><span>Trasplante Capilar<\/span><\/a><\/li>\n<li class=\"separator\">\u00bb<\/li>\n<li class=\"current-page\"><span>Preguntas Frecuentes<\/span><\/li>\n<\/ul>\n<\/nav><\/div>\n<\/p><\/div>\n<\/p><\/div>\n<\/div>\n<section id=\"content-area\">\n<div class=\"faq-container\">\n<div class=\"faq-item active\">\n        <button class=\"faq-question\"><span class=\"icon\">&#8211;<\/span> \u00bfPor qu\u00e9 Turqu\u00eda para el trasplante capilar?<\/button><\/p>\n<div class=\"faq-answer\" style=\"display: block;\">\n<p>Turqu\u00eda es un centro reconocido mundialmente en el campo del trasplante capilar. Dr. Terziler Exclusive Clinic es una de las cl\u00ednicas l\u00edderes que ofrece el mejor servicio en este \u00e1mbito. El Dr. Terziler es un experto con a\u00f1os de experiencia en trasplante capilar y tratamientos capilares. \u00c9l y su equipo ofrecen soluciones especiales para cada paciente utilizando las t\u00e9cnicas m\u00e1s nuevas y eficaces. Dr. Terziler Exclusive Clinic concede gran importancia a la satisfacci\u00f3n del paciente. Proporciona un apoyo integral para que los pacientes se sientan seguros y c\u00f3modos en todos los procesos antes, durante y despu\u00e9s del tratamiento.<\/p>\n<\/p><\/div>\n<\/p><\/div>\n<div class=\"faq-item\">\n        <button class=\"faq-question\"><span class=\"icon\">+<\/span> \u00bfEs el trasplante capilar un procedimiento costoso?<\/button><\/p>\n<div class=\"faq-answer\">\n<p>Dr. Terziler Exclusive Clinic realiza trasplantes capilares a precios accesibles a pesar de sus servicios de alta calidad y su estructura tecnol\u00f3gica. Considerando los resultados a largo plazo, el trasplante capilar es una inversi\u00f3n valiosa. Es un procedimiento que debe hacerse una sola vez y en un lugar que realmente merezca la pena.<\/p>\n<\/p><\/div>\n<\/p><\/div>\n<div class=\"faq-item\">\n        <button class=\"faq-question\"><span class=\"icon\">+<\/span>\u00bfCu\u00e1nto tiempo necesito quedarme en Estambul para un trasplante capilar?<\/button><\/p>\n<div class=\"faq-answer\">\n<p>Por lo general, quedarse en Estambul entre 2 y 3 d\u00edas es suficiente para un trasplante capilar. Dr. Terziler Exclusive Clinic ofrece una experiencia c\u00f3moda durante este proceso y est\u00e1 a su lado en cada paso. Se alojar\u00e1 en los mejores hoteles de Estambul y viajar\u00e1 con nuestros veh\u00edculos VIP.<\/p>\n<\/p><\/div>\n<\/p><\/div>\n<div class=\"faq-item\">\n        <button class=\"faq-question\"><span class=\"icon\">+<\/span> \u00bfLos materiales m\u00e9dicos utilizados en el trasplante capilar son desechables?<\/button><\/p>\n<div class=\"faq-answer\">\n<p>S\u00ed, los materiales m\u00e9dicos utilizados en el trasplante capilar en Dr. Terziler Exclusive Clinic son desechables. Esto garantiza los m\u00e1s altos est\u00e1ndares de higiene para los pacientes sin riesgo de infecci\u00f3n.<\/p>\n<\/p><\/div>\n<\/p><\/div>\n<div class=\"faq-item\">\n        <button class=\"faq-question\"><span class=\"icon\">+<\/span>\u00bfD\u00f3nde me alojar\u00e9 cuando venga para un trasplante capilar?<\/button><\/p>\n<div class=\"faq-answer\">\n<p>Como Dr. Terziler Exclusive Hair Clinic, ofrecemos alojamiento en hoteles de 5 estrellas para brindar a nuestros pacientes el m\u00e1ximo nivel de confort y satisfacci\u00f3n. De este modo, podr\u00e1 disfrutar de una experiencia de alojamiento c\u00f3moda y lujosa durante su proceso de tratamiento.<\/p>\n<\/p><\/div>\n<\/p><\/div>\n<div class=\"faq-item\">\n        <button class=\"faq-question\"><span class=\"icon\">+<\/span>\u00bfQui\u00e9n me recoger\u00e1 en el aeropuerto?<\/button><\/p>\n<div class=\"faq-answer\">\n<p>Dr. Terziler Exclusive Clinic ofrece un servicio de traslado VIP que le recoger\u00e1 en el aeropuerto y garantizar\u00e1 que llegue c\u00f3modamente a la cl\u00ednica.<\/p>\n<\/p><\/div>\n<\/p><\/div>\n<div class=\"faq-item\">\n        <button class=\"faq-question\"><span class=\"icon\">+<\/span>\u00bfPodemos estar c\u00f3modos cuando vengamos a la cl\u00ednica con mi familia?<\/button><\/p>\n<div class=\"faq-answer\">\n<p>S\u00ed, en Dr. Terziler Exclusive Clinic se ofrece un entorno c\u00f3modo y relajante para las familias. Puede estar seguro de que estar\u00e1 c\u00f3modo cuando venga con su familia, porque en nuestras habitaciones VIP los familiares de los pacientes pueden disfrutar de la comodidad de una habitaci\u00f3n de hotel. La habitaci\u00f3n dispone de cama personal, ba\u00f1o, televisi\u00f3n e internet. Adem\u00e1s, contamos con un restaurante\/cafeter\u00eda en nuestra cl\u00ednica que ofrece un servicio de alta calidad. Nuestros hu\u00e9spedes pueden pedir y comer cualquier plato que deseen de nuestro delicioso men\u00fa.<\/p>\n<\/p><\/div>\n<\/p><\/div>\n<div class=\"faq-item\">\n        <button class=\"faq-question\"><span class=\"icon\">+<\/span>\u00bfEs posible realizar un trasplante capilar sin rapar?<\/button><\/p>\n<div class=\"faq-answer\">\n<p>S\u00ed, el trasplante capilar sin rapar es posible en Dr. Terziler Exclusive Clinic. Con este m\u00e9todo, el trasplante puede realizarse sin cortar su cabello.<\/p>\n<\/p><\/div>\n<\/p><\/div>\n<div class=\"faq-item\">\n        <button class=\"faq-question\"><span class=\"icon\">+<\/span>\u00bfEs posible aumentar el cabello sin someterse a un trasplante capilar?<\/button><\/p>\n<div class=\"faq-answer\">\n<p>S\u00ed, en Dr. Terziler Exclusive Clinic se ofrecen tratamientos de fortalecimiento y aumento capilar. Estos tratamientos pueden reducir la ca\u00edda del cabello y fortalecer y aumentar el cabello existente.<\/p>\n<\/p><\/div>\n<\/p><\/div>\n<div class=\"faq-item\">\n        <button class=\"faq-question\"><span class=\"icon\">+<\/span>\u00bfCu\u00e1l es la diferencia entre el trasplante capilar FUE y DHI?<\/button><\/p>\n<div class=\"faq-answer\">\n<p>S\u00ed, en Dr. Terziler Exclusive Clinic se ofrecen tratamientos de fortalecimiento y aumento capilar. Estos tratamientos pueden reducir la ca\u00edda del cabello y fortalecer y aumentar el cabello existente.<\/p>\n<\/p><\/div>\n<\/p><\/div>\n<div class=\"faq-item\">\n        <button class=\"faq-question\"><span class=\"icon\">+<\/span>\u00bfLas mujeres tambi\u00e9n pueden someterse a un trasplante capilar?<\/button><\/p>\n<div class=\"faq-answer\">\n<p>S\u00ed, las mujeres tambi\u00e9n pueden someterse a un trasplante capilar en Dr. Terziler Exclusive Clinic. Nos aseguramos de que obtengan los mejores resultados ofreciendo soluciones especiales para mujeres, porque somos conscientes de lo que el cabello significa para ellas. Tambi\u00e9n sabemos que t\u00e9cnicas como las extensiones capilares, que son una soluci\u00f3n temporal y necesitan renovarse constantemente, da\u00f1an el cabello, y que el trasplante capilar es una soluci\u00f3n \u00fanica, m\u00e1s adecuada y permanente.<\/p>\n<\/p><\/div>\n<\/p><\/div>\n<div class=\"faq-item\">\n        <button class=\"faq-question\"><span class=\"icon\">+<\/span>\u00bfSe realiza trasplante de barba?<\/button><\/p>\n<div class=\"faq-answer\">\n<p>S\u00ed, en Dr. Terziler Exclusive Clinic se realiza trasplante de barba. Se utilizan las t\u00e9cnicas m\u00e1s recientes para conseguir barbas de aspecto natural y est\u00e9tico. La barba es el maquillaje del hombre y una soluci\u00f3n permanente. Siendo conscientes de ello, el trasplante de barba se realiza con c\u00e1lculos milim\u00e9tricos seg\u00fan la solicitud de la persona.<\/p>\n<\/p><\/div>\n<\/p><\/div>\n<div class=\"faq-item\">\n        <button class=\"faq-question\"><span class=\"icon\">+<\/span>\u00bfEs el trasplante de cejas un m\u00e9todo natural?<\/button><\/p>\n<div class=\"faq-answer\">\n<p>S\u00ed, el trasplante de cejas es un m\u00e9todo natural y eficaz. En Dr. Terziler Exclusive Clinic se utilizan las t\u00e9cnicas m\u00e1s modernas para lograr resultados de aspecto natural y est\u00e9tico. Adem\u00e1s, nuestro equipo, con m\u00e1s de 20 a\u00f1os de experiencia, es consciente de la importancia de las cejas para las mujeres y trabaja para ofrecer el resultado m\u00e1s natural en cuanto al \u00e1ngulo y la densidad de las cejas.<\/p>\n<\/p><\/div>\n<\/p><\/div>\n<div class=\"faq-item\">\n        <button class=\"faq-question\"><span class=\"icon\">+<\/span>\u00bfCu\u00e1les son los lugares que se pueden visitar en Estambul?<\/button><\/p>\n<div class=\"faq-answer\">\n<p>En Estambul hay muchos lugares hist\u00f3ricos y tur\u00edsticos como Santa Sof\u00eda, la Mezquita Azul, el Palacio de Topkapi y el Gran Bazar. Adem\u00e1s, nuestra cl\u00ednica est\u00e1 ubicada en la zona m\u00e1s lujosa de Estambul. Est\u00e1 muy cerca de centros comerciales y restaurantes populares. Dr. Terziler Exclusive Clinic le ofrece recomendaciones y orientaci\u00f3n durante su visita.<\/p>\n<\/p><\/div>\n<\/p><\/div>\n<\/p><\/div>\n<\/section>\n","protected":false},"excerpt":{"rendered":"<p>Preguntas Frecuentes Dr. Terziler Exclusive Clinic \u00bb Trasplante Capilar \u00bb Preguntas Frecuentes &#8211; \u00bfPor qu\u00e9 Turqu\u00eda para el trasplante capilar? Turqu\u00eda es un centro reconocido mundialmente en el campo del trasplante capilar. Dr. Terziler Exclusive Clinic es una de las cl\u00ednicas l\u00edderes que ofrece el mejor servicio en este \u00e1mbito. El Dr. Terziler es un [&hellip;]<\/p>\n","protected":false},"author":6,"featured_media":0,"parent":2435,"menu_order":0,"comment_status":"closed","ping_status":"closed","template":"","meta":{"footnotes":""},"class_list":["post-6107","page","type-page","status-publish","hentry"],"_links":{"self":[{"href":"https:\/\/drterziler.com\/es\/wp-json\/wp\/v2\/pages\/6107","targetHints":{"allow":["GET"]}}],"collection":[{"href":"https:\/\/drterziler.com\/es\/wp-json\/wp\/v2\/pages"}],"about":[{"href":"https:\/\/drterziler.com\/es\/wp-json\/wp\/v2\/types\/page"}],"author":[{"embeddable":true,"href":"https:\/\/drterziler.com\/es\/wp-json\/wp\/v2\/users\/6"}],"replies":[{"embeddable":true,"href":"https:\/\/drterziler.com\/es\/wp-json\/wp\/v2\/comments?post=6107"}],"version-history":[{"count":62,"href":"https:\/\/drterziler.com\/es\/wp-json\/wp\/v2\/pages\/6107\/revisions"}],"predecessor-version":[{"id":61211,"href":"https:\/\/drterziler.com\/es\/wp-json\/wp\/v2\/pages\/6107\/revisions\/61211"}],"up":[{"embeddable":true,"href":"https:\/\/drterziler.com\/es\/wp-json\/wp\/v2\/pages\/2435"}],"wp:attachment":[{"href":"https:\/\/drterziler.com\/es\/wp-json\/wp\/v2\/media?parent=6107"}],"curies":[{"name":"wp","href":"https:\/\/api.w.org\/{rel}","templated":true}]}}