{"id":12607,"date":"2024-09-03T08:14:56","date_gmt":"2024-09-03T08:14:56","guid":{"rendered":"https:\/\/drterziler.com\/?page_id=12607"},"modified":"2026-02-28T16:35:35","modified_gmt":"2026-02-28T16:35:35","slug":"quest-ce-quune-greffe-de-cheveux","status":"publish","type":"page","link":"https:\/\/drterziler.com\/fr\/quest-ce-quune-greffe-de-cheveux\/","title":{"rendered":"Qu&rsquo;est-ce qu&rsquo;une greffe de cheveux ?"},"content":{"rendered":"<div class=\"page-content\">\n<div id=\"header-area\">\n<div class=\"container\" id=\"firstContent\">\n<div class=\"header-content d-flex flex-column\">\n<h1 class=\"content-title h1-header\">Qu&#039;est-ce qu&#039;une greffe de cheveux ?<\/h1>\n<div class=\"content-paragraph\">\n<p class=\"p-text\">\n<\/p><\/div>\n<nav aria-label=\"breadcrumb\" class=\"breadcrumbs\">\n<ul class=\"d-flex align-items-center mb-0\">\n<li><a class=\"link\" href=\"https:\/\/drterziler.com\/fr\/\"><span>Dr. Terziler Exclusive Clinic<\/span><\/a><\/li>\n<li class=\"separator\">\u00bb<\/li>\n<li class=\"current-page\"><span>Qu&#039;est-ce qu&#039;une greffe de cheveux ?<\/span><\/li>\n<\/ul>\n<\/nav><\/div>\n<\/p><\/div>\n<\/p><\/div>\n<\/div>\n<section id=\"content-area\">\n<div class=\"container my-5\">\n<div class=\"row align-items-start\">\n<div class=\"col-md-6 order-2 order-md-1\">\n<div class=\"custom-toc-box\">\n<div id=\"toc-header\">\n<h4>Table des mati\u00e8res<\/h4>\n<div class=\"toc-toggle-icon\"><\/div>\n<\/p><\/div>\n<div class=\"toc-full-divider\"><\/div>\n<div id=\"toc-body\">\n<div id=\"toc-container\"><\/div>\n<\/p><\/div>\n<\/p><\/div>\n<\/p><\/div>\n<div class=\"col-md-6 order-1 order-md-2\" id=\"jForm\">\n                <script type=\"text\/javascript\" src=\"https:\/\/form.jotform.com\/jsform\/242882407646969\"><\/script><\/p><\/div>\n<\/p><\/div>\n<\/p><\/div>\n<div class=\"container\">\n<div class=\"img-thumb\">\n            <img loading=\"lazy\" decoding=\"async\" width=\"1700\" height=\"1080\" src=\"https:\/\/drterziler.com\/wp-content\/uploads\/2024\/08\/6.webp\" alt=\"\" srcset=\"https:\/\/drterziler.com\/wp-content\/uploads\/2024\/08\/6.webp 1700w, https:\/\/drterziler.com\/wp-content\/uploads\/2024\/08\/6-300x191.webp 300w, https:\/\/drterziler.com\/wp-content\/uploads\/2024\/08\/6-1024x651.webp 1024w, https:\/\/drterziler.com\/wp-content\/uploads\/2024\/08\/6-768x488.webp 768w, https:\/\/drterziler.com\/wp-content\/uploads\/2024\/08\/6-1536x976.webp 1536w\" sizes=\"auto, (max-width: 1700px) 100vw, 1700px\">\n        <\/div>\n<div>\n<div>\n<h2 class=\"h2-header\">Comprendre les greffes de cheveux<\/h2>\n<\/p><\/div>\n<div>\n<p class=\"p-text\">Une greffe de cheveux est un petit morceau de peau contenant un ou plusieurs follicules pileux qui est pr\u00e9lev\u00e9 sur une zone donneuse (g\u00e9n\u00e9ralement l&#039;arri\u00e8re ou les c\u00f4t\u00e9s de la t\u00eate) et transplant\u00e9 dans une zone o\u00f9 il y a perte de cheveux. Ces greffons sont les \u00e9l\u00e9ments constitutifs de la greffe de cheveux, permettant aux chirurgiens de redistribuer les cheveux dans les zones qui en ont le plus besoin. Types de greffes de cheveux Unit\u00e9 folliculaire simple (UF) : Contient un follicule pileux. Unit\u00e9 folliculaire double : contient 2 follicules pileux Unit\u00e9 folliculaire triple : contient 3 follicules pileux Unit\u00e9 folliculaire quadruple : contient 4 follicules pileux ou plus.<\/p>\n<\/p><\/div>\n<\/p><\/div>\n<div>\n<div>\n<h2 class=\"h2-header\">Le r\u00f4le des greffes de cheveux dans les transplantations<\/h2>\n<\/p><\/div>\n<div>\n<p class=\"p-text\">Les greffons capillaires jouent un r\u00f4le essentiel dans l&#039;obtention de r\u00e9sultats naturels lors des greffes de cheveux. En extrayant et en pla\u00e7ant avec soin des greffons individuels, les chirurgiens peuvent reproduire le sch\u00e9ma de croissance naturel des cheveux cr\u00e9er un m\u00e9lange harmonieux avec les cheveux existants obtenir une densit\u00e9 optimale dans les zones clairsem\u00e9es cr\u00e9er une ligne capillaire personnalis\u00e9e qui s&#039;adapte aux traits du visage du patient.<\/p>\n<\/p><\/div>\n<\/p><\/div>\n<div>\n<div>\n<h2 class=\"h2-header\">Techniques de greffe<\/h2>\n<\/p><\/div>\n<div>\n<p class=\"p-text\">\u00c0 la Clinique exclusive du Dr Terziler, nous utilisons des techniques de greffe avanc\u00e9es pour garantir les meilleurs r\u00e9sultats possibles \u00e0 nos patients : 1. Extraction d&#039;unit\u00e9s folliculaires (FUE) La FUE consiste \u00e0 extraire des unit\u00e9s folliculaires individuelles directement de la zone donneuse \u00e0 l&#039;aide d&#039;un poin\u00e7on sp\u00e9cialis\u00e9. Cette technique offre les avantages suivants : une cicatrisation minimale un temps de r\u00e9cup\u00e9ration plus rapide Flexibilit\u00e9 dans la mise en place du greffon 2. Implantation directe de cheveux (IDC) La DHI est une technique avanc\u00e9e qui permet l&#039;extraction et l&#039;implantation simultan\u00e9es de greffons capillaires. Les avantages sont les suivants : une plus grande pr\u00e9cision dans la mise en place des greffons R\u00e9duction du temps pass\u00e9 \u00e0 l&#039;ext\u00e9rieur du corps pour les greffons Taux de survie des greffons potentiellement plus \u00e9lev\u00e9 3. DHI robotis\u00e9e En tant que pionnier de la technologie de la greffe de cheveux, Dr. Terziler Exclusive Clinic est fi\u00e8re de proposer la DHI robotis\u00e9e, la technique de greffe de cheveux la plus avanc\u00e9e qui soit. Cette m\u00e9thode innovante associe la pr\u00e9cision de la robotique \u00e0 l&#039;expertise de nos chirurgiens pour fournir : une pr\u00e9cision in\u00e9gal\u00e9e dans l&#039;extraction et la mise en place des greffons une r\u00e9duction de l&#039;erreur humaine une dur\u00e9e d&#039;intervention plus rapide un taux de survie des greffons optimis\u00e9.<\/p>\n<\/p><\/div>\n<\/p><\/div>\n<div>\n<div>\n<h2 class=\"h2-header\">Avantages de la greffe de cheveux<\/h2>\n<\/p><\/div>\n<div>\n<p class=\"p-text\">La greffe de cheveux pr\u00e9sente de nombreux avantages pour les personnes qui souhaitent restaurer leur chevelure : R\u00e9sultats naturels : Les greffons sont plac\u00e9s de mani\u00e8re \u00e0 imiter les sch\u00e9mas de croissance naturelle des cheveux. Solution permanente : Les cheveux greff\u00e9s r\u00e9sistent \u00e0 une nouvelle chute. Am\u00e9lioration de la confiance en soi : La restauration de la chevelure peut consid\u00e9rablement am\u00e9liorer l&#039;estime de soi. Polyvalence : Elle peut \u00eatre utilis\u00e9e pour restaurer les cheveux du cuir chevelu, des sourcils et de la barbe. Peu invasif : Les techniques modernes permettent une cicatrisation minimale et un r\u00e9tablissement rapide.<\/p>\n<\/p><\/div>\n<\/p><\/div>\n<div>\n<div>\n<h2 class=\"h2-header\">Conclusion<\/h2>\n<\/p><\/div>\n<div>\n<p class=\"p-text\">La compr\u00e9hension des greffes de cheveux est essentielle pour toute personne qui envisage une greffe de cheveux. Terziler Exclusive Clinic, nous mettons \u00e0 profit notre expertise et notre technologie de pointe pour offrir les meilleurs r\u00e9sultats possibles \u00e0 nos patients. Que vous soyez confront\u00e9 \u00e0 une ligne de d\u00e9marcation, \u00e0 une couronne clairsem\u00e9e ou \u00e0 une perte de cheveux plus importante, notre \u00e9quipe peut cr\u00e9er un plan de traitement personnalis\u00e9 en utilisant des techniques de greffe avanc\u00e9es pour vous aider \u00e0 obtenir la chevelure compl\u00e8te et naturelle que vous souhaitez. Si vous envisagez une greffe de cheveux ou si vous souhaitez en savoir plus sur la greffe de cheveux, n&#039;h\u00e9sitez pas \u00e0 contacter Dr. Terziler Exclusive Clinic. Notre \u00e9quipe d&#039;experts est pr\u00eate \u00e0 vous guider tout au long du processus et \u00e0 vous aider \u00e0 prendre une d\u00e9cision \u00e9clair\u00e9e sur votre parcours de restauration capillaire.<\/p>\n<\/p><\/div>\n<\/p><\/div>\n<\/p><\/div>\n<\/section>\n","protected":false},"excerpt":{"rendered":"<p>Qu&#039;est-ce qu&#039;une greffe de cheveux ? Dr. Terziler Exclusive Clinic \u00bb Qu&#039;est-ce qu&#039;une greffe de cheveux ? Table des mati\u00e8res Comprendre les greffes de cheveux Une greffe de cheveux est un petit morceau de peau contenant un ou plusieurs follicules pileux qui est pr\u00e9lev\u00e9 sur une zone donneuse (g\u00e9n\u00e9ralement l&#039;arri\u00e8re ou les c\u00f4t\u00e9s de la [&hellip;]<\/p>\n","protected":false},"author":6,"featured_media":0,"parent":0,"menu_order":0,"comment_status":"closed","ping_status":"closed","template":"","meta":{"footnotes":""},"class_list":["post-12607","page","type-page","status-publish","hentry"],"_links":{"self":[{"href":"https:\/\/drterziler.com\/fr\/wp-json\/wp\/v2\/pages\/12607","targetHints":{"allow":["GET"]}}],"collection":[{"href":"https:\/\/drterziler.com\/fr\/wp-json\/wp\/v2\/pages"}],"about":[{"href":"https:\/\/drterziler.com\/fr\/wp-json\/wp\/v2\/types\/page"}],"author":[{"embeddable":true,"href":"https:\/\/drterziler.com\/fr\/wp-json\/wp\/v2\/users\/6"}],"replies":[{"embeddable":true,"href":"https:\/\/drterziler.com\/fr\/wp-json\/wp\/v2\/comments?post=12607"}],"version-history":[{"count":6,"href":"https:\/\/drterziler.com\/fr\/wp-json\/wp\/v2\/pages\/12607\/revisions"}],"predecessor-version":[{"id":58021,"href":"https:\/\/drterziler.com\/fr\/wp-json\/wp\/v2\/pages\/12607\/revisions\/58021"}],"wp:attachment":[{"href":"https:\/\/drterziler.com\/fr\/wp-json\/wp\/v2\/media?parent=12607"}],"curies":[{"name":"wp","href":"https:\/\/api.w.org\/{rel}","templated":true}]}}