{"id":12812,"date":"2024-09-02T10:53:21","date_gmt":"2024-09-02T10:53:21","guid":{"rendered":"https:\/\/drterziler.com\/?page_id=12812"},"modified":"2025-06-23T08:19:33","modified_gmt":"2025-06-23T08:19:33","slug":"5000-greffes","status":"publish","type":"page","link":"https:\/\/drterziler.com\/fr\/greffe-de-cheveux\/5000-greffes\/","title":{"rendered":"Greffe de cheveux en Turquie : 5000 greffons"},"content":{"rendered":"<nav aria-label=\"breadcrumbs\">\n<p>Dr. Terziler<\/p>\n<\/nav>\n<h4>\n\t\t\t\tTable des mati\u00e8res\t\t\t<\/h4>\n<p>\t\t\t\t\t\t\t<svg aria-hidden=\"true\" viewBox=\"0 0 448 512\" xmlns=\"http:\/\/www.w3.org\/2000\/svg\"><path d=\"M207.029 381.476L12.686 187.132c-9.373-9.373-9.373-24.569 0-33.941l22.667-22.667c9.357-9.357 24.522-9.375 33.901-.04L224 284.505l154.745-154.021c9.379-9.335 24.544-9.317 33.901.04l22.667 22.667c9.373 9.373 9.373 24.569 0 33.941L240.971 381.476c-9.373 9.372-24.569 9.372-33.942 0z\"><\/path><\/svg><br \/>\n\t\t\t\t<svg aria-hidden=\"true\" viewBox=\"0 0 448 512\" xmlns=\"http:\/\/www.w3.org\/2000\/svg\"><path d=\"M240.971 130.524l194.343 194.343c9.373 9.373 9.373 24.569 0 33.941l-22.667 22.667c-9.357 9.357-24.522 9.375-33.901.04L224 227.495 69.255 381.516c-9.379 9.335-24.544 9.317-33.901-.04l-22.667-22.667c-9.373-9.373-9.373-24.569 0-33.941L207.03 130.525c9.372-9.373 24.568-9.373 33.941-.001z\"><\/path><\/svg><br \/>\n\t\t\t\t<svg aria-hidden=\"true\" viewBox=\"0 0 1000 1000\" xmlns=\"http:\/\/www.w3.org\/2000\/svg\"><path d=\"M500 975V858C696 858 858 696 858 500S696 142 500 142 142 304 142 500H25C25 237 238 25 500 25S975 237 975 500 763 975 500 975Z\"><\/path><\/svg><br \/>\n\t\t\t\t\t\t\t\t\t\t\t\t\t\t\t\t\t\t\t\t\t\t<img loading=\"lazy\" decoding=\"async\" width=\"1400\" height=\"1080\" src=\"https:\/\/drterziler.com\/wp-content\/uploads\/2024\/09\/5200-graft-hair-transplant-before-after.jpg\" alt=\"\" srcset=\"https:\/\/drterziler.com\/wp-content\/uploads\/2024\/09\/5200-graft-hair-transplant-before-after.jpg 1400w, https:\/\/drterziler.com\/wp-content\/uploads\/2024\/09\/5200-graft-hair-transplant-before-after-300x231.jpg 300w, https:\/\/drterziler.com\/wp-content\/uploads\/2024\/09\/5200-graft-hair-transplant-before-after-1024x790.jpg 1024w, https:\/\/drterziler.com\/wp-content\/uploads\/2024\/09\/5200-graft-hair-transplant-before-after-768x592.jpg 768w\" sizes=\"auto, (max-width: 1400px) 100vw, 1400px\">\t\t\t\t\t\t\t\t\t\t\t\t\t<\/p>\n<h2>Qu&rsquo;est-ce qu&rsquo;une greffe de cheveux ?<\/h2>\n<p>Avant d&rsquo;aborder la proc\u00e9dure de greffe de 5000 cheveux, il est essentiel de comprendre ce qu&rsquo;est une greffe. En transplantation capillaire, un greffon est un petit morceau de peau contenant un \u00e0 quatre follicules pileux. Ces greffons sont pr\u00e9lev\u00e9s dans des zones du cuir chevelu o\u00f9 les cheveux sont denses et sains, g\u00e9n\u00e9ralement \u00e0 l&rsquo;arri\u00e8re et sur les c\u00f4t\u00e9s de la t\u00eate, ce que l&rsquo;on appelle la \u00ab zone donneuse \u00bb.<\/p>\n<h2>La greffe de cheveux \u00e0 5000 greffons<\/h2>\n<p>Une greffe de cheveux de 5 000 greffons est une intervention importante qui peut couvrir une grande zone de perte de cheveux. Ce nombre de greffons convient souvent aux personnes dont la perte de cheveux est \u00e0 un stade avanc\u00e9 ou \u00e0 celles qui souhaitent obtenir une densit\u00e9 consid\u00e9rable dans les r\u00e9sultats de leur greffe.<\/p>\n<h3>Qui est candidat ?<\/h3>\n<p>Les candidats id\u00e9aux pour une greffe de cheveux de 5000 greffons sont g\u00e9n\u00e9ralement les suivants :<\/p>\n<ul>\n<li>Les personnes souffrant d&rsquo;une perte de cheveux ou d&rsquo;une calvitie importante<\/li>\n<li>Les patients ayant suffisamment de cheveux de donneurs pour supporter la greffe<\/li>\n<li>Les personnes qui recherchent une couverture et une densit\u00e9 maximales<\/li>\n<li>Les hommes et les femmes dont la perte de cheveux est stable<\/li>\n<\/ul>\n<p>Il est essentiel de consulter un sp\u00e9cialiste de la greffe de cheveux qualifi\u00e9, comme le Dr Terziler, pour d\u00e9terminer si vous \u00eates un bon candidat pour cette proc\u00e9dure.<\/p>\n<h3>La proc\u00e9dure<\/h3>\n<p>La greffe de 5000 cheveux est g\u00e9n\u00e9ralement r\u00e9alis\u00e9e \u00e0 l&rsquo;aide de techniques avanc\u00e9es telles que l&rsquo;extraction d&rsquo;unit\u00e9s folliculaires (FUE) ou l&rsquo;implantation directe de cheveux (DHI). \u00c0 la clinique du Dr Terziler, la m\u00e9thode robotique DHI est souvent utilis\u00e9e pour sa pr\u00e9cision et ses r\u00e9sultats d&rsquo;apparence naturelle.<\/p>\n<p>La proc\u00e9dure comprend g\u00e9n\u00e9ralement les \u00e9tapes suivantes :<\/p>\n<ol>\n<li>\n<p><strong>Pr\u00e9l\u00e8vement<\/strong>: Des follicules pileux individuels sont extraits de la zone donneuse \u00e0 l&rsquo;aide d&rsquo;outils sp\u00e9cialis\u00e9s.<\/p>\n<\/li>\n<li>\n<p><strong>Pr\u00e9paration<\/strong>: Les greffons extraits sont soigneusement tri\u00e9s et pr\u00e9par\u00e9s pour l&rsquo;implantation.<\/p>\n<\/li>\n<li>\n<p><strong>Implantation<\/strong>: Gr\u00e2ce \u00e0 la technique DHI, chaque greffon est implant\u00e9 directement dans la zone receveuse \u00e0 l&rsquo;aide d&rsquo;un stylo sp\u00e9cial \u00ab choi \u00bb.<\/p>\n<\/li>\n<\/ol>\n<p>L&rsquo;ensemble du processus peut prendre plusieurs heures, souvent r\u00e9parties sur un ou deux jours, en fonction de l&rsquo;approche de la clinique et des besoins du patient.<\/p>\n<h3>Avantages de la greffe 5000<\/h3>\n<ol>\n<li>\n<p><strong>Couverture \u00e9tendue<\/strong>: Avec 5 000 greffons, les patients peuvent obtenir une couverture importante, permettant de traiter de vastes zones de calvitie ou d&rsquo;amincissement.<\/p>\n<\/li>\n<li>\n<p><strong>R\u00e9sultats d&rsquo;apparence naturelle<\/strong>: Lorsque l&rsquo;intervention est r\u00e9alis\u00e9e par des chirurgiens comp\u00e9tents, les r\u00e9sultats peuvent \u00eatre remarquablement naturels, reproduisant le mod\u00e8le de croissance des cheveux d&rsquo;origine.<\/p>\n<\/li>\n<li>\n<p><strong>Solution durable<\/strong>: Les greffes de cheveux constituent une solution permanente \u00e0 la perte de cheveux, et les cheveux transplant\u00e9s durent g\u00e9n\u00e9ralement toute la vie.<\/p>\n<\/li>\n<li>\n<p><strong>Am\u00e9lioration de la confiance en soi<\/strong>: La restauration d&rsquo;une chevelure compl\u00e8te peut am\u00e9liorer consid\u00e9rablement l&rsquo;estime de soi et la confiance en soi.<\/p>\n<\/li>\n<\/ol>\n<h3>R\u00e9tablissement et r\u00e9sultats<\/h3>\n<p>La cicatrisation initiale d&rsquo;une greffe de cheveux \u00e0 5000 greffons prend g\u00e9n\u00e9ralement une \u00e0 deux semaines. Les patients peuvent g\u00e9n\u00e9ralement reprendre le travail au bout de quelques jours, en fonction des exigences de leur poste. Il est important de suivre attentivement les instructions de soins postop\u00e9ratoires pour garantir des r\u00e9sultats optimaux.<\/p>\n<p>Les cheveux transplant\u00e9s passeront par diff\u00e9rentes phases :<\/p>\n<ul>\n<li><strong>Semaines 1 \u00e0 3<\/strong>: Les cheveux transplant\u00e9s peuvent tomber. Cela est normal et fait partie du processus.<\/li>\n<li><strong>Mois 3-6<\/strong>: la nouvelle croissance des cheveux commence.<\/li>\n<li><strong>Mois 6-12<\/strong>: Poursuite de la croissance et augmentation de la densit\u00e9.<\/li>\n<li><strong>12 \u00e0 18 mois<\/strong>: Les r\u00e9sultats d\u00e9finitifs deviennent visibles.<\/li>\n<\/ul>\n<h2>Choisir la bonne clinique<\/h2>\n<p>Lorsque l&rsquo;on envisage une greffe de cheveux \u00e0 5000 greffons, il est essentiel de choisir la bonne clinique. Terziler&rsquo;s Exclusive Hair Clinic en Turquie propose des techniques de pointe, notamment la transplantation capillaire robotis\u00e9e DHI. Son \u00e9quipe exp\u00e9riment\u00e9e garantit des soins personnalis\u00e9s et des r\u00e9sultats optimaux pour chaque patient.<\/p>\n<h2>Conclusion<\/h2>\n<p>Une greffe de cheveux \u00e0 5000 greffons peut changer la vie de ceux qui souffrent d&rsquo;une perte de cheveux importante. Gr\u00e2ce \u00e0 des techniques avanc\u00e9es et \u00e0 des chirurgiens exp\u00e9riment\u00e9s, les patients peuvent obtenir une chevelure dense et naturelle qui leur redonne non seulement l&rsquo;apparence mais aussi la confiance en eux. Comme pour toute proc\u00e9dure m\u00e9dicale, il est essentiel de consulter un sp\u00e9cialiste qualifi\u00e9 pour d\u00e9terminer si cette option vous convient.<\/p>\n<p>\t\t\t\t\t\t\t<a href=\"https:\/\/drterziler.com\/wp-content\/uploads\/2024\/09\/2500-graft-hair-transplant-before-after.jpg\" data-elementor-open-lightbox=\"yes\" data-elementor-lightbox-slideshow=\"5868bf23\" data-elementor-lightbox-title=\"2500-graft-hair-transplant-before-after\" data-e-action-hash=\"#elementor-action%3Aaction%3Dlightbox%26settings%3DeyJpZCI6NzUzMSwidXJsIjoiaHR0cHM6XC9cL2RydGVyemlsZXIuY29tXC93cC1jb250ZW50XC91cGxvYWRzXC8yMDI0XC8wOVwvMjUwMC1ncmFmdC1oYWlyLXRyYW5zcGxhbnQtYmVmb3JlLWFmdGVyLmpwZyIsInNsaWRlc2hvdyI6IjU4NjhiZjIzIn0%3D\"><br \/>\n\t\t<\/a><br \/>\n\t\t\t\t\t\t\t<a href=\"https:\/\/drterziler.com\/wp-content\/uploads\/2024\/09\/3000-graft-hair-transplant-before-after.jpg\" data-elementor-open-lightbox=\"yes\" data-elementor-lightbox-slideshow=\"5868bf23\" data-elementor-lightbox-title=\"3000-graft-hair-transplant-before-after\" data-e-action-hash=\"#elementor-action%3Aaction%3Dlightbox%26settings%3DeyJpZCI6NzUzNywidXJsIjoiaHR0cHM6XC9cL2RydGVyemlsZXIuY29tXC93cC1jb250ZW50XC91cGxvYWRzXC8yMDI0XC8wOVwvMzAwMC1ncmFmdC1oYWlyLXRyYW5zcGxhbnQtYmVmb3JlLWFmdGVyLmpwZyIsInNsaWRlc2hvdyI6IjU4NjhiZjIzIn0%3D\"><br \/>\n\t\t<\/a><br \/>\n\t\t\t\t\t\t\t<a href=\"https:\/\/drterziler.com\/wp-content\/uploads\/2024\/09\/3500-graft-hair-transplant-before-after.jpg\" data-elementor-open-lightbox=\"yes\" data-elementor-lightbox-slideshow=\"5868bf23\" data-elementor-lightbox-title=\"3500-graft-hair-transplant-before-after\" data-e-action-hash=\"#elementor-action%3Aaction%3Dlightbox%26settings%3DeyJpZCI6NzU0MywidXJsIjoiaHR0cHM6XC9cL2RydGVyemlsZXIuY29tXC93cC1jb250ZW50XC91cGxvYWRzXC8yMDI0XC8wOVwvMzUwMC1ncmFmdC1oYWlyLXRyYW5zcGxhbnQtYmVmb3JlLWFmdGVyLmpwZyIsInNsaWRlc2hvdyI6IjU4NjhiZjIzIn0%3D\"><br \/>\n\t\t<\/a><br \/>\n\t\t\t\t\t\t\t<a href=\"https:\/\/drterziler.com\/wp-content\/uploads\/2024\/09\/4000-graft-hair-transplant-before-after.jpg\" data-elementor-open-lightbox=\"yes\" data-elementor-lightbox-slideshow=\"5868bf23\" data-elementor-lightbox-title=\"4000-graft-hair-transplant-before-after\" data-e-action-hash=\"#elementor-action%3Aaction%3Dlightbox%26settings%3DeyJpZCI6NzU0OSwidXJsIjoiaHR0cHM6XC9cL2RydGVyemlsZXIuY29tXC93cC1jb250ZW50XC91cGxvYWRzXC8yMDI0XC8wOVwvNDAwMC1ncmFmdC1oYWlyLXRyYW5zcGxhbnQtYmVmb3JlLWFmdGVyLmpwZyIsInNsaWRlc2hvdyI6IjU4NjhiZjIzIn0%3D\"><br \/>\n\t\t<\/a><br \/>\n\t\t\t\t\t\t\t<a href=\"https:\/\/drterziler.com\/wp-content\/uploads\/2024\/09\/4500-graft-hair-transplant-before-after.jpg\" data-elementor-open-lightbox=\"yes\" data-elementor-lightbox-slideshow=\"5868bf23\" data-elementor-lightbox-title=\"4500-graft-hair-transplant-before-after\" data-e-action-hash=\"#elementor-action%3Aaction%3Dlightbox%26settings%3DeyJpZCI6NzU1NSwidXJsIjoiaHR0cHM6XC9cL2RydGVyemlsZXIuY29tXC93cC1jb250ZW50XC91cGxvYWRzXC8yMDI0XC8wOVwvNDUwMC1ncmFmdC1oYWlyLXRyYW5zcGxhbnQtYmVmb3JlLWFmdGVyLmpwZyIsInNsaWRlc2hvdyI6IjU4NjhiZjIzIn0%3D\"><br \/>\n\t\t<\/a><br \/>\n\t\t\t\t\t\t\t<a href=\"https:\/\/drterziler.com\/wp-content\/uploads\/2024\/09\/5200-graft-hair-transplant-before-after.jpg\" data-elementor-open-lightbox=\"yes\" data-elementor-lightbox-slideshow=\"5868bf23\" data-elementor-lightbox-title=\"5200-graft-hair-transplant-before-after\" data-e-action-hash=\"#elementor-action%3Aaction%3Dlightbox%26settings%3DeyJpZCI6NzU2MSwidXJsIjoiaHR0cHM6XC9cL2RydGVyemlsZXIuY29tXC93cC1jb250ZW50XC91cGxvYWRzXC8yMDI0XC8wOVwvNTIwMC1ncmFmdC1oYWlyLXRyYW5zcGxhbnQtYmVmb3JlLWFmdGVyLmpwZyIsInNsaWRlc2hvdyI6IjU4NjhiZjIzIn0%3D\"><br \/>\n\t\t<\/a><br \/>\n\t\t\t\t\t\t\t<a href=\"https:\/\/drterziler.com\/wp-content\/uploads\/2024\/09\/5300-graft-hair-transplant-before-after.jpg\" data-elementor-open-lightbox=\"yes\" data-elementor-lightbox-slideshow=\"5868bf23\" data-elementor-lightbox-title=\"5300-graft-hair-transplant-before-after\" data-e-action-hash=\"#elementor-action%3Aaction%3Dlightbox%26settings%3DeyJpZCI6NzU2NywidXJsIjoiaHR0cHM6XC9cL2RydGVyemlsZXIuY29tXC93cC1jb250ZW50XC91cGxvYWRzXC8yMDI0XC8wOVwvNTMwMC1ncmFmdC1oYWlyLXRyYW5zcGxhbnQtYmVmb3JlLWFmdGVyLmpwZyIsInNsaWRlc2hvdyI6IjU4NjhiZjIzIn0%3D\"><br \/>\n\t\t<\/a><br \/>\n\t\t\t\t\t\t\t<svg aria-hidden=\"true\" viewBox=\"0 0 1000 1000\" xmlns=\"http:\/\/www.w3.org\/2000\/svg\"><path d=\"M646 125C629 125 613 133 604 142L308 442C296 454 292 471 292 487 292 504 296 521 308 533L604 854C617 867 629 875 646 875 663 875 679 871 692 858 704 846 713 829 713 812 713 796 708 779 692 767L438 487 692 225C700 217 708 204 708 187 708 171 704 154 692 142 675 129 663 125 646 125Z\"><\/path><\/svg><br \/>\n\t\t\t\t\t\t\t<svg aria-hidden=\"true\" viewBox=\"0 0 1000 1000\" xmlns=\"http:\/\/www.w3.org\/2000\/svg\"><path d=\"M696 533C708 521 713 504 713 487 713 471 708 454 696 446L400 146C388 133 375 125 354 125 338 125 325 129 313 142 300 154 292 171 292 187 292 204 296 221 308 233L563 492 304 771C292 783 288 800 288 817 288 833 296 850 308 863 321 871 338 875 354 875 371 875 388 867 400 854L696 533Z\"><\/path><\/svg><\/p>\n","protected":false},"excerpt":{"rendered":"<p>Dr. Terziler Table des mati\u00e8res Qu&rsquo;est-ce qu&rsquo;une greffe de cheveux ? Avant d&rsquo;aborder la proc\u00e9dure de greffe de 5000 cheveux, il est essentiel de comprendre ce qu&rsquo;est une greffe. En transplantation capillaire, un greffon est un petit morceau de peau contenant un \u00e0 quatre follicules pileux. Ces greffons sont pr\u00e9lev\u00e9s dans des zones du cuir [&hellip;]<\/p>\n","protected":false},"author":6,"featured_media":0,"parent":2688,"menu_order":0,"comment_status":"closed","ping_status":"closed","template":"","meta":{"footnotes":""},"class_list":["post-12812","page","type-page","status-publish","hentry"],"_links":{"self":[{"href":"https:\/\/drterziler.com\/fr\/wp-json\/wp\/v2\/pages\/12812","targetHints":{"allow":["GET"]}}],"collection":[{"href":"https:\/\/drterziler.com\/fr\/wp-json\/wp\/v2\/pages"}],"about":[{"href":"https:\/\/drterziler.com\/fr\/wp-json\/wp\/v2\/types\/page"}],"author":[{"embeddable":true,"href":"https:\/\/drterziler.com\/fr\/wp-json\/wp\/v2\/users\/6"}],"replies":[{"embeddable":true,"href":"https:\/\/drterziler.com\/fr\/wp-json\/wp\/v2\/comments?post=12812"}],"version-history":[{"count":8,"href":"https:\/\/drterziler.com\/fr\/wp-json\/wp\/v2\/pages\/12812\/revisions"}],"predecessor-version":[{"id":44993,"href":"https:\/\/drterziler.com\/fr\/wp-json\/wp\/v2\/pages\/12812\/revisions\/44993"}],"up":[{"embeddable":true,"href":"https:\/\/drterziler.com\/fr\/wp-json\/wp\/v2\/pages\/2688"}],"wp:attachment":[{"href":"https:\/\/drterziler.com\/fr\/wp-json\/wp\/v2\/media?parent=12812"}],"curies":[{"name":"wp","href":"https:\/\/api.w.org\/{rel}","templated":true}]}}