{"id":12816,"date":"2024-09-25T07:50:00","date_gmt":"2024-09-25T07:50:00","guid":{"rendered":"https:\/\/drterziler.com\/?page_id=12816"},"modified":"2026-02-28T16:40:04","modified_gmt":"2026-02-28T16:40:04","slug":"couleur-des-cheveux","status":"publish","type":"page","link":"https:\/\/drterziler.com\/fr\/perte-de-cheveux\/couleur-des-cheveux\/","title":{"rendered":"La couleur des cheveux affecte-t-elle la chute des cheveux ?"},"content":{"rendered":"<div class=\"page-content\">\n<div id=\"header-area\">\n<div class=\"container\" id=\"firstContent\">\n<div class=\"header-content d-flex flex-column\">\n<h1 class=\"content-title h1-header\">La couleur des cheveux affecte-t-elle la chute des cheveux ?<\/h1>\n<div class=\"content-paragraph\">\n<p class=\"p-text\">\n<\/p><\/div>\n<nav aria-label=\"breadcrumb\" class=\"breadcrumbs\">\n<ul class=\"d-flex align-items-center mb-0\">\n<li><a class=\"link\" href=\"https:\/\/drterziler.com\/fr\/\"><span>Dr. Terziler Exclusive Clinic<\/span><\/a><\/li>\n<li class=\"separator\">\u00bb<\/li>\n<li><a class=\"link\" href=\"https:\/\/drterziler.com\/fr\/perte-de-cheveux\/\"><span>Perte de cheveux<\/span><\/a><\/li>\n<li class=\"separator\">\u00bb<\/li>\n<li class=\"current-page\"><span>La couleur des cheveux affecte-t-elle la chute des cheveux ?<\/span><\/li>\n<\/ul>\n<\/nav><\/div>\n<\/p><\/div>\n<\/p><\/div>\n<\/div>\n<section id=\"content-area\">\n<div class=\"container my-5\">\n<div class=\"row align-items-start\">\n<div class=\"col-md-6 order-2 order-md-1\">\n<div class=\"custom-toc-box\">\n<div id=\"toc-header\">\n<h4>Table des mati\u00e8res<\/h4>\n<div class=\"toc-toggle-icon\"><\/div>\n<\/p><\/div>\n<div class=\"toc-full-divider\"><\/div>\n<div id=\"toc-body\">\n<div id=\"toc-container\"><\/div>\n<\/p><\/div>\n<\/p><\/div>\n<\/p><\/div>\n<div class=\"col-md-6 order-1 order-md-2\" id=\"jForm\">\n                <script type=\"text\/javascript\" src=\"https:\/\/form.jotform.com\/jsform\/242882407646969\"><\/script>\n            <\/div>\n<\/p><\/div>\n<\/p><\/div>\n<div class=\"container\">\n<div class=\"img-thumb\">\n            <img loading=\"lazy\" decoding=\"async\" width=\"886\" height=\"517\" src=\"https:\/\/drterziler.com\/wp-content\/uploads\/2024\/09\/hair-color-affect-hair-loss.png\" alt=\"\" srcset=\"https:\/\/drterziler.com\/wp-content\/uploads\/2024\/09\/hair-color-affect-hair-loss.png 886w, https:\/\/drterziler.com\/wp-content\/uploads\/2024\/09\/hair-color-affect-hair-loss-300x175.png 300w, https:\/\/drterziler.com\/wp-content\/uploads\/2024\/09\/hair-color-affect-hair-loss-768x448.png 768w\" sizes=\"auto, (max-width: 886px) 100vw, 886px\">\n        <\/div>\n<div>\n<div>\n<h2 class=\"h2-header\">Questions sur la couleur des cheveux<\/h2>\n<\/p><\/div>\n<div>\n<p class=\"p-text\">La coloration des cheveux provoque-t-elle la chute des cheveux ? La coloration des cheveux n&amp;#8217;est pas directement responsable de leur chute. Toutefois, les produits chimiques contenus dans les colorants capillaires peuvent affaiblir les cheveux et les rendre plus vuln\u00e9rables aux dommages et aux cassures, ce qui peut contribuer \u00e0 la perte de cheveux au fil du temps. Certaines teintures sont-elles plus nocives que d&#039;autres ? Oui, les teintures permanentes contiennent souvent des produits chimiques plus puissants que les teintures semi-permanentes ou temporaires. L&amp;#8217;utilisation fr\u00e9quente de teintures permanentes peut entra\u00eener des dommages plus importants \u00e0 la structure du cheveu. Comment puis-je minimiser les dommages caus\u00e9s par la coloration des cheveux ? Pour minimiser les dommages, limitez la fr\u00e9quence des colorations, utilisez des produits de haute qualit\u00e9 et int\u00e9grez des traitements revitalisants dans votre routine de soins capillaires. \u00c9viter le coiffage \u00e0 la chaleur excessive peut \u00e9galement contribuer \u00e0 pr\u00e9server la sant\u00e9 des cheveux Les colorants capillaires peuvent-ils provoquer une irritation du cuir chevelu ou une chute des cheveux ? La teinture pour cheveux peut provoquer une irritation du cuir chevelu chez certaines personnes, ce qui peut entra\u00eener une perte de cheveux si l&amp;#8217;irritation est grave. Il est important d&amp;#8217;effectuer un test \u00e9picutan\u00e9 avant d&amp;#8217;appliquer la teinture afin de s&amp;#8217;assurer que vous n&amp;#8217;avez pas de r\u00e9action allergique. \u00c0 quelle fr\u00e9quence dois-je revitaliser mes cheveux si je les teins r\u00e9guli\u00e8rement ? Si vous teignez r\u00e9guli\u00e8rement vos cheveux, il est pr\u00e9f\u00e9rable de les revitaliser fr\u00e9quemment, au moins une fois par semaine, afin de les r\u00e9hydrater et de les renforcer. L&amp;#8217;utilisation de traitements revitalisants en profondeur peut aider \u00e0 contrer les effets de la coloration Est-il possible d&#039;inverser les dommages caus\u00e9s aux cheveux par la coloration ? Bien qu&amp;#8217;il soit impossible d&amp;#8217;inverser compl\u00e8tement les dommages subis par les cheveux, il est possible d&amp;#8217;en am\u00e9liorer l&amp;#8217;\u00e9tat gr\u00e2ce \u00e0 des soins appropri\u00e9s. L&amp;#8217;utilisation de traitements revitalisants, l&amp;#8217;absence de coiffage \u00e0 la chaleur et une alimentation saine peuvent contribuer \u00e0 restaurer l&amp;#8217;hydratation et la force des cheveux La coloration des cheveux n&#039;est pas directement responsable de leur chute. Toutefois, les produits chimiques contenus dans les colorants capillaires peuvent affaiblir les cheveux et les rendre plus vuln\u00e9rables aux dommages et aux cassures, ce qui peut contribuer \u00e0 la perte de cheveux au fil du temps. Oui, les teintures permanentes contiennent souvent des produits chimiques plus puissants que les teintures semi-permanentes ou temporaires. L&#039;utilisation fr\u00e9quente de teintures permanentes peut entra\u00eener des dommages plus importants \u00e0 la structure du cheveu. Pour minimiser les dommages, limitez la fr\u00e9quence des colorations, utilisez des produits de haute qualit\u00e9 et int\u00e9grez des traitements revitalisants dans votre routine de soins capillaires. \u00c9viter le coiffage \u00e0 la chaleur excessive peut \u00e9galement contribuer \u00e0 pr\u00e9server la sant\u00e9 des cheveux La teinture pour cheveux peut provoquer une irritation du cuir chevelu chez certaines personnes, ce qui peut entra\u00eener une perte de cheveux si l&#039;irritation est grave. Il est important d&#039;effectuer un test \u00e9picutan\u00e9 avant d&#039;appliquer la teinture afin de s&#039;assurer que vous n&#039;avez pas de r\u00e9action allergique. Si vous teignez r\u00e9guli\u00e8rement vos cheveux, il est pr\u00e9f\u00e9rable de les revitaliser fr\u00e9quemment, au moins une fois par semaine, afin de les r\u00e9hydrater et de les renforcer. L&#039;utilisation de traitements revitalisants en profondeur peut aider \u00e0 contrer les effets de la coloration Bien qu&#039;il soit impossible d&#039;inverser compl\u00e8tement les dommages subis par les cheveux, il est possible d&#039;en am\u00e9liorer l&#039;\u00e9tat gr\u00e2ce \u00e0 des soins appropri\u00e9s. L&#039;utilisation de traitements revitalisants, l&#039;absence de coiffage \u00e0 la chaleur et une alimentation saine peuvent contribuer \u00e0 restaurer l&#039;hydratation et la force des cheveux<\/p>\n<\/p><\/div>\n<\/p><\/div>\n<\/p><\/div>\n<\/section>\n","protected":false},"excerpt":{"rendered":"<p>La couleur des cheveux affecte-t-elle la chute des cheveux ? Dr. Terziler Exclusive Clinic \u00bb Perte de cheveux \u00bb La couleur des cheveux affecte-t-elle la chute des cheveux ? Table des mati\u00e8res Questions sur la couleur des cheveux La coloration des cheveux provoque-t-elle la chute des cheveux ? La coloration des cheveux n&amp;#8217;est pas directement [&hellip;]<\/p>\n","protected":false},"author":6,"featured_media":0,"parent":12912,"menu_order":0,"comment_status":"closed","ping_status":"closed","template":"","meta":{"footnotes":""},"class_list":["post-12816","page","type-page","status-publish","hentry"],"_links":{"self":[{"href":"https:\/\/drterziler.com\/fr\/wp-json\/wp\/v2\/pages\/12816","targetHints":{"allow":["GET"]}}],"collection":[{"href":"https:\/\/drterziler.com\/fr\/wp-json\/wp\/v2\/pages"}],"about":[{"href":"https:\/\/drterziler.com\/fr\/wp-json\/wp\/v2\/types\/page"}],"author":[{"embeddable":true,"href":"https:\/\/drterziler.com\/fr\/wp-json\/wp\/v2\/users\/6"}],"replies":[{"embeddable":true,"href":"https:\/\/drterziler.com\/fr\/wp-json\/wp\/v2\/comments?post=12816"}],"version-history":[{"count":6,"href":"https:\/\/drterziler.com\/fr\/wp-json\/wp\/v2\/pages\/12816\/revisions"}],"predecessor-version":[{"id":58038,"href":"https:\/\/drterziler.com\/fr\/wp-json\/wp\/v2\/pages\/12816\/revisions\/58038"}],"up":[{"embeddable":true,"href":"https:\/\/drterziler.com\/fr\/wp-json\/wp\/v2\/pages\/12912"}],"wp:attachment":[{"href":"https:\/\/drterziler.com\/fr\/wp-json\/wp\/v2\/media?parent=12816"}],"curies":[{"name":"wp","href":"https:\/\/api.w.org\/{rel}","templated":true}]}}