{"id":12900,"date":"2024-09-02T14:26:22","date_gmt":"2024-09-02T14:26:22","guid":{"rendered":"https:\/\/drterziler.com\/?page_id=12900"},"modified":"2025-06-26T08:14:59","modified_gmt":"2025-06-26T08:14:59","slug":"finasteride","status":"publish","type":"page","link":"https:\/\/drterziler.com\/fr\/perte-de-cheveux\/finasteride\/","title":{"rendered":"Finasteride : Comment le Finasteride traite-t-il la chute des cheveux ?"},"content":{"rendered":"<nav aria-label=\"breadcrumbs\">Dr. Terziler<\/p>\n<\/nav>\n<h4>Table des mati\u00e8res<\/h4>\n<p><img loading=\"lazy\" decoding=\"async\" src=\"https:\/\/drterziler.com\/wp-content\/uploads\/2024\/11\/finasteride-hair-loss.png\" sizes=\"auto, (max-width: 882px) 100vw, 882px\" srcset=\"https:\/\/drterziler.com\/wp-content\/uploads\/2024\/11\/finasteride-hair-loss.png 882w, https:\/\/drterziler.com\/wp-content\/uploads\/2024\/11\/finasteride-hair-loss-300x189.png 300w, https:\/\/drterziler.com\/wp-content\/uploads\/2024\/11\/finasteride-hair-loss-768x485.png 768w\" alt=\"\" width=\"882\" height=\"557\"><\/p>\n<h1>Finasteride : Comment le Finasteride traite-t-il la chute des cheveux ? &#8211; Dr. Terziler<\/h1>\n<p>La perte de cheveux peut \u00eatre une exp\u00e9rience p\u00e9nible pour de nombreuses personnes, car elle affecte leur estime de soi et leur confiance. Terziler Exclusive Hair Clinic, nous comprenons l&rsquo;impact de la perte de cheveux et proposons diverses options de traitement, dont le Finasteride. Dans cet article, nous verrons comment le finast\u00e9ride agit pour traiter la perte de cheveux, ses avantages, son utilisation correcte et ses effets secondaires potentiels.<\/p>\n<h2>Qu&rsquo;est-ce que le finast\u00e9ride ?<\/h2>\n<p>Le finast\u00e9ride est un m\u00e9dicament approuv\u00e9 par la FDA, principalement utilis\u00e9 pour traiter la calvitie masculine (alop\u00e9cie androg\u00e9n\u00e9tique). Il s&rsquo;agit d&rsquo;un m\u00e9dicament d\u00e9livr\u00e9 sur ordonnance qui se pr\u00e9sente sous forme de pilule et se prend par voie orale.<\/p>\n<h2>Comment le finast\u00e9ride traite-t-il la chute des cheveux ?<\/h2>\n<p>Le finast\u00e9ride agit en inhibant l&rsquo;enzyme 5-alpha r\u00e9ductase, qui est responsable de la conversion de la testost\u00e9rone en dihydrotestost\u00e9rone (DHT). La DHT est l&rsquo;hormone principalement responsable de la calvitie masculine. En r\u00e9duisant le taux de DHT dans le cuir chevelu, le finast\u00e9ride contribue \u00e0<\/p>\n<ol>\n<li>ralentir la chute des cheveux<\/li>\n<li>Favoriser la repousse des cheveux<\/li>\n<li>Augmenter l&rsquo;\u00e9paisseur et la densit\u00e9 des cheveux<\/li>\n<\/ol>\n<h2>Avantages du finast\u00e9ride<\/h2>\n<ul>\n<li>Efficacit\u00e9 cliniquement prouv\u00e9e dans le traitement de la calvitie masculine<\/li>\n<li>Peut pr\u00e9venir une nouvelle chute de cheveux chez environ 90 % des hommes<\/li>\n<li>Favorise la repousse des cheveux chez environ 65 % des hommes.<\/li>\n<li>Facile \u00e0 utiliser (un comprim\u00e9 par jour)<\/li>\n<li>Option de traitement non invasif<\/li>\n<\/ul>\n<h2>Utilisation correcte du finast\u00e9ride<\/h2>\n<ul>\n<li>G\u00e9n\u00e9ralement prescrit \u00e0 la dose de 1 mg par jour<\/li>\n<li>Doit \u00eatre pris r\u00e9guli\u00e8rement pour obtenir les meilleurs r\u00e9sultats<\/li>\n<li>Les r\u00e9sultats peuvent \u00eatre visibles apr\u00e8s 3 \u00e0 6 mois d&rsquo;utilisation r\u00e9guli\u00e8re.<\/li>\n<li>Une utilisation continue est n\u00e9cessaire pour maintenir les r\u00e9sultats.<\/li>\n<\/ul>\n<h2>Effets secondaires potentiels<\/h2>\n<p>Bien que le finast\u00e9ride soit g\u00e9n\u00e9ralement bien tol\u00e9r\u00e9, certains hommes peuvent pr\u00e9senter des effets secondaires. Il est important de discuter de ces effets secondaires potentiels avec le Dr Terziler avant de commencer le traitement :<\/p>\n<ul>\n<li>Baisse de la libido<\/li>\n<li>Dysfonctionnement \u00e9rectile<\/li>\n<li>Diminution du volume de l&rsquo;\u00e9jaculat<\/li>\n<li>Sensibilit\u00e9 ou augmentation de la taille des seins<\/li>\n<li>D\u00e9pression (dans de rares cas)<\/li>\n<\/ul>\n<p>Il convient de noter que ces effets secondaires sont g\u00e9n\u00e9ralement l\u00e9gers et n&rsquo;affectent qu&rsquo;un faible pourcentage d&rsquo;utilisateurs. La plupart des effets secondaires disparaissent \u00e0 l&rsquo;arr\u00eat du traitement.<\/p>\n<h2>Le finast\u00e9ride vous convient-il ?<\/h2>\n<p>Pour d\u00e9terminer si le finast\u00e9ride est le bon traitement pour votre perte de cheveux, il faut tenir compte de divers facteurs, notamment<\/p>\n<ul>\n<li>L&rsquo;ampleur et le sch\u00e9ma de votre perte de cheveux<\/li>\n<li>Votre \u00e9tat de sant\u00e9 g\u00e9n\u00e9ral<\/li>\n<li>votre \u00e2ge<\/li>\n<li>Vos objectifs de traitement<\/li>\n<\/ul>\n<p>Terziler Exclusive Hair Clinic, nous proposons des consultations personnalis\u00e9es afin d&rsquo;\u00e9valuer vos besoins individuels et de vous recommander le plan de traitement le plus appropri\u00e9.<\/p>\n<h2>Combinaison du finast\u00e9ride avec d&rsquo;autres traitements<\/h2>\n<p>Pour des r\u00e9sultats optimaux, le Finasteride peut \u00eatre associ\u00e9 \u00e0 d&rsquo;autres traitements contre la chute des cheveux, tels que :<\/p>\n<ul>\n<li>Minoxidil (solution topique)<\/li>\n<li>Th\u00e9rapie au laser de faible intensit\u00e9<\/li>\n<li>la greffe de cheveux.<\/li>\n<\/ul>\n<p>Le Dr Terziler peut vous conseiller sur la meilleure combinaison de traitements pour r\u00e9pondre \u00e0 vos probl\u00e8mes sp\u00e9cifiques de perte de cheveux.<\/p>\n<h2>Conclusion<\/h2>\n<p>Le finast\u00e9ride est un outil puissant dans la lutte contre la calvitie masculine. En comprenant son fonctionnement, ses avantages et ses risques potentiels, vous pourrez d\u00e9cider en toute connaissance de cause s&rsquo;il s&rsquo;agit du bon choix pour vous. Chez Dr. Terziler Exclusive Hair Clinic, nous nous engageons \u00e0 vous fournir les traitements contre la perte de cheveux les plus avanc\u00e9s et les plus efficaces qui soient.<\/p>\n<p>Si vous envisagez d&rsquo;utiliser le Finasteride ou tout autre traitement contre la chute des cheveux, nous vous encourageons \u00e0 prendre rendez-vous avec le Dr Terziler. Notre \u00e9quipe exp\u00e9riment\u00e9e travaillera avec vous pour \u00e9laborer un plan de traitement personnalis\u00e9 adapt\u00e9 \u00e0 vos besoins et objectifs uniques.<\/p>\n<p>N&rsquo;oubliez pas qu&rsquo;une intervention pr\u00e9coce est essentielle pour g\u00e9rer la perte de cheveux. N&rsquo;attendez pas pour agir &#8211; contactez Dr. Terziler Exclusive Hair Clinic d\u00e8s aujourd&rsquo;hui et faites le premier pas vers la restauration de vos cheveux et de votre confiance.<\/p>\n<details id=\"e-n-accordion-item-1710\" open=\"\">\n<summary tabindex=\"0\" data-accordion-index=\"1\" aria-expanded=\"true\" aria-controls=\"e-n-accordion-item-1710\">Qu&rsquo;est-ce que le finast\u00e9ride et comment traite-t-il la chute des cheveux ?<\/p>\n<\/summary>\n<p>Le finast\u00e9ride est un m\u00e9dicament oral qui traite la chute des cheveux en inhibant l\u2019enzyme 5-alpha-r\u00e9ductase. Cette enzyme transforme la testost\u00e9rone en dihydrotestost\u00e9rone (DHT), une hormone qui r\u00e9tr\u00e9cit les follicules pileux et entra\u00eene la chute des cheveux. En abaissant le taux de DHT, le finast\u00e9ride contribue \u00e0 ralentir la chute des cheveux et \u00e0 favoriser leur repousse.<\/p>\n<\/details>\n<details id=\"e-n-accordion-item-1711\">\n<summary tabindex=\"-1\" data-accordion-index=\"2\" aria-expanded=\"false\" aria-controls=\"e-n-accordion-item-1711\">Qui peut utiliser le finast\u00e9ride contre la chute des cheveux ?<\/p>\n<\/summary>\n<p>Le finast\u00e9ride est g\u00e9n\u00e9ralement prescrit aux hommes souffrant d\u2019alop\u00e9cie androg\u00e9n\u00e9tique (calvitie masculine). Son utilisation n\u2019est pas approuv\u00e9e pour les femmes, en particulier celles qui sont enceintes ou qui pr\u00e9voient de concevoir un enfant, car il peut provoquer des malformations cong\u00e9nitales.<\/p>\n<\/details>\n<details id=\"e-n-accordion-item-1712\">\n<summary tabindex=\"-1\" data-accordion-index=\"3\" aria-expanded=\"false\" aria-controls=\"e-n-accordion-item-1712\">Quelle est l&rsquo;efficacit\u00e9 du finast\u00e9ride pour la repousse des cheveux ?<\/p>\n<\/summary>\n<p>Des \u00e9tudes montrent que le finast\u00e9ride peut ralentir ou arr\u00eater la chute des cheveux chez environ 90 % des hommes et favoriser la repousse chez 65 % des utilisateurs. Les r\u00e9sultats varient et une utilisation r\u00e9guli\u00e8re est n\u00e9cessaire pour maintenir ses avantages.<\/p>\n<\/details>\n<details id=\"e-n-accordion-item-1713\">\n<summary tabindex=\"-1\" data-accordion-index=\"4\" aria-expanded=\"false\" aria-controls=\"e-n-accordion-item-1713\">Combien de temps faut-il pour obtenir des r\u00e9sultats avec le finast\u00e9ride ?<\/p>\n<\/summary>\n<p>La plupart des utilisateurs commencent \u00e0 remarquer une r\u00e9duction de la perte de cheveux au bout de 3 \u00e0 6 mois. Une repousse significative peut prendre de 6 \u00e0 12 mois. Une utilisation quotidienne constante est essentielle pour obtenir des r\u00e9sultats optimaux.<\/p>\n<\/details>\n<details id=\"e-n-accordion-item-1714\">\n<summary tabindex=\"-1\" data-accordion-index=\"5\" aria-expanded=\"false\" aria-controls=\"e-n-accordion-item-1714\">Que se passe-t-il si j&rsquo;arr\u00eate de prendre le finast\u00e9ride ?<\/p>\n<\/summary>\n<p>Si vous arr\u00eatez de prendre le finast\u00e9ride, les niveaux de DHT augmenteront \u00e0 nouveau et la perte de cheveux pourra reprendre. Les cheveux qui ont repouss\u00e9 pendant l\u2019utilisation du m\u00e9dicament peuvent \u00eatre perdus dans les 6 \u00e0 12 mois suivant l\u2019arr\u00eat du traitement.<\/p>\n<\/details>\n<details id=\"e-n-accordion-item-1715\">\n<summary tabindex=\"-1\" data-accordion-index=\"6\" aria-expanded=\"false\" aria-controls=\"e-n-accordion-item-1715\">Y a-t-il des effets secondaires \u00e0 la prise de finast\u00e9ride ?<\/p>\n<\/summary>\n<p>Certains utilisateurs peuvent ressentir des effets secondaires, notamment une baisse de la libido, des troubles de l\u2019\u00e9rection ou une sensibilit\u00e9 des seins. Ces effets sont peu fr\u00e9quents et souvent r\u00e9versibles apr\u00e8s l\u2019arr\u00eat du m\u00e9dicament.<\/p>\n<\/details>\n<details id=\"e-n-accordion-item-1716\">\n<summary tabindex=\"-1\" data-accordion-index=\"7\" aria-expanded=\"false\" aria-controls=\"e-n-accordion-item-1716\">Le finast\u00e9ride peut-il \u00eatre utilis\u00e9 avec d&rsquo;autres traitements contre la chute des cheveux ?<\/p>\n<\/summary>\n<p>Oui, le finast\u00e9ride peut \u00eatre associ\u00e9 \u00e0 d\u2019autres traitements tels que le minoxidil ou la th\u00e9rapie au laser \u00e0 faible niveau pour obtenir de meilleurs r\u00e9sultats. Consultez votre m\u00e9decin avant de combiner des traitements afin d\u2019en garantir la s\u00e9curit\u00e9.<\/p>\n<\/details>\n<details id=\"e-n-accordion-item-1717\">\n<summary tabindex=\"-1\" data-accordion-index=\"8\" aria-expanded=\"false\" aria-controls=\"e-n-accordion-item-1717\">Ai-je besoin d&rsquo;une ordonnance pour prendre du finast\u00e9ride ?<\/p>\n<\/summary>\n<p>Oui, le finast\u00e9ride est un m\u00e9dicament d\u00e9livr\u00e9 sur ordonnance. Un professionnel de la sant\u00e9 \u00e9valuera votre aptitude au traitement et surveillera tout effet secondaire potentiel.<\/p>\n<\/details>\n<details id=\"e-n-accordion-item-1718\">\n<summary tabindex=\"-1\" data-accordion-index=\"9\" aria-expanded=\"false\" aria-controls=\"e-n-accordion-item-1718\">Le finast\u00e9ride peut-il pr\u00e9venir compl\u00e8tement la chute des cheveux ?<\/p>\n<\/summary>\n<p>Le finast\u00e9ride ralentit ou arr\u00eate efficacement la chute des cheveux chez la plupart des hommes, mais il ne peut pas emp\u00eacher compl\u00e8tement la chute des cheveux dans tous les cas. Une pr\u00e9disposition g\u00e9n\u00e9tique et d\u2019autres facteurs peuvent encore contribuer \u00e0 l\u2019amincissement progressif des cheveux au fil du temps.<\/p>\n<\/details>\n<p>Le finast\u00e9ride est un m\u00e9dicament oral qui traite la chute des cheveux en inhibant l&rsquo;enzyme 5-alpha-r\u00e9ductase. Cette enzyme transforme la testost\u00e9rone en dihydrotestost\u00e9rone (DHT), une hormone qui r\u00e9tr\u00e9cit les follicules pileux et entra\u00eene la chute des cheveux. En abaissant le taux de DHT, le finast\u00e9ride contribue \u00e0 ralentir la chute des cheveux et \u00e0 favoriser leur repousse.<\/p>\n<p>Le finast\u00e9ride est g\u00e9n\u00e9ralement prescrit aux hommes souffrant d&rsquo;alop\u00e9cie androg\u00e9n\u00e9tique (calvitie masculine). Son utilisation n&rsquo;est pas approuv\u00e9e pour les femmes, en particulier celles qui sont enceintes ou qui pr\u00e9voient de concevoir un enfant, car il peut provoquer des malformations cong\u00e9nitales.<\/p>\n<p>Des \u00e9tudes montrent que le finast\u00e9ride peut ralentir ou arr\u00eater la chute des cheveux chez environ 90 % des hommes et favoriser la repousse chez 65 % des utilisateurs. Les r\u00e9sultats varient et une utilisation r\u00e9guli\u00e8re est n\u00e9cessaire pour maintenir ses avantages.<\/p>\n<p>La plupart des utilisateurs commencent \u00e0 remarquer une r\u00e9duction de la perte de cheveux au bout de 3 \u00e0 6 mois. Une repousse significative peut prendre de 6 \u00e0 12 mois. Une utilisation quotidienne constante est essentielle pour obtenir des r\u00e9sultats optimaux.<\/p>\n<p>Si vous arr\u00eatez de prendre le finast\u00e9ride, les niveaux de DHT augmenteront \u00e0 nouveau et la perte de cheveux pourra reprendre. Les cheveux qui ont repouss\u00e9 pendant l&rsquo;utilisation du m\u00e9dicament peuvent \u00eatre perdus dans les 6 \u00e0 12 mois suivant l&rsquo;arr\u00eat du traitement.<\/p>\n<p>Certains utilisateurs peuvent ressentir des effets secondaires, notamment une baisse de la libido, des troubles de l&rsquo;\u00e9rection ou une sensibilit\u00e9 des seins. Ces effets sont peu fr\u00e9quents et souvent r\u00e9versibles apr\u00e8s l&rsquo;arr\u00eat du m\u00e9dicament.<\/p>\n<p>Oui, le finast\u00e9ride peut \u00eatre associ\u00e9 \u00e0 d&rsquo;autres traitements tels que le minoxidil ou la th\u00e9rapie au laser \u00e0 faible niveau pour obtenir de meilleurs r\u00e9sultats. Consultez votre m\u00e9decin avant de combiner des traitements afin d&rsquo;en garantir la s\u00e9curit\u00e9.<\/p>\n<p>Oui, le finast\u00e9ride est un m\u00e9dicament d\u00e9livr\u00e9 sur ordonnance. Un professionnel de la sant\u00e9 \u00e9valuera votre aptitude au traitement et surveillera tout effet secondaire potentiel.<\/p>\n<p>Le finast\u00e9ride ralentit ou arr\u00eate efficacement la chute des cheveux chez la plupart des hommes, mais il ne peut pas emp\u00eacher compl\u00e8tement la chute des cheveux dans tous les cas. Une pr\u00e9disposition g\u00e9n\u00e9tique et d&rsquo;autres facteurs peuvent encore contribuer \u00e0 l&rsquo;amincissement progressif des cheveux au fil du temps.<\/p>\n","protected":false},"excerpt":{"rendered":"<p>Dr. Terziler Table des mati\u00e8res Finasteride : Comment le Finasteride traite-t-il la chute des cheveux ? &#8211; Dr. Terziler La perte de cheveux peut \u00eatre une exp\u00e9rience p\u00e9nible pour de nombreuses personnes, car elle affecte leur estime de soi et leur confiance. Terziler Exclusive Hair Clinic, nous comprenons l&rsquo;impact de la perte de cheveux et [&hellip;]<\/p>\n","protected":false},"author":6,"featured_media":0,"parent":12912,"menu_order":0,"comment_status":"closed","ping_status":"closed","template":"","meta":{"footnotes":""},"class_list":["post-12900","page","type-page","status-publish","hentry"],"_links":{"self":[{"href":"https:\/\/drterziler.com\/fr\/wp-json\/wp\/v2\/pages\/12900","targetHints":{"allow":["GET"]}}],"collection":[{"href":"https:\/\/drterziler.com\/fr\/wp-json\/wp\/v2\/pages"}],"about":[{"href":"https:\/\/drterziler.com\/fr\/wp-json\/wp\/v2\/types\/page"}],"author":[{"embeddable":true,"href":"https:\/\/drterziler.com\/fr\/wp-json\/wp\/v2\/users\/6"}],"replies":[{"embeddable":true,"href":"https:\/\/drterziler.com\/fr\/wp-json\/wp\/v2\/comments?post=12900"}],"version-history":[{"count":8,"href":"https:\/\/drterziler.com\/fr\/wp-json\/wp\/v2\/pages\/12900\/revisions"}],"predecessor-version":[{"id":45389,"href":"https:\/\/drterziler.com\/fr\/wp-json\/wp\/v2\/pages\/12900\/revisions\/45389"}],"up":[{"embeddable":true,"href":"https:\/\/drterziler.com\/fr\/wp-json\/wp\/v2\/pages\/12912"}],"wp:attachment":[{"href":"https:\/\/drterziler.com\/fr\/wp-json\/wp\/v2\/media?parent=12900"}],"curies":[{"name":"wp","href":"https:\/\/api.w.org\/{rel}","templated":true}]}}