{"id":12906,"date":"2024-09-02T13:01:04","date_gmt":"2024-09-02T13:01:04","guid":{"rendered":"https:\/\/drterziler.com\/?page_id=12906"},"modified":"2024-11-20T14:21:26","modified_gmt":"2024-11-20T14:21:26","slug":"minoxidil","status":"publish","type":"page","link":"https:\/\/drterziler.com\/fr\/perte-de-cheveux\/minoxidil\/","title":{"rendered":"Minoxidil : Comment le Minoxidil traite-t-il la chute des cheveux ?"},"content":{"rendered":"<nav aria-label=\"breadcrumbs\">\n<p>Dr. Terziler<\/p>\n<\/nav>\n<h5>\n\t\t\t\tTable des mati\u00e8res\t\t\t<\/h5>\n<p>\t\t\t\t<svg aria-hidden=\"true\" viewBox=\"0 0 1000 1000\" xmlns=\"http:\/\/www.w3.org\/2000\/svg\"><path d=\"M500 975V858C696 858 858 696 858 500S696 142 500 142 142 304 142 500H25C25 237 238 25 500 25S975 237 975 500 763 975 500 975Z\"><\/path><\/svg><br \/>\n\t\t\t\t\t\t\t\t\t\t\t\t\t<img loading=\"lazy\" decoding=\"async\" width=\"885\" height=\"564\" src=\"https:\/\/drterziler.com\/wp-content\/uploads\/2024\/11\/minoxidile-hair-loss.png\" alt=\"\" srcset=\"https:\/\/drterziler.com\/wp-content\/uploads\/2024\/11\/minoxidile-hair-loss.png 885w, https:\/\/drterziler.com\/wp-content\/uploads\/2024\/11\/minoxidile-hair-loss-300x191.png 300w, https:\/\/drterziler.com\/wp-content\/uploads\/2024\/11\/minoxidile-hair-loss-768x489.png 768w\" sizes=\"auto, (max-width: 885px) 100vw, 885px\">\t\t\t\t\t\t\t\t\t\t\t\t\t<\/p>\n<h1>Minoxidil : Comment il traite la chute des cheveux<\/h1>\n<p>Le minoxidil est un m\u00e9dicament populaire et largement utilis\u00e9 pour traiter la chute des cheveux, en particulier la calvitie masculine et f\u00e9minine. Cet article explique le fonctionnement du Minoxidil, ses avantages, son utilisation correcte et ses effets secondaires potentiels.<\/p>\n<h2>Qu&rsquo;est-ce que le Minoxidil ?<\/h2>\n<p>\u00c0 l&rsquo;origine, le Minoxidil a \u00e9t\u00e9 d\u00e9velopp\u00e9 comme m\u00e9dicament oral pour traiter l&rsquo;hypertension art\u00e9rielle. Les chercheurs ont remarqu\u00e9 un effet secondaire int\u00e9ressant : les patients avaient des cheveux suppl\u00e9mentaires. Cette d\u00e9couverte a conduit au d\u00e9veloppement du Minoxidil topique comme traitement de la chute des cheveux.<\/p>\n<h2>Comment le Minoxidil agit-il ?<\/h2>\n<p>Bien que le m\u00e9canisme exact ne soit pas enti\u00e8rement compris, on pense que le Minoxidil agit de plusieurs mani\u00e8res :<\/p>\n<ol>\n<li><b><strong>Vasodilatation<\/strong><\/b>: Le Minoxidil est un puissant vasodilatateur, c&rsquo;est-\u00e0-dire qu&rsquo;il \u00e9largit les vaisseaux sanguins. Cette augmentation du flux sanguin vers les follicules pileux peut favoriser la croissance des cheveux.<\/li>\n<li><b><strong>Prolongation de la phase de croissance<\/strong><\/b>: Le minoxidil semble prolonger la phase anag\u00e8ne (croissance) du cycle pilaire, ce qui permet aux cheveux de pousser plus longtemps.<\/li>\n<li><b><strong>Augmentation de la taille des follicules<\/strong><\/b>: Le m\u00e9dicament peut agrandir les follicules pileux r\u00e9tr\u00e9cis, ce qui peut entra\u00eener une croissance plus \u00e9paisse des cheveux.<\/li>\n<li><b><strong>Stimulation des follicules pileux<\/strong><\/b>: Le minoxidil peut r\u00e9veiller les follicules pileux dormants, ce qui favorise la repousse.<\/li>\n<\/ol>\n<h2>Avantages du Minoxidil<\/h2>\n<ul>\n<li><b><strong>Efficacit\u00e9 prouv\u00e9e<\/strong><\/b>: De nombreuses \u00e9tudes ont d\u00e9montr\u00e9 l&rsquo;efficacit\u00e9 du minoxidil dans le traitement de la calvitie commune.<\/li>\n<li><b><strong>Sans ordonnance<\/strong><\/b>: Dans de nombreux pays, le Minoxidil est disponible en vente libre.<\/li>\n<li><b><strong>Facilit\u00e9 d&rsquo;utilisation<\/strong><\/b>: le Minoxidil topique est simple \u00e0 appliquer \u00e0 la maison.<\/li>\n<li><b><strong>Convient aux deux sexes<\/strong><\/b>: Il est approuv\u00e9 pour une utilisation chez les hommes et les femmes.<\/li>\n<\/ul>\n<h2>Comment utiliser le minoxidil<\/h2>\n<p>Le minoxidil est g\u00e9n\u00e9ralement disponible sous forme de solution ou de mousse topique \u00e0 des concentrations de 2 % et de 5 %. Voici comment l&rsquo;utiliser :<\/p>\n<ol>\n<li>Appliquer sur le cuir chevelu sec deux fois par jour (matin et soir).<\/li>\n<li>Utilisez la quantit\u00e9 recommand\u00e9e (g\u00e9n\u00e9ralement 1 ml) par application.<\/li>\n<li>Massez doucement le cuir chevelu.<\/li>\n<li>Laisser s\u00e9cher avant de coiffer les cheveux.<\/li>\n<li>Se laver soigneusement les mains apr\u00e8s l&rsquo;application.<\/li>\n<\/ol>\n<h2>Effets secondaires potentiels<\/h2>\n<p>Bien que g\u00e9n\u00e9ralement bien tol\u00e9r\u00e9, le Minoxidil peut provoquer des effets secondaires chez certains utilisateurs :<\/p>\n<ul>\n<li>Irritation du cuir chevelu<\/li>\n<li>Peau s\u00e8che et squameuse sur le cuir chevelu<\/li>\n<li>Augmentation de la chute des cheveux au d\u00e9but (g\u00e9n\u00e9ralement temporaire)<\/li>\n<li>Pouss\u00e9e ind\u00e9sirable de cheveux sur le visage (plus fr\u00e9quente chez les femmes)<\/li>\n<li>Rythme cardiaque rapide (rare)<\/li>\n<\/ul>\n<h2>Points importants \u00e0 prendre en compte<\/h2>\n<ul>\n<li><b><strong>La constance est essentielle<\/strong><\/b>: Une utilisation r\u00e9guli\u00e8re et \u00e0 long terme est n\u00e9cessaire pour maintenir les r\u00e9sultats.<\/li>\n<li><b><strong>Patience requise<\/strong><\/b>: Il faut compter de 3 \u00e0 6 mois avant de constater des am\u00e9liorations notables.<\/li>\n<li><b><strong>Ne convient pas \u00e0 tout le monde<\/strong><\/b>: Le minoxidil est plus efficace pour la calvitie commune et peut ne pas convenir \u00e0 tous les types de perte de cheveux.<\/li>\n<li><b><strong>Consulter un professionnel<\/strong><\/b>: Consultez toujours un professionnel de la sant\u00e9 avant de commencer un nouveau traitement contre la perte de cheveux.<\/li>\n<\/ul>\n<p>Le minoxidil s&rsquo;est av\u00e9r\u00e9 un traitement efficace pour de nombreuses personnes souffrant de calvitie commune. Bien qu&rsquo;il ne s&rsquo;agisse pas d&rsquo;un rem\u00e8de contre la perte de cheveux, il peut ralentir consid\u00e9rablement le processus et m\u00eame favoriser la repousse des cheveux dans certains cas. Comme pour tout m\u00e9dicament, il est important d&rsquo;utiliser le Minoxidil conform\u00e9ment aux instructions et d&rsquo;\u00eatre conscient des effets secondaires potentiels.<\/p>\n<details id=\"e-n-accordion-item-9100\" open>\n<summary data-accordion-index=\"1\" tabindex=\"0\" aria-expanded=\"true\" aria-controls=\"e-n-accordion-item-9100\" >\n\t\t\t\t\t Qu&rsquo;est-ce que le minoxidil et comment traite-t-il la chute des cheveux ?<br \/>\n\t\t\t<svg aria-hidden=\"true\" viewBox=\"0 0 448 512\" xmlns=\"http:\/\/www.w3.org\/2000\/svg\"><path d=\"M416 208H32c-17.67 0-32 14.33-32 32v32c0 17.67 14.33 32 32 32h384c17.67 0 32-14.33 32-32v-32c0-17.67-14.33-32-32-32z\"><\/path><\/svg><br \/>\n\t\t\t<svg aria-hidden=\"true\" viewBox=\"0 0 448 512\" xmlns=\"http:\/\/www.w3.org\/2000\/svg\"><path d=\"M416 208H272V64c0-17.67-14.33-32-32-32h-32c-17.67 0-32 14.33-32 32v144H32c-17.67 0-32 14.33-32 32v32c0 17.67 14.33 32 32 32h144v144c0 17.67 14.33 32 32 32h32c17.67 0 32-14.33 32-32V304h144c17.67 0 32-14.33 32-32v-32c0-17.67-14.33-32-32-32z\"><\/path><\/svg><br \/>\n\t\t\t\t\t\t<\/summary>\n<p>Le minoxidil est une solution ou une mousse topique utilis\u00e9e pour traiter la chute des cheveux. Il agit en augmentant le flux sanguin vers le cuir chevelu, en stimulant les follicules pileux et en prolongeant la phase de croissance du cycle capillaire, ce qui favorise la repousse et r\u00e9duit la chute des cheveux.<\/p>\n<\/details>\n<details id=\"e-n-accordion-item-9101\" >\n<summary data-accordion-index=\"2\" tabindex=\"-1\" aria-expanded=\"false\" aria-controls=\"e-n-accordion-item-9101\" >\n\t\t\t\t\t Qui peut utiliser le minoxidil contre la chute des cheveux ?<br \/>\n\t\t\t<svg aria-hidden=\"true\" viewBox=\"0 0 448 512\" xmlns=\"http:\/\/www.w3.org\/2000\/svg\"><path d=\"M416 208H32c-17.67 0-32 14.33-32 32v32c0 17.67 14.33 32 32 32h384c17.67 0 32-14.33 32-32v-32c0-17.67-14.33-32-32-32z\"><\/path><\/svg><br \/>\n\t\t\t<svg aria-hidden=\"true\" viewBox=\"0 0 448 512\" xmlns=\"http:\/\/www.w3.org\/2000\/svg\"><path d=\"M416 208H272V64c0-17.67-14.33-32-32-32h-32c-17.67 0-32 14.33-32 32v144H32c-17.67 0-32 14.33-32 32v32c0 17.67 14.33 32 32 32h144v144c0 17.67 14.33 32 32 32h32c17.67 0 32-14.33 32-32V304h144c17.67 0 32-14.33 32-32v-32c0-17.67-14.33-32-32-32z\"><\/path><\/svg><br \/>\n\t\t\t\t\t\t<\/summary>\n<p>Le minoxidil convient aux hommes et aux femmes souffrant d&#8217;alop\u00e9cie androg\u00e9n\u00e9tique (perte de cheveux). Il est disponible en diff\u00e9rentes concentrations, 5% \u00e9tant couramment utilis\u00e9 par les hommes et 2% ou 5% \u00e9tant recommand\u00e9s pour les femmes.<\/p>\n<\/details>\n<details id=\"e-n-accordion-item-9102\" >\n<summary data-accordion-index=\"3\" tabindex=\"-1\" aria-expanded=\"false\" aria-controls=\"e-n-accordion-item-9102\" >\n\t\t\t\t\t Combien de temps faut-il pour obtenir des r\u00e9sultats avec le minoxidil ?<br \/>\n\t\t\t<svg aria-hidden=\"true\" viewBox=\"0 0 448 512\" xmlns=\"http:\/\/www.w3.org\/2000\/svg\"><path d=\"M416 208H32c-17.67 0-32 14.33-32 32v32c0 17.67 14.33 32 32 32h384c17.67 0 32-14.33 32-32v-32c0-17.67-14.33-32-32-32z\"><\/path><\/svg><br \/>\n\t\t\t<svg aria-hidden=\"true\" viewBox=\"0 0 448 512\" xmlns=\"http:\/\/www.w3.org\/2000\/svg\"><path d=\"M416 208H272V64c0-17.67-14.33-32-32-32h-32c-17.67 0-32 14.33-32 32v144H32c-17.67 0-32 14.33-32 32v32c0 17.67 14.33 32 32 32h144v144c0 17.67 14.33 32 32 32h32c17.67 0 32-14.33 32-32V304h144c17.67 0 32-14.33 32-32v-32c0-17.67-14.33-32-32-32z\"><\/path><\/svg><br \/>\n\t\t\t\t\t\t<\/summary>\n<p>La plupart des utilisateurs commencent \u00e0 remarquer une r\u00e9duction de la chute des cheveux au bout de 2 \u00e0 4 mois. Une repousse visible peut prendre 4 \u00e0 6 mois, avec des am\u00e9liorations continues jusqu&#8217;\u00e0 un an. Une utilisation r\u00e9guli\u00e8re est n\u00e9cessaire pour maintenir les r\u00e9sultats.<\/p>\n<\/details>\n<details id=\"e-n-accordion-item-9103\" >\n<summary data-accordion-index=\"4\" tabindex=\"-1\" aria-expanded=\"false\" aria-controls=\"e-n-accordion-item-9103\" >\n\t\t\t\t\t Que se passe-t-il si j&rsquo;arr\u00eate d&rsquo;utiliser le minoxidil ?<br \/>\n\t\t\t<svg aria-hidden=\"true\" viewBox=\"0 0 448 512\" xmlns=\"http:\/\/www.w3.org\/2000\/svg\"><path d=\"M416 208H32c-17.67 0-32 14.33-32 32v32c0 17.67 14.33 32 32 32h384c17.67 0 32-14.33 32-32v-32c0-17.67-14.33-32-32-32z\"><\/path><\/svg><br \/>\n\t\t\t<svg aria-hidden=\"true\" viewBox=\"0 0 448 512\" xmlns=\"http:\/\/www.w3.org\/2000\/svg\"><path d=\"M416 208H272V64c0-17.67-14.33-32-32-32h-32c-17.67 0-32 14.33-32 32v144H32c-17.67 0-32 14.33-32 32v32c0 17.67 14.33 32 32 32h144v144c0 17.67 14.33 32 32 32h32c17.67 0 32-14.33 32-32V304h144c17.67 0 32-14.33 32-32v-32c0-17.67-14.33-32-32-32z\"><\/path><\/svg><br \/>\n\t\t\t\t\t\t<\/summary>\n<p>Si vous arr\u00eatez d&#8217;utiliser le minoxidil, les cheveux qui ont repouss\u00e9 risquent de dispara\u00eetre dans les 3 \u00e0 6 mois qui suivent. Sans traitement, la perte de cheveux risque de revenir \u00e0 son \u00e9tat ant\u00e9rieur ou de progresser davantage.<\/p>\n<\/details>\n<details id=\"e-n-accordion-item-9104\" >\n<summary data-accordion-index=\"5\" tabindex=\"-1\" aria-expanded=\"false\" aria-controls=\"e-n-accordion-item-9104\" >\n\t\t\t\t\t Le minoxidil a-t-il des effets secondaires ?<br \/>\n\t\t\t<svg aria-hidden=\"true\" viewBox=\"0 0 448 512\" xmlns=\"http:\/\/www.w3.org\/2000\/svg\"><path d=\"M416 208H32c-17.67 0-32 14.33-32 32v32c0 17.67 14.33 32 32 32h384c17.67 0 32-14.33 32-32v-32c0-17.67-14.33-32-32-32z\"><\/path><\/svg><br \/>\n\t\t\t<svg aria-hidden=\"true\" viewBox=\"0 0 448 512\" xmlns=\"http:\/\/www.w3.org\/2000\/svg\"><path d=\"M416 208H272V64c0-17.67-14.33-32-32-32h-32c-17.67 0-32 14.33-32 32v144H32c-17.67 0-32 14.33-32 32v32c0 17.67 14.33 32 32 32h144v144c0 17.67 14.33 32 32 32h32c17.67 0 32-14.33 32-32V304h144c17.67 0 32-14.33 32-32v-32c0-17.67-14.33-32-32-32z\"><\/path><\/svg><br \/>\n\t\t\t\t\t\t<\/summary>\n<p>Les effets secondaires les plus courants sont l&#8217;irritation du cuir chevelu, la s\u00e9cheresse ou les d\u00e9mangeaisons. Dans de rares cas, certains utilisateurs peuvent constater une croissance ind\u00e9sirable des poils du visage ou une augmentation initiale de la perte de poils, ce qui est temporaire car les nouveaux poils commencent \u00e0 pousser.<\/p>\n<\/details>\n<details id=\"e-n-accordion-item-9105\" >\n<summary data-accordion-index=\"6\" tabindex=\"-1\" aria-expanded=\"false\" aria-controls=\"e-n-accordion-item-9105\" >\n\t\t\t\t\t Le minoxidil est-il efficace pour tous les types de perte de cheveux ?<br \/>\n\t\t\t<svg aria-hidden=\"true\" viewBox=\"0 0 448 512\" xmlns=\"http:\/\/www.w3.org\/2000\/svg\"><path d=\"M416 208H32c-17.67 0-32 14.33-32 32v32c0 17.67 14.33 32 32 32h384c17.67 0 32-14.33 32-32v-32c0-17.67-14.33-32-32-32z\"><\/path><\/svg><br \/>\n\t\t\t<svg aria-hidden=\"true\" viewBox=\"0 0 448 512\" xmlns=\"http:\/\/www.w3.org\/2000\/svg\"><path d=\"M416 208H272V64c0-17.67-14.33-32-32-32h-32c-17.67 0-32 14.33-32 32v144H32c-17.67 0-32 14.33-32 32v32c0 17.67 14.33 32 32 32h144v144c0 17.67 14.33 32 32 32h32c17.67 0 32-14.33 32-32V304h144c17.67 0 32-14.33 32-32v-32c0-17.67-14.33-32-32-32z\"><\/path><\/svg><br \/>\n\t\t\t\t\t\t<\/summary>\n<p>Le minoxidil est principalement efficace pour l&#8217;alop\u00e9cie androg\u00e9n\u00e9tique et agit mieux sur les cheveux clairsem\u00e9s au niveau de la couronne ou du vertex. Il est moins efficace pour les lignes de cheveux fuyantes ou la perte de cheveux caus\u00e9e par des conditions m\u00e9dicales telles que l&#8217;alop\u00e9cie areata ou l&#8217;alop\u00e9cie cicatricielle.<\/p>\n<\/details>\n<details id=\"e-n-accordion-item-9106\" >\n<summary data-accordion-index=\"7\" tabindex=\"-1\" aria-expanded=\"false\" aria-controls=\"e-n-accordion-item-9106\" >\n\t\t\t\t\t Ai-je besoin d&rsquo;une ordonnance pour acheter du minoxidil ?<br \/>\n\t\t\t<svg aria-hidden=\"true\" viewBox=\"0 0 448 512\" xmlns=\"http:\/\/www.w3.org\/2000\/svg\"><path d=\"M416 208H32c-17.67 0-32 14.33-32 32v32c0 17.67 14.33 32 32 32h384c17.67 0 32-14.33 32-32v-32c0-17.67-14.33-32-32-32z\"><\/path><\/svg><br \/>\n\t\t\t<svg aria-hidden=\"true\" viewBox=\"0 0 448 512\" xmlns=\"http:\/\/www.w3.org\/2000\/svg\"><path d=\"M416 208H272V64c0-17.67-14.33-32-32-32h-32c-17.67 0-32 14.33-32 32v144H32c-17.67 0-32 14.33-32 32v32c0 17.67 14.33 32 32 32h144v144c0 17.67 14.33 32 32 32h32c17.67 0 32-14.33 32-32V304h144c17.67 0 32-14.33 32-32v-32c0-17.67-14.33-32-32-32z\"><\/path><\/svg><br \/>\n\t\t\t\t\t\t<\/summary>\n<p>Le Minoxidil est en vente libre dans la plupart des pays, ce qui le rend facilement accessible sans ordonnance. Il est toutefois recommand\u00e9 de consulter un dermatologue avant de commencer le traitement.<\/p>\n<\/details>\n<details id=\"e-n-accordion-item-9107\" >\n<summary data-accordion-index=\"8\" tabindex=\"-1\" aria-expanded=\"false\" aria-controls=\"e-n-accordion-item-9107\" >\n\t\t\t\t\t Le minoxidil peut-il \u00eatre efficace sur un cuir chevelu compl\u00e8tement chauve ?<br \/>\n\t\t\t<svg aria-hidden=\"true\" viewBox=\"0 0 448 512\" xmlns=\"http:\/\/www.w3.org\/2000\/svg\"><path d=\"M416 208H32c-17.67 0-32 14.33-32 32v32c0 17.67 14.33 32 32 32h384c17.67 0 32-14.33 32-32v-32c0-17.67-14.33-32-32-32z\"><\/path><\/svg><br \/>\n\t\t\t<svg aria-hidden=\"true\" viewBox=\"0 0 448 512\" xmlns=\"http:\/\/www.w3.org\/2000\/svg\"><path d=\"M416 208H272V64c0-17.67-14.33-32-32-32h-32c-17.67 0-32 14.33-32 32v144H32c-17.67 0-32 14.33-32 32v32c0 17.67 14.33 32 32 32h144v144c0 17.67 14.33 32 32 32h32c17.67 0 32-14.33 32-32V304h144c17.67 0 32-14.33 32-32v-32c0-17.67-14.33-32-32-32z\"><\/path><\/svg><br \/>\n\t\t\t\t\t\t<\/summary>\n<p>Il est peu probable que le minoxidil fasse repousser les cheveux sur des zones compl\u00e8tement chauves. Il est plus efficace pour les personnes dont les cheveux sont clairsem\u00e9s ou dont la perte de cheveux est \u00e0 un stade pr\u00e9coce. En cas de calvitie avanc\u00e9e, d&#8217;autres options, comme la greffe de cheveux, peuvent s&#8217;av\u00e9rer plus efficaces.<\/p>\n<\/details>\n<p>Le minoxidil est une solution ou une mousse topique utilis\u00e9e pour traiter la chute des cheveux. Il agit en augmentant le flux sanguin vers le cuir chevelu, en stimulant les follicules pileux et en prolongeant la phase de croissance du cycle capillaire, ce qui favorise la repousse et r\u00e9duit la chute des cheveux.<\/p>\n<p>Le minoxidil convient aux hommes et aux femmes souffrant d&rsquo;alop\u00e9cie androg\u00e9n\u00e9tique (perte de cheveux). Il est disponible en diff\u00e9rentes concentrations, 5% \u00e9tant couramment utilis\u00e9 par les hommes et 2% ou 5% \u00e9tant recommand\u00e9s pour les femmes.<\/p>\n<p>La plupart des utilisateurs commencent \u00e0 remarquer une r\u00e9duction de la chute des cheveux au bout de 2 \u00e0 4 mois. Une repousse visible peut prendre 4 \u00e0 6 mois, avec des am\u00e9liorations continues jusqu&rsquo;\u00e0 un an. Une utilisation r\u00e9guli\u00e8re est n\u00e9cessaire pour maintenir les r\u00e9sultats.<\/p>\n<p>Si vous arr\u00eatez d&rsquo;utiliser le minoxidil, les cheveux qui ont repouss\u00e9 risquent de dispara\u00eetre dans les 3 \u00e0 6 mois qui suivent. Sans traitement, la perte de cheveux risque de revenir \u00e0 son \u00e9tat ant\u00e9rieur ou de progresser davantage.<\/p>\n<p>Les effets secondaires les plus courants sont l&rsquo;irritation du cuir chevelu, la s\u00e9cheresse ou les d\u00e9mangeaisons. Dans de rares cas, certains utilisateurs peuvent constater une croissance ind\u00e9sirable des poils du visage ou une augmentation initiale de la perte de poils, ce qui est temporaire car les nouveaux poils commencent \u00e0 pousser.<\/p>\n<p>Le minoxidil est principalement efficace pour l&rsquo;alop\u00e9cie androg\u00e9n\u00e9tique et agit mieux sur les cheveux clairsem\u00e9s au niveau de la couronne ou du vertex. Il est moins efficace pour les lignes de cheveux fuyantes ou la perte de cheveux caus\u00e9e par des conditions m\u00e9dicales telles que l&rsquo;alop\u00e9cie areata ou l&rsquo;alop\u00e9cie cicatricielle.<\/p>\n<p>Le Minoxidil est en vente libre dans la plupart des pays, ce qui le rend facilement accessible sans ordonnance. Il est toutefois recommand\u00e9 de consulter un dermatologue avant de commencer le traitement.<\/p>\n<p>Il est peu probable que le minoxidil fasse repousser les cheveux sur des zones compl\u00e8tement chauves. Il est plus efficace pour les personnes dont les cheveux sont clairsem\u00e9s ou dont la perte de cheveux est \u00e0 un stade pr\u00e9coce. En cas de calvitie avanc\u00e9e, d&rsquo;autres options, comme la greffe de cheveux, peuvent s&rsquo;av\u00e9rer plus efficaces.<\/p>\n","protected":false},"excerpt":{"rendered":"<p>Dr. Terziler Table des mati\u00e8res Minoxidil : Comment il traite la chute des cheveux Le minoxidil est un m\u00e9dicament populaire et largement utilis\u00e9 pour traiter la chute des cheveux, en particulier la calvitie masculine et f\u00e9minine. Cet article explique le fonctionnement du Minoxidil, ses avantages, son utilisation correcte et ses effets secondaires potentiels. Qu&rsquo;est-ce que [&hellip;]<\/p>\n","protected":false},"author":6,"featured_media":0,"parent":12912,"menu_order":0,"comment_status":"closed","ping_status":"closed","template":"","meta":{"footnotes":""},"class_list":["post-12906","page","type-page","status-publish","hentry"],"_links":{"self":[{"href":"https:\/\/drterziler.com\/fr\/wp-json\/wp\/v2\/pages\/12906","targetHints":{"allow":["GET"]}}],"collection":[{"href":"https:\/\/drterziler.com\/fr\/wp-json\/wp\/v2\/pages"}],"about":[{"href":"https:\/\/drterziler.com\/fr\/wp-json\/wp\/v2\/types\/page"}],"author":[{"embeddable":true,"href":"https:\/\/drterziler.com\/fr\/wp-json\/wp\/v2\/users\/6"}],"replies":[{"embeddable":true,"href":"https:\/\/drterziler.com\/fr\/wp-json\/wp\/v2\/comments?post=12906"}],"version-history":[{"count":1,"href":"https:\/\/drterziler.com\/fr\/wp-json\/wp\/v2\/pages\/12906\/revisions"}],"predecessor-version":[{"id":12907,"href":"https:\/\/drterziler.com\/fr\/wp-json\/wp\/v2\/pages\/12906\/revisions\/12907"}],"up":[{"embeddable":true,"href":"https:\/\/drterziler.com\/fr\/wp-json\/wp\/v2\/pages\/12912"}],"wp:attachment":[{"href":"https:\/\/drterziler.com\/fr\/wp-json\/wp\/v2\/media?parent=12906"}],"curies":[{"name":"wp","href":"https:\/\/api.w.org\/{rel}","templated":true}]}}