{"id":12912,"date":"2024-09-02T09:34:41","date_gmt":"2024-09-02T09:34:41","guid":{"rendered":"https:\/\/drterziler.com\/?page_id=12912"},"modified":"2026-02-28T16:41:03","modified_gmt":"2026-02-28T16:41:03","slug":"perte-de-cheveux","status":"publish","type":"page","link":"https:\/\/drterziler.com\/fr\/perte-de-cheveux\/","title":{"rendered":"Perte de cheveux"},"content":{"rendered":"<div class=\"page-content\">\n<div id=\"header-area\">\n<div class=\"container\" id=\"firstContent\">\n<div class=\"header-content d-flex flex-column\">\n<h1 class=\"content-title h1-header\">Perte de cheveux<\/h1>\n<div class=\"content-paragraph\">\n<p class=\"p-text\">\n<\/p><\/div>\n<nav aria-label=\"breadcrumb\" class=\"breadcrumbs\">\n<ul class=\"d-flex align-items-center mb-0\">\n<li><a class=\"link\" href=\"https:\/\/drterziler.com\/fr\/\"><span>Dr. Terziler Exclusive Clinic<\/span><\/a><\/li>\n<li class=\"separator\">\u00bb<\/li>\n<li class=\"current-page\"><span>Perte de cheveux<\/span><\/li>\n<\/ul>\n<\/nav><\/div>\n<\/p><\/div>\n<\/p><\/div>\n<\/div>\n<section id=\"content-area\">\n<div class=\"container my-5\">\n<div class=\"row align-items-start\">\n<div class=\"col-md-6 order-2 order-md-1\">\n<div class=\"custom-toc-box\">\n<div id=\"toc-header\">\n<h4>Table des mati\u00e8res<\/h4>\n<div class=\"toc-toggle-icon\"><\/div>\n<\/p><\/div>\n<div class=\"toc-full-divider\"><\/div>\n<div id=\"toc-body\">\n<div id=\"toc-container\"><\/div>\n<\/p><\/div>\n<\/p><\/div>\n<\/p><\/div>\n<div class=\"col-md-6 order-1 order-md-2\" id=\"jForm\">\n                <script type=\"text\/javascript\" src=\"https:\/\/form.jotform.com\/jsform\/242882407646969\"><\/script>\n            <\/div>\n<\/p><\/div>\n<\/p><\/div>\n<div class=\"container\">\n<div class=\"img-thumb\">\n            <img loading=\"lazy\" decoding=\"async\" src=\"https:\/\/drterziler.com\/wp-content\/uploads\/2024\/09\/mid-adult-man-with-alopecia-looking-at-mirror-hai-2023-11-27-04-59-36-utc-scaled.jpg\" sizes=\"auto, (max-width: 2560px) 100vw, 2560px\" srcset=\"https:\/\/drterziler.com\/wp-content\/uploads\/2024\/09\/mid-adult-man-with-alopecia-looking-at-mirror-hai-2023-11-27-04-59-36-utc-scaled.jpg 2560w, https:\/\/drterziler.com\/wp-content\/uploads\/2024\/09\/mid-adult-man-with-alopecia-looking-at-mirror-hai-2023-11-27-04-59-36-utc-300x200.jpg 300w, https:\/\/drterziler.com\/wp-content\/uploads\/2024\/09\/mid-adult-man-with-alopecia-looking-at-mirror-hai-2023-11-27-04-59-36-utc-1024x683.jpg 1024w, https:\/\/drterziler.com\/wp-content\/uploads\/2024\/09\/mid-adult-man-with-alopecia-looking-at-mirror-hai-2023-11-27-04-59-36-utc-768x513.jpg 768w, https:\/\/drterziler.com\/wp-content\/uploads\/2024\/09\/mid-adult-man-with-alopecia-looking-at-mirror-hai-2023-11-27-04-59-36-utc-1536x1025.jpg 1536w, https:\/\/drterziler.com\/wp-content\/uploads\/2024\/09\/mid-adult-man-with-alopecia-looking-at-mirror-hai-2023-11-27-04-59-36-utc-2048x1367.jpg 2048w\" alt=\"\" width=\"2560\" height=\"1709\">\n        <\/div>\n<div>\n<div>\n<h2 class=\"h2-header\">Quelles sont les causes de la chute des cheveux ?<\/h2>\n<\/p><\/div>\n<div>\n<p class=\"p-text\">La perte de cheveux peut \u00eatre due \u00e0 diff\u00e9rents facteurs, notamment La g\u00e9n\u00e9tique: La calvitie masculine et f\u00e9minine (alop\u00e9cie androg\u00e9n\u00e9tique) est souvent h\u00e9r\u00e9ditaire. (Types d&#039;alop\u00e9cie) Changements hormonaux: Des affections telles que les troubles de la thyro\u00efde peuvent entra\u00eener un amincissement des cheveux. Affections m\u00e9dicales: Certaines maladies auto-immunes et infections du cuir chevelu peuvent provoquer la chute des cheveux. M\u00e9dicaments: Certains m\u00e9dicaments utilis\u00e9s contre le cancer, l&#039;arthrite, la d\u00e9pression et les probl\u00e8mes cardiaques peuvent provoquer la chute des cheveux. Stress: Le stress physique et \u00e9motionnel peut entra\u00eener une chute temporaire des cheveux. Carences nutritionnelles: Le manque de vitamines et de min\u00e9raux essentiels peut affecter la sant\u00e9 des cheveux. Vieillissement: Avec l&#039;\u00e2ge, la croissance des cheveux ralentit naturellement. La perte de cheveux est-elle due au p\u00e8re ou \u00e0 la m\u00e8re ? La couleur des cheveux a-t-elle une incidence sur la chute des cheveux ? Comment faire face \u00e0 une tache chauve ? Comment le manque de sommeil affecte-t-il la chute des cheveux ? Les douches chaudes peuvent-elles provoquer la chute des cheveux ? Les s\u00e8che-cheveux provoquent-ils la chute des cheveux ? Dormir d&#039;un seul c\u00f4t\u00e9 provoque-t-il la chute des cheveux ? Trop d&#039;exercice peut-il entra\u00eener la chute des cheveux ?<\/p>\n<\/p><\/div>\n<\/p><\/div>\n<div>\n<div>\n<h2 class=\"h2-header\">Le r\u00f4le de la DHT dans la chute des cheveux<\/h2>\n<\/p><\/div>\n<div>\n<p class=\"p-text\">La dihydrotestost\u00e9rone (DHT) est une hormone qui joue un r\u00f4le important dans la perte de cheveux, en particulier dans la calvitie g\u00e9n\u00e9tique. La DHT peut r\u00e9tr\u00e9cir les follicules pileux, ce qui conduit \u00e0 des cheveux plus fins et plus fragiles au fil du temps.<\/p>\n<\/p><\/div>\n<\/p><\/div>\n<div>\n<div>\n<h2 class=\"h2-header\">L&#039;impact psychologique de la perte de cheveux<\/h2>\n<\/p><\/div>\n<div>\n<p class=\"p-text\">La perte de cheveux peut avoir des effets psychologiques importants, notamment une diminution de l&#039;estime de soi et de la confiance en soi l&#039;anxi\u00e9t\u00e9 et la d\u00e9pression le retrait social Impact n\u00e9gatif sur les relations personnelles et professionnelles Il est essentiel d&#039;aborder les aspects physiques et \u00e9motionnels de la perte de cheveux pour obtenir un traitement complet.<\/p>\n<\/p><\/div>\n<\/p><\/div>\n<div>\n<div>\n<h2 class=\"h2-header\">Diagnostiquer la chute des cheveux<\/h2>\n<\/p><\/div>\n<div>\n<p class=\"p-text\">Un diagnostic professionnel est essentiel pour un traitement efficace. \u00c0 l&#039;Exclusive Hair Clinic du Dr Terziler, nous utilisons des techniques avanc\u00e9es pour \u00e9valuer votre perte de cheveux : une \u00e9valuation d\u00e9taill\u00e9e des ant\u00e9c\u00e9dents m\u00e9dicaux Examen du cuir chevelu Analyse du sch\u00e9ma de perte de cheveux \u00e0 l&#039;aide d&#039;\u00e9chelles telles que l&#039;\u00e9chelle de Ludwig pour les femmes Analyses sanguines \u00e9ventuelles pour v\u00e9rifier l&#039;existence de probl\u00e8mes de sant\u00e9 sous-jacents<\/p>\n<\/p><\/div>\n<\/p><\/div>\n<div>\n<div>\n<h2 class=\"h2-header\">Solutions pour la perte de cheveux<\/h2>\n<\/p><\/div>\n<div>\n<p class=\"p-text\">Greffe de cheveux La greffe de cheveux est une solution permanente \u00e0 la perte de cheveux. Dans notre clinique, nous proposons des techniques de pointe : Implantation directe de cheveux (DHI) robotis\u00e9e: Une m\u00e9thode peu invasive qui permet de placer avec pr\u00e9cision les follicules pileux sans raser la zone receveuse. Sapphire FUE (Follicular Unit Extraction): Technique qui permet de pr\u00e9lever des follicules pileux individuels en vue de leur transplantation. M\u00e9dicaments Finasteride: Aide \u00e0 bloquer la production de DHT Minoxidil: Favorise la croissance des cheveux et ralentit la calvitie Soutien nutritionnel Une alimentation \u00e9quilibr\u00e9e et riche en nutriments essentiels peut favoriser la sant\u00e9 des cheveux. Les vitamines et min\u00e9raux cl\u00e9s sont les suivants la biotine la vitamine D le fer le zinc Acides gras om\u00e9ga-3 Saw Palmetto Changements de mode de vie Techniques de gestion du stress Soins capillaires doux \u00c9viter les traitements chimiques agressifs Traitements du cuir chevelu Th\u00e9rapie par PRP (plasma riche en plaquettes) Th\u00e9rapie au laser de faible intensit\u00e9<\/p>\n<\/p><\/div>\n<\/p><\/div>\n<div>\n<div>\n<h2 class=\"h2-header\">Pourquoi choisir Dr. Terziler Exclusive Hair Clinic ?<\/h2>\n<\/p><\/div>\n<div>\n<p class=\"p-text\">A la Clinique capillaire exclusive du Dr. Terziler, nous offrons : des techniques de pointe en mati\u00e8re de restauration capillaire Des plans de traitement personnalis\u00e9s Une \u00e9quipe m\u00e9dicale exp\u00e9riment\u00e9e et comp\u00e9tente Des soins complets avant et apr\u00e8s le traitement Ne laissez pas la perte de cheveux affecter votre confiance et votre qualit\u00e9 de vie. Contactez Dr. Terziler Exclusive Hair Clinic d\u00e8s aujourd&#039;hui pour prendre rendez-vous et faire le premier pas vers la restauration de vos cheveux et de votre confiance.<\/p>\n<\/p><\/div>\n<\/p><\/div>\n<\/p><\/div>\n<\/section>\n","protected":false},"excerpt":{"rendered":"<p>Perte de cheveux Dr. Terziler Exclusive Clinic \u00bb Perte de cheveux Table des mati\u00e8res Quelles sont les causes de la chute des cheveux ? La perte de cheveux peut \u00eatre due \u00e0 diff\u00e9rents facteurs, notamment La g\u00e9n\u00e9tique: La calvitie masculine et f\u00e9minine (alop\u00e9cie androg\u00e9n\u00e9tique) est souvent h\u00e9r\u00e9ditaire. (Types d&#039;alop\u00e9cie) Changements hormonaux: Des affections telles que [&hellip;]<\/p>\n","protected":false},"author":6,"featured_media":0,"parent":0,"menu_order":0,"comment_status":"closed","ping_status":"closed","template":"","meta":{"footnotes":""},"class_list":["post-12912","page","type-page","status-publish","hentry"],"_links":{"self":[{"href":"https:\/\/drterziler.com\/fr\/wp-json\/wp\/v2\/pages\/12912","targetHints":{"allow":["GET"]}}],"collection":[{"href":"https:\/\/drterziler.com\/fr\/wp-json\/wp\/v2\/pages"}],"about":[{"href":"https:\/\/drterziler.com\/fr\/wp-json\/wp\/v2\/types\/page"}],"author":[{"embeddable":true,"href":"https:\/\/drterziler.com\/fr\/wp-json\/wp\/v2\/users\/6"}],"replies":[{"embeddable":true,"href":"https:\/\/drterziler.com\/fr\/wp-json\/wp\/v2\/comments?post=12912"}],"version-history":[{"count":18,"href":"https:\/\/drterziler.com\/fr\/wp-json\/wp\/v2\/pages\/12912\/revisions"}],"predecessor-version":[{"id":58045,"href":"https:\/\/drterziler.com\/fr\/wp-json\/wp\/v2\/pages\/12912\/revisions\/58045"}],"wp:attachment":[{"href":"https:\/\/drterziler.com\/fr\/wp-json\/wp\/v2\/media?parent=12912"}],"curies":[{"name":"wp","href":"https:\/\/api.w.org\/{rel}","templated":true}]}}