{"id":12920,"date":"2024-09-02T14:28:55","date_gmt":"2024-09-02T14:28:55","guid":{"rendered":"https:\/\/drterziler.com\/?page_id=12920"},"modified":"2026-02-28T16:41:35","modified_gmt":"2026-02-28T16:41:35","slug":"echelle-norwood","status":"publish","type":"page","link":"https:\/\/drterziler.com\/fr\/perte-de-cheveux\/echelle-norwood\/","title":{"rendered":"\u00c9chelle Norwood : Stades de la chute des cheveux (1 \u00e0 7)"},"content":{"rendered":"<div class=\"page-content\">\n<div id=\"header-area\">\n<div class=\"container\" id=\"firstContent\">\n<div class=\"header-content d-flex flex-column\">\n<h1 class=\"content-title h1-header\">\u00c9chelle Norwood : Stades de la chute des cheveux (1 \u00e0 7)<\/h1>\n<div class=\"content-paragraph\">\n<p class=\"p-text\">La m\u00e9decine compl\u00e9mentaire (GETAT) est un domaine de traitement qui vise \u00e0 soutenir le corps gr\u00e2ce \u00e0 des m\u00e9thodes de gu\u00e9rison naturelles et holistiques parall\u00e8lement \u00e0 la m\u00e9decine conventionnelle. Ces pratiques aident non seulement les processus de gu\u00e9rison du corps, mais visent \u00e9galement \u00e0 am\u00e9liorer le bien-\u00eatre mental et physique d&#039;un individu au plus haut niveau.<\/p>\n<\/p><\/div>\n<nav aria-label=\"breadcrumb\" class=\"breadcrumbs\">\n<ul class=\"d-flex align-items-center mb-0\">\n<li><a class=\"link\" href=\"https:\/\/drterziler.com\/fr\/\"><span>Dr. Terziler Exclusive Clinic<\/span><\/a><\/li>\n<li class=\"separator\">\u00bb<\/li>\n<li><a class=\"link\" href=\"https:\/\/drterziler.com\/fr\/perte-de-cheveux\/\"><span>Perte de cheveux<\/span><\/a><\/li>\n<li class=\"separator\">\u00bb<\/li>\n<li class=\"current-page\"><span>\u00c9chelle Norwood : Stades de la chute des cheveux (1 \u00e0 7)<\/span><\/li>\n<\/ul>\n<\/nav><\/div>\n<\/p><\/div>\n<\/p><\/div>\n<\/div>\n<section id=\"content-area\">\n<div class=\"container my-5\">\n<div class=\"row align-items-start\">\n<div class=\"col-md-6 order-2 order-md-1\">\n<div class=\"custom-toc-box\">\n<div id=\"toc-header\">\n<h4>Table des mati\u00e8res<\/h4>\n<div class=\"toc-toggle-icon\"><\/div>\n<\/p><\/div>\n<div class=\"toc-full-divider\"><\/div>\n<div id=\"toc-body\">\n<div id=\"toc-container\"><\/div>\n<\/p><\/div>\n<\/p><\/div>\n<\/p><\/div>\n<div class=\"col-md-6 order-1 order-md-2\" id=\"jForm\">\n               <script type=\"text\/javascript\" src=\"https:\/\/form.jotform.com\/jsform\/242882407646969\"><\/script>\n            <\/div>\n<\/p><\/div>\n<\/p><\/div>\n<div class=\"container\">\n<div class=\"img-thumb\">\n            <img loading=\"lazy\" decoding=\"async\" width=\"1700\" height=\"1080\" src=\"https:\/\/drterziler.com\/wp-content\/uploads\/2024\/08\/6.webp\" alt=\"\" srcset=\"https:\/\/drterziler.com\/wp-content\/uploads\/2024\/08\/6.webp 1700w, https:\/\/drterziler.com\/wp-content\/uploads\/2024\/08\/6-300x191.webp 300w, https:\/\/drterziler.com\/wp-content\/uploads\/2024\/08\/6-1024x651.webp 1024w, https:\/\/drterziler.com\/wp-content\/uploads\/2024\/08\/6-768x488.webp 768w, https:\/\/drterziler.com\/wp-content\/uploads\/2024\/08\/6-1536x976.webp 1536w\" sizes=\"auto, (max-width: 1700px) 100vw, 1700px\">\n        <\/div>\n<div>\n<div>\n<h2 class=\"h2-header\">Comprendre l&#039;\u00e9chelle de Norwood<\/h2>\n<\/p><\/div>\n<div>\n<p class=\"p-text\">L&#039;\u00e9chelle de Norwood comprend sept stades, chacun repr\u00e9sentant un niveau diff\u00e9rent de gravit\u00e9 de la perte de cheveux. Examinons chaque stade en d\u00e9tail :Stade 1 : Pas de perte de cheveux visibleCaract\u00e9ris\u00e9 par une chevelure compl\u00e8te sans aucun signe de r\u00e9cession.La ligne de d\u00e9marcation des cheveux conserve sa forme originale, formant g\u00e9n\u00e9ralement une bordure ininterrompue autour du front.Stade 2 : L\u00e9g\u00e8re r\u00e9cession de la racine des cheveuxR\u00e9cession mineure de la racine des cheveux, g\u00e9n\u00e9ralement autour des tempes.Ce stade peut passer inaper\u00e7u pour de nombreux hommes, car il est souvent consid\u00e9r\u00e9 comme une ligne de d\u00e9marcation mature.Stade 3 : Premiers signes d&#039;une calvitie cliniquement significativeLa ligne de d\u00e9marcation des cheveux recule plus nettement au niveau des tempes, formant un \u00ab M \u00bb, un \u00ab U \u00bb ou un \u00ab V \u00bb.Certains hommes peuvent \u00e9galement constater un amincissement de la couronne (vertex) de la t\u00eate.Stade 3 Vertex : R\u00e9cession au niveau des tempes avec amincissement de la couronneSemblable au stade 3, mais avec un amincissement notable de la couronne.\u00c0 ce stade, les zones de r\u00e9cession aux tempes et au sommet de la t\u00eate restent s\u00e9par\u00e9es.Stade 4 : Perte de cheveux plus importanteLa ligne de d\u00e9marcation des cheveux recule de mani\u00e8re plus agressive et la zone chauve sur la couronne s&#039;agrandit.Une bande de cheveux relie encore les deux c\u00f4t\u00e9s de la t\u00eate.Stade 5 : Perte de cheveux avanc\u00e9eLa bande de cheveux entre le sommet de la t\u00eate et les c\u00f4t\u00e9s devient plus \u00e9troite et plus clairsem\u00e9e.Les zones d\u00e9garnies au niveau des tempes et de la couronne s&#039;agrandissent et deviennent plus pro\u00e9minentes.Stade 6 : Chute de cheveux importanteLa bande de cheveux sur le dessus de la t\u00eate dispara\u00eet, laissant une seule grande zone chauve.Il ne reste des cheveux que sur les c\u00f4t\u00e9s et \u00e0 l&#039;arri\u00e8re de la t\u00eate.Stade 7 : La forme la plus s\u00e9v\u00e8re de la perte de cheveuxSeule une \u00e9troite bande de cheveux subsiste sur les c\u00f4t\u00e9s et \u00e0 l&#039;arri\u00e8re de la t\u00eate.Les cheveux restants sont souvent plus fins et moins denses.<\/p>\n<\/p><\/div>\n<\/p><\/div>\n<div>\n<div>\n<h2 class=\"h2-header\">Identifier votre stade<\/h2>\n<\/p><\/div>\n<div>\n<p class=\"p-text\">Il est essentiel de d\u00e9terminer votre stade sur l&#039;\u00e9chelle de Norwood pour \u00e9laborer un plan de traitement efficace. Chez Dr. Terziler Exclusive Hair Clinic, nous proc\u00e9dons \u00e0 un examen approfondi afin d&#039;\u00e9valuer avec pr\u00e9cision votre stade de perte de cheveux. Cette \u00e9valuation nous aide \u00e0 recommander les options de traitement les mieux adapt\u00e9es \u00e0 vos besoins sp\u00e9cifiques.<\/p>\n<\/p><\/div>\n<\/p><\/div>\n<div>\n<div>\n<h2 class=\"h2-header\">Options de traitement bas\u00e9es sur l&#039;\u00e9chelle de Norwood<\/h2>\n<\/p><\/div>\n<div>\n<p class=\"p-text\">Le traitement appropri\u00e9 peut varier en fonction du stade de l&#039;\u00e9chelle de Norwood :Stades pr\u00e9coces (1-3): Ces stades r\u00e9pondent souvent bien aux traitements non chirurgicaux tels que les m\u00e9dicaments (par exemple, Finasteride, Minoxidil) ou la th\u00e9rapie PRP (Platelet-Rich Plasma).Stades interm\u00e9diaires (3V-4): Une combinaison de m\u00e9dicaments et d&#039;options chirurgicales telles que l&#039;extraction d&#039;unit\u00e9s folliculaires (FUE) ou l&#039;implantation directe de cheveux (DHI) robotis\u00e9e peuvent \u00eatre recommand\u00e9es.Stades avanc\u00e9s (5-7): Ces stades n\u00e9cessitent g\u00e9n\u00e9ralement des proc\u00e9dures de transplantation capillaire plus \u00e9tendues. Notre technique DHI robotis\u00e9e peut fournir d&#039;excellents r\u00e9sultats m\u00eame dans les cas avanc\u00e9s.<\/p>\n<\/p><\/div>\n<\/p><\/div>\n<div>\n<div>\n<h2 class=\"h2-header\">Pourquoi choisir le Dr Terziler pour votre parcours de restauration capillaire ?<\/h2>\n<\/p><\/div>\n<div>\n<p class=\"p-text\">Terziler Exclusive Hair Clinic, nous sommes fiers d&#039;offrir des traitements de pointe adapt\u00e9s aux besoins uniques de chaque patient. Notre expertise dans les techniques avanc\u00e9es telles que la DHI robotis\u00e9e nous permet d&#039;obtenir des r\u00e9sultats d&#039;apparence naturelle, m\u00eame dans les cas les plus difficiles.Le Dr Terziler et notre \u00e9quipe d&#039;experts vous guideront \u00e0 chaque \u00e9tape de votre parcours de restauration capillaire, depuis l&#039;\u00e9valuation initiale \u00e0 l&#039;aide de l&#039;\u00e9chelle de Norwood jusqu&#039;aux soins et au suivi apr\u00e8s le traitement.N&#039;oubliez pas qu&#039;une intervention pr\u00e9coce permet souvent d&#039;obtenir de meilleurs r\u00e9sultats. Si la perte de vos cheveux vous pr\u00e9occupe, n&#039;h\u00e9sitez pas \u00e0 prendre contact avec nous pour une consultation. Ensemble, nous pourrons \u00e9laborer un plan personnalis\u00e9 pour retrouver vos cheveux et votre confiance.Contactez le Dr Terziler Exclusive Hair Clinic d\u00e8s aujourd&#039;hui pour prendre rendez-vous pour une \u00e9valuation compl\u00e8te de la perte de cheveux et faire le premier pas vers une chevelure plus fournie.<\/p>\n<\/p><\/div>\n<\/p><\/div>\n<\/p><\/div>\n<\/section>\n","protected":false},"excerpt":{"rendered":"<p>\u00c9chelle Norwood : Stades de la chute des cheveux (1 \u00e0 7) La m\u00e9decine compl\u00e9mentaire (GETAT) est un domaine de traitement qui vise \u00e0 soutenir le corps gr\u00e2ce \u00e0 des m\u00e9thodes de gu\u00e9rison naturelles et holistiques parall\u00e8lement \u00e0 la m\u00e9decine conventionnelle. Ces pratiques aident non seulement les processus de gu\u00e9rison du corps, mais visent \u00e9galement [&hellip;]<\/p>\n","protected":false},"author":6,"featured_media":0,"parent":12912,"menu_order":0,"comment_status":"closed","ping_status":"closed","template":"","meta":{"footnotes":""},"class_list":["post-12920","page","type-page","status-publish","hentry"],"_links":{"self":[{"href":"https:\/\/drterziler.com\/fr\/wp-json\/wp\/v2\/pages\/12920","targetHints":{"allow":["GET"]}}],"collection":[{"href":"https:\/\/drterziler.com\/fr\/wp-json\/wp\/v2\/pages"}],"about":[{"href":"https:\/\/drterziler.com\/fr\/wp-json\/wp\/v2\/types\/page"}],"author":[{"embeddable":true,"href":"https:\/\/drterziler.com\/fr\/wp-json\/wp\/v2\/users\/6"}],"replies":[{"embeddable":true,"href":"https:\/\/drterziler.com\/fr\/wp-json\/wp\/v2\/comments?post=12920"}],"version-history":[{"count":10,"href":"https:\/\/drterziler.com\/fr\/wp-json\/wp\/v2\/pages\/12920\/revisions"}],"predecessor-version":[{"id":58047,"href":"https:\/\/drterziler.com\/fr\/wp-json\/wp\/v2\/pages\/12920\/revisions\/58047"}],"up":[{"embeddable":true,"href":"https:\/\/drterziler.com\/fr\/wp-json\/wp\/v2\/pages\/12912"}],"wp:attachment":[{"href":"https:\/\/drterziler.com\/fr\/wp-json\/wp\/v2\/media?parent=12920"}],"curies":[{"name":"wp","href":"https:\/\/api.w.org\/{rel}","templated":true}]}}