{"id":14611,"date":"2024-12-29T14:36:20","date_gmt":"2024-12-29T14:36:20","guid":{"rendered":"https:\/\/drterziler.com\/?page_id=14611"},"modified":"2026-02-28T17:56:20","modified_gmt":"2026-02-28T17:56:20","slug":"renforcer-limmunite-grace-au-glutathion-et-a-la-vitamine-c","status":"publish","type":"page","link":"https:\/\/drterziler.com\/fr\/longevite\/glutathion-et-vitamine-c\/renforcer-limmunite-grace-au-glutathion-et-a-la-vitamine-c\/","title":{"rendered":"Renforcer l&rsquo;immunit\u00e9 gr\u00e2ce au glutathion et \u00e0 la vitamine C"},"content":{"rendered":"<div class=\"page-content\">\n<div id=\"header-area\">\n<div class=\"container\" id=\"firstContent\">\n<div class=\"header-content d-flex flex-column\">\n<h1 class=\"content-title h1-header\">Renforcer l&#039;immunit\u00e9 gr\u00e2ce au glutathion et \u00e0 la vitamine C<\/h1>\n<div class=\"content-paragraph\">\n<p class=\"p-text\">\n<\/p><\/div>\n<nav aria-label=\"breadcrumb\" class=\"breadcrumbs\">\n<ul class=\"d-flex align-items-center mb-0\">\n<li><a class=\"link\" href=\"https:\/\/drterziler.com\/fr\/\"><span>Dr. Terziler Exclusive Clinic<\/span><\/a><\/li>\n<li class=\"separator\">\u00bb<\/li>\n<li><a class=\"link\" href=\"https:\/\/drterziler.com\/fr\/longevite\/\"><span>Long\u00e9vit\u00e9<\/span><\/a><\/li>\n<li class=\"separator\">\u00bb<\/li>\n<li><a class=\"link\" href=\"https:\/\/drterziler.com\/fr\/longevite\/glutathion-et-vitamine-c\/\"><span>Glutathion et vitamine C<\/span><\/a><\/li>\n<li class=\"separator\">\u00bb<\/li>\n<li class=\"current-page\"><span>Renforcer l&#039;immunit\u00e9 gr\u00e2ce au glutathion et \u00e0 la vitamine C<\/span><\/li>\n<\/ul>\n<\/nav><\/div>\n<\/p><\/div>\n<\/p><\/div>\n<\/div>\n<section id=\"content-area\">\n<div class=\"container my-5\">\n<div class=\"row align-items-start\">\n<div class=\"col-md-6 order-2 order-md-1\">\n<div class=\"custom-toc-box\">\n<div id=\"toc-header\">\n<h4>Table des mati\u00e8res<\/h4>\n<div class=\"toc-toggle-icon\"><\/div>\n<\/p><\/div>\n<div class=\"toc-full-divider\"><\/div>\n<div id=\"toc-body\">\n<div id=\"toc-container\"><\/div>\n<\/p><\/div>\n<\/p><\/div>\n<\/p><\/div>\n<div class=\"col-md-6 order-1 order-md-2\" id=\"jForm\">\n                <script type=\"text\/javascript\" src=\"https:\/\/form.jotform.com\/jsform\/242882407646969\"><\/script>\n            <\/div>\n<\/p><\/div>\n<\/p><\/div>\n<div class=\"container\">\n<div class=\"img-thumb\">\n            <img loading=\"lazy\" decoding=\"async\" src=\"https:\/\/drterziler.com\/wp-content\/uploads\/2024\/12\/boosting-immunity-vitamin-c.png\" sizes=\"auto, (max-width: 800px) 100vw, 800px\" srcset=\"https:\/\/drterziler.com\/wp-content\/uploads\/2024\/12\/boosting-immunity-vitamin-c.png 823w, https:\/\/drterziler.com\/wp-content\/uploads\/2024\/12\/boosting-immunity-vitamin-c-300x183.png 300w, https:\/\/drterziler.com\/wp-content\/uploads\/2024\/12\/boosting-immunity-vitamin-c-768x468.png 768w\" alt=\"\" width=\"800\" height=\"488\">\n        <\/div>\n<div>\n<div>\n<h2 class=\"h2-header\">Le duo immunitaire<\/h2>\n<\/p><\/div>\n<div>\n<p class=\"p-text\">Notre syst\u00e8me immunitaire est la premi\u00e8re ligne de d\u00e9fense de notre organisme contre les maladies, et il est essentiel de le maintenir en bonne sant\u00e9. Le glutathion et la vitamine C sont deux puissants antioxydants qui jouent un r\u00f4le essentiel dans le soutien et l&#039;am\u00e9lioration de la fonction immunitaire. Ensemble, ils agissent en synergie pour combattre le stress oxydatif, prot\u00e9ger les cellules et maintenir une r\u00e9ponse immunitaire robuste. Dans cet article, nous examinerons comment ces deux nutriments renforcent le syst\u00e8me immunitaire et pourquoi ils sont essentiels \u00e0 votre programme de bien-\u00eatre. Le r\u00f4le du glutathion dans l&#039;immunit\u00e9 Le glutathion, souvent appel\u00e9 \u00ab antioxydant principal \u00bb, est essentiel au maintien de la sant\u00e9 cellulaire et d&#039;un syst\u00e8me immunitaire fort. Il contribue \u00e0 la d\u00e9sintoxication de l&#039;organisme, favorise la production de globules blancs et prot\u00e8ge les cellules des dommages caus\u00e9s par les radicaux libres. En reconstituant les niveaux de glutathion dans l&#039;organisme, vous pouvez renforcer vos d\u00e9fenses contre les infections et les inflammations. Son r\u00f4le dans la r\u00e9gulation du syst\u00e8me immunitaire en fait un alli\u00e9 indispensable \u00e0 la sant\u00e9 globale. Comment la vitamine C renforce-t-elle la fonction immunitaire ? La vitamine C est un stimulant immunitaire bien connu qui compl\u00e8te les effets du glutathion. Elle stimule la production d&#039;anticorps et de globules blancs, qui sont essentiels pour lutter contre les agents pathog\u00e8nes. En outre, la vitamine C am\u00e9liore la biodisponibilit\u00e9 du glutathion dans l&#039;organisme, ce qui garantit une protection ad\u00e9quate des cellules. La prise r\u00e9guli\u00e8re de vitamine C permet non seulement de r\u00e9duire la dur\u00e9e des rhumes, mais aussi de prot\u00e9ger le syst\u00e8me immunitaire contre le stress oxydatif, ce qui lui permet de fonctionner de mani\u00e8re optimale. Pourquoi l&#039;association du glutathion et de la vitamine C est-elle efficace ? Utilis\u00e9s conjointement, le glutathion et la vitamine C cr\u00e9ent un effet de synergie qui amplifie leurs effets b\u00e9n\u00e9fiques. La vitamine C r\u00e9g\u00e9n\u00e8re les niveaux de glutathion, garantissant que ce puissant antioxydant continue \u00e0 prot\u00e9ger l&#039;organisme. Cette combinaison permet de neutraliser les radicaux libres, de r\u00e9duire l&#039;inflammation et de se remettre plus rapidement d&#039;une maladie. L&#039;int\u00e9gration de ces deux \u00e9l\u00e9ments dans votre r\u00e9gime quotidien peut contribuer \u00e0 renforcer votre syst\u00e8me immunitaire, ce qui vous rendra plus r\u00e9sistant aux menaces saisonni\u00e8res et favorisera votre sant\u00e9 \u00e0 long terme. Quel est le r\u00f4le principal du glutathion dans le syst\u00e8me immunitaire ? Le glutathion agit comme un antioxydant principal, prot\u00e9geant les cellules du stress oxydatif et soutenant la production de globules blancs pour maintenir la fonction immunitaire. Comment la vitamine C compl\u00e8te-t-elle le glutathion ? La vitamine C am\u00e9liore la biodisponibilit\u00e9 du glutathion, r\u00e9g\u00e9n\u00e8re ses niveaux et agit en synergie pour neutraliser les radicaux libres et r\u00e9duire l\u2019inflammation. Le glutathion et la vitamine C peuvent-ils aider \u00e0 pr\u00e9venir les rhumes et la grippe ? En effet, ces deux nutriments renforcent le syst\u00e8me immunitaire, aidant ainsi l\u2019organisme \u00e0 lutter contre les infections et \u00e0 se remettre plus rapidement de maladies telles que le rhume ou la grippe. Comment puis-je inclure le glutathion et la vitamine C dans ma routine quotidienne ? Vous pouvez les inclure dans une alimentation \u00e9quilibr\u00e9e, riche en fruits et l\u00e9gumes, et dans des compl\u00e9ments alimentaires si n\u00e9cessaire. Consultez toujours un professionnel de la sant\u00e9 avant de commencer un r\u00e9gime de compl\u00e9ments alimentaires. Le glutathion et la vitamine C peuvent-ils am\u00e9liorer la sant\u00e9 de la peau tout en renfor\u00e7ant l&#039;immunit\u00e9 ? Oui, ces deux nutriments contribuent \u00e0 la sant\u00e9 de la peau en r\u00e9duisant le stress oxydatif et en favorisant la production de collag\u00e8ne, ce qui les rend b\u00e9n\u00e9fiques pour le bien-\u00eatre g\u00e9n\u00e9ral. Combien de temps faut-il pour constater les bienfaits du glutathion et de la vitamine C ? Les r\u00e9sultats varient en fonction de l\u2019\u00e9tat de sant\u00e9 de chacun, mais une utilisation r\u00e9guli\u00e8re permet souvent d\u2019observer des am\u00e9liorations notables de l\u2019immunit\u00e9 et des niveaux d\u2019\u00e9nergie en quelques semaines. Le glutathion agit comme un antioxydant principal, prot\u00e9geant les cellules du stress oxydatif et soutenant la production de globules blancs pour maintenir la fonction immunitaire. La vitamine C am\u00e9liore la biodisponibilit\u00e9 du glutathion, r\u00e9g\u00e9n\u00e8re ses niveaux et agit en synergie pour neutraliser les radicaux libres et r\u00e9duire l&#039;inflammation. En effet, ces deux nutriments renforcent le syst\u00e8me immunitaire, aidant ainsi l&#039;organisme \u00e0 lutter contre les infections et \u00e0 se remettre plus rapidement de maladies telles que le rhume ou la grippe. Vous pouvez les inclure dans une alimentation \u00e9quilibr\u00e9e, riche en fruits et l\u00e9gumes, et dans des compl\u00e9ments alimentaires si n\u00e9cessaire. Consultez toujours un professionnel de la sant\u00e9 avant de commencer un r\u00e9gime de compl\u00e9ments alimentaires. Oui, ces deux nutriments contribuent \u00e0 la sant\u00e9 de la peau en r\u00e9duisant le stress oxydatif et en favorisant la production de collag\u00e8ne, ce qui les rend b\u00e9n\u00e9fiques pour le bien-\u00eatre g\u00e9n\u00e9ral. Les r\u00e9sultats varient en fonction de l&#039;\u00e9tat de sant\u00e9 de chacun, mais une utilisation r\u00e9guli\u00e8re permet souvent d&#039;observer des am\u00e9liorations notables de l&#039;immunit\u00e9 et des niveaux d&#039;\u00e9nergie en quelques semaines.<\/p>\n<\/p><\/div>\n<\/p><\/div>\n<\/p><\/div>\n<\/section>\n","protected":false},"excerpt":{"rendered":"<p>Renforcer l&#039;immunit\u00e9 gr\u00e2ce au glutathion et \u00e0 la vitamine C Dr. Terziler Exclusive Clinic \u00bb Long\u00e9vit\u00e9 \u00bb Glutathion et vitamine C \u00bb Renforcer l&#039;immunit\u00e9 gr\u00e2ce au glutathion et \u00e0 la vitamine C Table des mati\u00e8res Le duo immunitaire Notre syst\u00e8me immunitaire est la premi\u00e8re ligne de d\u00e9fense de notre organisme contre les maladies, et il [&hellip;]<\/p>\n","protected":false},"author":6,"featured_media":0,"parent":2720,"menu_order":0,"comment_status":"closed","ping_status":"closed","template":"","meta":{"footnotes":""},"class_list":["post-14611","page","type-page","status-publish","hentry"],"_links":{"self":[{"href":"https:\/\/drterziler.com\/fr\/wp-json\/wp\/v2\/pages\/14611","targetHints":{"allow":["GET"]}}],"collection":[{"href":"https:\/\/drterziler.com\/fr\/wp-json\/wp\/v2\/pages"}],"about":[{"href":"https:\/\/drterziler.com\/fr\/wp-json\/wp\/v2\/types\/page"}],"author":[{"embeddable":true,"href":"https:\/\/drterziler.com\/fr\/wp-json\/wp\/v2\/users\/6"}],"replies":[{"embeddable":true,"href":"https:\/\/drterziler.com\/fr\/wp-json\/wp\/v2\/comments?post=14611"}],"version-history":[{"count":10,"href":"https:\/\/drterziler.com\/fr\/wp-json\/wp\/v2\/pages\/14611\/revisions"}],"predecessor-version":[{"id":58205,"href":"https:\/\/drterziler.com\/fr\/wp-json\/wp\/v2\/pages\/14611\/revisions\/58205"}],"up":[{"embeddable":true,"href":"https:\/\/drterziler.com\/fr\/wp-json\/wp\/v2\/pages\/2720"}],"wp:attachment":[{"href":"https:\/\/drterziler.com\/fr\/wp-json\/wp\/v2\/media?parent=14611"}],"curies":[{"name":"wp","href":"https:\/\/api.w.org\/{rel}","templated":true}]}}