{"id":14621,"date":"2024-12-29T15:50:24","date_gmt":"2024-12-29T15:50:24","guid":{"rendered":"https:\/\/drterziler.com\/?page_id=14621"},"modified":"2026-02-28T18:05:52","modified_gmt":"2026-02-28T18:05:52","slug":"la-solution-de-desintoxication-pourquoi-le-glutathion-et-la-vitamine-c-sont-essentiels","status":"publish","type":"page","link":"https:\/\/drterziler.com\/fr\/longevite\/glutathion-et-vitamine-c\/la-solution-de-desintoxication-pourquoi-le-glutathion-et-la-vitamine-c-sont-essentiels\/","title":{"rendered":"La solution de d\u00e9sintoxication : Pourquoi le glutathion et la vitamine C sont essentiels"},"content":{"rendered":"<div class=\"page-content\">\n<div id=\"header-area\">\n<div class=\"container\" id=\"firstContent\">\n<div class=\"header-content d-flex flex-column\">\n<h1 class=\"content-title h1-header\">La solution de d\u00e9sintoxication : Pourquoi le glutathion et la vitamine C sont essentiels<\/h1>\n<div class=\"content-paragraph\">\n<p class=\"p-text\">\n<\/p><\/div>\n<nav aria-label=\"breadcrumb\" class=\"breadcrumbs\">\n<ul class=\"d-flex align-items-center mb-0\">\n<li><a class=\"link\" href=\"https:\/\/drterziler.com\/fr\/\"><span>Dr. Terziler Exclusive Clinic<\/span><\/a><\/li>\n<li class=\"separator\">\u00bb<\/li>\n<li><a class=\"link\" href=\"https:\/\/drterziler.com\/fr\/longevite\/\"><span>Long\u00e9vit\u00e9<\/span><\/a><\/li>\n<li class=\"separator\">\u00bb<\/li>\n<li><a class=\"link\" href=\"https:\/\/drterziler.com\/fr\/longevite\/glutathion-et-vitamine-c\/\"><span>Glutathion et vitamine C<\/span><\/a><\/li>\n<li class=\"separator\">\u00bb<\/li>\n<li class=\"current-page\"><span>La solution de d\u00e9sintoxication : Pourquoi le glutathion et la vitamine C sont essentiels<\/span><\/li>\n<\/ul>\n<\/nav><\/div>\n<\/p><\/div>\n<\/p><\/div>\n<\/div>\n<section id=\"content-area\">\n<div class=\"container my-5\">\n<div class=\"row align-items-start\">\n<div class=\"col-md-6 order-2 order-md-1\">\n<div class=\"custom-toc-box\">\n<div id=\"toc-header\">\n<h4>Table des mati\u00e8res<\/h4>\n<div class=\"toc-toggle-icon\"><\/div>\n<\/p><\/div>\n<div class=\"toc-full-divider\"><\/div>\n<div id=\"toc-body\">\n<div id=\"toc-container\"><\/div>\n<\/p><\/div>\n<\/p><\/div>\n<\/p><\/div>\n<div class=\"col-md-6 order-1 order-md-2\" id=\"jForm\">\n                <script type=\"text\/javascript\" src=\"https:\/\/form.jotform.com\/jsform\/242882407646969\"><\/script>\n            <\/div>\n<\/p><\/div>\n<\/p><\/div>\n<div class=\"container\">\n<div class=\"img-thumb\">\n            <img loading=\"lazy\" decoding=\"async\" src=\"https:\/\/drterziler.com\/wp-content\/uploads\/2024\/12\/detox-vitamin-c.png\" sizes=\"auto, (max-width: 865px) 100vw, 865px\" srcset=\"https:\/\/drterziler.com\/wp-content\/uploads\/2024\/12\/detox-vitamin-c.png 865w, https:\/\/drterziler.com\/wp-content\/uploads\/2024\/12\/detox-vitamin-c-300x191.png 300w, https:\/\/drterziler.com\/wp-content\/uploads\/2024\/12\/detox-vitamin-c-768x489.png 768w\" alt=\"\" width=\"865\" height=\"551\">\n        <\/div>\n<div>\n<div>\n<h2 class=\"h2-header\">La d\u00e9sintoxication pour un corps plus sain<\/h2>\n<\/p><\/div>\n<div>\n<p class=\"p-text\">Dans le monde d&#039;aujourd&#039;hui, notre corps est constamment expos\u00e9 \u00e0 des toxines nocives provenant des aliments transform\u00e9s, de la pollution et du stress. La d\u00e9toxification est plus cruciale que jamais pour maintenir une sant\u00e9 optimale. Le glutathion et la vitamine C sont deux puissants alli\u00e9s du processus naturel de d\u00e9toxification de l&#039;organisme. Ces antioxydants agissent en synergie pour \u00e9liminer les toxines, combattre le stress oxydatif et rajeunir le syst\u00e8me. En comprenant leur r\u00f4le dans la d\u00e9toxification, vous pouvez prendre des mesures proactives pour adopter un mode de vie plus propre et plus sain. Le glutathion : le ma\u00eetre d\u00e9toxifiant Le glutathion, souvent appel\u00e9 \u00ab antioxydant principal \u00bb, joue un r\u00f4le central dans la d\u00e9toxification de l&#039;organisme. Il est naturellement produit dans le foie, o\u00f9 il aide \u00e0 d\u00e9composer et \u00e0 \u00e9liminer les substances nocives telles que les m\u00e9taux lourds, les polluants et les d\u00e9chets m\u00e9taboliques. Le glutathion prot\u00e8ge les cellules en neutralisant les radicaux libres, qui peuvent endommager l&#039;ADN et acc\u00e9l\u00e9rer le vieillissement. Sa capacit\u00e9 \u00e0 r\u00e9g\u00e9n\u00e9rer d&#039;autres antioxydants, tels que la vitamine C et E, renforce son pouvoir d\u00e9toxifiant, ce qui en fait un \u00e9l\u00e9ment essentiel du syst\u00e8me de d\u00e9fense de l&#039;organisme. Pour les personnes expos\u00e9es aux toxines de l&#039;environnement ou celles qui cherchent \u00e0 am\u00e9liorer la sant\u00e9 de leur foie, l&#039;augmentation des niveaux de glutathion par le biais d&#039;une th\u00e9rapie ou de suppl\u00e9ments peut faire une diff\u00e9rence notable sur le plan du bien-\u00eatre g\u00e9n\u00e9ral. Vitamine C : Favoriser la d\u00e9sintoxication et la sant\u00e9 immunitaire La vitamine C est un stimulant immunitaire bien connu, mais son r\u00f4le dans la d\u00e9toxification est tout aussi important. En tant qu&#039;antioxydant puissant, elle aide \u00e0 neutraliser les radicaux libres et aide le foie \u00e0 \u00e9liminer les toxines. La vitamine C renforce les niveaux naturels de glutathion de l&#039;organisme en les r\u00e9g\u00e9n\u00e9rant, assurant ainsi une protection continue contre le stress oxydatif. En outre, elle favorise la production de collag\u00e8ne, qui renforce la peau, les articulations et les tissus, aidant ainsi l&#039;organisme \u00e0 se r\u00e9parer des dommages caus\u00e9s par les toxines. Associ\u00e9e au glutathion, la vitamine C amplifie les processus de d\u00e9toxification, cr\u00e9ant ainsi un syst\u00e8me robuste d&#039;\u00e9limination des substances nocives. La synergie entre le glutathion et la vitamine C L&#039;association du glutathion et de la vitamine C offre des avantages in\u00e9gal\u00e9s pour la d\u00e9sintoxication et la sant\u00e9 en g\u00e9n\u00e9ral. Ensemble, ils forment une puissante \u00e9quipe antioxydante qui combat le stress oxydatif, un facteur cl\u00e9 des maladies chroniques et du vieillissement. Alors que le glutathion d\u00e9toxifie directement le foie et les cellules, la vitamine C r\u00e9g\u00e9n\u00e8re ses niveaux, assurant ainsi une activit\u00e9 soutenue. Cette synergie soutient non seulement la capacit\u00e9 de l&#039;organisme \u00e0 se purifier, mais stimule \u00e9galement les niveaux d&#039;\u00e9nergie, am\u00e9liore la sant\u00e9 de la peau et renforce l&#039;immunit\u00e9. L&#039;int\u00e9gration de ces deux \u00e9l\u00e9ments dans votre r\u00e9gime quotidien, que ce soit par le biais d&#039;un r\u00e9gime alimentaire ou de suppl\u00e9ments, peut contribuer \u00e0 optimiser les voies de d\u00e9sintoxication de votre corps et \u00e0 vous donner une sensation de fra\u00eecheur et de rajeunissement. Comment le glutathion d\u00e9toxifie-t-il l&#039;organisme ? Le glutathion neutralise les radicaux libres et d\u00e9compose les toxines dans le foie, contribuant ainsi \u00e0 leur \u00e9limination de l\u2019organisme. Quel est le r\u00f4le de la vitamine C dans la d\u00e9sintoxication ? La vitamine C soutient les processus de d\u00e9sintoxication du foie et augmente les niveaux de glutathion, assurant ainsi une protection antioxydante continue. Le glutathion et la vitamine C peuvent-ils \u00eatre utilis\u00e9s ensemble ? Oui, ils agissent en synergie pour am\u00e9liorer la d\u00e9sintoxication, la vitamine C r\u00e9g\u00e9n\u00e9rant le glutathion pour une activit\u00e9 durable. Qui peut b\u00e9n\u00e9ficier d&#039;une cure de d\u00e9sintoxication au glutathion et \u00e0 la vitamine C ? Toute personne expos\u00e9e \u00e0 des toxines environnementales, souffrant de stress oxydatif ou cherchant \u00e0 am\u00e9liorer la sant\u00e9 de son foie et de son syst\u00e8me immunitaire peut en b\u00e9n\u00e9ficier. Combien de temps faut-il pour constater les r\u00e9sultats d&#039;une d\u00e9sintoxication \u00e0 l&#039;aide de ces antioxydants ? La plupart des gens remarquent des am\u00e9liorations en termes d\u2019\u00e9nergie et de clart\u00e9 au bout de 2 \u00e0 4 semaines d\u2019utilisation r\u00e9guli\u00e8re. Ces antioxydants peuvent-ils am\u00e9liorer la sant\u00e9 de la peau pendant la d\u00e9sintoxication ? Oui, en r\u00e9duisant le stress oxydatif, ils am\u00e9liorent le teint de la peau, att\u00e9nuent les imperfections et favorisent un effet bonne mine. Le glutathion neutralise les radicaux libres et d\u00e9compose les toxines dans le foie, contribuant ainsi \u00e0 leur \u00e9limination de l&#039;organisme. La vitamine C soutient les processus de d\u00e9sintoxication du foie et augmente les niveaux de glutathion, assurant ainsi une protection antioxydante continue. Oui, ils agissent en synergie pour am\u00e9liorer la d\u00e9sintoxication, la vitamine C r\u00e9g\u00e9n\u00e9rant le glutathion pour une activit\u00e9 durable. Toute personne expos\u00e9e \u00e0 des toxines environnementales, souffrant de stress oxydatif ou cherchant \u00e0 am\u00e9liorer la sant\u00e9 de son foie et de son syst\u00e8me immunitaire peut en b\u00e9n\u00e9ficier. La plupart des gens remarquent des am\u00e9liorations en termes d&#039;\u00e9nergie et de clart\u00e9 au bout de 2 \u00e0 4 semaines d&#039;utilisation r\u00e9guli\u00e8re. Oui, en r\u00e9duisant le stress oxydatif, ils am\u00e9liorent le teint de la peau, att\u00e9nuent les imperfections et favorisent un effet bonne mine.<\/p>\n<\/p><\/div>\n<\/p><\/div>\n<\/p><\/div>\n<\/section>\n","protected":false},"excerpt":{"rendered":"<p>La solution de d\u00e9sintoxication : Pourquoi le glutathion et la vitamine C sont essentiels Dr. Terziler Exclusive Clinic \u00bb Long\u00e9vit\u00e9 \u00bb Glutathion et vitamine C \u00bb La solution de d\u00e9sintoxication : Pourquoi le glutathion et la vitamine C sont essentiels Table des mati\u00e8res La d\u00e9sintoxication pour un corps plus sain Dans le monde d&#039;aujourd&#039;hui, notre [&hellip;]<\/p>\n","protected":false},"author":6,"featured_media":0,"parent":2720,"menu_order":0,"comment_status":"closed","ping_status":"closed","template":"","meta":{"footnotes":""},"class_list":["post-14621","page","type-page","status-publish","hentry"],"_links":{"self":[{"href":"https:\/\/drterziler.com\/fr\/wp-json\/wp\/v2\/pages\/14621","targetHints":{"allow":["GET"]}}],"collection":[{"href":"https:\/\/drterziler.com\/fr\/wp-json\/wp\/v2\/pages"}],"about":[{"href":"https:\/\/drterziler.com\/fr\/wp-json\/wp\/v2\/types\/page"}],"author":[{"embeddable":true,"href":"https:\/\/drterziler.com\/fr\/wp-json\/wp\/v2\/users\/6"}],"replies":[{"embeddable":true,"href":"https:\/\/drterziler.com\/fr\/wp-json\/wp\/v2\/comments?post=14621"}],"version-history":[{"count":7,"href":"https:\/\/drterziler.com\/fr\/wp-json\/wp\/v2\/pages\/14621\/revisions"}],"predecessor-version":[{"id":58215,"href":"https:\/\/drterziler.com\/fr\/wp-json\/wp\/v2\/pages\/14621\/revisions\/58215"}],"up":[{"embeddable":true,"href":"https:\/\/drterziler.com\/fr\/wp-json\/wp\/v2\/pages\/2720"}],"wp:attachment":[{"href":"https:\/\/drterziler.com\/fr\/wp-json\/wp\/v2\/media?parent=14621"}],"curies":[{"name":"wp","href":"https:\/\/api.w.org\/{rel}","templated":true}]}}