{"id":14824,"date":"2024-09-03T08:25:53","date_gmt":"2024-09-03T08:25:53","guid":{"rendered":"https:\/\/drterziler.com\/fut\/"},"modified":"2026-02-28T18:25:30","modified_gmt":"2026-02-28T18:25:30","slug":"fut","status":"publish","type":"page","link":"https:\/\/drterziler.com\/fr\/greffe-de-cheveux\/fut\/","title":{"rendered":"La greffe de cheveux FUT en Turquie"},"content":{"rendered":"<div class=\"page-content\">\n<div id=\"header-area\">\n<div class=\"container\" id=\"firstContent\">\n<div class=\"header-content d-flex flex-column\">\n<h1 class=\"content-title h1-header\">La greffe de cheveux FUT en Turquie<\/h1>\n<div class=\"content-paragraph\">\n<p class=\"p-text\">\n<\/p><\/div>\n<nav aria-label=\"breadcrumb\" class=\"breadcrumbs\">\n<ul class=\"d-flex align-items-center mb-0\">\n<li><a class=\"link\" href=\"https:\/\/drterziler.com\/fr\/\"><span>Dr. Terziler Exclusive Clinic<\/span><\/a><\/li>\n<li class=\"separator\">\u00bb<\/li>\n<li><a class=\"link\" href=\"https:\/\/drterziler.com\/fr\/greffe-de-cheveux\/\"><span>Greffe de cheveux<\/span><\/a><\/li>\n<li class=\"separator\">\u00bb<\/li>\n<li class=\"current-page\"><span>La greffe de cheveux FUT en Turquie<\/span><\/li>\n<\/ul>\n<\/nav><\/div>\n<\/p><\/div>\n<\/p><\/div>\n<\/div>\n<section id=\"content-area\">\n<div class=\"container my-5\">\n<div class=\"row align-items-start\">\n<div class=\"col-md-6 order-2 order-md-1\">\n<div class=\"custom-toc-box\">\n<div id=\"toc-header\">\n<h4>Table des mati\u00e8res<\/h4>\n<div class=\"toc-toggle-icon\"><\/div>\n<\/p><\/div>\n<div class=\"toc-full-divider\"><\/div>\n<div id=\"toc-body\">\n<div id=\"toc-container\"><\/div>\n<\/p><\/div>\n<\/p><\/div>\n<\/p><\/div>\n<div class=\"col-md-6 order-1 order-md-2\" id=\"jForm\">\n                <script type=\"text\/javascript\" src=\"https:\/\/form.jotform.com\/jsform\/242882407646969\"><\/script>\n            <\/div>\n<\/p><\/div>\n<\/p><\/div>\n<div class=\"container\">\n<div class=\"img-thumb\">\n            <img loading=\"lazy\" decoding=\"async\" width=\"1700\" height=\"1080\" src=\"https:\/\/drterziler.com\/wp-content\/uploads\/2024\/08\/6.webp\" alt=\"\" srcset=\"https:\/\/drterziler.com\/wp-content\/uploads\/2024\/08\/6.webp 1700w, https:\/\/drterziler.com\/wp-content\/uploads\/2024\/08\/6-300x191.webp 300w, https:\/\/drterziler.com\/wp-content\/uploads\/2024\/08\/6-1024x651.webp 1024w, https:\/\/drterziler.com\/wp-content\/uploads\/2024\/08\/6-768x488.webp 768w, https:\/\/drterziler.com\/wp-content\/uploads\/2024\/08\/6-1536x976.webp 1536w\" sizes=\"auto, (max-width: 1700px) 100vw, 1700px\">\n        <\/div>\n<div>\n<div>\n<h2 class=\"h2-header\">Qu&#039;est-ce que la greffe de cheveux FUT ?<\/h2>\n<\/p><\/div>\n<div>\n<p class=\"p-text\">La greffe d&#039;unit\u00e9s folliculaires (FUT), \u00e9galement connue sous le nom de m\u00e9thode de la bandelette, est une technique chirurgicale de restauration capillaire o\u00f9 une bande de cuir chevelu portant des cheveux est pr\u00e9lev\u00e9e dans la zone donneuse (g\u00e9n\u00e9ralement \u00e0 l&#039;arri\u00e8re de la t\u00eate). Cette bande est ensuite diss\u00e9qu\u00e9e en unit\u00e9s folliculaires individuelles, qui sont transplant\u00e9es dans les zones chauves.<\/p>\n<\/p><\/div>\n<\/p><\/div>\n<div>\n<div>\n<h2 class=\"h2-header\">Pourquoi choisir la FUT \u00e0 la clinique du Dr Terziler ?<\/h2>\n<\/p><\/div>\n<div>\n<p class=\"p-text\">1. \u00c9quipe exp\u00e9riment\u00e9e Le Dr Servet Terziler poss\u00e8de plus de 30 ans d&#039;exp\u00e9rience m\u00e9dicale et est un pionnier dans le domaine de la restauration capillaire en Turquie. L&#039;\u00e9quipe de la clinique est hautement qualifi\u00e9e pour effectuer les proc\u00e9dures FUT. 2. R\u00e9sultats naturels La FUT permet de transplanter un grand nombre de greffons en une seule s\u00e9ance, ce qui donne une repousse plus dense et naturelle. 3. Rentabilit\u00e9 La FUT peut \u00eatre plus rentable que d&#039;autres m\u00e9thodes, en particulier pour les patients n\u00e9cessitant un grand nombre de greffons. 4. Installations de pointe Bien que la clinique du Dr Terziler soit r\u00e9put\u00e9e pour sa technique DHI robotis\u00e9e avanc\u00e9e, elle propose \u00e9galement la m\u00e9thode FUT traditionnelle avec un \u00e9quipement moderne et des installations haut de gamme pour garantir les meilleurs r\u00e9sultats possibles. 5. Prise en charge compl\u00e8te De la consultation initiale aux soins postop\u00e9ratoires, la clinique offre un accompagnement complet tout au long du processus de restauration capillaire.<\/p>\n<\/p><\/div>\n<\/p><\/div>\n<div>\n<div>\n<h2 class=\"h2-header\">Le proc\u00e9d\u00e9 FUT \u00e0 la clinique du Dr Terziler<\/h2>\n<\/p><\/div>\n<div>\n<p class=\"p-text\">Consultation initiale : Votre parcours commence par une consultation d\u00e9taill\u00e9e pour \u00e9valuer votre perte de cheveux et d\u00e9terminer si la FUT est la meilleure option pour vous. Pr\u00e9paration : Le jour de l\u2019intervention, la zone donneuse est pr\u00e9par\u00e9e et une anesth\u00e9sie locale est administr\u00e9e pour votre confort. Pr\u00e9l\u00e8vement de la bande : Une bande de cuir chevelu est soigneusement retir\u00e9e de la zone donneuse. Pr\u00e9paration des greffons : La bande est diss\u00e9qu\u00e9e en unit\u00e9s folliculaires individuelles sous microscope haute puissance. Cr\u00e9ation de la zone receveuse : De petites incisions sont pratiqu\u00e9es dans les zones chauves pour accueillir les greffons. Placement des greffons : Les greffons pr\u00e9par\u00e9s sont m\u00e9ticuleusement plac\u00e9s dans les sites receveurs. Fermeture : La zone donneuse est sutur\u00e9e, laissant une fine cicatrice lin\u00e9aire g\u00e9n\u00e9ralement cach\u00e9e par les cheveux environnants.<\/p>\n<\/p><\/div>\n<\/p><\/div>\n<div>\n<div>\n<h2 class=\"h2-header\">Soins postop\u00e9ratoires<\/h2>\n<\/p><\/div>\n<div>\n<p class=\"p-text\">La clinique du Dr Terziler fournit des instructions d\u00e9taill\u00e9es et un soutien complet apr\u00e8s l\u2019intervention. Cela inclut des conseils sur la position de sommeil, le moment de reprendre les activit\u00e9s normales et la mani\u00e8re de prendre soin \u00e0 la fois de la zone donneuse et de la zone receveuse. La clinique propose \u00e9galement des rendez-vous de suivi pour surveiller votre progression et garantir des r\u00e9sultats optimaux.<\/p>\n<\/p><\/div>\n<\/p><\/div>\n<div>\n<div>\n<h2 class=\"h2-header\">Pourquoi choisir la Turquie pour votre greffe de cheveux FUT ?<\/h2>\n<\/p><\/div>\n<div>\n<p class=\"p-text\">La Turquie, en particulier Istanbul, est devenue une destination mondiale pour les greffes de cheveux. La clinique du Dr Terziler associe une expertise m\u00e9dicale de haut niveau \u00e0 l&#039;hospitalit\u00e9 reconnue du pays. Vous b\u00e9n\u00e9ficierez de : 1. Tarifs abordables Des greffes de cheveux de haute qualit\u00e9 \u00e0 une fraction du co\u00fbt pratiqu\u00e9 dans de nombreux pays occidentaux. 2. Opportunit\u00e9 touristique Combinez votre intervention avec la visite des sites historiques et attractions d&#039;Istanbul. 3. H\u00e9bergement de luxe La clinique organise des s\u00e9jours dans des h\u00f4tels 5 \u00e9toiles pour votre confort pendant la p\u00e9riode de r\u00e9cup\u00e9ration. 4. Transport VIP Profitez d\u2019un voyage sans stress gr\u00e2ce aux services de transfert VIP de la clinique.<\/p>\n<\/p><\/div>\n<\/p><\/div>\n<div>\n<div>\n<h2 class=\"h2-header\">Conclusion<\/h2>\n<\/p><\/div>\n<div>\n<p class=\"p-text\">Bien que la clinique du Dr Terziler soit \u00e0 la pointe de la technologie en mati\u00e8re de greffe capillaire avec sa technique DHI robotis\u00e9e, elle excelle \u00e9galement dans les m\u00e9thodes traditionnelles comme la FUT. Cette polyvalence garantit \u00e0 chaque patient un traitement parfaitement adapt\u00e9 \u00e0 ses besoins individuels. Si vous envisagez une greffe de cheveux FUT, la Clinique Capillaire Exclusive du Dr Terziler en Turquie vous propose une combinaison de professionnels exp\u00e9riment\u00e9s, d\u2019\u00e9quipements de pointe et de soins complets pour vous aider \u00e0 obtenir les r\u00e9sultats de restauration capillaire que vous souhaitez. Contactez la clinique d\u00e8s aujourd\u2019hui pour commencer votre voyage vers une chevelure plus abondante.<\/p>\n<\/p><\/div>\n<\/p><\/div>\n<\/p><\/div>\n<\/section>\n","protected":false},"excerpt":{"rendered":"<p>La greffe de cheveux FUT en Turquie Dr. Terziler Exclusive Clinic \u00bb Greffe de cheveux \u00bb La greffe de cheveux FUT en Turquie Table des mati\u00e8res Qu&#039;est-ce que la greffe de cheveux FUT ? La greffe d&#039;unit\u00e9s folliculaires (FUT), \u00e9galement connue sous le nom de m\u00e9thode de la bandelette, est une technique chirurgicale de restauration [&hellip;]<\/p>\n","protected":false},"author":6,"featured_media":0,"parent":2688,"menu_order":0,"comment_status":"closed","ping_status":"closed","template":"","meta":{"footnotes":""},"class_list":["post-14824","page","type-page","status-publish","hentry"],"_links":{"self":[{"href":"https:\/\/drterziler.com\/fr\/wp-json\/wp\/v2\/pages\/14824","targetHints":{"allow":["GET"]}}],"collection":[{"href":"https:\/\/drterziler.com\/fr\/wp-json\/wp\/v2\/pages"}],"about":[{"href":"https:\/\/drterziler.com\/fr\/wp-json\/wp\/v2\/types\/page"}],"author":[{"embeddable":true,"href":"https:\/\/drterziler.com\/fr\/wp-json\/wp\/v2\/users\/6"}],"replies":[{"embeddable":true,"href":"https:\/\/drterziler.com\/fr\/wp-json\/wp\/v2\/comments?post=14824"}],"version-history":[{"count":10,"href":"https:\/\/drterziler.com\/fr\/wp-json\/wp\/v2\/pages\/14824\/revisions"}],"predecessor-version":[{"id":58281,"href":"https:\/\/drterziler.com\/fr\/wp-json\/wp\/v2\/pages\/14824\/revisions\/58281"}],"up":[{"embeddable":true,"href":"https:\/\/drterziler.com\/fr\/wp-json\/wp\/v2\/pages\/2688"}],"wp:attachment":[{"href":"https:\/\/drterziler.com\/fr\/wp-json\/wp\/v2\/media?parent=14824"}],"curies":[{"name":"wp","href":"https:\/\/api.w.org\/{rel}","templated":true}]}}