{"id":15916,"date":"2025-01-27T10:48:00","date_gmt":"2025-01-27T10:48:00","guid":{"rendered":"https:\/\/drterziler.com\/esthetique-medicale\/yuz-uygulamalari\/"},"modified":"2026-04-21T13:34:16","modified_gmt":"2026-04-21T13:34:16","slug":"soins-du-visage","status":"publish","type":"page","link":"https:\/\/drterziler.com\/fr\/esthetique-medicale\/soins-du-visage\/","title":{"rendered":"Soins du visage"},"content":{"rendered":"<div class=\"page-content category-page\">\n<div id=\"header-area\">\n<div class=\"container\" id=\"firstContent\">\n<div class=\"header-content d-flex flex-column\">\n<h1 class=\"content-title\">Soins du Visage<\/h1>\n<div class=\"content-paragraph\">\n                    Nous sommes l\u00e0 pour le visage que vous souhaitez voir lorsque vous vous regardez dans le miroir. Gr\u00e2ce \u00e0 nos appareils de technologie avanc\u00e9e et \u00e0 notre expertise, nous vous accompagnons dans votre parcours de rajeunissement cutan\u00e9. L&rsquo;apparence de vos r\u00eaves n&rsquo;est plus qu&rsquo;\u00e0 une \u00e9tape, dans sa forme la plus impeccable.\n                <\/div>\n<nav aria-label=\"breadcrumb\" class=\"breadcrumbs\">\n<ul class=\"d-flex align-items-center mb-0\">\n<li><a class=\"link\" href=\"https:\/\/drterziler.com\/fr\/\"><span>Dr. Terziler<\/span><\/a><\/li>\n<li class=\"separator\">\u00bb<\/li>\n<li><a class=\"link\" href=\"https:\/\/drterziler.com\/fr\/esthetique-medicale\/\"><span>Esth\u00e9tique M\u00e9dicale<\/span><\/a><\/li>\n<li class=\"separator\">\u00bb<\/li>\n<li class=\"current-page\"><span>Soins du Visage<\/span><\/li>\n<\/ul>\n<\/nav><\/div>\n<\/p><\/div>\n<\/p><\/div>\n<\/div>\n<section class=\"svc-section\">\n<div class=\"container\">\n<div class=\"svc-item right-card\">\n<div class=\"svc-media\">\n                <img decoding=\"async\" src=\"https:\/\/drterziler.com\/wp-content\/uploads\/2025\/01\/FRANSIZ-ASKISI.webp\" alt=\"Lifting par Fil Fran\u00e7ais\" loading=\"lazy\" class=\"cat-img\">\n            <\/div>\n<div class=\"svc-card\">\n<h3 class=\"svc-title gilda\">Ascenseur de fil Fran\u00e7ais<\/h3>\n<p class=\"svc-text barlow\">\n                    Le lifting par fils fran\u00e7ais cr\u00e9e un effet de lifting naturel en suspendant les contours du visage \u00e0 l&rsquo;aide de fils fins plac\u00e9s sous la peau. Il raffermit la peau, traite le rel\u00e2chement et l&rsquo;affaissement, offrant une apparence jeune et dynamique. La proc\u00e9dure est peu invasive et est g\u00e9n\u00e9ralement r\u00e9alis\u00e9e sous anesth\u00e9sie locale.\n                <\/p>\n<p>                <a class=\"btn-details barlow-condensed\" href=\"https:\/\/drterziler.com\/fr\/esthetique-medicale\/soins-du-visage\/ascenseur-de-fil-francais\/\">D\u00c9TAILS<\/a>\n            <\/div>\n<\/p><\/div>\n<div class=\"svc-item left-card\">\n<div class=\"svc-media\">\n                <img decoding=\"async\" src=\"https:\/\/drterziler.com\/wp-content\/uploads\/2025\/01\/Likit-Yuz-Germe.webp\" alt=\"Lifting Liquide\" loading=\"lazy\" class=\"cat-img\">\n            <\/div>\n<div class=\"svc-card\">\n<h3 class=\"svc-title gilda\">Lifting Liquide<\/h3>\n<p class=\"svc-text barlow\">\n                    Le lifting liquide sculpte les contours du visage et raffermit la peau en utilisant de l&rsquo;acide hyaluronique et des produits de comblement similaires. Offrant des r\u00e9sultats rapides et efficaces, il rajeunit le visage sans n\u00e9cessiter d&rsquo;intervention chirurgicale. L&rsquo;affaissement et les rides du visage sont consid\u00e9rablement r\u00e9duits.\n                <\/p>\n<p>                <a class=\"btn-details barlow-condensed\" href=\"https:\/\/drterziler.com\/fr\/esthetique-medicale\/soins-du-visage\/lifting-liquide\/\">D\u00c9TAILS<\/a>\n            <\/div>\n<\/p><\/div>\n<div class=\"svc-item right-card\">\n<div class=\"svc-media\">\n                <img decoding=\"async\" src=\"https:\/\/drterziler.com\/wp-content\/uploads\/2025\/01\/Dolgu-Tedavisi.webp\" alt=\"Produit de Comblement\" loading=\"lazy\" class=\"cat-img\">\n            <\/div>\n<div class=\"svc-card\">\n<h3 class=\"svc-title gilda\">Remplisseur<\/h3>\n<p class=\"svc-text barlow\">\n                    L&rsquo;agitation de la vie quotidienne, le stress et les effets du vieillissement se refl\u00e8tent progressivement sur votre peau, mais il est possible d&rsquo;inverser ce changement. Les diff\u00e9rents traitements de comblement que nous proposons dans notre clinique restaurent les volumes perdus, d\u00e9finissent les contours et lissent votre peau. Avec des r\u00e9sultats instantan\u00e9s et un temps de r\u00e9cup\u00e9ration minimal, ils offrent un rajeunissement naturel, vous permettant de vous sentir plus frais et plus jeune.\n                <\/p>\n<p>                <a class=\"btn-details barlow-condensed\" href=\"https:\/\/drterziler.com\/fr\/esthetique-medicale\/soins-du-visage\/remplisseur\/\">D\u00c9TAILS<\/a>\n            <\/div>\n<\/p><\/div>\n<div class=\"svc-item left-card\">\n<div class=\"svc-media\">\n                <img decoding=\"async\" src=\"https:\/\/drterziler.com\/wp-content\/uploads\/2025\/01\/Botoks.webp\" alt=\"Botox (Toxine Botulique)\" loading=\"lazy\" class=\"cat-img\">\n            <\/div>\n<div class=\"svc-card\">\n<h3 class=\"svc-title gilda\">Botox (Toxine Botulique)<\/h3>\n<p class=\"svc-text barlow\">\n                    Le Botox est une m\u00e9thode de traitement efficace qui rajeunit les traits du visage et pr\u00e9vient les rides. En relaxant temporairement les muscles, il r\u00e9duit les lignes et les ridules. L&rsquo;un des traitements esth\u00e9tiques les plus populaires, le Botox offre des r\u00e9sultats rapides et s\u00fbrs sans intervention chirurgicale. Il att\u00e9nue les signes du vieillissement cutan\u00e9, rendant l&rsquo;expression faciale plus vibrante et plus jeune.\n                <\/p>\n<p>                <a class=\"btn-details barlow-condensed\" href=\"https:\/\/drterziler.com\/fr\/esthetique-medicale\/soins-du-visage\/botox-toxine-botulique\/\">D\u00c9TAILS<\/a>\n            <\/div>\n<\/p><\/div>\n<div class=\"svc-item right-card\">\n<div class=\"svc-media\">\n                <img decoding=\"async\" src=\"https:\/\/drterziler.com\/wp-content\/uploads\/2025\/01\/Mezoterapi.webp\" alt=\"M\u00e9soth\u00e9rapie\" loading=\"lazy\" class=\"cat-img\">\n            <\/div>\n<div class=\"svc-card\">\n<h3 class=\"svc-title gilda\">M\u00e9soth\u00e9rapie<\/h3>\n<p class=\"svc-text barlow\">\n                    La m\u00e9soth\u00e9rapie est une m\u00e9thode de traitement efficace qui agit en profondeur sur votre peau, lui apportant jeunesse, vitalit\u00e9 et \u00e9clat. Gr\u00e2ce \u00e0 des micro-injections de vitamines, min\u00e9raux, acide hyaluronique et autres ingr\u00e9dients nourrissants sous la peau, elle garantit que votre peau re\u00e7oit tous les nutriments dont elle a besoin. En cons\u00e9quence, une apparence vibrante et \u00e9clatante est obtenue.\n                <\/p>\n<p>                <a class=\"btn-details barlow-condensed\" href=\"https:\/\/drterziler.com\/fr\/esthetique-medicale\/soins-du-visage\/mesotherapie\/\">D\u00c9TAILS<\/a>\n            <\/div>\n<\/p><\/div>\n<div class=\"svc-item left-card\">\n<div class=\"svc-media\">\n                <img decoding=\"async\" src=\"https:\/\/drterziler.com\/wp-content\/uploads\/2025\/01\/PRP-ve-Egzozom-Plazma-Uygulamalari.webp\" alt=\"Traitements PRP et Plasma d'Exosomes\" loading=\"lazy\" class=\"cat-img\">\n            <\/div>\n<div class=\"svc-card\">\n<h3 class=\"svc-title gilda\">Traitements PRP et Plasma d&rsquo;Exosomes<\/h3>\n<p class=\"svc-text barlow\">\n                    Les applications de PRP et de Plasma d&rsquo;Exosomes redonnent un \u00e9clat de jeunesse \u00e0 votre peau tout en offrant une apparence plus dense et plus saine \u00e0 vos cheveux. Ces technologies avanc\u00e9es d\u00e9clenchent des m\u00e9canismes de r\u00e9g\u00e9n\u00e9ration naturelle, ayant un impact significatif dans le monde de la beaut\u00e9 et des soins, avec une large gamme d&rsquo;effets allant de la r\u00e9duction des rides \u00e0 la pr\u00e9vention de la chute des cheveux.\n                <\/p>\n<p>                <a class=\"btn-details barlow-condensed\" href=\"https:\/\/drterziler.com\/fr\/esthetique-medicale\/soins-du-visage\/traitements-prp-et-plasma-dexosomes\/\">D\u00c9TAILS<\/a>\n            <\/div>\n<\/p><\/div>\n<div class=\"svc-item right-card\">\n<div class=\"svc-media\">\n                <img decoding=\"async\" src=\"https:\/\/drterziler.com\/wp-content\/uploads\/2025\/01\/Kok-Hucre-Uygulamalari.webp\" alt=\"Traitements par Cellules Souches\" loading=\"lazy\" class=\"cat-img\">\n            <\/div>\n<div class=\"svc-card\">\n<h3 class=\"svc-title gilda\">Traitements par Cellules Souches<\/h3>\n<p class=\"svc-text barlow\">\n                    La th\u00e9rapie par cellules souches est une technologie de sant\u00e9 avanc\u00e9e qui lib\u00e8re le potentiel d&rsquo;auto-r\u00e9paration et de r\u00e9g\u00e9n\u00e9ration du corps. Ce traitement sp\u00e9cialis\u00e9 d\u00e9clenche les m\u00e9canismes naturels de r\u00e9paration des cellules, favorisant la jeunesse, la r\u00e9silience et l&rsquo;\u00e9nergie. Offrant une approche personnalis\u00e9e, la th\u00e9rapie par cellules souches soutient la sant\u00e9 globale et am\u00e9liore la qualit\u00e9 de vie.\n                <\/p>\n<p>                <a class=\"btn-details barlow-condensed\" href=\"https:\/\/drterziler.com\/fr\/esthetique-medicale\/soins-du-visage\/traitements-des-cellules-souches\/\">D\u00c9TAILS<\/a>\n            <\/div>\n<\/p><\/div>\n<div class=\"svc-item left-card\">\n<div class=\"svc-media\">\n                <img decoding=\"async\" src=\"https:\/\/drterziler.com\/wp-content\/uploads\/2025\/01\/Skinbooster.webp\" alt=\"Skinbooster\" loading=\"lazy\" class=\"cat-img\">\n            <\/div>\n<div class=\"svc-card\">\n<h3 class=\"svc-title gilda\">Booster de peau<\/h3>\n<p class=\"svc-text barlow\">\n                    Il s&rsquo;agit d&rsquo;une m\u00e9thode de traitement innovante et hautement efficace qui revitalise la sant\u00e9 et l&rsquo;apparence de la peau. Avec sa formule contenant de l&rsquo;acide hyaluronique, il hydrate la peau en profondeur, augmente l&rsquo;\u00e9lasticit\u00e9 et minimise les signes du vieillissement. En offrant un aspect cutan\u00e9 naturel et radieux, il cr\u00e9e un effet de rajeunissement sain et rend la peau plus \u00e9clatante.\n                <\/p>\n<p>                <a class=\"btn-details barlow-condensed\" href=\"https:\/\/drterziler.com\/fr\/esthetique-medicale\/soins-du-visage\/booster-de-peau\/\">D\u00c9TAILS<\/a>\n            <\/div>\n<\/p><\/div>\n<div class=\"svc-item right-card\">\n<div class=\"svc-media\">\n                <img decoding=\"async\" src=\"https:\/\/drterziler.com\/wp-content\/uploads\/2025\/01\/Dermapen.webp\" alt=\"Dermapen\" loading=\"lazy\" class=\"cat-img\">\n            <\/div>\n<div class=\"svc-card\">\n<h3 class=\"svc-title gilda\">Dermapen<\/h3>\n<p class=\"svc-text barlow\">\n                    Le Dermapen est un appareil efficace utilis\u00e9 dans les proc\u00e9dures visant \u00e0 stimuler les follicules pileux et \u00e0 am\u00e9liorer la sant\u00e9 du cuir chevelu. De fines micro-aiguilles cr\u00e9ent de minuscules canaux dans le cuir chevelu, augmentant le flux sanguin, permettant aux follicules pileux d&rsquo;\u00eatre mieux nourris et maximisant l&rsquo;efficacit\u00e9 des traitements. Il est appliqu\u00e9 de mani\u00e8re totalement indolore et confortable.\n                <\/p>\n<p>                <a class=\"btn-details barlow-condensed\" href=\"https:\/\/drterziler.com\/fr\/esthetique-medicale\/soins-du-visage\/dermapen-fr\/\">D\u00c9TAILS<\/a>\n            <\/div>\n<\/p><\/div>\n<\/p><\/div>\n<\/section>\n","protected":false},"excerpt":{"rendered":"<p>Soins du Visage Nous sommes l\u00e0 pour le visage que vous souhaitez voir lorsque vous vous regardez dans le miroir. Gr\u00e2ce \u00e0 nos appareils de technologie avanc\u00e9e et \u00e0 notre expertise, nous vous accompagnons dans votre parcours de rajeunissement cutan\u00e9. L&rsquo;apparence de vos r\u00eaves n&rsquo;est plus qu&rsquo;\u00e0 une \u00e9tape, dans sa forme la plus impeccable. [&hellip;]<\/p>\n","protected":false},"author":6,"featured_media":0,"parent":2728,"menu_order":0,"comment_status":"closed","ping_status":"closed","template":"","meta":{"footnotes":""},"class_list":["post-15916","page","type-page","status-publish","hentry"],"_links":{"self":[{"href":"https:\/\/drterziler.com\/fr\/wp-json\/wp\/v2\/pages\/15916","targetHints":{"allow":["GET"]}}],"collection":[{"href":"https:\/\/drterziler.com\/fr\/wp-json\/wp\/v2\/pages"}],"about":[{"href":"https:\/\/drterziler.com\/fr\/wp-json\/wp\/v2\/types\/page"}],"author":[{"embeddable":true,"href":"https:\/\/drterziler.com\/fr\/wp-json\/wp\/v2\/users\/6"}],"replies":[{"embeddable":true,"href":"https:\/\/drterziler.com\/fr\/wp-json\/wp\/v2\/comments?post=15916"}],"version-history":[{"count":84,"href":"https:\/\/drterziler.com\/fr\/wp-json\/wp\/v2\/pages\/15916\/revisions"}],"predecessor-version":[{"id":59600,"href":"https:\/\/drterziler.com\/fr\/wp-json\/wp\/v2\/pages\/15916\/revisions\/59600"}],"up":[{"embeddable":true,"href":"https:\/\/drterziler.com\/fr\/wp-json\/wp\/v2\/pages\/2728"}],"wp:attachment":[{"href":"https:\/\/drterziler.com\/fr\/wp-json\/wp\/v2\/media?parent=15916"}],"curies":[{"name":"wp","href":"https:\/\/api.w.org\/{rel}","templated":true}]}}