{"id":16091,"date":"2025-01-27T12:06:11","date_gmt":"2025-01-27T12:06:11","guid":{"rendered":"https:\/\/drterziler.com\/esthetique-medicale\/yuz-uygulamalari\/fransiz-aski\/"},"modified":"2026-02-28T19:04:51","modified_gmt":"2026-02-28T19:04:51","slug":"ascenseur-de-fil-francais","status":"publish","type":"page","link":"https:\/\/drterziler.com\/fr\/esthetique-medicale\/soins-du-visage\/ascenseur-de-fil-francais\/","title":{"rendered":"Ascenseur de fil Fran\u00e7ais"},"content":{"rendered":"<div class=\"page-content\">\n<div id=\"header-area\">\n<div class=\"container\" id=\"firstContent\">\n<div class=\"header-content d-flex flex-column\">\n<h1 class=\"content-title h1-header\">Ascenseur de fil Fran\u00e7ais<\/h1>\n<div class=\"content-paragraph\">\n<p class=\"p-text\">Le lifting au fil fran\u00e7ais cr\u00e9e un effet lifting naturel en suspendant les contours du visage avec des fils fins plac\u00e9s sous la peau. Il raffermit la peau, corrige le rel\u00e2chement et le rel\u00e2chement, lui donnant une apparence jeune et dynamique. La proc\u00e9dure est peu invasive et est g\u00e9n\u00e9ralement r\u00e9alis\u00e9e sous anesth\u00e9sie locale.<\/p>\n<\/p><\/div>\n<nav aria-label=\"breadcrumb\" class=\"breadcrumbs\">\n<ul class=\"d-flex align-items-center mb-0\">\n<li><a class=\"link\" href=\"https:\/\/drterziler.com\/fr\/\"><span>Dr. Terziler Exclusive Clinic<\/span><\/a><\/li>\n<li class=\"separator\">\u00bb<\/li>\n<li><a class=\"link\" href=\"https:\/\/drterziler.com\/fr\/esthetique-medicale\/\"><span>Esth\u00e9tique m\u00e9dicale<\/span><\/a><\/li>\n<li class=\"separator\">\u00bb<\/li>\n<li><a class=\"link\" href=\"https:\/\/drterziler.com\/fr\/esthetique-medicale\/soins-du-visage\/\"><span>Soins du visage<\/span><\/a><\/li>\n<li class=\"separator\">\u00bb<\/li>\n<li class=\"current-page\"><span>Ascenseur de fil Fran\u00e7ais<\/span><\/li>\n<\/ul>\n<\/nav><\/div>\n<\/p><\/div>\n<\/p><\/div>\n<\/div>\n<section id=\"content-area\">\n<div class=\"container my-5\">\n<div class=\"row align-items-start\">\n<div class=\"col-md-6 order-2 order-md-1\">\n<div class=\"custom-toc-box\">\n<div id=\"toc-header\">\n<h4>Table des mati\u00e8res<\/h4>\n<div class=\"toc-toggle-icon\"><\/div>\n<\/p><\/div>\n<div class=\"toc-full-divider\"><\/div>\n<div id=\"toc-body\">\n<div id=\"toc-container\"><\/div>\n<\/p><\/div>\n<\/p><\/div>\n<\/p><\/div>\n<div class=\"col-md-6 order-1 order-md-2\" id=\"jForm\">\n                <script type=\"text\/javascript\" src=\"https:\/\/form.jotform.com\/jsform\/242882407646969\"><\/script>\n            <\/div>\n<\/p><\/div>\n<\/p><\/div>\n<div class=\"container\">\n<div class=\"img-thumb\">\n            <img loading=\"lazy\" decoding=\"async\" src=\"https:\/\/drterziler.com\/wp-content\/uploads\/2025\/01\/FRANSIZ-ASKISI.webp\" sizes=\"auto, (max-width: 1920px) 100vw, 1920px\" srcset=\"https:\/\/drterziler.com\/wp-content\/uploads\/2025\/01\/FRANSIZ-ASKISI.webp 1920w, https:\/\/drterziler.com\/wp-content\/uploads\/2025\/01\/FRANSIZ-ASKISI-300x169.webp 300w, https:\/\/drterziler.com\/wp-content\/uploads\/2025\/01\/FRANSIZ-ASKISI-1024x576.webp 1024w, https:\/\/drterziler.com\/wp-content\/uploads\/2025\/01\/FRANSIZ-ASKISI-768x432.webp 768w, https:\/\/drterziler.com\/wp-content\/uploads\/2025\/01\/FRANSIZ-ASKISI-1536x864.webp 1536w\" alt=\"\" width=\"1920\" height=\"1080\">\n        <\/div>\n<div>\n<div>\n<h2 class=\"h2-header\">Qu&#039;est-ce que le French Thread Lift ?<\/h2>\n<\/p><\/div>\n<div>\n<p class=\"p-text\">Le French Thread Lift est une technique de lifting facial non chirurgicale et efficace qui ne n\u00e9cessite pas d&#039;anesth\u00e9sie. Des fils sp\u00e9ciaux plac\u00e9s sous la peau rehaussent les contours du visage, corrigeant ainsi l&#039;affaissement et le rel\u00e2chement. Il stimule \u00e9galement la production de collag\u00e8ne sous la peau, procurant un aspect plus ferme et plus jeune.<\/p>\n<\/p><\/div>\n<\/p><\/div>\n<div>\n<div>\n<h2 class=\"h2-header\">Comment le French Thread Lift agit-il sur la peau ?<\/h2>\n<\/p><\/div>\n<div>\n<p class=\"p-text\">Le French Thread Lift fonctionne avec des fils flexibles plac\u00e9s dans les couches profondes de la peau. Ces fils cr\u00e9ent un effet liftant imm\u00e9diat, resserrant la peau rel\u00e2ch\u00e9e et favorisant la production de collag\u00e8ne. En cons\u00e9quence, la peau devient plus ferme, plus volumineuse et acquiert une apparence rajeunie. De plus, les traits du visage sont mieux d\u00e9finis, et le rel\u00e2chement dans des zones comme les sourcils, le menton et les pommettes est \u00e9limin\u00e9.<\/p>\n<\/p><\/div>\n<\/p><\/div>\n<div>\n<div>\n<h2 class=\"h2-header\">Qui sont les candidats id\u00e9aux ?<\/h2>\n<\/p><\/div>\n<div>\n<p class=\"p-text\">Personnes \u00e2g\u00e9es de 35 \u00e0 60 ans Personnes pr\u00e9sentant un affaissement l\u00e9ger ou mod\u00e9r\u00e9 du visage Personnes recherchant une solution non chirurgicale mais efficace Individus ayant d\u00e9j\u00e0 subi une intervention chirurgicale et constat\u00e9 un rel\u00e2chement des tissus Personnes en bonne sant\u00e9 g\u00e9n\u00e9rale<\/p>\n<\/p><\/div>\n<\/p><\/div>\n<div>\n<div>\n<h2 class=\"h2-header\">Quels probl\u00e8mes de peau peut-il traiter ?<\/h2>\n<\/p><\/div>\n<div>\n<p class=\"p-text\">Le French Thread Lift traite l&#039;affaissement du visage, le rel\u00e2chement au niveau de la m\u00e2choire, la perte de d\u00e9finition des pommettes, l&#039;apparence fatigu\u00e9e et terne, la chute des sourcils et d&#039;autres probl\u00e8mes cutan\u00e9s. De plus, il redonne de l&#039;\u00e9lasticit\u00e9 au contour des yeux et au cou, procurant une apparence plus jeune.<\/p>\n<\/p><\/div>\n<\/p><\/div>\n<div>\n<div>\n<h2 class=\"h2-header\">Les avantages parfaits du French Thread Lift<\/h2>\n<\/p><\/div>\n<div>\n<p class=\"p-text\">Proc\u00e9dure non chirurgicale R\u00e9sultats imm\u00e9diats Effet rajeunissant durable Temps de r\u00e9cup\u00e9ration minimal Aspect naturel et esth\u00e9tique Grande s\u00e9curit\u00e9 Correction simultan\u00e9e de plusieurs probl\u00e8mes du visage Application rapide et facile Effets permanents<\/p>\n<\/p><\/div>\n<\/p><\/div>\n<div>\n<div>\n<h2 class=\"h2-header\">Combien de temps dure l&#039;effet ?<\/h2>\n<\/p><\/div>\n<div>\n<p class=\"p-text\">Le French Thread Lift offre g\u00e9n\u00e9ralement des r\u00e9sultats efficaces pendant 3 \u00e0 5 ans. La dur\u00e9e de l&#039;effet peut varier en fonction de facteurs tels que l&#039;\u00e2ge, le type de peau et la qualit\u00e9 des fils utilis\u00e9s. Pendant cette p\u00e9riode, la production continue de collag\u00e8ne aide \u00e0 maintenir l&#039;effet rajeunissant sur la peau.<\/p>\n<\/p><\/div>\n<\/p><\/div>\n<div>\n<div>\n<h2 class=\"h2-header\">French Thread Lift non chirurgical<\/h2>\n<\/p><\/div>\n<div>\n<p class=\"p-text\">Le French Thread Lift est une solution non chirurgicale pour le lifting du visage. R\u00e9alis\u00e9e sous anesth\u00e9sie locale, la r\u00e9cup\u00e9ration est tr\u00e8s rapide. Cette proc\u00e9dure, qui ne comporte pas de risques chirurgicaux, sculpte les contours du visage de mani\u00e8re naturelle, entra\u00eenant un rajeunissement.<\/p>\n<\/p><\/div>\n<\/p><\/div>\n<div>\n<div>\n<h2 class=\"h2-header\">Y a-t-il des effets secondaires ?<\/h2>\n<\/p><\/div>\n<div>\n<p class=\"p-text\">Le French Thread Lift est g\u00e9n\u00e9ralement une m\u00e9thode s\u00fbre. Cependant, une l\u00e9g\u00e8re rougeur, un gonflement ou une sensibilit\u00e9 peuvent appara\u00eetre apr\u00e8s l&#039;intervention. Ces effets secondaires disparaissent g\u00e9n\u00e9ralement d&#039;eux-m\u00eames en quelques jours.<\/p>\n<\/p><\/div>\n<\/p><\/div>\n<div>\n<div>\n<h2 class=\"h2-header\">Pourquoi choisir la clinique exclusive Dr. Terziler ?<\/h2>\n<\/p><\/div>\n<div>\n<p class=\"p-text\">Le Dr Terziler allie une expertise mondialement reconnue \u00e0 une approche esth\u00e9tique qui fusionne l&#039;art et la science, offrant des solutions personnalis\u00e9es qui apportent non seulement une transformation physique mais aussi \u00e9motionnelle. Notre clinique, \u00e9quip\u00e9e des technologies les plus avanc\u00e9es et op\u00e9rant avec un souci du confort et de la s\u00e9curit\u00e9, adopte l&#039;excellence comme philosophie institutionnelle. Car ici, chaque geste vise \u00e0 am\u00e9liorer votre bien-\u00eatre global et votre bonheur.<\/p>\n<\/p><\/div>\n<\/p><\/div>\n<\/p><\/div>\n<\/section>\n","protected":false},"excerpt":{"rendered":"<p>Ascenseur de fil Fran\u00e7ais Le lifting au fil fran\u00e7ais cr\u00e9e un effet lifting naturel en suspendant les contours du visage avec des fils fins plac\u00e9s sous la peau. Il raffermit la peau, corrige le rel\u00e2chement et le rel\u00e2chement, lui donnant une apparence jeune et dynamique. La proc\u00e9dure est peu invasive et est g\u00e9n\u00e9ralement r\u00e9alis\u00e9e sous [&hellip;]<\/p>\n","protected":false},"author":6,"featured_media":0,"parent":15916,"menu_order":0,"comment_status":"closed","ping_status":"closed","template":"","meta":{"footnotes":""},"class_list":["post-16091","page","type-page","status-publish","hentry"],"_links":{"self":[{"href":"https:\/\/drterziler.com\/fr\/wp-json\/wp\/v2\/pages\/16091","targetHints":{"allow":["GET"]}}],"collection":[{"href":"https:\/\/drterziler.com\/fr\/wp-json\/wp\/v2\/pages"}],"about":[{"href":"https:\/\/drterziler.com\/fr\/wp-json\/wp\/v2\/types\/page"}],"author":[{"embeddable":true,"href":"https:\/\/drterziler.com\/fr\/wp-json\/wp\/v2\/users\/6"}],"replies":[{"embeddable":true,"href":"https:\/\/drterziler.com\/fr\/wp-json\/wp\/v2\/comments?post=16091"}],"version-history":[{"count":14,"href":"https:\/\/drterziler.com\/fr\/wp-json\/wp\/v2\/pages\/16091\/revisions"}],"predecessor-version":[{"id":58331,"href":"https:\/\/drterziler.com\/fr\/wp-json\/wp\/v2\/pages\/16091\/revisions\/58331"}],"up":[{"embeddable":true,"href":"https:\/\/drterziler.com\/fr\/wp-json\/wp\/v2\/pages\/15916"}],"wp:attachment":[{"href":"https:\/\/drterziler.com\/fr\/wp-json\/wp\/v2\/media?parent=16091"}],"curies":[{"name":"wp","href":"https:\/\/api.w.org\/{rel}","templated":true}]}}