{"id":16300,"date":"2025-01-27T12:45:37","date_gmt":"2025-01-27T12:45:37","guid":{"rendered":"https:\/\/drterziler.com\/esthetique-medicale\/yuz-uygulamalari\/filler\/cene-dolgusu\/"},"modified":"2026-02-28T19:10:28","modified_gmt":"2026-02-28T19:10:28","slug":"remplisseur-de-menton","status":"publish","type":"page","link":"https:\/\/drterziler.com\/fr\/esthetique-medicale\/soins-du-visage\/remplisseur\/remplisseur-de-menton\/","title":{"rendered":"Remplisseur de menton"},"content":{"rendered":"<div class=\"page-content\">\n<div id=\"header-area\">\n<div class=\"container\" id=\"firstContent\">\n<div class=\"header-content d-flex flex-column\">\n<h1 class=\"content-title h1-header\">Remplisseur de menton<\/h1>\n<div class=\"content-paragraph\">\n<p class=\"p-text\">Le comblement du menton est une proc\u00e9dure esth\u00e9tique visant \u00e0 d\u00e9finir la forme et les contours du menton. Ce traitement \u00e9quilibre les traits du visage, cr\u00e9ant une apparence plus attrayante et sym\u00e9trique. Elle est r\u00e9alis\u00e9e \u00e0 l\u2019aide de mat\u00e9riaux de comblement tels que l\u2019acide hyaluronique et offre un processus de traitement confortable.<\/p>\n<\/p><\/div>\n<nav aria-label=\"breadcrumb\" class=\"breadcrumbs\">\n<ul class=\"d-flex align-items-center mb-0\">\n<li><a class=\"link\" href=\"https:\/\/drterziler.com\/fr\/\"><span>Dr. Terziler Exclusive Clinic<\/span><\/a><\/li>\n<li class=\"separator\">\u00bb<\/li>\n<li><a class=\"link\" href=\"https:\/\/drterziler.com\/fr\/esthetique-medicale\/\"><span>Esth\u00e9tique m\u00e9dicale<\/span><\/a><\/li>\n<li class=\"separator\">\u00bb<\/li>\n<li><a class=\"link\" href=\"https:\/\/drterziler.com\/fr\/esthetique-medicale\/soins-du-visage\/\"><span>Soins du visage<\/span><\/a><\/li>\n<li class=\"separator\">\u00bb<\/li>\n<li><a class=\"link\" href=\"https:\/\/drterziler.com\/fr\/esthetique-medicale\/soins-du-visage\/remplisseur\/\"><span>Remplisseur<\/span><\/a><\/li>\n<li class=\"separator\">\u00bb<\/li>\n<li class=\"current-page\"><span>Remplisseur de menton<\/span><\/li>\n<\/ul>\n<\/nav><\/div>\n<\/p><\/div>\n<\/p><\/div>\n<\/div>\n<section id=\"content-area\">\n<div class=\"container my-5\">\n<div class=\"row align-items-start\">\n<div class=\"col-md-6 order-2 order-md-1\">\n<div class=\"custom-toc-box\">\n<div id=\"toc-header\">\n<h4>Table des mati\u00e8res<\/h4>\n<div class=\"toc-toggle-icon\"><\/div>\n<\/p><\/div>\n<div class=\"toc-full-divider\"><\/div>\n<div id=\"toc-body\">\n<div id=\"toc-container\"><\/div>\n<\/p><\/div>\n<\/p><\/div>\n<\/p><\/div>\n<div class=\"col-md-6 order-1 order-md-2\" id=\"jForm\">\n                <script type=\"text\/javascript\" src=\"https:\/\/form.jotform.com\/jsform\/242882407646969\"><\/script>\n            <\/div>\n<\/p><\/div>\n<\/p><\/div>\n<div class=\"container\">\n<div class=\"img-thumb\">\n            <img loading=\"lazy\" decoding=\"async\" src=\"https:\/\/drterziler.com\/wp-content\/uploads\/2025\/01\/Cene-Dolgusu.webp\" sizes=\"auto, (max-width: 1920px) 100vw, 1920px\" srcset=\"https:\/\/drterziler.com\/wp-content\/uploads\/2025\/01\/Cene-Dolgusu.webp 1920w, https:\/\/drterziler.com\/wp-content\/uploads\/2025\/01\/Cene-Dolgusu-300x169.webp 300w, https:\/\/drterziler.com\/wp-content\/uploads\/2025\/01\/Cene-Dolgusu-1024x576.webp 1024w, https:\/\/drterziler.com\/wp-content\/uploads\/2025\/01\/Cene-Dolgusu-768x432.webp 768w, https:\/\/drterziler.com\/wp-content\/uploads\/2025\/01\/Cene-Dolgusu-1536x864.webp 1536w\" alt=\"\" width=\"1920\" height=\"1080\">\n        <\/div>\n<div>\n<div>\n<h2 class=\"h2-header\">Qu&#039;est-ce que le comblement du menton ?<\/h2>\n<\/p><\/div>\n<div>\n<p class=\"p-text\">Le comblement du menton est une proc\u00e9dure esth\u00e9tique m\u00e9dicale non chirurgicale r\u00e9alis\u00e9e pour sculpter, d\u00e9finir et \u00e9quilibrer l&#039;esth\u00e9tique globale du visage. Cette proc\u00e9dure utilise g\u00e9n\u00e9ralement des fillers tels que l&#039;acide hyaluronique, l&#039;hydroxyapatite de calcium ou des substances similaires. Elle peut \u00eatre appliqu\u00e9e \u00e0 diverses fins, comme accentuer la ligne de la m\u00e2choire, allonger le menton ou ajouter du volume \u00e0 cette zone.<\/p>\n<\/p><\/div>\n<\/p><\/div>\n<div>\n<div>\n<h2 class=\"h2-header\">\u00c0 qui s&#039;adresse-t-il ?<\/h2>\n<\/p><\/div>\n<div>\n<p class=\"p-text\">Ceux qui souhaitent rendre leurs traits du visage plus d\u00e9finis Personnes pr\u00e9sentant une asym\u00e9trie du menton Ceux qui recherchent une apparence faciale plus \u00e9quilibr\u00e9e Personnes dont la ligne du menton s&#039;est affaiblie avec l&#039;\u00e2ge Individus pr\u00e9sentant des rides ou un rel\u00e2chement cutan\u00e9 sur le visage Personnes ayant une perte de volume \u00e0 la pointe du menton Ceux qui souhaitent am\u00e9liorer l&#039;apparence de leur m\u00e2choire Ceux qui ne veulent pas d&#039;intervention chirurgicale Personnes d\u00e9sirant ajouter un contour naturel \u00e0 la zone du menton Ceux qui recherchent une apparence jeune et rafra\u00eechie<\/p>\n<\/p><\/div>\n<\/p><\/div>\n<div>\n<div>\n<h2 class=\"h2-header\">Quels sont les avantages ?<\/h2>\n<\/p><\/div>\n<div>\n<p class=\"p-text\">Am\u00e9liore les traits du visage Corrige la structure asym\u00e9trique du menton Fournit un contour facial attrayant et \u00e9quilibr\u00e9 Restaure le volume perdu avec l&#039;\u00e2ge Aucune intervention chirurgicale n\u00e9cessaire Temps de r\u00e9cup\u00e9ration court R\u00e9sultats imm\u00e9diats Apparence naturelle et esth\u00e9tique Effets durables<\/p>\n<\/p><\/div>\n<\/p><\/div>\n<div>\n<div>\n<h2 class=\"h2-header\">Comment est appliqu\u00e9 le comblement du menton ?<\/h2>\n<\/p><\/div>\n<div>\n<p class=\"p-text\">La proc\u00e9dure de comblement du menton est r\u00e9alis\u00e9e par un esth\u00e9ticien qualifi\u00e9 ou un dermatologue. Dans un premier temps, la zone du menton est anesth\u00e9si\u00e9e localement. Ensuite, un filler, tel que l&#039;acide hyaluronique, est s\u00e9lectionn\u00e9 et inject\u00e9 dans la zone du menton \u00e0 l&#039;aide d&#039;aiguilles. La proc\u00e9dure dure g\u00e9n\u00e9ralement entre 15 et 30 minutes, et vous pouvez reprendre vos activit\u00e9s quotidiennes imm\u00e9diatement apr\u00e8s.<\/p>\n<\/p><\/div>\n<\/p><\/div>\n<div>\n<div>\n<h2 class=\"h2-header\">Quel type d&#039;apparence procure le comblement du menton ?<\/h2>\n<\/p><\/div>\n<div>\n<p class=\"p-text\">Le comblement du menton affine la ligne de la m\u00e2choire et procure une apparence plus d\u00e9finie. Il am\u00e9liore les contours sous le menton et \u00e9quilibre l&#039;harmonie globale du visage. De plus, il conf\u00e8re un profil plus jeune et esth\u00e9tique.<\/p>\n<\/p><\/div>\n<\/p><\/div>\n<div>\n<div>\n<h2 class=\"h2-header\">Est-ce une proc\u00e9dure douloureuse ?<\/h2>\n<\/p><\/div>\n<div>\n<p class=\"p-text\">Le comblement du menton est pratiquement indolore gr\u00e2ce \u00e0 l&#039;anesth\u00e9sie locale appliqu\u00e9e avant la proc\u00e9dure. Ce traitement rapide et confortable vous permet de reprendre imm\u00e9diatement vos activit\u00e9s quotidiennes.<\/p>\n<\/p><\/div>\n<\/p><\/div>\n<div>\n<div>\n<h2 class=\"h2-header\">Combien de temps durent les r\u00e9sultats ?<\/h2>\n<\/p><\/div>\n<div>\n<p class=\"p-text\">Le comblement du menton dure g\u00e9n\u00e9ralement entre 6 et 18 mois. Cependant, cette dur\u00e9e peut varier en fonction de facteurs personnels tels que l&#039;\u00e2ge, le type de peau et le mode de vie. Des s\u00e9ances de suivi peuvent prolonger la dur\u00e9e des r\u00e9sultats.<\/p>\n<\/p><\/div>\n<\/p><\/div>\n<div>\n<div>\n<h2 class=\"h2-header\">Tarifs du comblement du menton<\/h2>\n<\/p><\/div>\n<div>\n<p class=\"p-text\">Les prix sont d\u00e9termin\u00e9s en fonction du type de filler utilis\u00e9, de la quantit\u00e9 n\u00e9cessaire pour la proc\u00e9dure et du niveau de correction et de mise en forme souhait\u00e9 pour la zone du menton. Pour plus d&#039;informations d\u00e9taill\u00e9es, nous vous invitons \u00e0 visiter notre clinique.<\/p>\n<\/p><\/div>\n<\/p><\/div>\n<div>\n<div>\n<h2 class=\"h2-header\">Pourquoi choisir la clinique exclusive Dr. Terziler ?<\/h2>\n<\/p><\/div>\n<div>\n<p class=\"p-text\">Le Dr Terziler, gr\u00e2ce \u00e0 une expertise reconnue \u00e0 l&#039;international et une approche unique alliant art et science, propose des solutions personnalis\u00e9es apportant non seulement une transformation physique, mais aussi un renouveau \u00e9motionnel. Notre clinique, \u00e9quip\u00e9e des technologies les plus avanc\u00e9es et op\u00e9rant selon des principes de confort et de s\u00e9curit\u00e9, adopte l&#039;excellence comme philosophie d&#039;entreprise. Ici, chaque geste vise \u00e0 am\u00e9liorer votre bien-\u00eatre g\u00e9n\u00e9ral et votre bonheur.<\/p>\n<\/p><\/div>\n<\/p><\/div>\n<\/p><\/div>\n<\/section>\n","protected":false},"excerpt":{"rendered":"<p>Remplisseur de menton Le comblement du menton est une proc\u00e9dure esth\u00e9tique visant \u00e0 d\u00e9finir la forme et les contours du menton. Ce traitement \u00e9quilibre les traits du visage, cr\u00e9ant une apparence plus attrayante et sym\u00e9trique. Elle est r\u00e9alis\u00e9e \u00e0 l\u2019aide de mat\u00e9riaux de comblement tels que l\u2019acide hyaluronique et offre un processus de traitement confortable. [&hellip;]<\/p>\n","protected":false},"author":6,"featured_media":0,"parent":3252,"menu_order":0,"comment_status":"closed","ping_status":"closed","template":"","meta":{"footnotes":""},"class_list":["post-16300","page","type-page","status-publish","hentry"],"_links":{"self":[{"href":"https:\/\/drterziler.com\/fr\/wp-json\/wp\/v2\/pages\/16300","targetHints":{"allow":["GET"]}}],"collection":[{"href":"https:\/\/drterziler.com\/fr\/wp-json\/wp\/v2\/pages"}],"about":[{"href":"https:\/\/drterziler.com\/fr\/wp-json\/wp\/v2\/types\/page"}],"author":[{"embeddable":true,"href":"https:\/\/drterziler.com\/fr\/wp-json\/wp\/v2\/users\/6"}],"replies":[{"embeddable":true,"href":"https:\/\/drterziler.com\/fr\/wp-json\/wp\/v2\/comments?post=16300"}],"version-history":[{"count":17,"href":"https:\/\/drterziler.com\/fr\/wp-json\/wp\/v2\/pages\/16300\/revisions"}],"predecessor-version":[{"id":58353,"href":"https:\/\/drterziler.com\/fr\/wp-json\/wp\/v2\/pages\/16300\/revisions\/58353"}],"up":[{"embeddable":true,"href":"https:\/\/drterziler.com\/fr\/wp-json\/wp\/v2\/pages\/3252"}],"wp:attachment":[{"href":"https:\/\/drterziler.com\/fr\/wp-json\/wp\/v2\/media?parent=16300"}],"curies":[{"name":"wp","href":"https:\/\/api.w.org\/{rel}","templated":true}]}}