{"id":16370,"date":"2025-01-27T13:03:33","date_gmt":"2025-01-27T13:03:33","guid":{"rendered":"https:\/\/drterziler.com\/esthetique-medicale\/yuz-uygulamalari\/filler\/dudak-dolgusu\/"},"modified":"2026-04-06T11:43:42","modified_gmt":"2026-04-06T11:43:42","slug":"remplisseur-de-levres","status":"publish","type":"page","link":"https:\/\/drterziler.com\/fr\/esthetique-medicale\/soins-du-visage\/remplisseur\/remplisseur-de-levres\/","title":{"rendered":"Remplisseur de L\u00e8vres"},"content":{"rendered":"<div class=\"page-content\">\n<div id=\"header-area\">\n<div class=\"container\" id=\"firstContent\">\n<div class=\"header-content d-flex flex-column\">\n<h1 class=\"content-title h1-header\">Remplisseur de L\u00e8vres<\/h1>\n<div class=\"content-paragraph\">\n<p class=\"p-text\">Le produit de comblement des l\u00e8vres augmente le volume des l\u00e8vres, leur donnant une apparence plus pulpeuse et plus d\u00e9finie. Cette proc\u00e9dure \u00e9vite l\u2019amincissement d\u00fb au vieillissement et cr\u00e9e une esth\u00e9tique naturelle. Le traitement est r\u00e9alis\u00e9 sous anesth\u00e9sie locale, minimisant la douleur. Les r\u00e9sultats sont visibles imm\u00e9diatement et le retour \u00e0 la vie sociale est rapide.<\/p>\n<\/p><\/div>\n<nav aria-label=\"breadcrumb\" class=\"breadcrumbs\">\n<ul class=\"d-flex align-items-center mb-0\">\n<li><a class=\"link\" href=\"https:\/\/drterziler.com\/fr\/\"><span>Dr. Terziler Exclusive Clinic<\/span><\/a><\/li>\n<li class=\"separator\">\u00bb<\/li>\n<li><a class=\"link\" href=\"https:\/\/drterziler.com\/fr\/esthetique-medicale\/\"><span>Esth\u00e9tique m\u00e9dicale<\/span><\/a><\/li>\n<li class=\"separator\">\u00bb<\/li>\n<li><a class=\"link\" href=\"https:\/\/drterziler.com\/fr\/esthetique-medicale\/soins-du-visage\/\"><span>Soins du visage<\/span><\/a><\/li>\n<li class=\"separator\">\u00bb<\/li>\n<li><a class=\"link\" href=\"https:\/\/drterziler.com\/fr\/esthetique-medicale\/soins-du-visage\/remplisseur\/\"><span>Remplisseur<\/span><\/a><\/li>\n<li class=\"separator\">\u00bb<\/li>\n<li class=\"current-page\"><span>Remplisseur de L\u00e8vres<\/span><\/li>\n<\/ul>\n<\/nav><\/div>\n<\/p><\/div>\n<\/p><\/div>\n<\/div>\n<section id=\"content-area\">\n<div class=\"container my-5\">\n<div class=\"row align-items-start\">\n<div class=\"col-md-6 order-2 order-md-1\">\n<div class=\"custom-toc-box\">\n<div id=\"toc-header\">\n<h4>Table des mati\u00e8res<\/h4>\n<div class=\"toc-toggle-icon\"><\/div>\n<\/p><\/div>\n<div class=\"toc-full-divider\"><\/div>\n<div id=\"toc-body\">\n<div id=\"toc-container\"><\/div>\n<\/p><\/div>\n<\/p><\/div>\n<\/p><\/div>\n<div class=\"col-md-6 order-1 order-md-2\" id=\"jForm\">\n                <script type=\"text\/javascript\" src=\"https:\/\/form.jotform.com\/jsform\/242882407646969\"><\/script>\n            <\/div>\n<\/p><\/div>\n<\/p><\/div>\n<div class=\"container\">\n<div class=\"img-thumb\">\n            <img loading=\"lazy\" decoding=\"async\" src=\"https:\/\/drterziler.com\/wp-content\/uploads\/2025\/01\/Dudak-Dolgusu.webp\" sizes=\"auto, (max-width: 1920px) 100vw, 1920px\" srcset=\"https:\/\/drterziler.com\/wp-content\/uploads\/2025\/01\/Dudak-Dolgusu.webp 1920w, https:\/\/drterziler.com\/wp-content\/uploads\/2025\/01\/Dudak-Dolgusu-300x169.webp 300w, https:\/\/drterziler.com\/wp-content\/uploads\/2025\/01\/Dudak-Dolgusu-1024x576.webp 1024w, https:\/\/drterziler.com\/wp-content\/uploads\/2025\/01\/Dudak-Dolgusu-768x432.webp 768w, https:\/\/drterziler.com\/wp-content\/uploads\/2025\/01\/Dudak-Dolgusu-1536x864.webp 1536w\" alt=\"dudak dolgusu\" width=\"1920\" height=\"1080\" \/>\n        <\/div>\n<div>\n<div>\n<h2 class=\"h2-header\">Qu&#039;est-ce que le comblement des l\u00e8vres ?<\/h2>\n<\/p><\/div>\n<div>\n<p class=\"p-text\">Le comblement des l\u00e8vres est une proc\u00e9dure esth\u00e9tique r\u00e9alis\u00e9e pour augmenter le volume des l\u00e8vres, am\u00e9liorer leur forme et leur apporter une apparence plus sym\u00e9trique. Des mat\u00e9riaux de comblement comme l&#039;acide hyaluronique, compatible avec le corps, sont couramment utilis\u00e9s dans ce processus. \u00c9tant une substance naturellement pr\u00e9sente dans la peau, l&#039;acide hyaluronique apporte une pl\u00e9nitude naturelle lorsqu&#039;il est appliqu\u00e9 sur les l\u00e8vres. Le comblement des l\u00e8vres ne se limite pas \u00e0 ajouter du volume, il am\u00e9liore \u00e9galement les contours des l\u00e8vres et r\u00e9duit l&#039;apparence des rides.<\/p>\n<\/p><\/div>\n<\/p><\/div>\n<div>\n<div>\n<h2 class=\"h2-header\">Quels sont les avantages du comblement des l\u00e8vres ?<\/h2>\n<\/p><\/div>\n<div>\n<p class=\"p-text\">Des l\u00e8vres pulpeuses et bien d\u00e9finies en peu de temps. Une apparence naturelle, esth\u00e9tique et sym\u00e9trique. Une structure faciale plus f\u00e9minine et photog\u00e9nique. Des solutions personnalis\u00e9es pour chaque forme de l\u00e8vre. Une solution rapide sans intervention chirurgicale. Une r\u00e9ponse efficace aux signes de l&#039;\u00e2ge. Un retour imm\u00e9diat \u00e0 la vie sociale apr\u00e8s la proc\u00e9dure.<\/p>\n<\/p><\/div>\n<\/p><\/div>\n<div>\n<div>\n<h2 class=\"h2-header\">Quel type d&#039;apparence procure le comblement des l\u00e8vres ?<\/h2>\n<\/p><\/div>\n<div>\n<p class=\"p-text\">Le comblement des l\u00e8vres procure une apparence plus jeune, volumineuse et attirante. Les l\u00e8vres fines deviennent plus d\u00e9finies, et le volume perdu avec l&#039;\u00e2ge est restaur\u00e9. De plus, les asym\u00e9tries des contours des l\u00e8vres sont corrig\u00e9es, offrant un profil plus sym\u00e9trique. Apr\u00e8s la proc\u00e9dure, les l\u00e8vres adoptent une apparence plus \u00e9clatante, saine et fra\u00eeche. Les ridules caus\u00e9es par le vieillissement sont att\u00e9nu\u00e9es et disparaissent, donnant au visage une expression plus jeune.<\/p>\n<\/p><\/div>\n<\/p><\/div>\n<div>\n<div>\n<h2 class=\"h2-header\">\u00c0 qui s&#039;adresse le comblement des l\u00e8vres ?<\/h2>\n<\/p><\/div>\n<div>\n<p class=\"p-text\">Ceux qui ont perdu du volume au niveau des l\u00e8vres. Personnes ayant des l\u00e8vres fines. Ceux pr\u00e9sentant une asym\u00e9trie dans les contours des l\u00e8vres. Individus ayant des rides dues au vieillissement. Ceux recherchant une apparence esth\u00e9tique. Personnes souhaitant modifier la forme de leurs l\u00e8vres. Ceux qui veulent des r\u00e9sultats avec une intervention minimale.<\/p>\n<\/p><\/div>\n<\/p><\/div>\n<div>\n<div>\n<h2 class=\"h2-header\">Comment est appliqu\u00e9 le comblement des l\u00e8vres ?<\/h2>\n<\/p><\/div>\n<div>\n<p class=\"p-text\">Le comblement des l\u00e8vres est une proc\u00e9dure simple. Avant l&#039;application, une cr\u00e8me anesth\u00e9siante locale est appliqu\u00e9e pour minimiser toute sensation de douleur. Ensuite, un produit de comblement \u00e0 base d&#039;acide hyaluronique est inject\u00e9 dans les l\u00e8vres \u00e0 l&#039;aide de fines aiguilles. La proc\u00e9dure est r\u00e9alis\u00e9e par un dermatologue expert et dure g\u00e9n\u00e9ralement environ 20 minutes. Vous pouvez reprendre imm\u00e9diatement votre vie sociale apr\u00e8s le traitement. Le filler utilis\u00e9 \u00e9tant s\u00fbr et compatible avec le corps, le risque d&#039;effets secondaires est tr\u00e8s faible.<\/p>\n<\/p><\/div>\n<\/p><\/div>\n<div>\n<div>\n<h2 class=\"h2-header\">Combien de temps durent les r\u00e9sultats du comblement des l\u00e8vres ?<\/h2>\n<\/p><\/div>\n<div>\n<p class=\"p-text\">Le comblement des l\u00e8vres est un traitement non permanent. Les r\u00e9sultats durent g\u00e9n\u00e9ralement entre 6 et 12 mois. Cette dur\u00e9e peut varier en fonction du type de filler utilis\u00e9 et du m\u00e9tabolisme de chaque individu. L&#039;acide hyaluronique \u00e9tant progressivement absorb\u00e9 par le corps, la proc\u00e9dure peut n\u00e9cessiter des retouches. Toutefois, la composition du filler et son taux d&#039;absorption varient d&#039;une personne \u00e0 l&#039;autre, ce qui influe sur la dur\u00e9e des r\u00e9sultats.<\/p>\n<\/p><\/div>\n<\/p><\/div>\n<div>\n<div>\n<h2 class=\"h2-header\">Le comblement des l\u00e8vres est-il douloureux ?<\/h2>\n<\/p><\/div>\n<div>\n<p class=\"p-text\">Gr\u00e2ce \u00e0 l&#039;application d&#039;une cr\u00e8me anesth\u00e9siante locale avant la proc\u00e9dure, la sensation de douleur est minimale. La plupart des patients ne ressentent aucune g\u00eane pendant l&#039;intervention. Apr\u00e8s le traitement, un l\u00e9ger gonflement ou des ecchymoses peuvent appara\u00eetre, mais ils disparaissent en quelques heures et gu\u00e9rissent rapidement.<\/p>\n<\/p><\/div>\n<\/p><\/div>\n<div>\n<div>\n<h2 class=\"h2-header\">Tarifs du comblement des l\u00e8vres<\/h2>\n<\/p><\/div>\n<div>\n<p class=\"p-text\">Les prix du comblement des l\u00e8vres varient en fonction du type de filler utilis\u00e9 et de l&#039;ampleur de la proc\u00e9dure. Les tarifs sont g\u00e9n\u00e9ralement proportionnels \u00e0 la qualit\u00e9 du traitement et aux r\u00e9sultats attendus. Pour obtenir une estimation pr\u00e9cise, nous vous recommandons de contacter les conseillers de notre clinique.<\/p>\n<\/p><\/div>\n<\/p><\/div>\n<div>\n<div>\n<h2 class=\"h2-header\">Pourquoi choisir la clinique exclusive Dr. Terziler ?<\/h2>\n<\/p><\/div>\n<div>\n<p class=\"p-text\">Le Dr Terziler, avec une expertise reconnue \u00e0 l&#039;international et une approche esth\u00e9tique alliant art et science, propose des solutions personnalis\u00e9es offrant non seulement une transformation physique, mais aussi un renouveau \u00e9motionnel. Notre clinique, \u00e9quip\u00e9e des technologies les plus avanc\u00e9es et op\u00e9rant selon des principes de confort et de s\u00e9curit\u00e9, adopte la perfection comme philosophie d&#039;entreprise. Ici, chaque geste vise \u00e0 am\u00e9liorer votre bien-\u00eatre g\u00e9n\u00e9ral et votre bonheur.<\/p>\n<\/p><\/div>\n<\/p><\/div>\n<\/p><\/div>\n<\/section>\n","protected":false},"excerpt":{"rendered":"<p>Remplisseur de L\u00e8vres Le produit de comblement des l\u00e8vres augmente le volume des l\u00e8vres, leur donnant une apparence plus pulpeuse et plus d\u00e9finie. Cette proc\u00e9dure \u00e9vite l\u2019amincissement d\u00fb au vieillissement et cr\u00e9e une esth\u00e9tique naturelle. Le traitement est r\u00e9alis\u00e9 sous anesth\u00e9sie locale, minimisant la douleur. Les r\u00e9sultats sont visibles imm\u00e9diatement et le retour \u00e0 la [&hellip;]<\/p>\n","protected":false},"author":6,"featured_media":0,"parent":3252,"menu_order":0,"comment_status":"closed","ping_status":"closed","template":"","meta":{"footnotes":""},"class_list":["post-16370","page","type-page","status-publish","hentry"],"_links":{"self":[{"href":"https:\/\/drterziler.com\/fr\/wp-json\/wp\/v2\/pages\/16370","targetHints":{"allow":["GET"]}}],"collection":[{"href":"https:\/\/drterziler.com\/fr\/wp-json\/wp\/v2\/pages"}],"about":[{"href":"https:\/\/drterziler.com\/fr\/wp-json\/wp\/v2\/types\/page"}],"author":[{"embeddable":true,"href":"https:\/\/drterziler.com\/fr\/wp-json\/wp\/v2\/users\/6"}],"replies":[{"embeddable":true,"href":"https:\/\/drterziler.com\/fr\/wp-json\/wp\/v2\/comments?post=16370"}],"version-history":[{"count":16,"href":"https:\/\/drterziler.com\/fr\/wp-json\/wp\/v2\/pages\/16370\/revisions"}],"predecessor-version":[{"id":61365,"href":"https:\/\/drterziler.com\/fr\/wp-json\/wp\/v2\/pages\/16370\/revisions\/61365"}],"up":[{"embeddable":true,"href":"https:\/\/drterziler.com\/fr\/wp-json\/wp\/v2\/pages\/3252"}],"wp:attachment":[{"href":"https:\/\/drterziler.com\/fr\/wp-json\/wp\/v2\/media?parent=16370"}],"curies":[{"name":"wp","href":"https:\/\/api.w.org\/{rel}","templated":true}]}}