{"id":16404,"date":"2025-01-27T13:07:59","date_gmt":"2025-01-27T13:07:59","guid":{"rendered":"https:\/\/drterziler.com\/esthetique-medicale\/yuz-uygulamalari\/filler\/elmacik-dolgusu\/"},"modified":"2026-02-28T19:20:09","modified_gmt":"2026-02-28T19:20:09","slug":"remplisseur-de-joues","status":"publish","type":"page","link":"https:\/\/drterziler.com\/fr\/esthetique-medicale\/soins-du-visage\/remplisseur\/remplisseur-de-joues\/","title":{"rendered":"Remplisseur de Joues"},"content":{"rendered":"<div class=\"page-content\">\n<div id=\"header-area\">\n<div class=\"container\" id=\"firstContent\">\n<div class=\"header-content d-flex flex-column\">\n<h1 class=\"content-title h1-header\">Remplisseur de Joues<\/h1>\n<div class=\"content-paragraph\">\n<p class=\"p-text\">Le combleur de joues d\u00e9finit les contours du visage et met en valeur les pommettes. Cette proc\u00e9dure, r\u00e9alis\u00e9e avec des agents de comblement comme l&#039;acide hyaluronique, permet d&#039;obtenir une apparence plus jeune en harmonie avec la partie inf\u00e9rieure du visage. Le traitement est rapide et efficace, offrant un r\u00e9sultat naturel.<\/p>\n<\/p><\/div>\n<nav aria-label=\"breadcrumb\" class=\"breadcrumbs\">\n<ul class=\"d-flex align-items-center mb-0\">\n<li><a class=\"link\" href=\"https:\/\/drterziler.com\/fr\/\"><span>Dr. Terziler Exclusive Clinic<\/span><\/a><\/li>\n<li class=\"separator\">\u00bb<\/li>\n<li><a class=\"link\" href=\"https:\/\/drterziler.com\/fr\/esthetique-medicale\/\"><span>Esth\u00e9tique m\u00e9dicale<\/span><\/a><\/li>\n<li class=\"separator\">\u00bb<\/li>\n<li><a class=\"link\" href=\"https:\/\/drterziler.com\/fr\/esthetique-medicale\/soins-du-visage\/\"><span>Soins du visage<\/span><\/a><\/li>\n<li class=\"separator\">\u00bb<\/li>\n<li><a class=\"link\" href=\"https:\/\/drterziler.com\/fr\/esthetique-medicale\/soins-du-visage\/remplisseur\/\"><span>Remplisseur<\/span><\/a><\/li>\n<li class=\"separator\">\u00bb<\/li>\n<li class=\"current-page\"><span>Remplisseur de Joues<\/span><\/li>\n<\/ul>\n<\/nav><\/div>\n<\/p><\/div>\n<\/p><\/div>\n<\/div>\n<section id=\"content-area\">\n<div class=\"container my-5\">\n<div class=\"row align-items-start\">\n<div class=\"col-md-6 order-2 order-md-1\">\n<div class=\"custom-toc-box\">\n<div id=\"toc-header\">\n<h4>Table des mati\u00e8res<\/h4>\n<div class=\"toc-toggle-icon\"><\/div>\n<\/p><\/div>\n<div class=\"toc-full-divider\"><\/div>\n<div id=\"toc-body\">\n<div id=\"toc-container\"><\/div>\n<\/p><\/div>\n<\/p><\/div>\n<\/p><\/div>\n<div class=\"col-md-6 order-1 order-md-2\" id=\"jForm\">\n                <script type=\"text\/javascript\" src=\"https:\/\/form.jotform.com\/jsform\/242882407646969\"><\/script>\n            <\/div>\n<\/p><\/div>\n<\/p><\/div>\n<div class=\"container\">\n<div class=\"img-thumb\">\n            <img loading=\"lazy\" decoding=\"async\" src=\"https:\/\/drterziler.com\/wp-content\/uploads\/2025\/01\/Elmacik-Dolgusu.webp\" sizes=\"auto, (max-width: 1920px) 100vw, 1920px\" srcset=\"https:\/\/drterziler.com\/wp-content\/uploads\/2025\/01\/Elmacik-Dolgusu.webp 1920w, https:\/\/drterziler.com\/wp-content\/uploads\/2025\/01\/Elmacik-Dolgusu-300x169.webp 300w, https:\/\/drterziler.com\/wp-content\/uploads\/2025\/01\/Elmacik-Dolgusu-1024x576.webp 1024w, https:\/\/drterziler.com\/wp-content\/uploads\/2025\/01\/Elmacik-Dolgusu-768x432.webp 768w, https:\/\/drterziler.com\/wp-content\/uploads\/2025\/01\/Elmacik-Dolgusu-1536x864.webp 1536w\" alt=\"elmac\u0131k kemi\u011fi dolgusu\" width=\"1920\" height=\"1080\" \/>\n        <\/div>\n<div>\n<div>\n<h2 class=\"h2-header\">Qu&#039;est-ce que le comblement des pommettes ?<\/h2>\n<\/p><\/div>\n<div>\n<p class=\"p-text\">Le comblement des pommettes est une proc\u00e9dure esth\u00e9tique non chirurgicale qui am\u00e9liore la pro\u00e9minence et la sym\u00e9trie des traits du visage. Cette intervention est une solution id\u00e9ale pour ceux qui subissent une perte de volume au niveau des pommettes due au vieillissement ou pour ceux ayant naturellement des joues plus plates. En utilisant de l&#039;acide hyaluronique ou d&#039;autres produits de comblement compatibles avec le corps, les pommettes sont mises en valeur et les traits du visage sont accentu\u00e9s. Le r\u00e9sultat est une apparence plus \u00e9quilibr\u00e9e entre la partie sup\u00e9rieure et inf\u00e9rieure du visage, conf\u00e9rant une expression plus jeune, fra\u00eeche et saine.<\/p>\n<\/p><\/div>\n<\/p><\/div>\n<div>\n<div>\n<h2 class=\"h2-header\">Quels sont les avantages du comblement des pommettes ?<\/h2>\n<\/p><\/div>\n<div>\n<p class=\"p-text\">Des r\u00e9sultats visibles en un temps court. Un effet rajeunissant sur le visage. Une apparence plus attrayante et photog\u00e9nique. Des contours bien d\u00e9finis et une harmonie parfaite des proportions. Un effet lifting naturel du visage. Une r\u00e9flexion lumineuse accrue, am\u00e9liorant l&#039;\u00e9clat du visage. Un traitement biocompatible avec un risque minimal.<\/p>\n<\/p><\/div>\n<\/p><\/div>\n<div>\n<div>\n<h2 class=\"h2-header\">Quel type d&#039;apparence procure le comblement des pommettes ?<\/h2>\n<\/p><\/div>\n<div>\n<p class=\"p-text\">Le comblement des pommettes soutient les tissus sous-jacents des joues, mettant en valeur les traits du visage. Il corrige les asym\u00e9tries naturelles du visage et offre une apparence plus sym\u00e9trique et \u00e9quilibr\u00e9e. En particulier, la zone des pommettes, qui a perdu du volume avec l&#039;\u00e2ge, est remodel\u00e9e gr\u00e2ce au filler. Le r\u00e9sultat est une expression plus jeune, dynamique et saine. De plus, la ligne de la m\u00e2choire et l&#039;ovale du visage deviennent plus prononc\u00e9s, am\u00e9liorant ainsi la sym\u00e9trie et l&#039;esth\u00e9tique globales du visage.<\/p>\n<\/p><\/div>\n<\/p><\/div>\n<div>\n<div>\n<h2 class=\"h2-header\">\u00c0 qui s&#039;adresse le comblement des pommettes ?<\/h2>\n<\/p><\/div>\n<div>\n<p class=\"p-text\">Ceux qui ont perdu du volume au niveau des pommettes. Personnes souhaitant mieux d\u00e9finir leurs traits du visage. Individus cherchant \u00e0 corriger une asym\u00e9trie faciale. Ceux qui souhaitent rajeunir sans intervention chirurgicale. Personnes d\u00e9sirant remodeler leur visage. Ceux qui pr\u00e9sentent un rel\u00e2chement cutan\u00e9 d\u00fb au vieillissement. Ceux qui aspirent \u00e0 une apparence en forme de V.<\/p>\n<\/p><\/div>\n<\/p><\/div>\n<div>\n<div>\n<h2 class=\"h2-header\">Comment est appliqu\u00e9 le comblement des pommettes ?<\/h2>\n<\/p><\/div>\n<div>\n<p class=\"p-text\">Le comblement des pommettes est g\u00e9n\u00e9ralement r\u00e9alis\u00e9 \u00e0 l&#039;aide de mat\u00e9riaux de comblement s\u00fbrs comme l&#039;acide hyaluronique. Avant l&#039;intervention, une cr\u00e8me anesth\u00e9siante locale est appliqu\u00e9e pour minimiser toute sensation de douleur. L&#039;intervention, r\u00e9alis\u00e9e par un sp\u00e9cialiste en esth\u00e9tique ou un dermatologue, dure environ 20 \u00e0 30 minutes. Le produit de comblement est inject\u00e9 dans les pommettes \u00e0 l&#039;aide de fines aiguilles. Apr\u00e8s la proc\u00e9dure, vous pouvez imm\u00e9diatement reprendre vos activit\u00e9s quotidiennes.<\/p>\n<\/p><\/div>\n<\/p><\/div>\n<div>\n<div>\n<h2 class=\"h2-header\">Combien de temps durent les r\u00e9sultats du comblement des pommettes ?<\/h2>\n<\/p><\/div>\n<div>\n<p class=\"p-text\">Les r\u00e9sultats du comblement des pommettes durent g\u00e9n\u00e9ralement entre 6 et 12 mois. Cette dur\u00e9e peut varier en fonction du type de produit utilis\u00e9 et du m\u00e9tabolisme individuel. Avec le temps, le produit de comblement est naturellement absorb\u00e9 par le corps, att\u00e9nuant progressivement son effet. Cependant, la proc\u00e9dure peut \u00eatre renouvel\u00e9e r\u00e9guli\u00e8rement pour des r\u00e9sultats plus durables. De plus, \u00e0 mesure que l&#039;effet s&#039;estompe, aucun changement n\u00e9gatif n&#039;est observ\u00e9 sur les traits du visage, qui retrouvent simplement leur \u00e9tat initial.<\/p>\n<\/p><\/div>\n<\/p><\/div>\n<div>\n<div>\n<h2 class=\"h2-header\">Y a-t-il une douleur ou un inconfort ?<\/h2>\n<\/p><\/div>\n<div>\n<p class=\"p-text\">Le comblement des pommettes est g\u00e9n\u00e9ralement indolore, car une cr\u00e8me anesth\u00e9siante locale est appliqu\u00e9e avant l&#039;intervention. Certaines personnes peuvent ressentir un l\u00e9ger inconfort, une pression ou des picotements, mais la plupart des patients ne ressentent aucune douleur pendant la proc\u00e9dure. Apr\u00e8s le traitement, un l\u00e9ger gonflement ou des ecchymoses peuvent appara\u00eetre, mais ceux-ci sont temporaires et disparaissent g\u00e9n\u00e9ralement en quelques heures.<\/p>\n<\/p><\/div>\n<\/p><\/div>\n<div>\n<div>\n<h2 class=\"h2-header\">Tarifs du comblement des pommettes<\/h2>\n<\/p><\/div>\n<div>\n<p class=\"p-text\">Les co\u00fbts peuvent varier en fonction du type de produit utilis\u00e9 ou de la quantit\u00e9 de filler appliqu\u00e9e sur la zone trait\u00e9e. Pour obtenir plus de d\u00e9tails sur l&#039;intervention ou les tarifs, n&#039;h\u00e9sitez pas \u00e0 nous contacter.<\/p>\n<\/p><\/div>\n<\/p><\/div>\n<div>\n<div>\n<h2 class=\"h2-header\">Pourquoi choisir la clinique exclusive Dr. Terziler ?<\/h2>\n<\/p><\/div>\n<div>\n<p class=\"p-text\">Le Dr Terziler, avec une expertise reconnue \u00e0 l&#039;international et une approche esth\u00e9tique alliant art et science, propose des solutions personnalis\u00e9es offrant non seulement une transformation physique, mais aussi un renouveau \u00e9motionnel. Notre clinique, \u00e9quip\u00e9e des technologies les plus avanc\u00e9es et op\u00e9rant selon des principes de confort et de s\u00e9curit\u00e9, adopte la perfection comme philosophie d&#039;entreprise. Ici, chaque geste vise \u00e0 am\u00e9liorer votre bien-\u00eatre g\u00e9n\u00e9ral et votre bonheur.<\/p>\n<\/p><\/div>\n<\/p><\/div>\n<\/p><\/div>\n<\/section>\n","protected":false},"excerpt":{"rendered":"<p>Remplisseur de Joues Le combleur de joues d\u00e9finit les contours du visage et met en valeur les pommettes. Cette proc\u00e9dure, r\u00e9alis\u00e9e avec des agents de comblement comme l&#039;acide hyaluronique, permet d&#039;obtenir une apparence plus jeune en harmonie avec la partie inf\u00e9rieure du visage. Le traitement est rapide et efficace, offrant un r\u00e9sultat naturel. Dr. Terziler [&hellip;]<\/p>\n","protected":false},"author":6,"featured_media":0,"parent":3252,"menu_order":0,"comment_status":"closed","ping_status":"closed","template":"","meta":{"footnotes":""},"class_list":["post-16404","page","type-page","status-publish","hentry"],"_links":{"self":[{"href":"https:\/\/drterziler.com\/fr\/wp-json\/wp\/v2\/pages\/16404","targetHints":{"allow":["GET"]}}],"collection":[{"href":"https:\/\/drterziler.com\/fr\/wp-json\/wp\/v2\/pages"}],"about":[{"href":"https:\/\/drterziler.com\/fr\/wp-json\/wp\/v2\/types\/page"}],"author":[{"embeddable":true,"href":"https:\/\/drterziler.com\/fr\/wp-json\/wp\/v2\/users\/6"}],"replies":[{"embeddable":true,"href":"https:\/\/drterziler.com\/fr\/wp-json\/wp\/v2\/comments?post=16404"}],"version-history":[{"count":18,"href":"https:\/\/drterziler.com\/fr\/wp-json\/wp\/v2\/pages\/16404\/revisions"}],"predecessor-version":[{"id":58387,"href":"https:\/\/drterziler.com\/fr\/wp-json\/wp\/v2\/pages\/16404\/revisions\/58387"}],"up":[{"embeddable":true,"href":"https:\/\/drterziler.com\/fr\/wp-json\/wp\/v2\/pages\/3252"}],"wp:attachment":[{"href":"https:\/\/drterziler.com\/fr\/wp-json\/wp\/v2\/media?parent=16404"}],"curies":[{"name":"wp","href":"https:\/\/api.w.org\/{rel}","templated":true}]}}