{"id":16455,"date":"2025-01-27T13:43:13","date_gmt":"2025-01-27T13:43:13","guid":{"rendered":"https:\/\/drterziler.com\/esthetique-medicale\/yuz-uygulamalari\/filler\/jawline-dolgusu\/"},"modified":"2026-04-06T11:45:49","modified_gmt":"2026-04-06T11:45:49","slug":"remplisseur-de-machoire","status":"publish","type":"page","link":"https:\/\/drterziler.com\/fr\/esthetique-medicale\/soins-du-visage\/remplisseur\/remplisseur-de-machoire\/","title":{"rendered":"Remplisseur de M\u00e2choire"},"content":{"rendered":"<div class=\"page-content\">\n<div id=\"header-area\">\n<div class=\"container\" id=\"firstContent\">\n<div class=\"header-content d-flex flex-column\">\n<h1 class=\"content-title h1-header\">Remplisseur de M\u00e2choire<\/h1>\n<div class=\"content-paragraph\">\n<p class=\"p-text\">Le remplissage de la m\u00e2choire d\u00e9finit la m\u00e2choire, cr\u00e9ant un profil facial plus net. Il rehausse les traits du visage et a un effet rajeunissant. Cette proc\u00e9dure, r\u00e9alis\u00e9e \u00e0 l\u2019aide d\u2019acide hyaluronique, est peu invasive et offre des r\u00e9sultats durables.<\/p>\n<\/p><\/div>\n<nav aria-label=\"breadcrumb\" class=\"breadcrumbs\">\n<ul class=\"d-flex align-items-center mb-0\">\n<li><a class=\"link\" href=\"https:\/\/drterziler.com\/fr\/\"><span>Dr. Terziler Exclusive Clinic<\/span><\/a><\/li>\n<li class=\"separator\">\u00bb<\/li>\n<li><a class=\"link\" href=\"https:\/\/drterziler.com\/fr\/esthetique-medicale\/\"><span>Esth\u00e9tique m\u00e9dicale<\/span><\/a><\/li>\n<li class=\"separator\">\u00bb<\/li>\n<li><a class=\"link\" href=\"https:\/\/drterziler.com\/fr\/esthetique-medicale\/soins-du-visage\/\"><span>Soins du visage<\/span><\/a><\/li>\n<li class=\"separator\">\u00bb<\/li>\n<li><a class=\"link\" href=\"https:\/\/drterziler.com\/fr\/esthetique-medicale\/soins-du-visage\/remplisseur\/\"><span>Remplisseur<\/span><\/a><\/li>\n<li class=\"separator\">\u00bb<\/li>\n<li class=\"current-page\"><span>Remplisseur de M\u00e2choire<\/span><\/li>\n<\/ul>\n<\/nav><\/div>\n<\/p><\/div>\n<\/p><\/div>\n<\/div>\n<section id=\"content-area\">\n<div class=\"container my-5\">\n<div class=\"row align-items-start\">\n<div class=\"col-md-6 order-2 order-md-1\">\n<div class=\"custom-toc-box\">\n<div id=\"toc-header\">\n<h4>Table des mati\u00e8res<\/h4>\n<div class=\"toc-toggle-icon\"><\/div>\n<\/p><\/div>\n<div class=\"toc-full-divider\"><\/div>\n<div id=\"toc-body\">\n<div id=\"toc-container\"><\/div>\n<\/p><\/div>\n<\/p><\/div>\n<\/p><\/div>\n<div class=\"col-md-6 order-1 order-md-2\" id=\"jForm\">\n                <script type=\"text\/javascript\" src=\"https:\/\/form.jotform.com\/jsform\/242882407646969\"><\/script>\n            <\/div>\n<\/p><\/div>\n<\/p><\/div>\n<div class=\"container\">\n<div class=\"img-thumb\">\n            <img loading=\"lazy\" decoding=\"async\" src=\"https:\/\/drterziler.com\/wp-content\/uploads\/2025\/01\/Jawline-Dolgusu.webp\" sizes=\"auto, (max-width: 1920px) 100vw, 1920px\" srcset=\"https:\/\/drterziler.com\/wp-content\/uploads\/2025\/01\/Jawline-Dolgusu.webp 1920w, https:\/\/drterziler.com\/wp-content\/uploads\/2025\/01\/Jawline-Dolgusu-300x169.webp 300w, https:\/\/drterziler.com\/wp-content\/uploads\/2025\/01\/Jawline-Dolgusu-1024x576.webp 1024w, https:\/\/drterziler.com\/wp-content\/uploads\/2025\/01\/Jawline-Dolgusu-768x432.webp 768w, https:\/\/drterziler.com\/wp-content\/uploads\/2025\/01\/Jawline-Dolgusu-1536x864.webp 1536w\" alt=\"\" width=\"1920\" height=\"1080\">\n        <\/div>\n<div>\n<div>\n<h2 class=\"h2-header\">Qu&#039;est-ce que le comblement de la m\u00e2choire ?<\/h2>\n<\/p><\/div>\n<div>\n<p class=\"p-text\">Le menton joue un r\u00f4le important dans l&#039;\u00e9quilibre et la sym\u00e9trie des traits du visage. La d\u00e9finition de la m\u00e2choire influence directement la perception esth\u00e9tique du visage. Le comblement de la m\u00e2choire est une proc\u00e9dure esth\u00e9tique con\u00e7ue pour sculpter la ligne de la m\u00e2choire, accentuer les traits du visage et offrir un aspect naturel. Il s&#039;agit d&#039;une m\u00e9thode non chirurgicale pris\u00e9e par ceux qui souhaitent des traits plus nets et plus attrayants. R\u00e9alis\u00e9e avec des substances comme l&#039;acide hyaluronique, cette proc\u00e9dure est extr\u00eamement s\u00fbre.<\/p>\n<\/p><\/div>\n<\/p><\/div>\n<div>\n<div>\n<h2 class=\"h2-header\">Quels sont les avantages du comblement de la m\u00e2choire ?<\/h2>\n<\/p><\/div>\n<div>\n<p class=\"p-text\">Obtenez une m\u00e2choire nette et bien d\u00e9finie en 15 \u00e0 30 minutes sans chirurgie. Un design personnalis\u00e9 adapt\u00e9 \u00e0 chaque morphologie faciale pour un r\u00e9sultat impeccable. Gagnez en confiance en obtenant des traits masculins ou f\u00e9minins sans intervention chirurgicale. Des traits proportionn\u00e9s et \u00e9l\u00e9gants qui vous rendent plus photog\u00e9nique. Un effet rajeunissant qui peut vous faire para\u00eetre 5 \u00e0 10 ans plus jeune en une seule s\u00e9ance. Retour imm\u00e9diat \u00e0 votre vie sociale apr\u00e8s la proc\u00e9dure. Obtenez un look digne d&#039;Hollywood \u00e0 des prix abordables.<\/p>\n<\/p><\/div>\n<\/p><\/div>\n<div>\n<div>\n<h2 class=\"h2-header\">Quel type d&#039;apparence procure le comblement de la m\u00e2choire ?<\/h2>\n<\/p><\/div>\n<div>\n<p class=\"p-text\">Le comblement de la m\u00e2choire am\u00e9liore la d\u00e9finition de la ligne mandibulaire, offrant une apparence plus nette et plus sym\u00e9trique. Il permet \u00e9galement de cr\u00e9er un \u00e9quilibre esth\u00e9tique avec les contours g\u00e9n\u00e9raux du visage. Cette proc\u00e9dure lisse la ligne de la m\u00e2choire, d\u00e9finit les angles du menton et procure une apparence plus jeune. Gr\u00e2ce au filler, l&#039;affaissement de la zone de la m\u00e2choire est corrig\u00e9, et la partie inf\u00e9rieure du visage acquiert une apparence plus affin\u00e9e.<\/p>\n<\/p><\/div>\n<\/p><\/div>\n<div>\n<div>\n<h2 class=\"h2-header\">\u00c0 qui s&#039;adresse le comblement de la m\u00e2choire ?<\/h2>\n<\/p><\/div>\n<div>\n<p class=\"p-text\">Ceux qui souhaitent un profil facial plus esth\u00e9tique. Femmes et hommes de plus de 18 ans. Personnes ayant une m\u00e2choire peu d\u00e9finie. Individus d\u00e9sirant affiner leurs traits du visage. Ceux pr\u00e9sentant des signes de vieillissement facial. Personnes ne souhaitant pas recourir \u00e0 la chirurgie. Ceux qui recherchent des r\u00e9sultats optimaux en peu de temps.<\/p>\n<\/p><\/div>\n<\/p><\/div>\n<div>\n<div>\n<h2 class=\"h2-header\">Une solution non chirurgicale pour hommes et femmes<\/h2>\n<\/p><\/div>\n<div>\n<p class=\"p-text\">Le comblement de la m\u00e2choire est une excellente alternative tant pour les hommes que pour les femmes, et peut \u00eatre personnalis\u00e9 en fonction des besoins esth\u00e9tiques de chacun. Pour les hommes, il permet d\u2019obtenir une m\u00e2choire plus marqu\u00e9e et plus masculine, tandis que pour les femmes, un aspect plus d\u00e9licat et raffin\u00e9 peut \u00eatre vis\u00e9. Le caract\u00e8re non chirurgical de la proc\u00e9dure en fait une option adapt\u00e9e \u00e0 toutes les tranches d&#039;\u00e2ge.<\/p>\n<\/p><\/div>\n<\/p><\/div>\n<div>\n<div>\n<h2 class=\"h2-header\">Comment est appliqu\u00e9 le comblement de la m\u00e2choire ?<\/h2>\n<\/p><\/div>\n<div>\n<p class=\"p-text\">La proc\u00e9dure est r\u00e9alis\u00e9e sous anesth\u00e9sie locale. Tout d&#039;abord, les points cibles de la zone du menton sont identifi\u00e9s. Ensuite, de l&#039;acide hyaluronique ou d&#039;autres substances de comblement sont inject\u00e9es dans la ligne de la m\u00e2choire \u00e0 l&#039;aide de fines aiguilles. Il n\u2019y a aucune douleur pendant l\u2019intervention. Elle dure environ 20 \u00e0 30 minutes, et le patient peut reprendre imm\u00e9diatement ses activit\u00e9s normales.<\/p>\n<\/p><\/div>\n<\/p><\/div>\n<div>\n<div>\n<h2 class=\"h2-header\">Combien de temps durent les r\u00e9sultats du comblement de la m\u00e2choire ?<\/h2>\n<\/p><\/div>\n<div>\n<p class=\"p-text\">Le comblement de la m\u00e2choire dure g\u00e9n\u00e9ralement entre 12 et 18 mois. Les r\u00e9sultats peuvent varier en fonction du mode de vie et du type de peau de chaque individu. Avec le temps, la diminution de l&#039;\u00e9lasticit\u00e9 cutan\u00e9e due au vieillissement peut att\u00e9nuer l&#039;effet du filler. Cependant, lorsque l&#039;effet du produit s&#039;estompe, la proc\u00e9dure peut \u00eatre renouvel\u00e9e.<\/p>\n<\/p><\/div>\n<\/p><\/div>\n<div>\n<div>\n<h2 class=\"h2-header\">Y a-t-il une douleur ou un inconfort ?<\/h2>\n<\/p><\/div>\n<div>\n<p class=\"p-text\">Il n&#039;y a ni douleur ni inconfort pendant la proc\u00e9dure. Une cr\u00e8me anesth\u00e9siante ou une anesth\u00e9sie locale est appliqu\u00e9e pour engourdir la zone avant l&#039;intervention. Vous pourriez ressentir un l\u00e9ger inconfort ou une sensation passag\u00e8re au moment de l\u2019insertion de l\u2019aiguille, mais cela reste temporaire.<\/p>\n<\/p><\/div>\n<\/p><\/div>\n<div>\n<div>\n<h2 class=\"h2-header\">Tarifs du comblement de la m\u00e2choire<\/h2>\n<\/p><\/div>\n<div>\n<p class=\"p-text\">Les co\u00fbts peuvent varier en fonction du type de produit utilis\u00e9 ou de la quantit\u00e9 de filler appliqu\u00e9e sur la zone trait\u00e9e. Pour plus d&#039;informations sur l&#039;intervention ou les tarifs, n&#039;h\u00e9sitez pas \u00e0 nous contacter.<\/p>\n<\/p><\/div>\n<\/p><\/div>\n<div>\n<div>\n<h2 class=\"h2-header\">Pourquoi choisir la clinique exclusive Dr. Terziler ?<\/h2>\n<\/p><\/div>\n<div>\n<p class=\"p-text\">Le Dr Terziler, avec une expertise reconnue \u00e0 l&#039;international et une approche esth\u00e9tique alliant art et science, propose des solutions personnalis\u00e9es offrant non seulement une transformation physique, mais aussi un renouveau \u00e9motionnel. Notre clinique, \u00e9quip\u00e9e des technologies les plus avanc\u00e9es et op\u00e9rant selon des principes de confort et de s\u00e9curit\u00e9, adopte la perfection comme philosophie d&#039;entreprise. Ici, chaque geste vise \u00e0 am\u00e9liorer votre bien-\u00eatre g\u00e9n\u00e9ral et votre bonheur.<\/p>\n<\/p><\/div>\n<\/p><\/div>\n<\/p><\/div>\n<\/section>\n","protected":false},"excerpt":{"rendered":"<p>Remplisseur de M\u00e2choire Le remplissage de la m\u00e2choire d\u00e9finit la m\u00e2choire, cr\u00e9ant un profil facial plus net. Il rehausse les traits du visage et a un effet rajeunissant. Cette proc\u00e9dure, r\u00e9alis\u00e9e \u00e0 l\u2019aide d\u2019acide hyaluronique, est peu invasive et offre des r\u00e9sultats durables. Dr. Terziler Exclusive Clinic \u00bb Esth\u00e9tique m\u00e9dicale \u00bb Soins du visage \u00bb [&hellip;]<\/p>\n","protected":false},"author":6,"featured_media":0,"parent":3252,"menu_order":0,"comment_status":"closed","ping_status":"closed","template":"","meta":{"footnotes":""},"class_list":["post-16455","page","type-page","status-publish","hentry"],"_links":{"self":[{"href":"https:\/\/drterziler.com\/fr\/wp-json\/wp\/v2\/pages\/16455","targetHints":{"allow":["GET"]}}],"collection":[{"href":"https:\/\/drterziler.com\/fr\/wp-json\/wp\/v2\/pages"}],"about":[{"href":"https:\/\/drterziler.com\/fr\/wp-json\/wp\/v2\/types\/page"}],"author":[{"embeddable":true,"href":"https:\/\/drterziler.com\/fr\/wp-json\/wp\/v2\/users\/6"}],"replies":[{"embeddable":true,"href":"https:\/\/drterziler.com\/fr\/wp-json\/wp\/v2\/comments?post=16455"}],"version-history":[{"count":15,"href":"https:\/\/drterziler.com\/fr\/wp-json\/wp\/v2\/pages\/16455\/revisions"}],"predecessor-version":[{"id":61366,"href":"https:\/\/drterziler.com\/fr\/wp-json\/wp\/v2\/pages\/16455\/revisions\/61366"}],"up":[{"embeddable":true,"href":"https:\/\/drterziler.com\/fr\/wp-json\/wp\/v2\/pages\/3252"}],"wp:attachment":[{"href":"https:\/\/drterziler.com\/fr\/wp-json\/wp\/v2\/media?parent=16455"}],"curies":[{"name":"wp","href":"https:\/\/api.w.org\/{rel}","templated":true}]}}