{"id":16489,"date":"2025-01-27T13:49:45","date_gmt":"2025-01-27T13:49:45","guid":{"rendered":"https:\/\/drterziler.com\/esthetique-medicale\/yuz-uygulamalari\/filler\/kulak-memesi-dolgusu\/"},"modified":"2026-04-21T12:25:14","modified_gmt":"2026-04-21T12:25:14","slug":"remplisseur-de-lobe-doreille","status":"publish","type":"page","link":"https:\/\/drterziler.com\/fr\/esthetique-medicale\/soins-du-visage\/remplisseur\/remplisseur-de-lobe-doreille\/","title":{"rendered":"Remplisseur de lobe d&rsquo;oreille"},"content":{"rendered":"<div class=\"page-content\">\n<div id=\"header-area\">\n<div class=\"container\" id=\"firstContent\">\n<div class=\"header-content d-flex flex-column\">\n<h1 class=\"content-title h1-header\">Remplisseur de lobe d&#039;oreille<\/h1>\n<div class=\"content-paragraph\">\n<p class=\"p-text\">Le produit de comblement des lobes d&#039;oreilles remod\u00e8le et ajoute du volume aux lobes d&#039;oreilles qui se sont affaiss\u00e9s en raison du vieillissement. Cette proc\u00e9dure am\u00e9liore l\u2019aspect esth\u00e9tique des lobes des oreilles et procure un effet rajeunissant. Des r\u00e9sultats rapides sont obtenus et le processus de r\u00e9cup\u00e9ration est court.<\/p>\n<\/p><\/div>\n<nav aria-label=\"breadcrumb\" class=\"breadcrumbs\">\n<ul class=\"d-flex align-items-center mb-0\">\n<li><a class=\"link\" href=\"https:\/\/drterziler.com\/fr\/\"><span>Dr. Terziler Exclusive Clinic<\/span><\/a><\/li>\n<li class=\"separator\">\u00bb<\/li>\n<li><a class=\"link\" href=\"https:\/\/drterziler.com\/fr\/esthetique-medicale\/\"><span>Esth\u00e9tique m\u00e9dicale<\/span><\/a><\/li>\n<li class=\"separator\">\u00bb<\/li>\n<li><a class=\"link\" href=\"https:\/\/drterziler.com\/fr\/esthetique-medicale\/soins-du-visage\/\"><span>Soins du visage<\/span><\/a><\/li>\n<li class=\"separator\">\u00bb<\/li>\n<li><a class=\"link\" href=\"https:\/\/drterziler.com\/fr\/esthetique-medicale\/soins-du-visage\/remplisseur\/\"><span>Remplisseur<\/span><\/a><\/li>\n<li class=\"separator\">\u00bb<\/li>\n<li class=\"current-page\"><span>Remplisseur de lobe d&#039;oreille<\/span><\/li>\n<\/ul>\n<\/nav><\/div>\n<\/p><\/div>\n<\/p><\/div>\n<\/div>\n<section id=\"content-area\">\n<div class=\"container my-5\">\n<div class=\"row align-items-start\">\n<div class=\"col-md-6 order-2 order-md-1\">\n<div class=\"custom-toc-box\">\n<div id=\"toc-header\">\n<h4>Table des mati\u00e8res<\/h4>\n<div class=\"toc-toggle-icon\"><\/div>\n<\/p><\/div>\n<div class=\"toc-full-divider\"><\/div>\n<div id=\"toc-body\">\n<div id=\"toc-container\"><\/div>\n<\/p><\/div>\n<\/p><\/div>\n<\/p><\/div>\n<div class=\"col-md-6 order-1 order-md-2\" id=\"jForm\">\n                <script type=\"text\/javascript\" src=\"https:\/\/form.jotform.com\/jsform\/242882407646969\"><\/script>\n            <\/div>\n<\/p><\/div>\n<\/p><\/div>\n<div class=\"container\">\n<div class=\"img-thumb\">\n            <img loading=\"lazy\" decoding=\"async\" src=\"https:\/\/drterziler.com\/wp-content\/uploads\/2025\/01\/Kulak-Memesi-Dolgusu.webp\" sizes=\"auto, (max-width: 1920px) 100vw, 1920px\" srcset=\"https:\/\/drterziler.com\/wp-content\/uploads\/2025\/01\/Kulak-Memesi-Dolgusu.webp 1920w, https:\/\/drterziler.com\/wp-content\/uploads\/2025\/01\/Kulak-Memesi-Dolgusu-300x169.webp 300w, https:\/\/drterziler.com\/wp-content\/uploads\/2025\/01\/Kulak-Memesi-Dolgusu-1024x576.webp 1024w, https:\/\/drterziler.com\/wp-content\/uploads\/2025\/01\/Kulak-Memesi-Dolgusu-768x432.webp 768w, https:\/\/drterziler.com\/wp-content\/uploads\/2025\/01\/Kulak-Memesi-Dolgusu-1536x864.webp 1536w\" alt=\"\" width=\"1920\" height=\"1080\">\n        <\/div>\n<div>\n<div>\n<h2 class=\"h2-header\">Qu&#039;est-ce que le comblement du lobe de l&#039;oreille ?<\/h2>\n<\/p><\/div>\n<div>\n<p class=\"p-text\">Le lobe de l&#039;oreille est une zone souvent n\u00e9glig\u00e9e en esth\u00e9tique faciale, bien qu&#039;il joue un r\u00f4le important. Avec le temps, le vieillissement, l&#039;effet de la gravit\u00e9 et le port de boucles d&#039;oreilles lourdes peuvent entra\u00eener un amincissement et une d\u00e9formation des lobes. Le comblement du lobe de l&#039;oreille est une proc\u00e9dure esth\u00e9tique pris\u00e9e pour corriger ces probl\u00e8mes sans chirurgie. R\u00e9alis\u00e9e avec des fillers \u00e0 base d&#039;acide hyaluronique, cette intervention redonne au lobe un aspect plus volumineux et rajeuni.<\/p>\n<\/p><\/div>\n<\/p><\/div>\n<div>\n<div>\n<h2 class=\"h2-header\">Quels sont les avantages du comblement du lobe de l&#039;oreille ?<\/h2>\n<\/p><\/div>\n<div>\n<p class=\"p-text\">Une solution rapide et pratique gr\u00e2ce \u00e0 une m\u00e9thode non chirurgicale. Une proc\u00e9dure r\u00e9alis\u00e9e en 10 \u00e0 15 minutes. Restaure le volume perdu du lobe de l&#039;oreille. Corrige les d\u00e9formations caus\u00e9es par le port de boucles d&#039;oreilles lourdes. Offre un aspect jeune et en bonne sant\u00e9 au lobe de l&#039;oreille. Une proc\u00e9dure s\u00fbre, adapt\u00e9e \u00e0 tous les groupes d&#039;\u00e2ge. Un retour imm\u00e9diat \u00e0 la vie sociale apr\u00e8s l&#039;intervention.<\/p>\n<\/p><\/div>\n<\/p><\/div>\n<div>\n<div>\n<h2 class=\"h2-header\">Quel type d&#039;apparence procure le comblement du lobe de l&#039;oreille ?<\/h2>\n<\/p><\/div>\n<div>\n<p class=\"p-text\">Le comblement du lobe de l&#039;oreille corrige la perte de volume, apportant un aspect plus plein et esth\u00e9tique. Il permet \u00e9galement de lisser les rides et l&#039;affaissement, offrant un rendu plus harmonieux. Cette proc\u00e9dure rajeunit le lobe de l&#039;oreille tout en s&#039;int\u00e9grant naturellement \u00e0 l&#039;esth\u00e9tique globale du visage.<\/p>\n<\/p><\/div>\n<\/p><\/div>\n<div>\n<div>\n<h2 class=\"h2-header\">\u00c0 qui s&#039;adresse le comblement du lobe de l&#039;oreille ?<\/h2>\n<\/p><\/div>\n<div>\n<p class=\"p-text\">Ceux qui ont subi une perte de volume au niveau des lobes. Personnes pr\u00e9sentant des d\u00e9formations caus\u00e9es par des boucles d&#039;oreilles lourdes. Individus souhaitant un lobe plus jeune et en meilleure sant\u00e9. Ceux recherchant une alternative rapide et efficace \u00e0 la chirurgie. Femmes et hommes de plus de 18 ans. Personnes souhaitant que leurs boucles d&#039;oreilles paraissent plus \u00e9l\u00e9gantes.<\/p>\n<\/p><\/div>\n<\/p><\/div>\n<div>\n<div>\n<h2 class=\"h2-header\">Une m\u00e9thode non chirurgicale pour hommes et femmes<\/h2>\n<\/p><\/div>\n<div>\n<p class=\"p-text\">Le comblement du lobe de l&#039;oreille convient aussi bien aux femmes qu&#039;aux hommes. Tandis que les femmes le privil\u00e9gient pour des raisons esth\u00e9tiques, les hommes peuvent y recourir afin de compenser une perte de volume li\u00e9e au vieillissement. Son caract\u00e8re non chirurgical en fait une option attrayante pour tous.<\/p>\n<\/p><\/div>\n<\/p><\/div>\n<div>\n<div>\n<h2 class=\"h2-header\">Comment est appliqu\u00e9 le comblement du lobe de l&#039;oreille ?<\/h2>\n<\/p><\/div>\n<div>\n<p class=\"p-text\">La proc\u00e9dure est r\u00e9alis\u00e9e sous anesth\u00e9sie locale. Tout d&#039;abord, les zones d&#039;application du filler sont identifi\u00e9es. Ensuite, le filler \u00e0 base d&#039;acide hyaluronique est soigneusement inject\u00e9 dans le lobe de l&#039;oreille \u00e0 l&#039;aide de fines aiguilles. L&#039;intervention est indolore, dure environ 10 \u00e0 15 minutes, et est effectu\u00e9e par des sp\u00e9cialistes exp\u00e9riment\u00e9s, garantissant une s\u00e9curit\u00e9 optimale.<\/p>\n<\/p><\/div>\n<\/p><\/div>\n<div>\n<div>\n<h2 class=\"h2-header\">Combien de temps durent les r\u00e9sultats du comblement du lobe de l&#039;oreille ?<\/h2>\n<\/p><\/div>\n<div>\n<p class=\"p-text\">Le comblement du lobe de l&#039;oreille dure g\u00e9n\u00e9ralement entre 12 et 18 mois. Les r\u00e9sultats peuvent varier en fonction du type de peau, du mode de vie et du type de filler utilis\u00e9. Une fois l&#039;effet du produit estomp\u00e9, la proc\u00e9dure peut \u00eatre renouvel\u00e9e.<\/p>\n<\/p><\/div>\n<\/p><\/div>\n<div>\n<div>\n<h2 class=\"h2-header\">Tarifs du comblement du lobe de l&#039;oreille<\/h2>\n<\/p><\/div>\n<div>\n<p class=\"p-text\">Les co\u00fbts peuvent varier en fonction du type de filler utilis\u00e9 ou de la quantit\u00e9 de produit appliqu\u00e9e sur la zone trait\u00e9e. Pour plus d&#039;informations sur l&#039;intervention ou les tarifs, n&#039;h\u00e9sitez pas \u00e0 nous contacter.<\/p>\n<\/p><\/div>\n<\/p><\/div>\n<div>\n<div>\n<h2 class=\"h2-header\">Pourquoi choisir la clinique exclusive Dr. Terziler ?<\/h2>\n<\/p><\/div>\n<div>\n<p class=\"p-text\">Le Dr Terziler, avec une expertise reconnue \u00e0 l&#039;international et une approche esth\u00e9tique alliant art et science, propose des solutions personnalis\u00e9es offrant non seulement une transformation physique, mais aussi un renouveau \u00e9motionnel. Notre clinique, \u00e9quip\u00e9e des technologies les plus avanc\u00e9es et op\u00e9rant selon des principes de confort et de s\u00e9curit\u00e9, adopte la perfection comme philosophie d&#039;entreprise. Ici, chaque geste vise \u00e0 am\u00e9liorer votre bien-\u00eatre g\u00e9n\u00e9ral et votre bonheur.<\/p>\n<\/p><\/div>\n<\/p><\/div>\n<\/p><\/div>\n<\/section>\n","protected":false},"excerpt":{"rendered":"<p>Remplisseur de lobe d&#039;oreille Le produit de comblement des lobes d&#039;oreilles remod\u00e8le et ajoute du volume aux lobes d&#039;oreilles qui se sont affaiss\u00e9s en raison du vieillissement. Cette proc\u00e9dure am\u00e9liore l\u2019aspect esth\u00e9tique des lobes des oreilles et procure un effet rajeunissant. Des r\u00e9sultats rapides sont obtenus et le processus de r\u00e9cup\u00e9ration est court. Dr. Terziler [&hellip;]<\/p>\n","protected":false},"author":6,"featured_media":0,"parent":3252,"menu_order":0,"comment_status":"closed","ping_status":"closed","template":"","meta":{"footnotes":""},"class_list":["post-16489","page","type-page","status-publish","hentry"],"_links":{"self":[{"href":"https:\/\/drterziler.com\/fr\/wp-json\/wp\/v2\/pages\/16489","targetHints":{"allow":["GET"]}}],"collection":[{"href":"https:\/\/drterziler.com\/fr\/wp-json\/wp\/v2\/pages"}],"about":[{"href":"https:\/\/drterziler.com\/fr\/wp-json\/wp\/v2\/types\/page"}],"author":[{"embeddable":true,"href":"https:\/\/drterziler.com\/fr\/wp-json\/wp\/v2\/users\/6"}],"replies":[{"embeddable":true,"href":"https:\/\/drterziler.com\/fr\/wp-json\/wp\/v2\/comments?post=16489"}],"version-history":[{"count":15,"href":"https:\/\/drterziler.com\/fr\/wp-json\/wp\/v2\/pages\/16489\/revisions"}],"predecessor-version":[{"id":62373,"href":"https:\/\/drterziler.com\/fr\/wp-json\/wp\/v2\/pages\/16489\/revisions\/62373"}],"up":[{"embeddable":true,"href":"https:\/\/drterziler.com\/fr\/wp-json\/wp\/v2\/pages\/3252"}],"wp:attachment":[{"href":"https:\/\/drterziler.com\/fr\/wp-json\/wp\/v2\/media?parent=16489"}],"curies":[{"name":"wp","href":"https:\/\/api.w.org\/{rel}","templated":true}]}}