{"id":16523,"date":"2025-01-27T13:54:54","date_gmt":"2025-01-27T13:54:54","guid":{"rendered":"https:\/\/drterziler.com\/esthetique-medicale\/yuz-uygulamalari\/filler\/nazolabial-marionet\/"},"modified":"2026-04-21T13:44:04","modified_gmt":"2026-04-21T13:44:04","slug":"marionnette-nasogenienne","status":"publish","type":"page","link":"https:\/\/drterziler.com\/fr\/esthetique-medicale\/soins-du-visage\/remplisseur\/marionnette-nasogenienne\/","title":{"rendered":"Marionnette Nasog\u00e9nienne"},"content":{"rendered":"<div class=\"page-content\">\n<div id=\"header-area\">\n<div class=\"container\" id=\"firstContent\">\n<div class=\"header-content d-flex flex-column\">\n<h1 class=\"content-title h1-header\">Marionnette Nasog\u00e9nienne<\/h1>\n<div class=\"content-paragraph\">\n<p class=\"p-text\">Les traitements de comblement nasolabial et Marionette \u00e9liminent les rides profondes et le rel\u00e2chement de la partie inf\u00e9rieure du visage, offrant une apparence plus jeune et plus lisse. Ces traitements corrigent les rides autour du nez et de la bouche \u00e0 l\u2019aide de mat\u00e9riaux de comblement. Les applications r\u00e9alis\u00e9es avec de l&#039;acide hyaluronique offrent des r\u00e9sultats durables avec un effet naturel.<\/p>\n<\/p><\/div>\n<nav aria-label=\"breadcrumb\" class=\"breadcrumbs\">\n<ul class=\"d-flex align-items-center mb-0\">\n<li><a class=\"link\" href=\"https:\/\/drterziler.com\/fr\/\"><span>Dr. Terziler Exclusive Clinic<\/span><\/a><\/li>\n<li class=\"separator\">\u00bb<\/li>\n<li><a class=\"link\" href=\"https:\/\/drterziler.com\/fr\/esthetique-medicale\/\"><span>Esth\u00e9tique m\u00e9dicale<\/span><\/a><\/li>\n<li class=\"separator\">\u00bb<\/li>\n<li><a class=\"link\" href=\"https:\/\/drterziler.com\/fr\/esthetique-medicale\/soins-du-visage\/\"><span>Soins du visage<\/span><\/a><\/li>\n<li class=\"separator\">\u00bb<\/li>\n<li><a class=\"link\" href=\"https:\/\/drterziler.com\/fr\/esthetique-medicale\/soins-du-visage\/remplisseur\/\"><span>Remplisseur<\/span><\/a><\/li>\n<li class=\"separator\">\u00bb<\/li>\n<li class=\"current-page\"><span>Marionnette Nasog\u00e9nienne<\/span><\/li>\n<\/ul>\n<\/nav><\/div>\n<\/p><\/div>\n<\/p><\/div>\n<\/div>\n<section id=\"content-area\">\n<div class=\"container my-5\">\n<div class=\"row align-items-start\">\n<div class=\"col-md-6 order-2 order-md-1\">\n<div class=\"custom-toc-box\">\n<div id=\"toc-header\">\n<h4>Table des mati\u00e8res<\/h4>\n<div class=\"toc-toggle-icon\"><\/div>\n<\/p><\/div>\n<div class=\"toc-full-divider\"><\/div>\n<div id=\"toc-body\">\n<div id=\"toc-container\"><\/div>\n<\/p><\/div>\n<\/p><\/div>\n<\/p><\/div>\n<div class=\"col-md-6 order-1 order-md-2\" id=\"jForm\">\n                <script type=\"text\/javascript\" src=\"https:\/\/form.jotform.com\/jsform\/242882407646969\"><\/script>\n            <\/div>\n<\/p><\/div>\n<\/p><\/div>\n<div class=\"container\">\n<div class=\"img-thumb\">\n            <img loading=\"lazy\" decoding=\"async\" src=\"https:\/\/drterziler.com\/wp-content\/uploads\/2025\/01\/Nazolabial-Marionett.webp\" sizes=\"auto, (max-width: 1920px) 100vw, 1920px\" srcset=\"https:\/\/drterziler.com\/wp-content\/uploads\/2025\/01\/Nazolabial-Marionett.webp 1920w, https:\/\/drterziler.com\/wp-content\/uploads\/2025\/01\/Nazolabial-Marionett-300x169.webp 300w, https:\/\/drterziler.com\/wp-content\/uploads\/2025\/01\/Nazolabial-Marionett-1024x576.webp 1024w, https:\/\/drterziler.com\/wp-content\/uploads\/2025\/01\/Nazolabial-Marionett-768x432.webp 768w, https:\/\/drterziler.com\/wp-content\/uploads\/2025\/01\/Nazolabial-Marionett-1536x864.webp 1536w\" alt=\"\" width=\"1920\" height=\"1080\">\n        <\/div>\n<div>\n<div>\n<h2 class=\"h2-header\">Comblement des sillons nasog\u00e9niens et des rides de la marionnette<\/h2>\n<\/p><\/div>\n<div>\n<p class=\"p-text\">Le visage est souvent per\u00e7u comme un tout esth\u00e9tique refl\u00e9tant la jeunesse et la vitalit\u00e9. Cependant, avec le processus de vieillissement, l&#039;apparition de rides et la perte de volume dans la zone faciale peuvent donner une expression fatigu\u00e9e et triste. Les sillons nasog\u00e9niens et les rides de la marionnette sont parmi les signes de vieillissement les plus visibles dans la partie inf\u00e9rieure du visage. Leur creusement peut accentuer l&#039;aspect vieilli et fatigu\u00e9 du visage. Le comblement des sillons nasog\u00e9niens et des rides de la marionnette est une m\u00e9thode efficace pour adoucir ces marques, rajeunir les traits du visage et obtenir une esth\u00e9tique naturelle.<\/p>\n<\/p><\/div>\n<\/p><\/div>\n<div>\n<div>\n<h2 class=\"h2-header\">Qu&#039;est-ce que le comblement des sillons nasog\u00e9niens et des rides de la marionnette ?<\/h2>\n<\/p><\/div>\n<div>\n<p class=\"p-text\">Les sillons nasog\u00e9niens d\u00e9signent les plis qui s&#039;\u00e9tendent des ailes du nez jusqu&#039;aux coins de la bouche, tandis que les rides de la marionnette sont les lignes qui descendent des coins de la bouche vers la m\u00e2choire. La perte de volume et la diminution de l&#039;\u00e9lasticit\u00e9 de la peau dans ces zones peuvent provoquer un rel\u00e2chement et accentuer ces rides. Le comblement des sillons nasog\u00e9niens et des rides de la marionnette est une application non chirurgicale qui consiste \u00e0 injecter des fillers dermiques, comme l&#039;acide hyaluronique, dans ces zones. Cette proc\u00e9dure permet de restaurer le volume et d&#039;offrir un aspect plus jeune, \u00e9quilibr\u00e9 et en bonne sant\u00e9 au visage.<\/p>\n<\/p><\/div>\n<\/p><\/div>\n<div>\n<div>\n<h2 class=\"h2-header\">Quels sont les avantages du comblement des sillons nasog\u00e9niens et des rides de la marionnette ?<\/h2>\n<\/p><\/div>\n<div>\n<p class=\"p-text\">Apparence jeune et fra\u00eeche. Att\u00e9nuation des rides du visage. Harmonie et \u00e9quilibre des traits du visage. Solution naturelle et non chirurgicale. Am\u00e9lioration de la confiance en soi. R\u00e9sultats efficaces en peu de temps. Effet durable.<\/p>\n<\/p><\/div>\n<\/p><\/div>\n<div>\n<div>\n<h2 class=\"h2-header\">Quel aspect procure le comblement des sillons nasog\u00e9niens et des rides de la marionnette ?<\/h2>\n<\/p><\/div>\n<div>\n<p class=\"p-text\">Cette proc\u00e9dure restaure le volume perdu et adoucit les rides dans la partie inf\u00e9rieure du visage, offrant un aspect plus jeune et \u00e9quilibr\u00e9. Les sillons nasog\u00e9niens sont att\u00e9nu\u00e9s, et le rel\u00e2chement des rides de la marionnette est corrig\u00e9. Le visage para\u00eet ainsi plus doux et naturel.<\/p>\n<\/p><\/div>\n<\/p><\/div>\n<div>\n<div>\n<h2 class=\"h2-header\">\u00c0 qui s&#039;adresse le comblement des sillons nasog\u00e9niens et des rides de la marionnette ?<\/h2>\n<\/p><\/div>\n<div>\n<p class=\"p-text\">Ceux qui souhaitent une structure faciale plus jeune, dynamique et \u00e9clatante. Personnes g\u00ean\u00e9es par les sillons nasog\u00e9niens et les rides de la marionnette. Individus ayant une pr\u00e9disposition g\u00e9n\u00e9tique \u00e0 ces rides. Ceux qui pr\u00e9sentent des signes de vieillissement. Personnes ne souhaitant pas subir d&#039;intervention chirurgicale. Femmes et hommes de tous \u00e2ges. Ceux qui recherchent des r\u00e9sultats rapides.<\/p>\n<\/p><\/div>\n<\/p><\/div>\n<div>\n<div>\n<h2 class=\"h2-header\">Une option non chirurgicale pour hommes et femmes<\/h2>\n<\/p><\/div>\n<div>\n<p class=\"p-text\">Le comblement des sillons nasog\u00e9niens et des rides de la marionnette est une solution esth\u00e9tique id\u00e9ale aussi bien pour les femmes que pour les hommes. Tandis que les femmes le privil\u00e9gient pour adoucir et embellir leurs traits, les hommes y ont recours pour obtenir une expression plus jeune et dynamique. Son caract\u00e8re non chirurgical en fait une option simple et efficace pour tous.<\/p>\n<\/p><\/div>\n<\/p><\/div>\n<div>\n<div>\n<h2 class=\"h2-header\">Comment se d\u00e9roule le comblement des sillons nasog\u00e9niens et des rides de la marionnette ?<\/h2>\n<\/p><\/div>\n<div>\n<p class=\"p-text\">La proc\u00e9dure se r\u00e9alise g\u00e9n\u00e9ralement sous anesth\u00e9sie locale. Tout d&#039;abord, les zones \u00e0 traiter sont marqu\u00e9es et analys\u00e9es en d\u00e9tail. Ensuite, un filler \u00e0 base d&#039;acide hyaluronique est inject\u00e9 avec pr\u00e9cision \u00e0 l&#039;aide de fines aiguilles dans les zones concern\u00e9es. L&#039;intervention est indolore, dure environ 20 \u00e0 30 minutes, et permet un retour imm\u00e9diat aux activit\u00e9s quotidiennes.<\/p>\n<\/p><\/div>\n<\/p><\/div>\n<div>\n<div>\n<h2 class=\"h2-header\">Quelle est la dur\u00e9e des r\u00e9sultats du comblement des sillons nasog\u00e9niens et des rides de la marionnette ?<\/h2>\n<\/p><\/div>\n<div>\n<p class=\"p-text\">Les r\u00e9sultats de cette proc\u00e9dure durent entre 12 et 18 mois, selon le type de filler utilis\u00e9 et le type de peau du patient. Avec le temps, l&#039;effet du filler peut diminuer, mais l&#039;intervention peut \u00eatre r\u00e9p\u00e9t\u00e9e pour prolonger les r\u00e9sultats. Un entretien r\u00e9gulier et un mode de vie sain sont essentiels pour maximiser la long\u00e9vit\u00e9 des effets.<\/p>\n<\/p><\/div>\n<\/p><\/div>\n<div>\n<div>\n<h2 class=\"h2-header\">Est-ce douloureux ?<\/h2>\n<\/p><\/div>\n<div>\n<p class=\"p-text\">La proc\u00e9dure est indolore. Une cr\u00e8me anesth\u00e9siante ou une anesth\u00e9sie locale est appliqu\u00e9e avant l&#039;intervention. Une l\u00e9g\u00e8re sensation de picotement peut \u00eatre ressentie lors de l&#039;injection, mais celle-ci est temporaire et peu inconfortable.<\/p>\n<\/p><\/div>\n<\/p><\/div>\n<div>\n<div>\n<h2 class=\"h2-header\">Tarifs du comblement des sillons nasog\u00e9niens et des rides de la marionnette<\/h2>\n<\/p><\/div>\n<div>\n<p class=\"p-text\">Les co\u00fbts peuvent varier en fonction du type de filler utilis\u00e9 ou du dosage appliqu\u00e9 dans la zone trait\u00e9e. Pour plus d&#039;informations sur l&#039;intervention ou les tarifs, n&#039;h\u00e9sitez pas \u00e0 nous contacter.<\/p>\n<\/p><\/div>\n<\/p><\/div>\n<div>\n<div>\n<h2 class=\"h2-header\">Pourquoi choisir la clinique exclusive Dr. Terziler ?<\/h2>\n<\/p><\/div>\n<div>\n<p class=\"p-text\">Le Dr Terziler, avec une expertise reconnue \u00e0 l&#039;international et une approche esth\u00e9tique alliant art et science, propose des solutions personnalis\u00e9es offrant non seulement une transformation physique, mais aussi un renouveau \u00e9motionnel. Notre clinique, \u00e9quip\u00e9e des technologies les plus avanc\u00e9es et op\u00e9rant selon des principes de confort et de s\u00e9curit\u00e9, adopte la perfection comme philosophie d&#039;entreprise. Ici, chaque geste vise \u00e0 am\u00e9liorer votre bien-\u00eatre g\u00e9n\u00e9ral et votre bonheur.<\/p>\n<\/p><\/div>\n<\/p><\/div>\n<\/p><\/div>\n<\/section>\n","protected":false},"excerpt":{"rendered":"<p>Marionnette Nasog\u00e9nienne Les traitements de comblement nasolabial et Marionette \u00e9liminent les rides profondes et le rel\u00e2chement de la partie inf\u00e9rieure du visage, offrant une apparence plus jeune et plus lisse. Ces traitements corrigent les rides autour du nez et de la bouche \u00e0 l\u2019aide de mat\u00e9riaux de comblement. Les applications r\u00e9alis\u00e9es avec de l&#039;acide hyaluronique [&hellip;]<\/p>\n","protected":false},"author":6,"featured_media":0,"parent":3252,"menu_order":0,"comment_status":"closed","ping_status":"closed","template":"","meta":{"footnotes":""},"class_list":["post-16523","page","type-page","status-publish","hentry"],"_links":{"self":[{"href":"https:\/\/drterziler.com\/fr\/wp-json\/wp\/v2\/pages\/16523","targetHints":{"allow":["GET"]}}],"collection":[{"href":"https:\/\/drterziler.com\/fr\/wp-json\/wp\/v2\/pages"}],"about":[{"href":"https:\/\/drterziler.com\/fr\/wp-json\/wp\/v2\/types\/page"}],"author":[{"embeddable":true,"href":"https:\/\/drterziler.com\/fr\/wp-json\/wp\/v2\/users\/6"}],"replies":[{"embeddable":true,"href":"https:\/\/drterziler.com\/fr\/wp-json\/wp\/v2\/comments?post=16523"}],"version-history":[{"count":15,"href":"https:\/\/drterziler.com\/fr\/wp-json\/wp\/v2\/pages\/16523\/revisions"}],"predecessor-version":[{"id":62381,"href":"https:\/\/drterziler.com\/fr\/wp-json\/wp\/v2\/pages\/16523\/revisions\/62381"}],"up":[{"embeddable":true,"href":"https:\/\/drterziler.com\/fr\/wp-json\/wp\/v2\/pages\/3252"}],"wp:attachment":[{"href":"https:\/\/drterziler.com\/fr\/wp-json\/wp\/v2\/media?parent=16523"}],"curies":[{"name":"wp","href":"https:\/\/api.w.org\/{rel}","templated":true}]}}