{"id":16597,"date":"2025-01-27T14:10:03","date_gmt":"2025-01-27T14:10:03","guid":{"rendered":"https:\/\/drterziler.com\/esthetique-medicale\/yuz-uygulamalari\/applications-de-la-mesotherapie\/akne-tedavisi\/"},"modified":"2026-02-28T19:32:58","modified_gmt":"2026-02-28T19:32:58","slug":"traitement-de-lacne","status":"publish","type":"page","link":"https:\/\/drterziler.com\/fr\/esthetique-medicale\/soins-du-visage\/mesotherapie\/traitement-de-lacne\/","title":{"rendered":"Traitement de l&rsquo;acn\u00e9"},"content":{"rendered":"<div class=\"page-content\">\n<div id=\"header-area\">\n<div class=\"container\" id=\"firstContent\">\n<div class=\"header-content d-flex flex-column\">\n<h1 class=\"content-title h1-header\">Traitement de l&#039;acn\u00e9<\/h1>\n<div class=\"content-paragraph\">\n<p class=\"p-text\">Il s\u2019agit d\u2019une s\u00e9rie de proc\u00e9dures dermatologiques visant \u00e0 \u00e9liminer les cicatrices d\u2019acn\u00e9 et de boutons. Des m\u00e9thodes telles que les traitements au laser, les peelings chimiques et les m\u00e9dicaments topiques sont utilis\u00e9es pour nettoyer la peau et r\u00e9tablir son \u00e9quilibre. Le soin est personnalis\u00e9 en fonction du type de peau, offrant des r\u00e9sultats efficaces et rapides.<\/p>\n<\/p><\/div>\n<nav aria-label=\"breadcrumb\" class=\"breadcrumbs\">\n<ul class=\"d-flex align-items-center mb-0\">\n<li><a class=\"link\" href=\"https:\/\/drterziler.com\/fr\/\"><span>Dr. Terziler Exclusive Clinic<\/span><\/a><\/li>\n<li class=\"separator\">\u00bb<\/li>\n<li><a class=\"link\" href=\"https:\/\/drterziler.com\/fr\/esthetique-medicale\/\"><span>Esth\u00e9tique m\u00e9dicale<\/span><\/a><\/li>\n<li class=\"separator\">\u00bb<\/li>\n<li><a class=\"link\" href=\"https:\/\/drterziler.com\/fr\/esthetique-medicale\/soins-du-visage\/\"><span>Soins du visage<\/span><\/a><\/li>\n<li class=\"separator\">\u00bb<\/li>\n<li><a class=\"link\" href=\"https:\/\/drterziler.com\/fr\/esthetique-medicale\/soins-du-visage\/mesotherapie\/\"><span>M\u00e9soth\u00e9rapie<\/span><\/a><\/li>\n<li class=\"separator\">\u00bb<\/li>\n<li class=\"current-page\"><span>Traitement de l&#039;acn\u00e9<\/span><\/li>\n<\/ul>\n<\/nav><\/div>\n<\/p><\/div>\n<\/p><\/div>\n<\/div>\n<section id=\"content-area\">\n<div class=\"container my-5\">\n<div class=\"row align-items-start\">\n<div class=\"col-md-6 order-2 order-md-1\">\n<div class=\"custom-toc-box\">\n<div id=\"toc-header\">\n<h4>Table des mati\u00e8res<\/h4>\n<div class=\"toc-toggle-icon\"><\/div>\n<\/p><\/div>\n<div class=\"toc-full-divider\"><\/div>\n<div id=\"toc-body\">\n<div id=\"toc-container\"><\/div>\n<\/p><\/div>\n<\/p><\/div>\n<\/p><\/div>\n<div class=\"col-md-6 order-1 order-md-2\" id=\"jForm\">\n                <script type=\"text\/javascript\" src=\"https:\/\/form.jotform.com\/jsform\/242882407646969\"><\/script>\n            <\/div>\n<\/p><\/div>\n<\/p><\/div>\n<div class=\"container\">\n<div class=\"img-thumb\">\n            <img loading=\"lazy\" decoding=\"async\" src=\"https:\/\/drterziler.com\/wp-content\/uploads\/2025\/01\/Akne-Tedavisi.webp\" sizes=\"auto, (max-width: 1920px) 100vw, 1920px\" srcset=\"https:\/\/drterziler.com\/wp-content\/uploads\/2025\/01\/Akne-Tedavisi.webp 1920w, https:\/\/drterziler.com\/wp-content\/uploads\/2025\/01\/Akne-Tedavisi-300x169.webp 300w, https:\/\/drterziler.com\/wp-content\/uploads\/2025\/01\/Akne-Tedavisi-1024x576.webp 1024w, https:\/\/drterziler.com\/wp-content\/uploads\/2025\/01\/Akne-Tedavisi-768x432.webp 768w, https:\/\/drterziler.com\/wp-content\/uploads\/2025\/01\/Akne-Tedavisi-1536x864.webp 1536w\" alt=\"akne tedavisi\" width=\"1920\" height=\"1080\" \/>\n        <\/div>\n<div>\n<div>\n<h2 class=\"h2-header\">Qu&#039;est-ce que le Traitement de l&#039;Acn\u00e9 ?<\/h2>\n<\/p><\/div>\n<div>\n<p class=\"p-text\">Le traitement de l&#039;acn\u00e9 est une s\u00e9rie de m\u00e9thodes esth\u00e9tiques appliqu\u00e9es pour pr\u00e9venir et traiter l&#039;acn\u00e9 (boutons) et les points noirs. L&#039;acn\u00e9 est un probl\u00e8me de peau courant caus\u00e9 par des facteurs tels que l&#039;obstruction des glandes s\u00e9bac\u00e9es, les infections bact\u00e9riennes ou les changements hormonaux. Le traitement de l&#039;acn\u00e9 offre des solutions \u00e0 ces probl\u00e8mes sous-jacents en r\u00e9duisant l&#039;inflammation, en renouvelant la texture de la peau et en am\u00e9liorant l&#039;apparence des cicatrices.<\/p>\n<\/p><\/div>\n<\/p><\/div>\n<div>\n<div>\n<h2 class=\"h2-header\">Quels sont les Bienfaits du Traitement de l&#039;Acn\u00e9 ?<\/h2>\n<\/p><\/div>\n<div>\n<p class=\"p-text\">Fournit une peau plus claire et plus lumineuse. Uniformise le teint de la peau. R\u00e9duit les cicatrices d&#039;acn\u00e9. Att\u00e9nue rapidement l&#039;inflammation. Favorise la r\u00e9g\u00e9n\u00e9ration de la peau. Renforce la confiance en soi. Retour rapide aux activit\u00e9s quotidiennes.<\/p>\n<\/p><\/div>\n<\/p><\/div>\n<div>\n<div>\n<h2 class=\"h2-header\">Quel Aspect Apporte le Traitement de l&#039;Acn\u00e9 ?<\/h2>\n<\/p><\/div>\n<div>\n<p class=\"p-text\">Le traitement de l&#039;acn\u00e9 am\u00e9liore consid\u00e9rablement l&#039;apparence des boutons et des cicatrices. Apr\u00e8s la proc\u00e9dure, la peau devient plus propre, plus lisse, plus saine et plus \u00e9clatante. Notamment, une luminosit\u00e9 visible et un rajeunissement de la texture de la peau sont observ\u00e9s apr\u00e8s le traitement. L&#039;am\u00e9lioration des cicatrices d&#039;acn\u00e9 et du teint offre une apparence plus jeune et plus fra\u00eeche.<\/p>\n<\/p><\/div>\n<\/p><\/div>\n<div>\n<div>\n<h2 class=\"h2-header\">\u00c0 Qui s&#039;Adresse le Traitement de l&#039;Acn\u00e9 ?<\/h2>\n<\/p><\/div>\n<div>\n<p class=\"p-text\">Adolescents en p\u00e9riode de pubert\u00e9. Personnes souffrant d&#039;acn\u00e9 li\u00e9e au vieillissement. Ceux qui \u00e9prouvent de l&#039;anxi\u00e9t\u00e9 sociale en raison de boutons. Personnes ayant une peau sujette \u00e0 l&#039;acn\u00e9. Individus recherchant des r\u00e9sultats rapides. Ceux qui ne souhaitent pas d&#039;intervention chirurgicale.<\/p>\n<\/p><\/div>\n<\/p><\/div>\n<div>\n<div>\n<h2 class=\"h2-header\">Pourquoi le Traitement de l&#039;Acn\u00e9 est-il Populaire ?<\/h2>\n<\/p><\/div>\n<div>\n<p class=\"p-text\">Le traitement de l&#039;acn\u00e9 aide les personnes \u00e0 g\u00e9rer leurs probl\u00e8mes de peau et \u00e0 retrouver leur confiance en elles. Ces derni\u00e8res ann\u00e9es, l&#039;int\u00e9r\u00eat croissant pour les soins de la peau a rendu le traitement de l&#039;acn\u00e9 largement pr\u00e9f\u00e9r\u00e9 tant par les adolescents que par les adultes. La proc\u00e9dure est populaire en raison de son caract\u00e8re peu invasif et de ses r\u00e9sultats rapides. De plus, le traitement de l&#039;acn\u00e9 ne traite pas seulement l&#039;acn\u00e9, mais aussi les cicatrices d&#039;acn\u00e9, offrant ainsi une solution plus compl\u00e8te.<\/p>\n<\/p><\/div>\n<\/p><\/div>\n<div>\n<div>\n<h2 class=\"h2-header\">Comment le Traitement de l&#039;Acn\u00e9 est-il Appliqu\u00e9 ?<\/h2>\n<\/p><\/div>\n<div>\n<p class=\"p-text\">Les m\u00e9thodes les plus courantes incluent le traitement au laser, le peeling chimique et le PRP. Les faisceaux laser ciblent les pigments sous la peau, r\u00e9duisant ainsi les imperfections. Le peeling chimique exfolie la couche sup\u00e9rieure de la peau, cr\u00e9ant une surface cutan\u00e9e saine. Le PRP revitalise la peau en utilisant le sang aux propri\u00e9t\u00e9s r\u00e9g\u00e9n\u00e9ratrices. Le processus de traitement est personnalis\u00e9 et r\u00e9alis\u00e9 par un m\u00e9decin expert.<\/p>\n<\/p><\/div>\n<\/p><\/div>\n<div>\n<div>\n<h2 class=\"h2-header\">Quelle est la Dur\u00e9e des R\u00e9sultats du Traitement de l&#039;Acn\u00e9 ?<\/h2>\n<\/p><\/div>\n<div>\n<p class=\"p-text\">La durabilit\u00e9 des r\u00e9sultats du traitement de l&#039;acn\u00e9 d\u00e9pend de la m\u00e9thode appliqu\u00e9e et des caract\u00e9ristiques de la peau de l&#039;individu. En g\u00e9n\u00e9ral, apr\u00e8s le traitement, l&#039;acn\u00e9 et les cicatrices sont consid\u00e9rablement r\u00e9duites et la peau obtient une apparence plus saine. Cependant, les changements hormonaux, le mode de vie ou les facteurs environnementaux peuvent provoquer le retour de l&#039;acn\u00e9. Un entretien r\u00e9gulier et des s\u00e9ances de traitement peuvent aider \u00e0 rendre les r\u00e9sultats plus durables.<\/p>\n<\/p><\/div>\n<\/p><\/div>\n<div>\n<div>\n<h2 class=\"h2-header\">Le Traitement de l&#039;Acn\u00e9 est-il Douloureux ou Inconfortable ?<\/h2>\n<\/p><\/div>\n<div>\n<p class=\"p-text\">La plupart des traitements de l&#039;acn\u00e9 sont indolores, mais certaines m\u00e9thodes (notamment le peeling chimique ou le laser) peuvent provoquer une l\u00e9g\u00e8re sensation de br\u00fblure ou un inconfort. Des proc\u00e9dures telles que la m\u00e9soth\u00e9rapie et la microdermabrasion sont r\u00e9alis\u00e9es avec un minimum d&#039;inconfort et ne n\u00e9cessitent g\u00e9n\u00e9ralement pas d&#039;anesth\u00e9sie. En fonction de la sensibilit\u00e9 de votre peau, l&#039;inconfort peut \u00eatre r\u00e9duit par l&#039;utilisation de cr\u00e8mes anesth\u00e9siantes ou de syst\u00e8mes de refroidissement avant le traitement.<\/p>\n<\/p><\/div>\n<\/p><\/div>\n<div>\n<div>\n<h2 class=\"h2-header\">Prix du Traitement de l&#039;Acn\u00e9<\/h2>\n<\/p><\/div>\n<div>\n<p class=\"p-text\">Les prix du traitement de l&#039;acn\u00e9 varient en fonction de la m\u00e9thode utilis\u00e9e et du type de peau. En g\u00e9n\u00e9ral, les traitements plus simples sont propos\u00e9s \u00e0 des prix plus abordables, tandis que les m\u00e9thodes avanc\u00e9es telles que le laser ou la m\u00e9soth\u00e9rapie peuvent \u00eatre l\u00e9g\u00e8rement plus co\u00fbteuses. Pour obtenir des informations d\u00e9taill\u00e9es sur les tarifs, nous vous recommandons de contacter notre clinique.<\/p>\n<\/p><\/div>\n<\/p><\/div>\n<div>\n<div>\n<h2 class=\"h2-header\">Pourquoi Choisir la Clinique Exclusive du Dr. Terziler ?<\/h2>\n<\/p><\/div>\n<div>\n<p class=\"p-text\">Le Dr. Terziler, gr\u00e2ce \u00e0 une expertise reconnue \u00e0 l&#039;international et une approche esth\u00e9tique combinant l&#039;art et la science, propose des solutions personnalis\u00e9es offrant non seulement une transformation physique, mais aussi un renouveau \u00e9motionnel. Notre clinique, \u00e9quip\u00e9e de technologies avanc\u00e9es et fonctionnant selon des principes de confort et de s\u00e9curit\u00e9, adopte la perfection comme philosophie d\u2019entreprise. Chaque intervention ici vise \u00e0 am\u00e9liorer votre bien-\u00eatre global et votre bonheur.<\/p>\n<\/p><\/div>\n<\/p><\/div>\n<\/p><\/div>\n<\/section>\n","protected":false},"excerpt":{"rendered":"<p>Traitement de l&#039;acn\u00e9 Il s\u2019agit d\u2019une s\u00e9rie de proc\u00e9dures dermatologiques visant \u00e0 \u00e9liminer les cicatrices d\u2019acn\u00e9 et de boutons. Des m\u00e9thodes telles que les traitements au laser, les peelings chimiques et les m\u00e9dicaments topiques sont utilis\u00e9es pour nettoyer la peau et r\u00e9tablir son \u00e9quilibre. Le soin est personnalis\u00e9 en fonction du type de peau, offrant [&hellip;]<\/p>\n","protected":false},"author":6,"featured_media":0,"parent":2732,"menu_order":0,"comment_status":"closed","ping_status":"closed","template":"","meta":{"footnotes":""},"class_list":["post-16597","page","type-page","status-publish","hentry"],"_links":{"self":[{"href":"https:\/\/drterziler.com\/fr\/wp-json\/wp\/v2\/pages\/16597","targetHints":{"allow":["GET"]}}],"collection":[{"href":"https:\/\/drterziler.com\/fr\/wp-json\/wp\/v2\/pages"}],"about":[{"href":"https:\/\/drterziler.com\/fr\/wp-json\/wp\/v2\/types\/page"}],"author":[{"embeddable":true,"href":"https:\/\/drterziler.com\/fr\/wp-json\/wp\/v2\/users\/6"}],"replies":[{"embeddable":true,"href":"https:\/\/drterziler.com\/fr\/wp-json\/wp\/v2\/comments?post=16597"}],"version-history":[{"count":17,"href":"https:\/\/drterziler.com\/fr\/wp-json\/wp\/v2\/pages\/16597\/revisions"}],"predecessor-version":[{"id":58431,"href":"https:\/\/drterziler.com\/fr\/wp-json\/wp\/v2\/pages\/16597\/revisions\/58431"}],"up":[{"embeddable":true,"href":"https:\/\/drterziler.com\/fr\/wp-json\/wp\/v2\/pages\/2732"}],"wp:attachment":[{"href":"https:\/\/drterziler.com\/fr\/wp-json\/wp\/v2\/media?parent=16597"}],"curies":[{"name":"wp","href":"https:\/\/api.w.org\/{rel}","templated":true}]}}