{"id":16638,"date":"2025-01-27T14:34:58","date_gmt":"2025-01-27T14:34:58","guid":{"rendered":"https:\/\/drterziler.com\/esthetique-medicale\/yuz-uygulamalari\/applications-de-la-mesotherapie\/anti-aging\/"},"modified":"2026-02-28T19:36:27","modified_gmt":"2026-02-28T19:36:27","slug":"anti-age","status":"publish","type":"page","link":"https:\/\/drterziler.com\/fr\/esthetique-medicale\/soins-du-visage\/mesotherapie\/anti-age\/","title":{"rendered":"Anti-\u00e2ge"},"content":{"rendered":"<div class=\"page-content\">\n<div id=\"header-area\">\n<div class=\"container\" id=\"firstContent\">\n<div class=\"header-content d-flex flex-column\">\n<h1 class=\"content-title h1-header\">Anti-\u00e2ge<\/h1>\n<div class=\"content-paragraph\">\n<p class=\"p-text\">Les traitements anti-\u00e2ge qui combattent les signes du vieillissement sont des applications modernes visant \u00e0 obtenir une peau plus jeune, plus \u00e9clatante et plus lisse. Ces m\u00e9thodes, qui soutiennent \u00e0 la fois la beaut\u00e9 esth\u00e9tique et naturelle, offrent aujourd\u2019hui une solution populaire \u00e0 tous.<\/p>\n<\/p><\/div>\n<nav aria-label=\"breadcrumb\" class=\"breadcrumbs\">\n<ul class=\"d-flex align-items-center mb-0\">\n<li><a class=\"link\" href=\"https:\/\/drterziler.com\/fr\/\"><span>Dr. Terziler Exclusive Clinic<\/span><\/a><\/li>\n<li class=\"separator\">\u00bb<\/li>\n<li><a class=\"link\" href=\"https:\/\/drterziler.com\/fr\/esthetique-medicale\/\"><span>Esth\u00e9tique m\u00e9dicale<\/span><\/a><\/li>\n<li class=\"separator\">\u00bb<\/li>\n<li><a class=\"link\" href=\"https:\/\/drterziler.com\/fr\/esthetique-medicale\/soins-du-visage\/\"><span>Soins du visage<\/span><\/a><\/li>\n<li class=\"separator\">\u00bb<\/li>\n<li><a class=\"link\" href=\"https:\/\/drterziler.com\/fr\/esthetique-medicale\/soins-du-visage\/mesotherapie\/\"><span>M\u00e9soth\u00e9rapie<\/span><\/a><\/li>\n<li class=\"separator\">\u00bb<\/li>\n<li class=\"current-page\"><span>Anti-\u00e2ge<\/span><\/li>\n<\/ul>\n<\/nav><\/div>\n<\/p><\/div>\n<\/p><\/div>\n<\/div>\n<section id=\"content-area\">\n<div class=\"container my-5\">\n<div class=\"row align-items-start\">\n<div class=\"col-md-6 order-2 order-md-1\">\n<div class=\"custom-toc-box\">\n<div id=\"toc-header\">\n<h4>Table des mati\u00e8res<\/h4>\n<div class=\"toc-toggle-icon\"><\/div>\n<\/p><\/div>\n<div class=\"toc-full-divider\"><\/div>\n<div id=\"toc-body\">\n<div id=\"toc-container\"><\/div>\n<\/p><\/div>\n<\/p><\/div>\n<\/p><\/div>\n<div class=\"col-md-6 order-1 order-md-2\" id=\"jForm\">\n                <script type=\"text\/javascript\" src=\"https:\/\/form.jotform.com\/jsform\/242882407646969\"><\/script>\n            <\/div>\n<\/p><\/div>\n<\/p><\/div>\n<div class=\"container\">\n<div class=\"img-thumb\">\n            <img loading=\"lazy\" decoding=\"async\" src=\"https:\/\/drterziler.com\/wp-content\/uploads\/2025\/01\/Anti-Aging.webp\" sizes=\"auto, (max-width: 1920px) 100vw, 1920px\" srcset=\"https:\/\/drterziler.com\/wp-content\/uploads\/2025\/01\/Anti-Aging.webp 1920w, https:\/\/drterziler.com\/wp-content\/uploads\/2025\/01\/Anti-Aging-300x169.webp 300w, https:\/\/drterziler.com\/wp-content\/uploads\/2025\/01\/Anti-Aging-1024x576.webp 1024w, https:\/\/drterziler.com\/wp-content\/uploads\/2025\/01\/Anti-Aging-768x432.webp 768w, https:\/\/drterziler.com\/wp-content\/uploads\/2025\/01\/Anti-Aging-1536x864.webp 1536w\" alt=\"\" width=\"1920\" height=\"1080\">\n        <\/div>\n<div>\n<div>\n<h2 class=\"h2-header\">Traitement Anti-\u00c2ge en Turquie<\/h2>\n<\/p><\/div>\n<div>\n<p class=\"p-text\">Le traitement anti-\u00e2ge regroupe une s\u00e9rie d&#039;applications et de soins d\u00e9velopp\u00e9s pour retarder ou inverser les signes du vieillissement. Il inclut le renouvellement de la peau, la r\u00e9gulation du tonus musculaire, la r\u00e9duction des rides et une apparence g\u00e9n\u00e9rale plus jeune. Il propose des solutions vari\u00e9es, allant des soins superficiels de la peau aux applications m\u00e9dicales avanc\u00e9es.<\/p>\n<\/p><\/div>\n<\/p><\/div>\n<div>\n<div>\n<h2 class=\"h2-header\">Quels sont les Bienfaits du Traitement Anti-\u00c2ge ?<\/h2>\n<\/p><\/div>\n<div>\n<p class=\"p-text\">R\u00e9duit les rides et les ridules. Am\u00e9liore l&#039;\u00e9lasticit\u00e9 et l&#039;\u00e9clat de la peau. Corrige les d\u00e9s\u00e9quilibres du teint et les imperfections cutan\u00e9es. Offre une apparence plus jeune, dynamique et en meilleure sant\u00e9. Renforce la confiance en soi. Apporte des effets visibles en peu de temps.<\/p>\n<\/p><\/div>\n<\/p><\/div>\n<div>\n<div>\n<h2 class=\"h2-header\">Quel Aspect Apporte le Traitement Anti-\u00c2ge ?<\/h2>\n<\/p><\/div>\n<div>\n<p class=\"p-text\">\u00c0 la suite des traitements anti-\u00e2ge, la peau devient plus ferme, plus rebondie et plus \u00e9clatante. Les traits fatigu\u00e9s ou rel\u00e2ch\u00e9s sont restaur\u00e9s. Les probl\u00e8mes tels que les taches, les rides et les gonflements diminuent, redonnant au visage son \u00e9clat de jeunesse.<\/p>\n<\/p><\/div>\n<\/p><\/div>\n<div>\n<div>\n<h2 class=\"h2-header\">\u00c0 Qui s&#039;Adresse le Traitement Anti-\u00c2ge ?<\/h2>\n<\/p><\/div>\n<div>\n<p class=\"p-text\">\u00c0 toute personne souhaitant lutter contre les signes du vieillissement. Il est g\u00e9n\u00e9ralement privil\u00e9gi\u00e9 \u00e0 partir de la trentaine, mais des traitements pr\u00e9ventifs peuvent \u00eatre r\u00e9alis\u00e9s plus t\u00f4t. Il est recommand\u00e9 pour tous, sauf en cas de grossesse ou de certaines conditions m\u00e9dicales.<\/p>\n<\/p><\/div>\n<\/p><\/div>\n<div>\n<div>\n<h2 class=\"h2-header\">Pourquoi le Traitement Anti-\u00c2ge est-il Populaire ?<\/h2>\n<\/p><\/div>\n<div>\n<p class=\"p-text\">L&#039;apparence jeune et dynamique est une priorit\u00e9 dans l&#039;approche esth\u00e9tique actuelle. Offre des r\u00e9sultats rapides et efficaces. Les avanc\u00e9es technologiques permettent des traitements plus confortables et performants. Propose des solutions personnalis\u00e9es pour chacun. Cr\u00e9e un effet rajeunissant tout en conservant un aspect naturel.<\/p>\n<\/p><\/div>\n<\/p><\/div>\n<div>\n<div>\n<h2 class=\"h2-header\">Comment le Traitement Anti-\u00c2ge est-il Appliqu\u00e9 ?<\/h2>\n<\/p><\/div>\n<div>\n<p class=\"p-text\">Les traitements anti-\u00e2ge varient en fonction de la m\u00e9thode choisie. Les techniques courantes incluent la m\u00e9soth\u00e9rapie, le PRP, les injections de comblement, le botox et les traitements au laser. Ces soins sont g\u00e9n\u00e9ralement r\u00e9alis\u00e9s en clinique par des m\u00e9decins sp\u00e9cialis\u00e9s. Le nombre de s\u00e9ances et la dur\u00e9e du traitement d\u00e9pendent des besoins individuels.<\/p>\n<\/p><\/div>\n<\/p><\/div>\n<div>\n<div>\n<h2 class=\"h2-header\">Quelle est la Dur\u00e9e des R\u00e9sultats du Traitement Anti-\u00c2ge ?<\/h2>\n<\/p><\/div>\n<div>\n<p class=\"p-text\">La dur\u00e9e des r\u00e9sultats d\u00e9pend de la m\u00e9thode utilis\u00e9e et de la structure de la peau de chaque individu. Le botox et les injections de comblement offrent des r\u00e9sultats durant entre 6 et 12 mois, tandis que les traitements au laser et le PRP ont des effets plus durables. Pour des r\u00e9sultats permanents, un entretien r\u00e9gulier et un suivi sont essentiels.<\/p>\n<\/p><\/div>\n<\/p><\/div>\n<div>\n<div>\n<h2 class=\"h2-header\">Le Traitement Anti-\u00c2ge est-il Douloureux ou Inconfortable ?<\/h2>\n<\/p><\/div>\n<div>\n<p class=\"p-text\">Les traitements anti-\u00e2ge modernes sont g\u00e9n\u00e9ralement peu invasifs et peuvent provoquer un l\u00e9ger inconfort. Des cr\u00e8mes anesth\u00e9siantes locales sont appliqu\u00e9es avant l&#039;intervention pour garantir un maximum de confort. Les traitements au laser ou par injection peuvent entra\u00eener une sensation de picotement ou de chaleur l\u00e9g\u00e8re.<\/p>\n<\/p><\/div>\n<\/p><\/div>\n<div>\n<div>\n<h2 class=\"h2-header\">Prix du Traitement Anti-\u00c2ge<\/h2>\n<\/p><\/div>\n<div>\n<p class=\"p-text\">Les prix des traitements anti-\u00e2ge varient en fonction de la m\u00e9thode choisie, de l&#039;\u00e9tendue de l&#039;application et d&#039;autres facteurs. Les traitements en s\u00e9ance unique sont g\u00e9n\u00e9ralement plus accessibles, tandis que les protocoles combin\u00e9s ou \u00e0 long terme peuvent \u00eatre plus co\u00fbteux. Pour obtenir des informations pr\u00e9cises, il est conseill\u00e9 de consulter une clinique sp\u00e9cialis\u00e9e.<\/p>\n<\/p><\/div>\n<\/p><\/div>\n<div>\n<div>\n<h2 class=\"h2-header\">Pourquoi Choisir la Clinique Exclusive du Dr. Terziler ?<\/h2>\n<\/p><\/div>\n<div>\n<p class=\"p-text\">Le Dr. Terziler, gr\u00e2ce \u00e0 une expertise reconnue \u00e0 l&#039;international et une approche esth\u00e9tique combinant l&#039;art et la science, propose des solutions personnalis\u00e9es offrant non seulement une transformation physique, mais aussi un renouveau \u00e9motionnel. Notre clinique, \u00e9quip\u00e9e de technologies avanc\u00e9es et fonctionnant selon des principes de confort et de s\u00e9curit\u00e9, adopte la perfection comme philosophie d\u2019entreprise. Chaque intervention ici vise \u00e0 am\u00e9liorer votre bien-\u00eatre global et votre bonheur.<\/p>\n<\/p><\/div>\n<\/p><\/div>\n<\/p><\/div>\n<\/section>\n","protected":false},"excerpt":{"rendered":"<p>Anti-\u00e2ge Les traitements anti-\u00e2ge qui combattent les signes du vieillissement sont des applications modernes visant \u00e0 obtenir une peau plus jeune, plus \u00e9clatante et plus lisse. Ces m\u00e9thodes, qui soutiennent \u00e0 la fois la beaut\u00e9 esth\u00e9tique et naturelle, offrent aujourd\u2019hui une solution populaire \u00e0 tous. Dr. Terziler Exclusive Clinic \u00bb Esth\u00e9tique m\u00e9dicale \u00bb Soins du [&hellip;]<\/p>\n","protected":false},"author":6,"featured_media":0,"parent":2732,"menu_order":0,"comment_status":"closed","ping_status":"closed","template":"","meta":{"footnotes":""},"class_list":["post-16638","page","type-page","status-publish","hentry"],"_links":{"self":[{"href":"https:\/\/drterziler.com\/fr\/wp-json\/wp\/v2\/pages\/16638","targetHints":{"allow":["GET"]}}],"collection":[{"href":"https:\/\/drterziler.com\/fr\/wp-json\/wp\/v2\/pages"}],"about":[{"href":"https:\/\/drterziler.com\/fr\/wp-json\/wp\/v2\/types\/page"}],"author":[{"embeddable":true,"href":"https:\/\/drterziler.com\/fr\/wp-json\/wp\/v2\/users\/6"}],"replies":[{"embeddable":true,"href":"https:\/\/drterziler.com\/fr\/wp-json\/wp\/v2\/comments?post=16638"}],"version-history":[{"count":15,"href":"https:\/\/drterziler.com\/fr\/wp-json\/wp\/v2\/pages\/16638\/revisions"}],"predecessor-version":[{"id":58444,"href":"https:\/\/drterziler.com\/fr\/wp-json\/wp\/v2\/pages\/16638\/revisions\/58444"}],"up":[{"embeddable":true,"href":"https:\/\/drterziler.com\/fr\/wp-json\/wp\/v2\/pages\/2732"}],"wp:attachment":[{"href":"https:\/\/drterziler.com\/fr\/wp-json\/wp\/v2\/media?parent=16638"}],"curies":[{"name":"wp","href":"https:\/\/api.w.org\/{rel}","templated":true}]}}