{"id":16672,"date":"2025-01-27T14:45:31","date_gmt":"2025-01-27T14:45:31","guid":{"rendered":"https:\/\/drterziler.com\/esthetique-medicale\/yuz-uygulamalari\/prp-ve-egzozom-plazma-uygulamalari\/"},"modified":"2026-02-28T19:39:41","modified_gmt":"2026-02-28T19:39:41","slug":"traitements-prp-et-plasma-dexosomes","status":"publish","type":"page","link":"https:\/\/drterziler.com\/fr\/esthetique-medicale\/soins-du-visage\/traitements-prp-et-plasma-dexosomes\/","title":{"rendered":"Traitements PRP et plasma d&rsquo;exosomes"},"content":{"rendered":"<div class=\"page-content\">\n<div id=\"header-area\">\n<div class=\"container\" id=\"firstContent\">\n<div class=\"header-content d-flex flex-column\">\n<h1 class=\"content-title h1-header\">Traitements PRP et plasma d&#039;exosomes<\/h1>\n<div class=\"content-paragraph\">\n<p class=\"p-text\">Les applications PRP et Exosome Plasma donnent un \u00e9clat de jeunesse \u00e0 votre peau et une apparence pleine et saine \u00e0 vos cheveux. Ces technologies avanc\u00e9es, qui d\u00e9clenchent des m\u00e9canismes naturels de r\u00e9g\u00e9n\u00e9ration, font la diff\u00e9rence dans le monde de la beaut\u00e9 et des soins avec un large \u00e9ventail d&#039;effets, de la r\u00e9duction des rides \u00e0 la pr\u00e9vention de la chute des cheveux.<\/p>\n<\/p><\/div>\n<nav aria-label=\"breadcrumb\" class=\"breadcrumbs\">\n<ul class=\"d-flex align-items-center mb-0\">\n<li><a class=\"link\" href=\"https:\/\/drterziler.com\/fr\/\"><span>Dr. Terziler Exclusive Clinic<\/span><\/a><\/li>\n<li class=\"separator\">\u00bb<\/li>\n<li><a class=\"link\" href=\"https:\/\/drterziler.com\/fr\/esthetique-medicale\/\"><span>Esth\u00e9tique m\u00e9dicale<\/span><\/a><\/li>\n<li class=\"separator\">\u00bb<\/li>\n<li><a class=\"link\" href=\"https:\/\/drterziler.com\/fr\/esthetique-medicale\/soins-du-visage\/\"><span>Soins du visage<\/span><\/a><\/li>\n<li class=\"separator\">\u00bb<\/li>\n<li class=\"current-page\"><span>Traitements PRP et plasma d&#039;exosomes<\/span><\/li>\n<\/ul>\n<\/nav><\/div>\n<\/p><\/div>\n<\/p><\/div>\n<\/div>\n<section id=\"content-area\">\n<div class=\"container my-5\">\n<div class=\"row align-items-start\">\n<div class=\"col-md-6 order-2 order-md-1\">\n<div class=\"custom-toc-box\">\n<div id=\"toc-header\">\n<h4>Table des mati\u00e8res<\/h4>\n<div class=\"toc-toggle-icon\"><\/div>\n<\/p><\/div>\n<div class=\"toc-full-divider\"><\/div>\n<div id=\"toc-body\">\n<div id=\"toc-container\"><\/div>\n<\/p><\/div>\n<\/p><\/div>\n<\/p><\/div>\n<div class=\"col-md-6 order-1 order-md-2\" id=\"jForm\">\n                <script type=\"text\/javascript\" src=\"https:\/\/form.jotform.com\/jsform\/242882407646969\"><\/script>\n            <\/div>\n<\/p><\/div>\n<\/p><\/div>\n<div class=\"container\">\n<div class=\"img-thumb\">\n            <img loading=\"lazy\" decoding=\"async\" src=\"https:\/\/drterziler.com\/wp-content\/uploads\/2025\/01\/PRP-ve-Egzozom-Plazma-Uygulamalari.webp\" sizes=\"auto, (max-width: 1920px) 100vw, 1920px\" srcset=\"https:\/\/drterziler.com\/wp-content\/uploads\/2025\/01\/PRP-ve-Egzozom-Plazma-Uygulamalari.webp 1920w, https:\/\/drterziler.com\/wp-content\/uploads\/2025\/01\/PRP-ve-Egzozom-Plazma-Uygulamalari-300x169.webp 300w, https:\/\/drterziler.com\/wp-content\/uploads\/2025\/01\/PRP-ve-Egzozom-Plazma-Uygulamalari-1024x576.webp 1024w, https:\/\/drterziler.com\/wp-content\/uploads\/2025\/01\/PRP-ve-Egzozom-Plazma-Uygulamalari-768x432.webp 768w, https:\/\/drterziler.com\/wp-content\/uploads\/2025\/01\/PRP-ve-Egzozom-Plazma-Uygulamalari-1536x864.webp 1536w\" alt=\"\" width=\"1920\" height=\"1080\">\n        <\/div>\n<div>\n<div>\n<h2 class=\"h2-header\">Qu&#039;est-ce que les Applications PRP et Plasma Exosome ?<\/h2>\n<\/p><\/div>\n<div>\n<p class=\"p-text\">Le PRP (Plasma Riche en Plaquettes) est une m\u00e9thode de traitement utilisant le plasma riche en plaquettes obtenu \u00e0 partir du propre sang du patient pour rajeunir les tissus de la peau et des cheveux. Le plasma exosome, quant \u00e0 lui, utilise des exosomes qui facilitent la communication cellulaire afin d&#039;offrir une r\u00e9g\u00e9n\u00e9ration plus intense. Ces deux m\u00e9thodes favorisent la sant\u00e9 de la peau et des cheveux en d\u00e9clenchant des m\u00e9canismes naturels de renouvellement.<\/p>\n<\/p><\/div>\n<\/p><\/div>\n<div>\n<div>\n<h2 class=\"h2-header\">Quels sont les Bienfaits des Applications PRP et Plasma Exosome ?<\/h2>\n<\/p><\/div>\n<div>\n<p class=\"p-text\">R\u00e9duit les ridules et les rides sur la peau. Augmente l&#039;\u00e9clat et l&#039;\u00e9lasticit\u00e9 de la peau. Stoppe la chute des cheveux et favorise leur repousse. Aide \u00e0 r\u00e9duire les taches, les cicatrices et les marques d&#039;acn\u00e9. Offre un temps de r\u00e9cup\u00e9ration rapide et est peu invasif. \u00c9tant une m\u00e9thode naturelle, le risque de r\u00e9actions allergiques est faible. Ces traitements apportent une gu\u00e9rison \u00e0 long terme en traitant les causes profondes des probl\u00e8mes de peau. De plus, ils offrent des solutions adapt\u00e9es aussi bien aux hommes qu&#039;aux femmes.<\/p>\n<\/p><\/div>\n<\/p><\/div>\n<div>\n<div>\n<h2 class=\"h2-header\">Quel Aspect Offrent les Traitements PRP et Plasma Exosome ?<\/h2>\n<\/p><\/div>\n<div>\n<p class=\"p-text\">Les traitements PRP et plasma exosome rendent la peau \u00e9clatante, lui donnant une structure plus jeune et plus rebondie. Alors que la peau fatigu\u00e9e et terne se r\u00e9g\u00e9n\u00e8re, les cheveux deviennent plus \u00e9pais et plus sains. La structure des pores de la peau s&#039;am\u00e9liore, et un teint plus homog\u00e8ne est obtenu. Les cheveux gagnent en densit\u00e9 et en brillance.<\/p>\n<\/p><\/div>\n<\/p><\/div>\n<div>\n<div>\n<h2 class=\"h2-header\">\u00c0 Qui s&#039;Adressent les Applications PRP et Plasma Exosome ?<\/h2>\n<\/p><\/div>\n<div>\n<p class=\"p-text\">Ces traitements conviennent \u00e0 toute personne souhaitant un renouvellement de la peau ou des cheveux, quel que soit l&#039;\u00e2ge. Ils sont une option id\u00e9ale pour les personnes souffrant d&#039;une perte de cheveux pr\u00e9coce ou souhaitant att\u00e9nuer les signes du vieillissement. Les personnes atteintes d&#039;infections actives, de troubles sanguins ou de maladies cutan\u00e9es graves doivent consulter un sp\u00e9cialiste pour une \u00e9valuation. Des plans de traitement personnalis\u00e9s permettent d\u2019offrir des solutions adapt\u00e9es \u00e0 chaque individu.<\/p>\n<\/p><\/div>\n<\/p><\/div>\n<div>\n<div>\n<h2 class=\"h2-header\">Pourquoi les Traitements PRP et Plasma Exosome sont-ils Populaires ?<\/h2>\n<\/p><\/div>\n<div>\n<p class=\"p-text\">Proposent une approche naturelle et personnalis\u00e9e. Offrent des r\u00e9sultats efficaces sans intervention chirurgicale. Ont gagn\u00e9 en efficacit\u00e9 gr\u00e2ce aux avanc\u00e9es technologiques. Apportent des diff\u00e9rences visibles en peu de temps. Ils peuvent \u00eatre appliqu\u00e9s avec un risque et des effets secondaires minimes. De plus, la plupart des patients peuvent reprendre imm\u00e9diatement leur vie sociale. Leur structure innovante et leurs r\u00e9sultats impressionnants en font une r\u00e9f\u00e9rence dans le monde de l\u2019esth\u00e9tique.<\/p>\n<\/p><\/div>\n<\/p><\/div>\n<div>\n<div>\n<h2 class=\"h2-header\">Comment les Traitements PRP et Plasma Exosome sont-ils Appliqu\u00e9s ?<\/h2>\n<\/p><\/div>\n<div>\n<p class=\"p-text\">Dans l&#039;application PRP, le sang est pr\u00e9lev\u00e9 sur le patient, s\u00e9par\u00e9 \u00e0 l\u2019aide d\u2019un appareil sp\u00e9cialis\u00e9, et le plasma riche en plaquettes est obtenu. Ce plasma est ensuite inject\u00e9 dans la zone cibl\u00e9e \u00e0 l&#039;aide de fines aiguilles. Dans la th\u00e9rapie par plasma exosome, les exosomes obtenus \u00e0 partir de sources externes sont inject\u00e9s selon la m\u00eame m\u00e9thode. Les deux traitements durent g\u00e9n\u00e9ralement entre 30 et 45 minutes et sont r\u00e9alis\u00e9s en milieu clinique. Apr\u00e8s la proc\u00e9dure, le patient peut reprendre une vie normale, et les effets commencent \u00e0 \u00eatre visibles rapidement.<\/p>\n<\/p><\/div>\n<\/p><\/div>\n<div>\n<div>\n<h2 class=\"h2-header\">Quelle est la Dur\u00e9e des R\u00e9sultats des Traitements PRP et Plasma Exosome ?<\/h2>\n<\/p><\/div>\n<div>\n<p class=\"p-text\">Les r\u00e9sultats varient selon les individus, mais les traitements PRP maintiennent g\u00e9n\u00e9ralement leurs effets pendant 6 \u00e0 12 mois. La th\u00e9rapie par plasma exosome peut offrir une r\u00e9g\u00e9n\u00e9ration plus durable. Pour prolonger la dur\u00e9e des r\u00e9sultats, des s\u00e9ances r\u00e9guli\u00e8res sont recommand\u00e9es. De plus, l&#039;entretien d&#039;une routine de soins adapt\u00e9e est essentiel pour prolonger les effets.<\/p>\n<\/p><\/div>\n<\/p><\/div>\n<div>\n<div>\n<h2 class=\"h2-header\">Le Traitement PRP et Plasma Exosome est-il Douloureux ou Inconfortable ?<\/h2>\n<\/p><\/div>\n<div>\n<p class=\"p-text\">Une l\u00e9g\u00e8re g\u00eane peut \u00eatre ressentie pendant l\u2019application, mais des cr\u00e8mes anesth\u00e9siantes locales sont utilis\u00e9es pour minimiser cette sensation. Une rougeur ou un l\u00e9ger gonflement peut appara\u00eetre apr\u00e8s le traitement, mais ces effets disparaissent g\u00e9n\u00e9ralement en 24 heures. Le confort du patient pendant l\u2019intervention d\u00e9pend de l&#039;exp\u00e9rience du praticien et de ses techniques d&#039;application. En g\u00e9n\u00e9ral, la proc\u00e9dure est bien tol\u00e9r\u00e9e.<\/p>\n<\/p><\/div>\n<\/p><\/div>\n<div>\n<div>\n<h2 class=\"h2-header\">Prix du Traitement PRP et Plasma Exosome<\/h2>\n<\/p><\/div>\n<div>\n<p class=\"p-text\">Les prix varient en fonction de la zone trait\u00e9e, de la dur\u00e9e du traitement ou des services choisis. Le PRP est g\u00e9n\u00e9ralement plus abordable, tandis que les th\u00e9rapies par plasma exosome peuvent avoir des co\u00fbts diff\u00e9rents. Pour obtenir des informations pr\u00e9cises, il est recommand\u00e9 de demander un devis d\u00e9taill\u00e9 aupr\u00e8s d&#039;une clinique sp\u00e9cialis\u00e9e. De plus, les traitements en forfaits peuvent rendre les solutions \u00e0 long terme plus \u00e9conomiques.<\/p>\n<\/p><\/div>\n<\/p><\/div>\n<div>\n<div>\n<h2 class=\"h2-header\">Pourquoi Choisir la Clinique Exclusive du Dr. Terziler ?<\/h2>\n<\/p><\/div>\n<div>\n<p class=\"p-text\">Le Dr. Terziler, gr\u00e2ce \u00e0 une expertise reconnue \u00e0 l\u2019international et une approche esth\u00e9tique combinant l&#039;art et la science, propose des solutions personnalis\u00e9es offrant non seulement une transformation physique, mais aussi un renouveau \u00e9motionnel. Notre clinique, \u00e9quip\u00e9e de technologies avanc\u00e9es et fonctionnant selon des principes de confort et de s\u00e9curit\u00e9, adopte la perfection comme philosophie d\u2019entreprise. Chaque intervention ici vise \u00e0 am\u00e9liorer votre bien-\u00eatre global et votre bonheur.<\/p>\n<\/p><\/div>\n<\/p><\/div>\n<\/p><\/div>\n<\/section>\n","protected":false},"excerpt":{"rendered":"<p>Traitements PRP et plasma d&#039;exosomes Les applications PRP et Exosome Plasma donnent un \u00e9clat de jeunesse \u00e0 votre peau et une apparence pleine et saine \u00e0 vos cheveux. Ces technologies avanc\u00e9es, qui d\u00e9clenchent des m\u00e9canismes naturels de r\u00e9g\u00e9n\u00e9ration, font la diff\u00e9rence dans le monde de la beaut\u00e9 et des soins avec un large \u00e9ventail d&#039;effets, [&hellip;]<\/p>\n","protected":false},"author":6,"featured_media":0,"parent":15916,"menu_order":0,"comment_status":"closed","ping_status":"closed","template":"","meta":{"footnotes":""},"class_list":["post-16672","page","type-page","status-publish","hentry"],"_links":{"self":[{"href":"https:\/\/drterziler.com\/fr\/wp-json\/wp\/v2\/pages\/16672","targetHints":{"allow":["GET"]}}],"collection":[{"href":"https:\/\/drterziler.com\/fr\/wp-json\/wp\/v2\/pages"}],"about":[{"href":"https:\/\/drterziler.com\/fr\/wp-json\/wp\/v2\/types\/page"}],"author":[{"embeddable":true,"href":"https:\/\/drterziler.com\/fr\/wp-json\/wp\/v2\/users\/6"}],"replies":[{"embeddable":true,"href":"https:\/\/drterziler.com\/fr\/wp-json\/wp\/v2\/comments?post=16672"}],"version-history":[{"count":15,"href":"https:\/\/drterziler.com\/fr\/wp-json\/wp\/v2\/pages\/16672\/revisions"}],"predecessor-version":[{"id":58456,"href":"https:\/\/drterziler.com\/fr\/wp-json\/wp\/v2\/pages\/16672\/revisions\/58456"}],"up":[{"embeddable":true,"href":"https:\/\/drterziler.com\/fr\/wp-json\/wp\/v2\/pages\/15916"}],"wp:attachment":[{"href":"https:\/\/drterziler.com\/fr\/wp-json\/wp\/v2\/media?parent=16672"}],"curies":[{"name":"wp","href":"https:\/\/api.w.org\/{rel}","templated":true}]}}