{"id":16720,"date":"2025-01-27T14:51:19","date_gmt":"2025-01-27T14:51:19","guid":{"rendered":"https:\/\/drterziler.com\/esthetique-medicale\/yuz-uygulamalari\/kok-hucre-uygulamalari\/"},"modified":"2026-03-06T01:19:11","modified_gmt":"2026-03-06T01:19:11","slug":"traitements-des-cellules-souches","status":"publish","type":"page","link":"https:\/\/drterziler.com\/fr\/esthetique-medicale\/soins-du-visage\/traitements-des-cellules-souches\/","title":{"rendered":"Traitements des cellules souches"},"content":{"rendered":"<div class=\"page-content category-page\">\n<div id=\"header-area\">\n<div class=\"container\" id=\"firstContent\">\n<div class=\"header-content d-flex flex-column\">\n<h1 class=\"content-title\">Traitements par Cellules Souches<\/h1>\n<div class=\"content-paragraph\">\n                    La th\u00e9rapie par cellules souches est une technologie de sant\u00e9 avanc\u00e9e qui exploite le potentiel d&rsquo;auto-r\u00e9paration et de renouvellement du corps. Ce traitement sp\u00e9cialis\u00e9 d\u00e9clenche les m\u00e9canismes naturels de r\u00e9paration des cellules, favorisant la jeunesse, la vitalit\u00e9 et l&rsquo;\u00e9nergie. Offrant une approche personnalis\u00e9e, la th\u00e9rapie par cellules souches soutient la sant\u00e9 globale et am\u00e9liore la qualit\u00e9 de vie.\n                <\/div>\n<nav aria-label=\"breadcrumb\" class=\"breadcrumbs\">\n<ul class=\"d-flex align-items-center mb-0\">\n<li><a class=\"link\" href=\"https:\/\/drterziler.com\/fr\"><span>Dr. Terziler<\/span><\/a><\/li>\n<li class=\"separator\">\u00bb<\/li>\n<li><a class=\"link\" href=\"https:\/\/drterziler.com\/fr\/esthetique-medicale\/\"><span>Esth\u00e9tique M\u00e9dicale<\/span><\/a><\/li>\n<li class=\"separator\">\u00bb<\/li>\n<li><a class=\"link\" href=\"https:\/\/drterziler.com\/fr\/esthetique-medicale\/soins-du-visage\/\"><span>Soins du Visage<\/span><\/a><\/li>\n<li class=\"separator\">\u00bb<\/li>\n<li class=\"current-page\"><span>Traitements par Cellules Souches<\/span><\/li>\n<\/ul>\n<\/nav><\/div>\n<\/p><\/div>\n<\/p><\/div>\n<\/div>\n<section class=\"svc-section\">\n<div class=\"container\">\n<div class=\"svc-item right-card\">\n<div class=\"svc-media\">\n                <img decoding=\"async\" src=\"https:\/\/drterziler.com\/wp-content\/uploads\/2025\/04\/Gcell-Regenere-Activarev.webp\" alt=\"Gcell \/ Regenere Activa\" loading=\"lazy\" class=\"cat-img\">\n            <\/div>\n<div class=\"svc-card\">\n<h3 class=\"svc-title gilda\">Gcell \/ Regenere Activa<\/h3>\n<p class=\"svc-text barlow\">\n                    Il s&rsquo;agit d&rsquo;une m\u00e9thode de traitement biotechnologique avanc\u00e9e qui offre une solution naturelle et efficace pour les probl\u00e8mes esth\u00e9tiques tels que la chute des cheveux et le rajeunissement de la peau. Utilisant les propres cellules de l&rsquo;individu, cette proc\u00e9dure renforce les cheveux et cr\u00e9e des effets r\u00e9g\u00e9n\u00e9rateurs sur la peau sans n\u00e9cessiter de chirurgie. Adapt\u00e9 aux hommes comme aux femmes, ce traitement offre des r\u00e9sultats naturels et une am\u00e9lioration durable.\n                <\/p>\n<p>                <a class=\"btn-details barlow-condensed\" href=\"https:\/\/drterziler.com\/fr\/esthetique-medicale\/soins-du-visage\/traitements-des-cellules-souches\/gcell-regenere-activa-fr\/\">D\u00c9TAILS<\/a>\n            <\/div>\n<\/p><\/div>\n<div class=\"svc-item left-card\">\n<div class=\"svc-media\">\n                <img decoding=\"async\" src=\"https:\/\/drterziler.com\/wp-content\/uploads\/2025\/04\/Mezenkimal-Kok-Hucre.webp\" alt=\"Cellules Souches M\u00e9senchymateuses\" loading=\"lazy\" class=\"cat-img\">\n            <\/div>\n<div class=\"svc-card\">\n<h3 class=\"svc-title gilda\">Cellules Souches M\u00e9senchymateuses<\/h3>\n<p class=\"svc-text barlow\">\n                    Ce sont des cellules de grande valeur dot\u00e9es de capacit\u00e9s de gu\u00e9rison uniques qui acc\u00e9l\u00e8rent les processus de r\u00e9cup\u00e9ration et de renouvellement du corps. Ces cellules peuvent se transformer en diff\u00e9rents types de tissus, ce qui les rend efficaces dans une large gamme de traitements. En raison de leur grande efficacit\u00e9 et de leur pouvoir de gu\u00e9rison naturel, elles offrent des r\u00e9sultats miraculeux dans des domaines tels que la restauration capillaire, le rajeunissement de la peau et divers domaines de la sant\u00e9.\n                <\/p>\n<p>                <a class=\"btn-details barlow-condensed\" href=\"https:\/\/drterziler.com\/fr\/esthetique-medicale\/soins-du-visage\/traitements-des-cellules-souches\/cellules-souches-mezanchymateuses\/\">D\u00c9TAILS<\/a>\n            <\/div>\n<\/p><\/div>\n<\/p><\/div>\n<\/section>\n","protected":false},"excerpt":{"rendered":"<p>Traitements par Cellules Souches La th\u00e9rapie par cellules souches est une technologie de sant\u00e9 avanc\u00e9e qui exploite le potentiel d&rsquo;auto-r\u00e9paration et de renouvellement du corps. Ce traitement sp\u00e9cialis\u00e9 d\u00e9clenche les m\u00e9canismes naturels de r\u00e9paration des cellules, favorisant la jeunesse, la vitalit\u00e9 et l&rsquo;\u00e9nergie. Offrant une approche personnalis\u00e9e, la th\u00e9rapie par cellules souches soutient la sant\u00e9 [&hellip;]<\/p>\n","protected":false},"author":6,"featured_media":0,"parent":15916,"menu_order":0,"comment_status":"closed","ping_status":"closed","template":"","meta":{"footnotes":""},"class_list":["post-16720","page","type-page","status-publish","hentry"],"_links":{"self":[{"href":"https:\/\/drterziler.com\/fr\/wp-json\/wp\/v2\/pages\/16720","targetHints":{"allow":["GET"]}}],"collection":[{"href":"https:\/\/drterziler.com\/fr\/wp-json\/wp\/v2\/pages"}],"about":[{"href":"https:\/\/drterziler.com\/fr\/wp-json\/wp\/v2\/types\/page"}],"author":[{"embeddable":true,"href":"https:\/\/drterziler.com\/fr\/wp-json\/wp\/v2\/users\/6"}],"replies":[{"embeddable":true,"href":"https:\/\/drterziler.com\/fr\/wp-json\/wp\/v2\/comments?post=16720"}],"version-history":[{"count":26,"href":"https:\/\/drterziler.com\/fr\/wp-json\/wp\/v2\/pages\/16720\/revisions"}],"predecessor-version":[{"id":59606,"href":"https:\/\/drterziler.com\/fr\/wp-json\/wp\/v2\/pages\/16720\/revisions\/59606"}],"up":[{"embeddable":true,"href":"https:\/\/drterziler.com\/fr\/wp-json\/wp\/v2\/pages\/15916"}],"wp:attachment":[{"href":"https:\/\/drterziler.com\/fr\/wp-json\/wp\/v2\/media?parent=16720"}],"curies":[{"name":"wp","href":"https:\/\/api.w.org\/{rel}","templated":true}]}}