{"id":16780,"date":"2025-01-27T14:57:19","date_gmt":"2025-01-27T14:57:19","guid":{"rendered":"https:\/\/drterziler.com\/esthetique-medicale\/yuz-uygulamalari\/kok-hucre-uygulamalari\/gcell-regenere-activa\/"},"modified":"2026-04-21T13:34:59","modified_gmt":"2026-04-21T13:34:59","slug":"gcell-regenere-activa-fr","status":"publish","type":"page","link":"https:\/\/drterziler.com\/fr\/esthetique-medicale\/soins-du-visage\/traitements-des-cellules-souches\/gcell-regenere-activa-fr\/","title":{"rendered":"Gcell \/ Regenere Activa"},"content":{"rendered":"<div class=\"page-content\">\n<div id=\"header-area\">\n<div class=\"container\" id=\"firstContent\">\n<div class=\"header-content d-flex flex-column\">\n<h1 class=\"content-title h1-header\">Gcell \/ Regenere Activa<\/h1>\n<div class=\"content-paragraph\">\n<p class=\"p-text\">Il s\u2019agit d\u2019une m\u00e9thode de traitement biotechnologique avanc\u00e9e qui offre une solution naturelle et efficace aux probl\u00e8mes esth\u00e9tiques tels que la chute des cheveux et le rajeunissement de la peau. Cette proc\u00e9dure, qui utilise les propres cellules du patient, renforce les cheveux et cr\u00e9e des effets rajeunissants sur la peau sans n\u00e9cessiter de chirurgie. Adapt\u00e9 aussi bien aux hommes qu\u2019aux femmes, ce soin procure des r\u00e9sultats naturels et une am\u00e9lioration durable.<\/p>\n<\/p><\/div>\n<nav aria-label=\"breadcrumb\" class=\"breadcrumbs\">\n<ul class=\"d-flex align-items-center mb-0\">\n<li><a class=\"link\" href=\"https:\/\/drterziler.com\/fr\/\"><span>Dr. Terziler Exclusive Clinic<\/span><\/a><\/li>\n<li class=\"separator\">\u00bb<\/li>\n<li><a class=\"link\" href=\"https:\/\/drterziler.com\/fr\/esthetique-medicale\/\"><span>Esth\u00e9tique m\u00e9dicale<\/span><\/a><\/li>\n<li class=\"separator\">\u00bb<\/li>\n<li><a class=\"link\" href=\"https:\/\/drterziler.com\/fr\/esthetique-medicale\/soins-du-visage\/\"><span>Soins du visage<\/span><\/a><\/li>\n<li class=\"separator\">\u00bb<\/li>\n<li><a class=\"link\" href=\"https:\/\/drterziler.com\/fr\/esthetique-medicale\/soins-du-visage\/traitements-des-cellules-souches\/\"><span>Traitements des cellules souches<\/span><\/a><\/li>\n<li class=\"separator\">\u00bb<\/li>\n<li class=\"current-page\"><span>Gcell \/ Regenere Activa<\/span><\/li>\n<\/ul>\n<\/nav><\/div>\n<\/p><\/div>\n<\/p><\/div>\n<\/div>\n<section id=\"content-area\">\n<div class=\"container my-5\">\n<div class=\"row align-items-start\">\n<div class=\"col-md-6 order-2 order-md-1\">\n<div class=\"custom-toc-box\">\n<div id=\"toc-header\">\n<h4>Table des mati\u00e8res<\/h4>\n<div class=\"toc-toggle-icon\"><\/div>\n<\/p><\/div>\n<div class=\"toc-full-divider\"><\/div>\n<div id=\"toc-body\">\n<div id=\"toc-container\"><\/div>\n<\/p><\/div>\n<\/p><\/div>\n<\/p><\/div>\n<div class=\"col-md-6 order-1 order-md-2\" id=\"jForm\">\n                <script type=\"text\/javascript\" src=\"https:\/\/form.jotform.com\/jsform\/242882407646969\"><\/script>\n            <\/div>\n<\/p><\/div>\n<\/p><\/div>\n<div class=\"container\">\n<div class=\"img-thumb\">\n            <img loading=\"lazy\" decoding=\"async\" src=\"https:\/\/drterziler.com\/wp-content\/uploads\/2025\/01\/Gcell-Regenere-Activa.webp\" sizes=\"auto, (max-width: 1920px) 100vw, 1920px\" srcset=\"https:\/\/drterziler.com\/wp-content\/uploads\/2025\/01\/Gcell-Regenere-Activa.webp 1920w, https:\/\/drterziler.com\/wp-content\/uploads\/2025\/01\/Gcell-Regenere-Activa-300x169.webp 300w, https:\/\/drterziler.com\/wp-content\/uploads\/2025\/01\/Gcell-Regenere-Activa-1024x576.webp 1024w, https:\/\/drterziler.com\/wp-content\/uploads\/2025\/01\/Gcell-Regenere-Activa-768x432.webp 768w, https:\/\/drterziler.com\/wp-content\/uploads\/2025\/01\/Gcell-Regenere-Activa-1536x864.webp 1536w\" alt=\"\" width=\"1920\" height=\"1080\">\n        <\/div>\n<div>\n<div>\n<h2 class=\"h2-header\">Qu&#039;est-ce que le traitement GCell Regenere Activa ?<\/h2>\n<\/p><\/div>\n<div>\n<p class=\"p-text\">GCell Regenere Activa est une m\u00e9thode de traitement biotechnologique avanc\u00e9e d\u00e9velopp\u00e9e pour le rajeunissement des cheveux et de la peau. Ce traitement active les m\u00e9canismes de gu\u00e9rison naturelle du corps en utilisant les propri\u00e9t\u00e9s r\u00e9g\u00e9n\u00e9ratrices et r\u00e9paratrices des cellules obtenues \u00e0 partir des propres tissus de la personne. Il est efficace pour traiter la perte de cheveux, l&#039;amincissement, la faiblesse capillaire et donne \u00e9galement des r\u00e9sultats r\u00e9ussis dans le rajeunissement de la peau et la restauration de son \u00e9lasticit\u00e9 perdue.<\/p>\n<\/p><\/div>\n<\/p><\/div>\n<div>\n<div>\n<h2 class=\"h2-header\">Qu&#039;est-ce que la suspension de tissu autologue ?<\/h2>\n<\/p><\/div>\n<div>\n<p class=\"p-text\">La suspension de tissu autologue est une m\u00e9thode de traitement qui soutient le processus de gu\u00e9rison naturelle du corps en utilisant les effets r\u00e9g\u00e9n\u00e9rateurs et r\u00e9parateurs des cellules obtenues \u00e0 partir des propres tissus de la personne. Elle offre une solution efficace contre la perte de cheveux, le vieillissement de la peau et d&#039;autres probl\u00e8mes esth\u00e9tiques. Ce traitement \u00e9limine le risque de r\u00e9actions allergiques et assure des r\u00e9sultats s\u00fbrs et naturels.<\/p>\n<\/p><\/div>\n<\/p><\/div>\n<div>\n<div>\n<h2 class=\"h2-header\">Quels sont les avantages du traitement GCell Regenere Activa ?<\/h2>\n<\/p><\/div>\n<div>\n<p class=\"p-text\">Des r\u00e9sultats s\u00fbrs avec des cellules naturelles. Une proc\u00e9dure chirurgicale et minimalement invasive. Des effets durables et permanents. Un temps de r\u00e9cup\u00e9ration rapide. Aucun risque de r\u00e9action allergique. Favorise la r\u00e9g\u00e9n\u00e9ration des cheveux et de la peau. Offre des plans de traitement personnalis\u00e9s.<\/p>\n<\/p><\/div>\n<\/p><\/div>\n<div>\n<div>\n<h2 class=\"h2-header\">\u00c0 qui s&#039;adresse le traitement GCell Regenere Activa ?<\/h2>\n<\/p><\/div>\n<div>\n<p class=\"p-text\">Aux personnes souffrant de perte de cheveux. \u00c0 ceux qui souhaitent renforcer leurs cheveux fins. Aux personnes ayant une perte d&#039;\u00e9lasticit\u00e9 de la peau. \u00c0 ceux qui veulent r\u00e9duire les signes du vieillissement. Aux personnes souffrant d&#039;affaissement cutan\u00e9. Aux hommes et femmes ayant des pr\u00e9occupations esth\u00e9tiques. \u00c0 ceux qui souhaitent am\u00e9liorer leur qualit\u00e9 de vie globale.<\/p>\n<\/p><\/div>\n<\/p><\/div>\n<div>\n<div>\n<h2 class=\"h2-header\">Quel aspect procure le traitement GCell Regenere Activa ?<\/h2>\n<\/p><\/div>\n<div>\n<p class=\"p-text\">Les r\u00e9sultats obtenus apr\u00e8s le traitement sont tr\u00e8s visibles. Pour les personnes souffrant de perte de cheveux, les m\u00e8ches deviennent plus denses, plus \u00e9paisses et plus saines. L&#039;augmentation de la densit\u00e9 est particuli\u00e8rement visible dans les zones clairsem\u00e9es. Pour les applications cutan\u00e9es, les ridules diminuent, le teint s&#039;\u00e9quilibre et une apparence plus jeune se d\u00e9gage. L&#039;\u00e9lasticit\u00e9 de la peau s&#039;am\u00e9liore, le visage devient plus ferme et dynamique. Le traitement met en valeur la beaut\u00e9 naturelle de l&#039;individu tout en \u00e9vitant un effet artificiel.<\/p>\n<\/p><\/div>\n<\/p><\/div>\n<div>\n<div>\n<h2 class=\"h2-header\">Combien de temps durent les r\u00e9sultats du traitement GCell Regenere Activa ?<\/h2>\n<\/p><\/div>\n<div>\n<p class=\"p-text\">La long\u00e9vit\u00e9 des r\u00e9sultats du traitement peut varier en fonction du mode de vie, des facteurs g\u00e9n\u00e9tiques et des routines de soins de la peau. Cependant, les r\u00e9sultats durent g\u00e9n\u00e9ralement de mani\u00e8re efficace pendant 1 \u00e0 2 ans. Avec des traitements d&#039;entretien r\u00e9guliers et un mode de vie sain, cette dur\u00e9e peut \u00eatre prolong\u00e9e.<\/p>\n<\/p><\/div>\n<\/p><\/div>\n<div>\n<div>\n<h2 class=\"h2-header\">Le traitement GCell Regenere Activa provoque-t-il des douleurs ou des inconforts ?<\/h2>\n<\/p><\/div>\n<div>\n<p class=\"p-text\">\u00c9tant donn\u00e9 que la m\u00e9thode utilis\u00e9e est minimalement invasive, la douleur ou l&#039;inconfort est minime. La proc\u00e9dure, r\u00e9alis\u00e9e sous anesth\u00e9sie locale, est g\u00e9n\u00e9ralement bien tol\u00e9r\u00e9e par les patients. Une l\u00e9g\u00e8re sensibilit\u00e9 peut appara\u00eetre apr\u00e8s l\u2019intervention, mais elle dispara\u00eet g\u00e9n\u00e9ralement en quelques jours.<\/p>\n<\/p><\/div>\n<\/p><\/div>\n<div>\n<div>\n<h2 class=\"h2-header\">Pourquoi le traitement GCell Regenere Activa est-il populaire ?<\/h2>\n<\/p><\/div>\n<div>\n<p class=\"p-text\">Le traitement GCell Regenere Activa a gagn\u00e9 en popularit\u00e9 gr\u00e2ce \u00e0 ses r\u00e9sultats naturels et s\u00fbrs. Il s\u00e9duit les personnes ayant un mode de vie actif, car il ne n\u00e9cessite pas de chirurgie, dure peu de temps et offre une r\u00e9cup\u00e9ration rapide. Sa popularit\u00e9 a \u00e9t\u00e9 renforc\u00e9e par les personnalit\u00e9s c\u00e9l\u00e8bres qui l&#039;ont adopt\u00e9 et partag\u00e9 leurs exp\u00e9riences positives. Sa polyvalence, offrant des solutions non seulement pour la perte de cheveux mais aussi pour le rajeunissement cutan\u00e9 et l&#039;anti-\u00e2ge, le rend encore plus attractif.<\/p>\n<\/p><\/div>\n<\/p><\/div>\n<div>\n<div>\n<h2 class=\"h2-header\">Quels sont les prix du traitement GCell Regenere Activa ?<\/h2>\n<\/p><\/div>\n<div>\n<p class=\"p-text\">Les prix du traitement GCell Regenere Activa peuvent varier en fonction de la zone \u00e0 traiter, de l&#039;\u00e9tendue du traitement et de la technologie utilis\u00e9e. Une \u00e9valuation personnalis\u00e9e et un plan adapt\u00e9 aux besoins de chaque individu sont les facteurs les plus d\u00e9terminants pour le co\u00fbt. Compte tenu de ses effets \u00e0 long terme, ce traitement repr\u00e9sente un investissement pr\u00e9cieux gr\u00e2ce aux nombreux b\u00e9n\u00e9fices qu&#039;il procure.<\/p>\n<\/p><\/div>\n<\/p><\/div>\n<div>\n<div>\n<h2 class=\"h2-header\">Pourquoi choisir la clinique exclusive du Dr Terziler ?<\/h2>\n<\/p><\/div>\n<div>\n<p class=\"p-text\">Le Dr Terziler, avec une expertise reconnue internationalement et une approche esth\u00e9tique qui allie art et science, propose des solutions personnalis\u00e9es offrant non seulement une transformation physique mais aussi un renouveau \u00e9motionnel. Notre clinique, \u00e9quip\u00e9e des technologies les plus avanc\u00e9es et fonctionnant selon des principes de confort et de s\u00e9curit\u00e9, adopte la perfection comme philosophie d&#039;entreprise. Chaque intervention vise \u00e0 am\u00e9liorer votre bien-\u00eatre g\u00e9n\u00e9ral et votre bonheur.<\/p>\n<\/p><\/div>\n<\/p><\/div>\n<\/p><\/div>\n<\/section>\n","protected":false},"excerpt":{"rendered":"<p>Gcell \/ Regenere Activa Il s\u2019agit d\u2019une m\u00e9thode de traitement biotechnologique avanc\u00e9e qui offre une solution naturelle et efficace aux probl\u00e8mes esth\u00e9tiques tels que la chute des cheveux et le rajeunissement de la peau. Cette proc\u00e9dure, qui utilise les propres cellules du patient, renforce les cheveux et cr\u00e9e des effets rajeunissants sur la peau sans [&hellip;]<\/p>\n","protected":false},"author":6,"featured_media":0,"parent":16720,"menu_order":0,"comment_status":"closed","ping_status":"closed","template":"","meta":{"footnotes":""},"class_list":["post-16780","page","type-page","status-publish","hentry"],"_links":{"self":[{"href":"https:\/\/drterziler.com\/fr\/wp-json\/wp\/v2\/pages\/16780","targetHints":{"allow":["GET"]}}],"collection":[{"href":"https:\/\/drterziler.com\/fr\/wp-json\/wp\/v2\/pages"}],"about":[{"href":"https:\/\/drterziler.com\/fr\/wp-json\/wp\/v2\/types\/page"}],"author":[{"embeddable":true,"href":"https:\/\/drterziler.com\/fr\/wp-json\/wp\/v2\/users\/6"}],"replies":[{"embeddable":true,"href":"https:\/\/drterziler.com\/fr\/wp-json\/wp\/v2\/comments?post=16780"}],"version-history":[{"count":19,"href":"https:\/\/drterziler.com\/fr\/wp-json\/wp\/v2\/pages\/16780\/revisions"}],"predecessor-version":[{"id":62377,"href":"https:\/\/drterziler.com\/fr\/wp-json\/wp\/v2\/pages\/16780\/revisions\/62377"}],"up":[{"embeddable":true,"href":"https:\/\/drterziler.com\/fr\/wp-json\/wp\/v2\/pages\/16720"}],"wp:attachment":[{"href":"https:\/\/drterziler.com\/fr\/wp-json\/wp\/v2\/media?parent=16780"}],"curies":[{"name":"wp","href":"https:\/\/api.w.org\/{rel}","templated":true}]}}