{"id":16829,"date":"2025-01-28T07:36:50","date_gmt":"2025-01-28T07:36:50","guid":{"rendered":"https:\/\/drterziler.com\/esthetique-medicale\/yuz-uygulamalari\/kok-hucre-uygulamalari\/mezankimal-kok-hucre\/"},"modified":"2026-03-06T01:21:34","modified_gmt":"2026-03-06T01:21:34","slug":"cellules-souches-mezanchymateuses","status":"publish","type":"page","link":"https:\/\/drterziler.com\/fr\/esthetique-medicale\/soins-du-visage\/traitements-des-cellules-souches\/cellules-souches-mezanchymateuses\/","title":{"rendered":"Cellules souches m\u00e9zanchymateuses"},"content":{"rendered":"<div class=\"page-content\">\n<div id=\"header-area\">\n<div class=\"container\" id=\"firstContent\">\n<div class=\"header-content d-flex flex-column\">\n<h1 class=\"content-title h1-header\">Cellules souches m\u00e9zanchymateuses<\/h1>\n<div class=\"content-paragraph\">\n<p class=\"p-text\">Ce sont des cellules tr\u00e8s pr\u00e9cieuses dot\u00e9es de capacit\u00e9s de r\u00e9paration uniques qui acc\u00e9l\u00e8rent les processus de gu\u00e9rison et de renouvellement du corps. En raison de leur capacit\u00e9 \u00e0 se transformer en diff\u00e9rents types de tissus, ils sont utilis\u00e9s efficacement dans un large \u00e9ventail de traitements. Gr\u00e2ce \u00e0 leur grande efficacit\u00e9 et leur pouvoir de gu\u00e9rison naturel, ils fournissent des r\u00e9sultats miraculeux dans la restauration des cheveux, le rajeunissement de la peau et dans de nombreux domaines de la sant\u00e9.<\/p>\n<\/p><\/div>\n<nav aria-label=\"breadcrumb\" class=\"breadcrumbs\">\n<ul class=\"d-flex align-items-center mb-0\">\n<li><a class=\"link\" href=\"https:\/\/drterziler.com\/fr\/\"><span>Dr. Terziler<\/span><\/a><\/li>\n<li class=\"separator\">\u00bb<\/li>\n<li><a class=\"link\" href=\"https:\/\/drterziler.com\/fr\/esthetique-medicale\/\"><span>Esth\u00e9tique m\u00e9dicale<\/span><\/a><\/li>\n<li class=\"separator\">\u00bb<\/li>\n<li><a class=\"link\" href=\"https:\/\/drterziler.com\/fr\/esthetique-medicale\/soins-du-visage\/\"><span>Soins du visage<\/span><\/a>\n                        <\/li>\n<li class=\"separator\">\u00bb<\/li>\n<li><a class=\"link\" href=\"https:\/\/drterziler.com\/fr\/esthetique-medicale\/soins-du-visage\/traitements-des-cellules-souches\/\"><span>Traitements des cellules souches<\/span><\/a><\/li>\n<li class=\"separator\">\u00bb<\/li>\n<li class=\"current-page\"><span>Cellules souches m\u00e9zanchymateuses<\/span><\/li>\n<\/ul>\n<\/nav><\/div>\n<\/p><\/div>\n<\/p><\/div>\n<\/div>\n<section id=\"content-area\">\n<div class=\"container my-5\">\n<div class=\"row align-items-start\">\n<div class=\"col-md-6 order-2 order-md-1\">\n<div class=\"custom-toc-box\">\n<div id=\"toc-header\">\n<h4>Table des mati\u00e8res<\/h4>\n<div class=\"toc-toggle-icon\"><\/div>\n<\/p><\/div>\n<div class=\"toc-full-divider\"><\/div>\n<div id=\"toc-body\">\n<div id=\"toc-container\"><\/div>\n<\/p><\/div>\n<\/p><\/div>\n<\/p><\/div>\n<div class=\"col-md-6 order-1 order-md-2\" id=\"jForm\">\n                <script type=\"text\/javascript\" src=\"https:\/\/form.jotform.com\/jsform\/242882407646969\"><\/script>\n            <\/div>\n<\/p><\/div>\n<\/p><\/div>\n<div class=\"container\">\n<div class=\"img-thumb\">\n            <img decoding=\"async\" src=\"https:\/\/drterziler.com\/wp-content\/uploads\/2025\/01\/Mezenkimal-Kok-Hucre.webp\" alt=\"Cellules souches m\u00e9zanchymateuses\" loading=\"lazy\">\n        <\/div>\n<div>\n<div>\n<h2 class=\"h2-header\">Que sont les cellules souches m\u00e9senchymateuses (CSM) ?<\/h2>\n<\/p><\/div>\n<div>\n<p class=\"p-text\">Les cellules souches m\u00e9senchymateuses (CSM) sont des cellules du corps ayant le potentiel de r\u00e9g\u00e9n\u00e9rer et de r\u00e9parer les tissus en se transformant en diff\u00e9rents types de cellules. Elles se trouvent g\u00e9n\u00e9ralement dans des zones telles que la moelle osseuse, le tissu adipeux et le cordon ombilical. Ces cellules souches sont connues pour leur capacit\u00e9 \u00e0 r\u00e9duire l&#039;inflammation, acc\u00e9l\u00e9rer la gu\u00e9rison et favoriser la r\u00e9g\u00e9n\u00e9ration des tissus. En raison de leur grande efficacit\u00e9, elles sont fr\u00e9quemment utilis\u00e9es dans les traitements capillaires et cutan\u00e9s les plus avanc\u00e9s d&#039;aujourd&#039;hui.<\/p>\n<\/p><\/div>\n<\/p><\/div>\n<div>\n<div>\n<h2 class=\"h2-header\">Quels sont les avantages des cellules souches m\u00e9senchymateuses ?<\/h2>\n<\/p><\/div>\n<div>\n<p class=\"p-text\">Stoppe efficacement la chute des cheveux. Renforce et r\u00e9g\u00e9n\u00e8re les follicules pileux. R\u00e9active les follicules capillaires dormants. R\u00e9duit significativement les rides de la peau. Augmente l&#039;\u00e9lasticit\u00e9 de la peau et la raffermit. Offre un effet maximal avec des cellules souches naturelles et pures. Procure une douleur minimale et une r\u00e9cup\u00e9ration rapide. Aucun risque de r\u00e9action allergique. Soutient la r\u00e9g\u00e9n\u00e9ration des tissus. Ne n\u00e9cessite pas d&#039;intervention chirurgicale.<\/p>\n<\/p><\/div>\n<\/p><\/div>\n<div>\n<div>\n<h2 class=\"h2-header\">En quoi les cellules souches m\u00e9senchymateuses sont-elles diff\u00e9rentes des autres cellules souches ?<\/h2>\n<\/p><\/div>\n<div>\n<p class=\"p-text\">Les cellules souches m\u00e9senchymateuses sont pluripotentes (multifonctionnelles), ce qui signifie qu&#039;elles peuvent se transformer en divers types de cellules, telles que les cellules osseuses, cartilagineuses, adipeuses et musculaires. Contrairement \u00e0 d&#039;autres cellules souches, elles proviennent g\u00e9n\u00e9ralement du propre tissu du patient plut\u00f4t que de sources de donneurs. Cette caract\u00e9ristique minimise le risque de r\u00e9actions allergiques et de rejet. De plus, les cellules souches m\u00e9senchymateuses permettent d&#039;obtenir des r\u00e9sultats plus efficaces en mati\u00e8re de r\u00e9paration et de r\u00e9g\u00e9n\u00e9ration des tissus.<\/p>\n<\/p><\/div>\n<\/p><\/div>\n<div>\n<div>\n<h2 class=\"h2-header\">Effet miraculeux dans le traitement des cheveux et de la peau<\/h2>\n<\/p><\/div>\n<div>\n<p class=\"p-text\">Les cellules souches m\u00e9senchymateuses, d\u00e9riv\u00e9es du cordon ombilical, sont \u00e0 leur forme la plus pure et la plus puissante, car elles sont \u00e0 un stade de z\u00e9ro \u00e2ge. Ces cellules s\u2019adaptent parfaitement \u00e0 la zone trait\u00e9e, rendant le traitement extr\u00eamement efficace. Les follicules pileux sont renforc\u00e9s, la chute des cheveux est stopp\u00e9e et les rides de la peau sont consid\u00e9rablement r\u00e9duites. Gr\u00e2ce \u00e0 ces cellules super-vivantes, des am\u00e9liorations impressionnantes et durables sont obtenues tant pour les cheveux que pour la peau. Ce traitement offre d&#039;excellents r\u00e9sultats \u00e0 la fois esth\u00e9tiques et m\u00e9dicaux.<\/p>\n<\/p><\/div>\n<\/p><\/div>\n<div>\n<div>\n<h2 class=\"h2-header\">Comment les cellules souches m\u00e9senchymateuses affectent-elles le corps ?<\/h2>\n<\/p><\/div>\n<div>\n<p class=\"p-text\">Lorsque les cellules souches m\u00e9senchymateuses sont inject\u00e9es dans le corps, elles ciblent les tissus endommag\u00e9s ou affaiblis de la zone trait\u00e9e et envoient des signaux de gu\u00e9rison \u00e0 ces tissus. Ces cellules souches acc\u00e9l\u00e8rent le processus naturel de gu\u00e9rison du corps en favorisant la r\u00e9paration et la r\u00e9g\u00e9n\u00e9ration des tissus. De plus, elles produisent des compos\u00e9s qui combattent les infections, r\u00e9duisent l\u2019inflammation et soutiennent la r\u00e9g\u00e9n\u00e9ration cellulaire. Ce processus aide \u00e0 soulager la douleur, \u00e0 am\u00e9liorer la fonctionnalit\u00e9 et \u00e0 renforcer la sant\u00e9 globale.<\/p>\n<\/p><\/div>\n<\/p><\/div>\n<div>\n<div>\n<h2 class=\"h2-header\">Qui peut b\u00e9n\u00e9ficier du traitement par cellules souches m\u00e9senchymateuses ?<\/h2>\n<\/p><\/div>\n<div>\n<p class=\"p-text\">Les personnes souffrant de perte de cheveux. Les personnes ayant des probl\u00e8mes de peau li\u00e9s au vieillissement. Ceux qui souhaitent une peau jeune et lisse. Les personnes voulant renforcer leurs follicules pileux affaiblis. Ceux qui souhaitent donner du volume et de la vitalit\u00e9 \u00e0 leurs cheveux. Les individus cherchant \u00e0 am\u00e9liorer leur apparence esth\u00e9tique. Ceux qui recherchent des r\u00e9sultats naturels et durables. Les personnes souhaitant am\u00e9liorer la sant\u00e9 de leurs cheveux et de leur peau.<\/p>\n<\/p><\/div>\n<\/p><\/div>\n<div>\n<div>\n<h2 class=\"h2-header\">Pourquoi le traitement par cellules souches m\u00e9senchymateuses est-il populaire ?<\/h2>\n<\/p><\/div>\n<div>\n<p class=\"p-text\">Le traitement par cellules souches m\u00e9senchymateuses a gagn\u00e9 en popularit\u00e9 ces derni\u00e8res ann\u00e9es en raison de l&#039;int\u00e9r\u00eat croissant pour les m\u00e9thodes de gu\u00e9rison innovantes et naturelles. Le fait qu&#039;il ne n\u00e9cessite pas d\u2019intervention chirurgicale, qu&#039;il soutienne le processus naturel de gu\u00e9rison du corps et qu&#039;il donne des r\u00e9sultats rapides en fait une option tr\u00e8s pris\u00e9e. De plus, ses effets \u00e0 long terme et son impact minimal sur l\u2019organisme ont contribu\u00e9 \u00e0 en faire un choix privil\u00e9gi\u00e9. Son large \u00e9ventail d&#039;applications, \u00e0 la fois en sant\u00e9 et en esth\u00e9tique, a encore renforc\u00e9 sa popularit\u00e9.<\/p>\n<\/p><\/div>\n<\/p><\/div>\n<div>\n<div>\n<h2 class=\"h2-header\">Comment se d\u00e9roule le traitement par cellules souches m\u00e9senchymateuses ?<\/h2>\n<\/p><\/div>\n<div>\n<p class=\"p-text\">Le traitement par cellules souches m\u00e9senchymateuses est administr\u00e9 en toute s\u00e9curit\u00e9 et avec pr\u00e9cision sous la peau par des sp\u00e9cialistes. Une anesth\u00e9sie locale est appliqu\u00e9e avant l\u2019intervention pour garantir un confort optimal, permettant ainsi un traitement indolore et sans inconfort. Apr\u00e8s la proc\u00e9dure, vous pouvez rapidement reprendre votre routine quotidienne et poursuivre vos activit\u00e9s sociales et professionnelles sans interruption. Ce traitement, r\u00e9alis\u00e9 avec un minimum d\u2019inconfort et une efficacit\u00e9 maximale, garantit d&#039;excellents r\u00e9sultats dans un confort total.<\/p>\n<\/p><\/div>\n<\/p><\/div>\n<div>\n<div>\n<h2 class=\"h2-header\">Quelle est la dur\u00e9e des r\u00e9sultats du traitement par cellules souches m\u00e9senchymateuses ?<\/h2>\n<\/p><\/div>\n<div>\n<p class=\"p-text\">Les r\u00e9sultats du traitement par cellules souches m\u00e9senchymateuses sont g\u00e9n\u00e9ralement durables et permanents. La r\u00e9g\u00e9n\u00e9ration de la zone trait\u00e9e continue \u00e0 produire des effets b\u00e9n\u00e9fiques \u00e0 long terme. Cependant, la dur\u00e9e des r\u00e9sultats peut varier en fonction de l&#039;\u00e9tat de sant\u00e9 du patient, de son mode de vie et de la zone trait\u00e9e. Pour les personnes \u00e2g\u00e9es ou ayant des probl\u00e8mes de sant\u00e9 avanc\u00e9s, des s\u00e9ances suppl\u00e9mentaires peuvent \u00eatre n\u00e9cessaires. En g\u00e9n\u00e9ral, les r\u00e9sultats restent visibles et efficaces pendant 1 \u00e0 2 ans.<\/p>\n<\/p><\/div>\n<\/p><\/div>\n<div>\n<div>\n<h2 class=\"h2-header\">Pourquoi choisir la clinique exclusive Dr. Terziler ?<\/h2>\n<\/p><\/div>\n<div>\n<p class=\"p-text\">Dr. Terziler, avec une expertise internationalement reconnue et une approche esth\u00e9tique combinant art et science, propose des solutions personnalis\u00e9es qui offrent non seulement une transformation physique, mais aussi un renouveau \u00e9motionnel. Notre clinique, \u00e9quip\u00e9e des technologies les plus avanc\u00e9es et fonctionnant selon des principes de confort et de s\u00e9curit\u00e9, embrasse la perfection comme philosophie d\u2019entreprise. Chaque intervention ici vise \u00e0 am\u00e9liorer votre bien-\u00eatre global et votre bonheur.<\/p>\n<\/p><\/div>\n<\/p><\/div>\n<\/p><\/div>\n<\/section>\n","protected":false},"excerpt":{"rendered":"<p>Cellules souches m\u00e9zanchymateuses Ce sont des cellules tr\u00e8s pr\u00e9cieuses dot\u00e9es de capacit\u00e9s de r\u00e9paration uniques qui acc\u00e9l\u00e8rent les processus de gu\u00e9rison et de renouvellement du corps. En raison de leur capacit\u00e9 \u00e0 se transformer en diff\u00e9rents types de tissus, ils sont utilis\u00e9s efficacement dans un large \u00e9ventail de traitements. Gr\u00e2ce \u00e0 leur grande efficacit\u00e9 et [&hellip;]<\/p>\n","protected":false},"author":6,"featured_media":0,"parent":16720,"menu_order":0,"comment_status":"closed","ping_status":"closed","template":"","meta":{"footnotes":""},"class_list":["post-16829","page","type-page","status-publish","hentry"],"_links":{"self":[{"href":"https:\/\/drterziler.com\/fr\/wp-json\/wp\/v2\/pages\/16829","targetHints":{"allow":["GET"]}}],"collection":[{"href":"https:\/\/drterziler.com\/fr\/wp-json\/wp\/v2\/pages"}],"about":[{"href":"https:\/\/drterziler.com\/fr\/wp-json\/wp\/v2\/types\/page"}],"author":[{"embeddable":true,"href":"https:\/\/drterziler.com\/fr\/wp-json\/wp\/v2\/users\/6"}],"replies":[{"embeddable":true,"href":"https:\/\/drterziler.com\/fr\/wp-json\/wp\/v2\/comments?post=16829"}],"version-history":[{"count":17,"href":"https:\/\/drterziler.com\/fr\/wp-json\/wp\/v2\/pages\/16829\/revisions"}],"predecessor-version":[{"id":59608,"href":"https:\/\/drterziler.com\/fr\/wp-json\/wp\/v2\/pages\/16829\/revisions\/59608"}],"up":[{"embeddable":true,"href":"https:\/\/drterziler.com\/fr\/wp-json\/wp\/v2\/pages\/16720"}],"wp:attachment":[{"href":"https:\/\/drterziler.com\/fr\/wp-json\/wp\/v2\/media?parent=16829"}],"curies":[{"name":"wp","href":"https:\/\/api.w.org\/{rel}","templated":true}]}}