{"id":16884,"date":"2025-01-28T07:48:33","date_gmt":"2025-01-28T07:48:33","guid":{"rendered":"https:\/\/drterziler.com\/esthetique-medicale\/yuz-uygulamalari\/skinbooster\/"},"modified":"2026-03-06T01:22:56","modified_gmt":"2026-03-06T01:22:56","slug":"booster-de-peau","status":"publish","type":"page","link":"https:\/\/drterziler.com\/fr\/esthetique-medicale\/soins-du-visage\/booster-de-peau\/","title":{"rendered":"Booster de peau"},"content":{"rendered":"<div class=\"page-content\">\n<div id=\"header-area\">\n<div class=\"container\" id=\"firstContent\">\n<div class=\"header-content d-flex flex-column\">\n<h1 class=\"content-title h1-header\">Booster de peau<\/h1>\n<div class=\"content-paragraph\">\n<p class=\"p-text\">Il s\u2019agit d\u2019une m\u00e9thode de traitement extr\u00eamement efficace et innovante qui revitalise la sant\u00e9 et l\u2019apparence de la peau. Gr\u00e2ce \u00e0 sa formule \u00e0 base d&#039;acide hyaluronique, il hydrate la peau en profondeur, augmente son \u00e9lasticit\u00e9 et minimise les signes de l&#039;\u00e2ge. En offrant une apparence naturelle et radieuse \u00e0 la peau, il cr\u00e9e un effet de rajeunissement sain et rend la peau plus \u00e9clatante.<\/p>\n<\/p><\/div>\n<nav aria-label=\"breadcrumb\" class=\"breadcrumbs\">\n<ul class=\"d-flex align-items-center mb-0\">\n<li><a class=\"link\" href=\"https:\/\/drterziler.com\/fr\/\"><span>Dr. Terziler<\/span><\/a><\/li>\n<li class=\"separator\">\u00bb<\/li>\n<li><a class=\"link\" href=\"https:\/\/drterziler.com\/fr\/esthetique-medicale\/\"><span>Esth\u00e9tique m\u00e9dicale<\/span><\/a><\/li>\n<li class=\"separator\">\u00bb<\/li>\n<li><a class=\"link\" href=\"https:\/\/drterziler.com\/fr\/esthetique-medicale\/soins-du-visage\/\"><span>Soins du visage<\/span><\/a><\/li>\n<li class=\"separator\">\u00bb<\/li>\n<li class=\"current-page\"><span>Booster de peau<\/span><\/li>\n<\/ul>\n<\/nav><\/div>\n<\/p><\/div>\n<\/p><\/div>\n<\/div>\n<section id=\"content-area\">\n<div class=\"container my-5\">\n<div class=\"row align-items-start\">\n<div class=\"col-md-6 order-2 order-md-1\">\n<div class=\"custom-toc-box\">\n<div id=\"toc-header\">\n<h4>Table des mati\u00e8res<\/h4>\n<div class=\"toc-toggle-icon\"><\/div>\n<\/p><\/div>\n<div class=\"toc-full-divider\"><\/div>\n<div id=\"toc-body\">\n<div id=\"toc-container\"><\/div>\n<\/p><\/div>\n<\/p><\/div>\n<\/p><\/div>\n<div class=\"col-md-6 order-1 order-md-2\" id=\"jForm\">\n                <script type=\"text\/javascript\" src=\"https:\/\/form.jotform.com\/jsform\/242882407646969\"><\/script>\n            <\/div>\n<\/p><\/div>\n<\/p><\/div>\n<div class=\"container\">\n<div class=\"img-thumb\">\n            <img decoding=\"async\" src=\"https:\/\/drterziler.com\/wp-content\/uploads\/2025\/01\/Skinbooster.webp\" alt=\"Booster de peau\" loading=\"lazy\">\n        <\/div>\n<div>\n<div>\n<h2 class=\"h2-header\">Qu&#039;est-ce que Skinbooster ?<\/h2>\n<\/p><\/div>\n<div>\n<p class=\"p-text\">Skinbooster est une m\u00e9thode de traitement \u00e0 base d&#039;acide hyaluronique qui augmente l&#039;\u00e9quilibre hydrique de la peau, restaure son \u00e9lasticit\u00e9 et lui redonne son \u00e9clat naturel. Ce traitement consiste \u00e0 injecter des substances hydratantes et nourrissantes sous la peau, l&#039;aidant \u00e0 para\u00eetre saine et vibrante. Skinbooster est g\u00e9n\u00e9ralement appliqu\u00e9 sur des zones telles que le visage, le cou, le d\u00e9collet\u00e9 et les mains.<\/p>\n<\/p><\/div>\n<\/p><\/div>\n<div>\n<div>\n<h2 class=\"h2-header\">Quels sont les avantages de Skinbooster ?<\/h2>\n<\/p><\/div>\n<div>\n<p class=\"p-text\">Am\u00e9liore rapidement l&#039;\u00e9quilibre hydrique de la peau. Renforce l&#039;\u00e9lasticit\u00e9 et la fermet\u00e9 de la peau. R\u00e9duit les rides et adoucit les ridules. Uniformise le teint et procure une apparence radieuse. Restaure l&#039;\u00e9clat naturel et jeunesse de la peau. Offre des effets nourrissants en profondeur. Obtient des r\u00e9sultats efficaces avec une intervention minimale.<\/p>\n<\/p><\/div>\n<\/p><\/div>\n<div>\n<div>\n<h2 class=\"h2-header\">Quel aspect procure-t-il ?<\/h2>\n<\/p><\/div>\n<div>\n<p class=\"p-text\">Le traitement Skinbooster ajoute de l&#039;humidit\u00e9 et de l&#039;\u00e9clat \u00e0 la peau. La peau para\u00eet plus vivante, fra\u00eeche et jeune. Les rides et les ridules diminuent, tandis que la peau devient plus ferme et lisse. Le traitement procure un \u00e9clat sain et illumine le teint.<\/p>\n<\/p><\/div>\n<\/p><\/div>\n<div>\n<div>\n<h2 class=\"h2-header\">Pour qui est-il adapt\u00e9 ?<\/h2>\n<\/p><\/div>\n<div>\n<p class=\"p-text\">Les personnes ayant perdu l&#039;\u00e9quilibre hydrique de leur peau. Celles qui se plaignent des ridules et des rides. Celles qui souhaitent une peau jeune, radieuse et saine. Les personnes ayant un rel\u00e2chement ou une perte d&#039;\u00e9lasticit\u00e9 du visage. Celles qui pr\u00e9f\u00e8rent des interventions non chirurgicales. Celles ayant un teint in\u00e9gal. Les personnes recherchant un aspect naturel et sain de la peau.<\/p>\n<\/p><\/div>\n<\/p><\/div>\n<div>\n<div>\n<h2 class=\"h2-header\">Pourquoi est-il populaire ?<\/h2>\n<\/p><\/div>\n<div>\n<p class=\"p-text\">Skinbooster est populaire car il offre des r\u00e9sultats maximaux avec une intervention minimale. Il fournit des r\u00e9sultats rapides et efficaces en rajeunissement de la peau et am\u00e9lioration de l&#039;hydratation. De plus, il r\u00e9duit significativement les signes de vieillissement tout en conservant une apparence naturelle. Des taux de satisfaction \u00e9lev\u00e9s et un faible profil de risque contribuent \u00e9galement \u00e0 sa popularit\u00e9.<\/p>\n<\/p><\/div>\n<\/p><\/div>\n<div>\n<div>\n<h2 class=\"h2-header\">Comment est-il appliqu\u00e9 ?<\/h2>\n<\/p><\/div>\n<div>\n<p class=\"p-text\">Skinbooster est inject\u00e9 sous la peau \u00e0 l&#039;aide de formulations sp\u00e9ciales contenant de l&#039;acide hyaluronique. La proc\u00e9dure est g\u00e9n\u00e9ralement r\u00e9alis\u00e9e sous anesth\u00e9sie locale, garantissant un processus de traitement confortable. L&#039;application consiste en plusieurs petites injections dans des zones sp\u00e9cifiques. Le processus de traitement dure g\u00e9n\u00e9ralement entre 15 et 30 minutes, et les patients peuvent imm\u00e9diatement reprendre leurs activit\u00e9s quotidiennes.<\/p>\n<\/p><\/div>\n<\/p><\/div>\n<div>\n<div>\n<h2 class=\"h2-header\">Combien de temps les r\u00e9sultats durent-ils ?<\/h2>\n<\/p><\/div>\n<div>\n<p class=\"p-text\">Les r\u00e9sultats du traitement Skinbooster durent g\u00e9n\u00e9ralement entre 6 et 12 mois. Selon l&#039;\u00e9tat de la peau et le mode de vie, les r\u00e9sultats peuvent avoir des effets durables. Cependant, pour maintenir les effets, il est recommand\u00e9 de r\u00e9aliser une ou deux s\u00e9ances de renouvellement par an.<\/p>\n<\/p><\/div>\n<\/p><\/div>\n<div>\n<div>\n<h2 class=\"h2-header\">Est-ce douloureux ?<\/h2>\n<\/p><\/div>\n<div>\n<p class=\"p-text\">Le traitement Skinbooster est g\u00e9n\u00e9ralement effectu\u00e9 avec une douleur et un inconfort minimes. Puisque l&#039;anesth\u00e9sie locale est appliqu\u00e9e, aucune douleur n&#039;est ressentie pendant la proc\u00e9dure. Apr\u00e8s la proc\u00e9dure, il peut y avoir une l\u00e9g\u00e8re sensibilit\u00e9 ou un gonflement, mais cela est temporaire et devrait dispara\u00eetre en quelques heures.<\/p>\n<\/p><\/div>\n<\/p><\/div>\n<div>\n<div>\n<h2 class=\"h2-header\">Prix du traitement Skinbooster<\/h2>\n<\/p><\/div>\n<div>\n<p class=\"p-text\">Les prix du traitement Skinbooster peuvent varier en fonction du nombre de zones \u00e0 traiter, de la dose de l&#039;application ou de tout traitement combin\u00e9 pr\u00e9f\u00e9r\u00e9. Par cons\u00e9quent, pour obtenir les informations les plus pr\u00e9cises, veuillez contacter nos consultants en sant\u00e9.<\/p>\n<\/p><\/div>\n<\/p><\/div>\n<div>\n<div>\n<h2 class=\"h2-header\">Pourquoi choisir la clinique exclusive Dr. Terziler ?<\/h2>\n<\/p><\/div>\n<div>\n<p class=\"p-text\">Le Dr. Terziler, avec une expertise reconnue \u00e0 l&#039;international et une approche esth\u00e9tique combinant art et science, propose des solutions personnalis\u00e9es offrant non seulement une transformation physique mais aussi un renouvellement \u00e9motionnel. Notre clinique, \u00e9quip\u00e9e des technologies les plus avanc\u00e9es et fonctionnant selon des principes de confort et de s\u00e9curit\u00e9, adopte la perfection comme philosophie d&#039;entreprise. Chaque geste ici est destin\u00e9 \u00e0 am\u00e9liorer votre sant\u00e9 globale et votre bonheur.<\/p>\n<\/p><\/div>\n<\/p><\/div>\n<\/p><\/div>\n<\/section>\n","protected":false},"excerpt":{"rendered":"<p>Booster de peau Il s\u2019agit d\u2019une m\u00e9thode de traitement extr\u00eamement efficace et innovante qui revitalise la sant\u00e9 et l\u2019apparence de la peau. Gr\u00e2ce \u00e0 sa formule \u00e0 base d&#039;acide hyaluronique, il hydrate la peau en profondeur, augmente son \u00e9lasticit\u00e9 et minimise les signes de l&#039;\u00e2ge. En offrant une apparence naturelle et radieuse \u00e0 la peau, [&hellip;]<\/p>\n","protected":false},"author":6,"featured_media":0,"parent":15916,"menu_order":0,"comment_status":"closed","ping_status":"closed","template":"","meta":{"footnotes":""},"class_list":["post-16884","page","type-page","status-publish","hentry"],"_links":{"self":[{"href":"https:\/\/drterziler.com\/fr\/wp-json\/wp\/v2\/pages\/16884","targetHints":{"allow":["GET"]}}],"collection":[{"href":"https:\/\/drterziler.com\/fr\/wp-json\/wp\/v2\/pages"}],"about":[{"href":"https:\/\/drterziler.com\/fr\/wp-json\/wp\/v2\/types\/page"}],"author":[{"embeddable":true,"href":"https:\/\/drterziler.com\/fr\/wp-json\/wp\/v2\/users\/6"}],"replies":[{"embeddable":true,"href":"https:\/\/drterziler.com\/fr\/wp-json\/wp\/v2\/comments?post=16884"}],"version-history":[{"count":14,"href":"https:\/\/drterziler.com\/fr\/wp-json\/wp\/v2\/pages\/16884\/revisions"}],"predecessor-version":[{"id":59610,"href":"https:\/\/drterziler.com\/fr\/wp-json\/wp\/v2\/pages\/16884\/revisions\/59610"}],"up":[{"embeddable":true,"href":"https:\/\/drterziler.com\/fr\/wp-json\/wp\/v2\/pages\/15916"}],"wp:attachment":[{"href":"https:\/\/drterziler.com\/fr\/wp-json\/wp\/v2\/media?parent=16884"}],"curies":[{"name":"wp","href":"https:\/\/api.w.org\/{rel}","templated":true}]}}