{"id":16933,"date":"2025-01-28T07:53:06","date_gmt":"2025-01-28T07:53:06","guid":{"rendered":"https:\/\/drterziler.com\/esthetique-medicale\/yuz-uygulamalari\/dermapen\/"},"modified":"2026-04-21T13:36:53","modified_gmt":"2026-04-21T13:36:53","slug":"dermapen-fr","status":"publish","type":"page","link":"https:\/\/drterziler.com\/fr\/esthetique-medicale\/soins-du-visage\/dermapen-fr\/","title":{"rendered":"Dermapen"},"content":{"rendered":"<div class=\"page-content\">\n<div id=\"header-area\">\n<div class=\"container\" id=\"firstContent\">\n<div class=\"header-content d-flex flex-column\">\n<h1 class=\"content-title h1-header\">Dermapen<\/h1>\n<div class=\"content-paragraph\">\n<p class=\"p-text\">Dermapen est un appareil efficace utilis\u00e9 dans les proc\u00e9dures visant \u00e0 stimuler les follicules pileux et \u00e0 am\u00e9liorer la sant\u00e9 du cuir chevelu. Avec de fines micro-aiguilles, de minuscules canaux sont ouverts sur le cuir chevelu, le flux sanguin est augment\u00e9, ainsi les follicules pileux sont plus nourris et l&#039;efficacit\u00e9 des traitements est maximis\u00e9e. Son application est totalement indolore et confortable.<\/p>\n<\/p><\/div>\n<nav aria-label=\"breadcrumb\" class=\"breadcrumbs\">\n<ul class=\"d-flex align-items-center mb-0\">\n<li><a class=\"link\" href=\"https:\/\/drterziler.com\/fr\/\"><span>Dr. Terziler <\/span><\/a><\/li>\n<li class=\"separator\">\u00bb<\/li>\n<li><a class=\"link\" href=\"https:\/\/drterziler.com\/fr\/esthetique-medicale\/\"><span>Esth\u00e9tique m\u00e9dicale<\/span><\/a><\/li>\n<li class=\"separator\">\u00bb<\/li>\n<li><a class=\"link\" href=\"https:\/\/drterziler.com\/fr\/esthetique-medicale\/soins-du-visage\/\"><span>Soins du visage<\/span><\/a><\/li>\n<li class=\"separator\">\u00bb<\/li>\n<li class=\"current-page\"><span>Dermapen<\/span><\/li>\n<\/ul>\n<\/nav><\/div>\n<\/p><\/div>\n<\/p><\/div>\n<\/div>\n<section id=\"content-area\">\n<div class=\"container my-5\">\n<div class=\"row align-items-start\">\n<div class=\"col-md-6 order-2 order-md-1\">\n<div class=\"custom-toc-box\">\n<div id=\"toc-header\">\n<h4>Table des mati\u00e8res<\/h4>\n<div class=\"toc-toggle-icon\"><\/div>\n<\/p><\/div>\n<div class=\"toc-full-divider\"><\/div>\n<div id=\"toc-body\">\n<div id=\"toc-container\"><\/div>\n<\/p><\/div>\n<\/p><\/div>\n<\/p><\/div>\n<div class=\"col-md-6 order-1 order-md-2\" id=\"jForm\">\n                <script type=\"text\/javascript\" src=\"https:\/\/form.jotform.com\/jsform\/242882407646969\"><\/script>\n            <\/div>\n<\/p><\/div>\n<\/p><\/div>\n<div class=\"container\">\n<div class=\"img-thumb\">\n            <img decoding=\"async\" src=\"https:\/\/drterziler.com\/wp-content\/uploads\/2025\/01\/Dermapen.webp\" alt=\"Dermapen\" loading=\"lazy\">\n        <\/div>\n<div>\n<div>\n<h2 class=\"h2-header\">Qu&#039;est-ce que Dermapen ?<\/h2>\n<\/p><\/div>\n<div>\n<p class=\"p-text\">Dermapen est un dispositif de nouvelle g\u00e9n\u00e9ration qui aide dans les processus de restauration capillaire et de traitement en cr\u00e9ant de minuscules canaux dans la peau \u00e0 l&#039;aide de micro-aiguilles. Cet appareil est couramment utilis\u00e9 pour traiter divers probl\u00e8mes capillaires et est devenu largement populaire dans des domaines comme la restauration capillaire ces derni\u00e8res ann\u00e9es.<\/p>\n<\/p><\/div>\n<\/p><\/div>\n<div>\n<div>\n<h2 class=\"h2-header\">Stylus de Microneedling pour la Jeunesse<\/h2>\n<\/p><\/div>\n<div>\n<p class=\"p-text\">Le stylus de microneedling pour la jeunesse est un outil technologique r\u00e9volutionnaire dans la restauration capillaire. Les micro-aiguilles appliqu\u00e9es sur le cuir chevelu permettent au traitement de p\u00e9n\u00e9trer profond\u00e9ment la zone cibl\u00e9e. Combin\u00e9 avec d&#039;autres m\u00e9thodes de restauration capillaire telles que les lasers capillaires, le stylus de microneedling pour la jeunesse am\u00e9liore consid\u00e9rablement le processus de traitement. Les micro-aiguilles augmentent la circulation sanguine dans le cuir chevelu, maximisant ainsi l&#039;efficacit\u00e9 des s\u00e9rums appliqu\u00e9s, des faisceaux laser et d&#039;autres agents de gu\u00e9rison. Cela entra\u00eene une meilleure nutrition et un renforcement des follicules pileux, arr\u00eate la chute des cheveux et soutient la croissance de nouveaux cheveux. Cette m\u00e9thode, appliqu\u00e9e sur le cuir chevelu, offre une excellente solution pour ceux qui souhaitent am\u00e9liorer rapidement, sans douleur et sans inconfort, la sant\u00e9 de leurs cheveux.<\/p>\n<\/p><\/div>\n<\/p><\/div>\n<div>\n<div>\n<h2 class=\"h2-header\">Comment Dermapen est-il utilis\u00e9 dans la restauration capillaire ?<\/h2>\n<\/p><\/div>\n<div>\n<p class=\"p-text\">Dans le traitement de la chute des cheveux, Dermapen est utilis\u00e9 avec des micro-aiguilles pour stimuler le cuir chevelu, augmentant la circulation sanguine, soutenant la production de collag\u00e8ne et activant les follicules pileux. En particulier pour les personnes souffrant de perte de cheveux, le processus de microneedling avec Dermapen favorise la croissance des cheveux en am\u00e9liorant la sant\u00e9 des follicules pileux et en encourageant la croissance de cheveux plus forts et plus sains.<\/p>\n<\/p><\/div>\n<\/p><\/div>\n<div>\n<div>\n<h2 class=\"h2-header\">Est-ce douloureux ?<\/h2>\n<\/p><\/div>\n<div>\n<p class=\"p-text\">Lors de la proc\u00e9dure Dermapen, il peut y avoir une l\u00e9g\u00e8re douleur ou un inconfort. Cependant, des cr\u00e8mes anesth\u00e9siantes sont g\u00e9n\u00e9ralement appliqu\u00e9es sur la zone trait\u00e9e pour assurer le confort du patient. La plupart des individus ne ressentent pas d&#039;inconfort pendant la proc\u00e9dure, ou la sensation est minimale.<\/p>\n<\/p><\/div>\n<\/p><\/div>\n<div>\n<div>\n<h2 class=\"h2-header\">Processus de r\u00e9cup\u00e9ration post-traitement<\/h2>\n<\/p><\/div>\n<div>\n<p class=\"p-text\">Le processus de r\u00e9cup\u00e9ration apr\u00e8s un traitement Dermapen est assez rapide. Une rougeur et un l\u00e9ger gonflement peuvent \u00eatre observ\u00e9s dans les zones trait\u00e9es, mais ces effets disparaissent g\u00e9n\u00e9ralement en quelques heures.<\/p>\n<\/p><\/div>\n<\/p><\/div>\n<div>\n<div>\n<h2 class=\"h2-header\">Les traitements Dermapen sont-ils risqu\u00e9s ?<\/h2>\n<\/p><\/div>\n<div>\n<p class=\"p-text\">Les traitements Dermapen sont totalement s\u00fbrs lorsqu&#039;ils sont r\u00e9alis\u00e9s par notre \u00e9quipe d&#039;experts dans un environnement st\u00e9rile et en utilisant les bonnes techniques. Le traitement affecte doucement le cuir chevelu, ne pr\u00e9sentant aucun risque pendant la proc\u00e9dure.<\/p>\n<\/p><\/div>\n<\/p><\/div>\n<div>\n<div>\n<h2 class=\"h2-header\">Pourquoi choisir la clinique exclusive Dr. Terziler ?<\/h2>\n<\/p><\/div>\n<div>\n<p class=\"p-text\">Le Dr. Terziler, avec une expertise reconnue \u00e0 l&#039;international et une approche esth\u00e9tique qui allie art et science, propose des solutions personnalis\u00e9es offrant non seulement une transformation physique mais aussi un renouvellement \u00e9motionnel. Notre clinique, \u00e9quip\u00e9e de technologies avanc\u00e9es et fonctionnant selon les principes de confort et de s\u00e9curit\u00e9, adopte la perfection comme philosophie d&#039;entreprise. Chaque geste ici vise \u00e0 am\u00e9liorer votre sant\u00e9 globale et votre bonheur.<\/p>\n<\/p><\/div>\n<\/p><\/div>\n<\/p><\/div>\n<\/section>\n","protected":false},"excerpt":{"rendered":"<p>Dermapen Dermapen est un appareil efficace utilis\u00e9 dans les proc\u00e9dures visant \u00e0 stimuler les follicules pileux et \u00e0 am\u00e9liorer la sant\u00e9 du cuir chevelu. Avec de fines micro-aiguilles, de minuscules canaux sont ouverts sur le cuir chevelu, le flux sanguin est augment\u00e9, ainsi les follicules pileux sont plus nourris et l&#039;efficacit\u00e9 des traitements est maximis\u00e9e. [&hellip;]<\/p>\n","protected":false},"author":6,"featured_media":0,"parent":15916,"menu_order":0,"comment_status":"closed","ping_status":"closed","template":"","meta":{"footnotes":""},"class_list":["post-16933","page","type-page","status-publish","hentry"],"_links":{"self":[{"href":"https:\/\/drterziler.com\/fr\/wp-json\/wp\/v2\/pages\/16933","targetHints":{"allow":["GET"]}}],"collection":[{"href":"https:\/\/drterziler.com\/fr\/wp-json\/wp\/v2\/pages"}],"about":[{"href":"https:\/\/drterziler.com\/fr\/wp-json\/wp\/v2\/types\/page"}],"author":[{"embeddable":true,"href":"https:\/\/drterziler.com\/fr\/wp-json\/wp\/v2\/users\/6"}],"replies":[{"embeddable":true,"href":"https:\/\/drterziler.com\/fr\/wp-json\/wp\/v2\/comments?post=16933"}],"version-history":[{"count":14,"href":"https:\/\/drterziler.com\/fr\/wp-json\/wp\/v2\/pages\/16933\/revisions"}],"predecessor-version":[{"id":59613,"href":"https:\/\/drterziler.com\/fr\/wp-json\/wp\/v2\/pages\/16933\/revisions\/59613"}],"up":[{"embeddable":true,"href":"https:\/\/drterziler.com\/fr\/wp-json\/wp\/v2\/pages\/15916"}],"wp:attachment":[{"href":"https:\/\/drterziler.com\/fr\/wp-json\/wp\/v2\/media?parent=16933"}],"curies":[{"name":"wp","href":"https:\/\/api.w.org\/{rel}","templated":true}]}}