{"id":16982,"date":"2025-01-28T08:00:00","date_gmt":"2025-01-28T08:00:00","guid":{"rendered":"https:\/\/drterziler.com\/esthetique-medicale\/dermatoloji\/"},"modified":"2026-04-21T13:35:28","modified_gmt":"2026-04-21T13:35:28","slug":"dermatologie","status":"publish","type":"page","link":"https:\/\/drterziler.com\/fr\/esthetique-medicale\/dermatologie\/","title":{"rendered":"Dermatologie"},"content":{"rendered":"<div class=\"page-content category-page\">\n<div id=\"header-area\">\n<div class=\"container\" id=\"firstContent\">\n<div class=\"header-content d-flex flex-column\">\n<h1 class=\"content-title\">Dermatologie<\/h1>\n<div class=\"content-paragraph\">\n<p>La dermatologie en Turquie offre des soins avanc\u00e9s et abordables pour les affections de la peau, des cheveux et des ongles, en utilisant des technologies modernes et des sp\u00e9cialistes experts. Les cliniques de dermatologie turques proposent des traitements complets pour l&rsquo;acn\u00e9, l&rsquo;ecz\u00e9ma, le psoriasis, la rosac\u00e9e, les probl\u00e8mes de pigmentation et le vieillissement cutan\u00e9. Beaucoup se sp\u00e9cialisent \u00e9galement dans les services de dermatologie cosm\u00e9tique tels que le Botox, les produits de comblement, la th\u00e9rapie au laser et les peelings chimiques. Avec des installations accr\u00e9dit\u00e9es au niveau international et des dermatologues anglophones, la Turquie attire de nombreux patients internationaux \u00e0 la recherche de soins cutan\u00e9s \u00e0 la fois m\u00e9dicaux et esth\u00e9tiques.<\/p>\n<\/p><\/div>\n<nav aria-label=\"breadcrumb\" class=\"breadcrumbs\">\n<ul class=\"d-flex align-items-center mb-0\">\n<li><a class=\"link\" href=\"https:\/\/drterziler.com\/fr\/\"><span>Dr. Terziler<\/span><\/a><\/li>\n<li class=\"separator\">\u00bb<\/li>\n<li><a class=\"link\" href=\"https:\/\/drterziler.com\/fr\/esthetique-medicale\/\"><span>Esth\u00e9tique M\u00e9dicale<\/span><\/a><\/li>\n<li class=\"separator\">\u00bb<\/li>\n<li class=\"current-page\"><span>Dermatologie<\/span><\/li>\n<\/ul>\n<\/nav><\/div>\n<\/p><\/div>\n<\/p><\/div>\n<\/div>\n<section class=\"svc-section\">\n<div class=\"container\">\n<div class=\"svc-item right-card\">\n<div class=\"svc-media\">\n                <img decoding=\"async\" src=\"https:\/\/drterziler.com\/wp-content\/uploads\/2025\/02\/Akne-ve-Sivilce-Tedavisi.webp\" alt=\"Traitement de l'Acn\u00e9 et des Boutons\" loading=\"lazy\" class=\"cat-img\">\n            <\/div>\n<div class=\"svc-card\">\n<h3 class=\"svc-title gilda\">Traitement de l&rsquo;Acn\u00e9 et des Boutons<\/h3>\n<p class=\"svc-text barlow\">\n                    Il comprend une s\u00e9rie de proc\u00e9dures dermatologiques visant \u00e0 \u00e9liminer l&rsquo;acn\u00e9 et les cicatrices de boutons. Des m\u00e9thodes telles que les traitements au laser, les peelings chimiques et les m\u00e9dicaments topiques sont utilis\u00e9es pour nettoyer la peau et restaurer son \u00e9quilibre. Le traitement est personnalis\u00e9 selon le type de peau, offrant des r\u00e9sultats efficaces et rapides.\n                <\/p>\n<p>                <a class=\"btn-details barlow-condensed\" href=\"https:\/\/drterziler.com\/fr\/esthetique-medicale\/dermatologie\/traitement-de-lacne-et-des-boutons\/\">D\u00c9TAILS<\/a>\n            <\/div>\n<\/p><\/div>\n<div class=\"svc-item left-card\">\n<div class=\"svc-media\">\n                <img decoding=\"async\" src=\"https:\/\/drterziler.com\/wp-content\/uploads\/2025\/02\/Skar-Yara-Izi-Tedavisi.webp\" alt=\"Traitement des Cicatrices (Cicatrices de Blessures)\" loading=\"lazy\" class=\"cat-img\">\n            <\/div>\n<div class=\"svc-card\">\n<h3 class=\"svc-title gilda\">Traitement des Cicatrices (Cicatrices de Blessures)<\/h3>\n<p class=\"svc-text barlow\">\n                    Le traitement des cicatrices est une proc\u00e9dure esth\u00e9tique visant \u00e0 r\u00e9duire ou \u00e0 am\u00e9liorer l&rsquo;apparence des cicatrices sur la peau. Ce traitement agit en soutenant les processus naturels de gu\u00e9rison de la peau afin de minimiser la visibilit\u00e9 des marques.\n                <\/p>\n<p>                <a class=\"btn-details barlow-condensed\" href=\"https:\/\/drterziler.com\/fr\/esthetique-medicale\/dermatologie\/traitement-des-cicatrices\/\">D\u00c9TAILS<\/a>\n            <\/div>\n<\/p><\/div>\n<div class=\"svc-item right-card\">\n<div class=\"svc-media\">\n                <img decoding=\"async\" src=\"https:\/\/drterziler.com\/wp-content\/uploads\/2025\/02\/Ben-Tedavisi.webp\" alt=\"Traitement des Grains de Beaut\u00e9\" loading=\"lazy\" class=\"cat-img\">\n            <\/div>\n<div class=\"svc-card\">\n<h3 class=\"svc-title gilda\">Traitement des Grains de Beaut\u00e9<\/h3>\n<p class=\"svc-text barlow\">\n                    Le traitement des grains de beaut\u00e9 est une m\u00e9thode moderne appliqu\u00e9e pour retirer les grains de beaut\u00e9 ind\u00e9sirables de la peau pour des raisons esth\u00e9tiques ou de sant\u00e9. Cette proc\u00e9dure est r\u00e9alis\u00e9e \u00e0 l&rsquo;aide de techniques telles que le laser, l&rsquo;excision chirurgicale ou la cryoth\u00e9rapie, et est planifi\u00e9e pour \u00eatre \u00e0 la fois s\u00fbre et laisser un minimum de cicatrices. Le traitement, adapt\u00e9 \u00e0 l&rsquo;individu, vise \u00e0 offrir une apparence cutan\u00e9e lisse et saine.\n                <\/p>\n<p>                <a class=\"btn-details barlow-condensed\" href=\"https:\/\/drterziler.com\/fr\/esthetique-medicale\/dermatologie\/traitement-des-taupes\/\">D\u00c9TAILS<\/a>\n            <\/div>\n<\/p><\/div>\n<div class=\"svc-item left-card\">\n<div class=\"svc-media\">\n                <img decoding=\"async\" src=\"https:\/\/drterziler.com\/wp-content\/uploads\/2025\/01\/Sedef-Hastaligi.webp\" alt=\"Traitement du Psoriasis\" loading=\"lazy\" class=\"cat-img\">\n            <\/div>\n<div class=\"svc-card\">\n<h3 class=\"svc-title gilda\">Traitement du Psoriasis<\/h3>\n<p class=\"svc-text barlow\">\n                    Le psoriasis est une affection cutan\u00e9e li\u00e9e au syst\u00e8me immunitaire, provoquant un renouvellement rapide de la peau et une inflammation. Il se pr\u00e9sente g\u00e9n\u00e9ralement par des l\u00e9sions provoquant des rougeurs, des squames et des d\u00e9mangeaisons sur la peau. La maladie peut se d\u00e9velopper en raison d&rsquo;une combinaison de pr\u00e9disposition g\u00e9n\u00e9tique et de facteurs environnementaux et, si elle n&rsquo;est pas trait\u00e9e, elle peut avoir un impact n\u00e9gatif sur la qualit\u00e9 de vie.\n                <\/p>\n<p>                <a class=\"btn-details barlow-condensed\" href=\"https:\/\/drterziler.com\/fr\/esthetique-medicale\/dermatologie\/traitement-du-psoriasis\/\">D\u00c9TAILS<\/a>\n            <\/div>\n<\/p><\/div>\n<div class=\"svc-item right-card\">\n<div class=\"svc-media\">\n                <img decoding=\"async\" src=\"https:\/\/drterziler.com\/wp-content\/uploads\/2025\/02\/Mantar-Hastaliklari.webp\" alt=\"Traitement des Infections Fongiques\" loading=\"lazy\" class=\"cat-img\">\n            <\/div>\n<div class=\"svc-card\">\n<h3 class=\"svc-title gilda\">Traitement des Infections Fongiques<\/h3>\n<p class=\"svc-text barlow\">\n                    Les infections fongiques sont des probl\u00e8mes de sant\u00e9 caus\u00e9s par la pr\u00e9sence de champignons dans la peau, les ongles, les cheveux et d&rsquo;autres parties du corps. Ces infections peuvent se propager rapidement, en particulier dans des environnements chauds et humides. Les maladies fongiques peuvent entra\u00eener des sympt\u00f4mes inconfortables et, si elles ne sont pas trait\u00e9es, peuvent entra\u00eener de graves probl\u00e8mes de sant\u00e9.\n                <\/p>\n<p>                <a class=\"btn-details barlow-condensed\" href=\"https:\/\/drterziler.com\/fr\/esthetique-medicale\/dermatologie\/traitement-des-infections-fongiques\/\">D\u00c9TAILS<\/a>\n            <\/div>\n<\/p><\/div>\n<div class=\"svc-item left-card\">\n<div class=\"svc-media\">\n                <img decoding=\"async\" src=\"https:\/\/drterziler.com\/wp-content\/uploads\/2025\/02\/Egzama.webp\" alt=\"Traitement de l'Ecz\u00e9ma\" loading=\"lazy\" class=\"cat-img\">\n            <\/div>\n<div class=\"svc-card\">\n<h3 class=\"svc-title gilda\">Traitement de l&rsquo;Ecz\u00e9ma<\/h3>\n<p class=\"svc-text barlow\">\n                    L&rsquo;ecz\u00e9ma est une affection cutan\u00e9e chronique caract\u00e9ris\u00e9e par une inflammation, des d\u00e9mangeaisons, une s\u00e9cheresse et des \u00e9ruptions rouges. Cette condition peut \u00eatre d\u00e9clench\u00e9e par une pr\u00e9disposition g\u00e9n\u00e9tique, des probl\u00e8mes du syst\u00e8me immunitaire et des facteurs environnementaux. Elle se manifeste g\u00e9n\u00e9ralement par des d\u00e9mangeaisons et des rougeurs et, si elle n&rsquo;est pas trait\u00e9e, elle peut causer des dommages cutan\u00e9s permanents. L&rsquo;ecz\u00e9ma peut \u00eatre divis\u00e9 en plusieurs types, notamment la dermatite atopique, la dermatite de contact et la dermatite s\u00e9borrh\u00e9ique.\n                <\/p>\n<p>                <a class=\"btn-details barlow-condensed\" href=\"https:\/\/drterziler.com\/fr\/esthetique-medicale\/dermatologie\/traitement-de-leczema\/\">D\u00c9TAILS<\/a>\n            <\/div>\n<\/p><\/div>\n<div class=\"svc-item right-card\">\n<div class=\"svc-media\">\n                <img decoding=\"async\" src=\"https:\/\/drterziler.com\/wp-content\/uploads\/2025\/02\/Alerjik-Cilt-Hastaliklari.webp\" alt=\"Maladies Cutan\u00e9es Allergiques\" loading=\"lazy\" class=\"cat-img\">\n            <\/div>\n<div class=\"svc-card\">\n<h3 class=\"svc-title gilda\">Maladies Cutan\u00e9es Allergiques<\/h3>\n<p class=\"svc-text barlow\">\n                    Les maladies cutan\u00e9es allergiques surviennent lorsque le syst\u00e8me immunitaire r\u00e9agit de mani\u00e8re incorrecte sur la peau, provoquant des inconforts tels que des d\u00e9mangeaisons et des rougeurs. Le traitement de ces maladies est une \u00e9tape importante pour restaurer la sant\u00e9 de la peau et minimiser les r\u00e9actions allergiques. Avec les bonnes m\u00e9thodes de traitement, les sympt\u00f4mes sur la peau peuvent s&rsquo;am\u00e9liorer rapidement et une apparence saine peut \u00eatre obtenue.\n                <\/p>\n<p>                <a class=\"btn-details barlow-condensed\" href=\"https:\/\/drterziler.com\/fr\/esthetique-medicale\/dermatologie\/maladies-allergiques-de-la-peau\/\">D\u00c9TAILS<\/a>\n            <\/div>\n<\/p><\/div>\n<div class=\"svc-item left-card\">\n<div class=\"svc-media\">\n                <img decoding=\"async\" src=\"https:\/\/drterziler.com\/wp-content\/uploads\/2025\/02\/Dokuntulu-Hastaliklar.webp\" alt=\"Maladies \u00c9ruptives\" loading=\"lazy\" class=\"cat-img\">\n            <\/div>\n<div class=\"svc-card\">\n<h3 class=\"svc-title gilda\">Maladies \u00c9ruptives<\/h3>\n<p class=\"svc-text barlow\">\n                    Il s&rsquo;agit d&rsquo;affections qui se manifestent g\u00e9n\u00e9ralement par des sympt\u00f4mes tels que des rougeurs, des d\u00e9mangeaisons, des cloques ou des taches sur la peau. Le traitement des maladies \u00e9ruptives est d\u00e9termin\u00e9 en fonction de la cause sous-jacente et implique g\u00e9n\u00e9ralement des m\u00e9dicaments, des produits de soins de la peau et des traitements de soutien pour soulager les sympt\u00f4mes.\n                <\/p>\n<p>                <a class=\"btn-details barlow-condensed\" href=\"https:\/\/drterziler.com\/fr\/esthetique-medicale\/dermatologie\/maladies-deruption-cutanee\/\">D\u00c9TAILS<\/a>\n            <\/div>\n<\/p><\/div>\n<\/p><\/div>\n<\/section>\n","protected":false},"excerpt":{"rendered":"<p>Dermatologie La dermatologie en Turquie offre des soins avanc\u00e9s et abordables pour les affections de la peau, des cheveux et des ongles, en utilisant des technologies modernes et des sp\u00e9cialistes experts. Les cliniques de dermatologie turques proposent des traitements complets pour l&rsquo;acn\u00e9, l&rsquo;ecz\u00e9ma, le psoriasis, la rosac\u00e9e, les probl\u00e8mes de pigmentation et le vieillissement cutan\u00e9. [&hellip;]<\/p>\n","protected":false},"author":6,"featured_media":0,"parent":2728,"menu_order":0,"comment_status":"closed","ping_status":"closed","template":"","meta":{"footnotes":""},"class_list":["post-16982","page","type-page","status-publish","hentry"],"_links":{"self":[{"href":"https:\/\/drterziler.com\/fr\/wp-json\/wp\/v2\/pages\/16982","targetHints":{"allow":["GET"]}}],"collection":[{"href":"https:\/\/drterziler.com\/fr\/wp-json\/wp\/v2\/pages"}],"about":[{"href":"https:\/\/drterziler.com\/fr\/wp-json\/wp\/v2\/types\/page"}],"author":[{"embeddable":true,"href":"https:\/\/drterziler.com\/fr\/wp-json\/wp\/v2\/users\/6"}],"replies":[{"embeddable":true,"href":"https:\/\/drterziler.com\/fr\/wp-json\/wp\/v2\/comments?post=16982"}],"version-history":[{"count":75,"href":"https:\/\/drterziler.com\/fr\/wp-json\/wp\/v2\/pages\/16982\/revisions"}],"predecessor-version":[{"id":59614,"href":"https:\/\/drterziler.com\/fr\/wp-json\/wp\/v2\/pages\/16982\/revisions\/59614"}],"up":[{"embeddable":true,"href":"https:\/\/drterziler.com\/fr\/wp-json\/wp\/v2\/pages\/2728"}],"wp:attachment":[{"href":"https:\/\/drterziler.com\/fr\/wp-json\/wp\/v2\/media?parent=16982"}],"curies":[{"name":"wp","href":"https:\/\/api.w.org\/{rel}","templated":true}]}}