{"id":17063,"date":"2025-01-28T08:13:17","date_gmt":"2025-01-28T08:13:17","guid":{"rendered":"https:\/\/drterziler.com\/esthetique-medicale\/dermatoloji\/akne-ve-sivilce-tedavisi\/"},"modified":"2026-04-27T08:39:09","modified_gmt":"2026-04-27T08:39:09","slug":"traitement-de-lacne-et-des-boutons","status":"publish","type":"page","link":"https:\/\/drterziler.com\/fr\/esthetique-medicale\/dermatologie\/traitement-de-lacne-et-des-boutons\/","title":{"rendered":"Traitement de l&rsquo;acn\u00e9 et des boutons"},"content":{"rendered":"<div class=\"page-content\">\n<div id=\"header-area\">\n<div class=\"container\" id=\"firstContent\">\n<div class=\"header-content d-flex flex-column\">\n<h1 class=\"content-title h1-header\">Traitement de l&#039;acn\u00e9 et des boutons<\/h1>\n<div class=\"content-paragraph\">\n<p class=\"p-text\">Il comprend une s\u00e9rie de proc\u00e9dures dermatologiques visant \u00e0 \u00e9liminer les cicatrices d\u2019acn\u00e9 et de boutons. Des m\u00e9thodes telles que les traitements au laser, les peelings chimiques et les m\u00e9dicaments topiques sont utilis\u00e9es pour nettoyer et \u00e9quilibrer la peau. Le soin est personnalis\u00e9 en fonction du type de peau, offrant des r\u00e9sultats efficaces et rapides.<\/p>\n<\/p><\/div>\n<nav aria-label=\"breadcrumb\" class=\"breadcrumbs\">\n<ul class=\"d-flex align-items-center mb-0\">\n<li><a class=\"link\" href=\"https:\/\/drterziler.com\/fr\"><span>Dr. Terziler Exclusive Clinic<\/span><\/a><\/li>\n<li class=\"separator\">\u00bb<\/li>\n<li><a class=\"link\" href=\"https:\/\/drterziler.com\/fr\/esthetique-medicale\/\"><span>Esth\u00e9tique m\u00e9dicale<\/span><\/a><\/li>\n<li class=\"separator\">\u00bb<\/li>\n<li><a class=\"link\" href=\"https:\/\/drterziler.com\/fr\/esthetique-medicale\/dermatologie\/\"><span>Dermatologie<\/span><\/a><\/li>\n<li class=\"separator\">\u00bb<\/li>\n<li class=\"current-page\"><span>Traitement de l&#039;acn\u00e9 et des boutons<\/span><\/li>\n<\/ul>\n<\/nav><\/div>\n<\/p><\/div>\n<\/p><\/div>\n<\/div>\n<section id=\"content-area\">\n<div class=\"container my-5\">\n<div class=\"row align-items-start\">\n<div class=\"col-md-6 order-2 order-md-1\">\n<div class=\"custom-toc-box\">\n<div id=\"toc-header\">\n<h4>Table des mati\u00e8res<\/h4>\n<div class=\"toc-toggle-icon\"><\/div>\n<\/p><\/div>\n<div class=\"toc-full-divider\"><\/div>\n<div id=\"toc-body\">\n<div id=\"toc-container\"><\/div>\n<\/p><\/div>\n<\/p><\/div>\n<\/p><\/div>\n<div class=\"col-md-6 order-1 order-md-2\" id=\"jForm\">\n                <script type=\"text\/javascript\" src=\"https:\/\/form.jotform.com\/jsform\/242882407646969\"><\/script>\n            <\/div>\n<\/p><\/div>\n<\/p><\/div>\n<div class=\"container\">\n<div class=\"img-thumb\">\n            <img decoding=\"async\" src=\"https:\/\/drterziler.com\/wp-content\/uploads\/2025\/01\/Akne-ve-Sivilce-Tedavisi.webp\" alt=\"Traitement de l&#039;acn\u00e9 et des boutons\" loading=\"lazy\">\n        <\/div>\n<div>\n<div>\n<h2 class=\"h2-header\">Qu&#039;est-ce que le traitement de l&#039;acn\u00e9 et des boutons ?<\/h2>\n<\/p><\/div>\n<div>\n<p class=\"p-text\">Le traitement de l&#039;acn\u00e9 est une s\u00e9rie de m\u00e9thodes esth\u00e9tiques visant \u00e0 pr\u00e9venir et traiter l&#039;apparition de l&#039;acn\u00e9 (boutons) et des points noirs sur la peau. L&#039;acn\u00e9 est un probl\u00e8me cutan\u00e9 courant caus\u00e9 par l&#039;obstruction des glandes s\u00e9bac\u00e9es, des infections bact\u00e9riennes ou des changements hormonaux. Le traitement de l&#039;acn\u00e9 cible les causes sous-jacentes de ces probl\u00e8mes, r\u00e9duit l&#039;inflammation cutan\u00e9e, renouvelle les tissus de la peau et am\u00e9liore l&#039;apparence des cicatrices.<\/p>\n<\/p><\/div>\n<\/p><\/div>\n<div>\n<div>\n<h2 class=\"h2-header\">Quels sont les b\u00e9n\u00e9fices ?<\/h2>\n<\/p><\/div>\n<div>\n<p class=\"p-text\">Apporte une peau plus propre et plus nette Unifie le teint R\u00e9duit les cicatrices d&#039;acn\u00e9 Att\u00e9nue rapidement l&#039;inflammation Soutient la r\u00e9g\u00e9n\u00e9ration de la peau Am\u00e9liore la confiance en soi Permet un retour rapide aux activit\u00e9s quotidiennes<\/p>\n<\/p><\/div>\n<\/p><\/div>\n<div>\n<div>\n<h2 class=\"h2-header\">\u00c0 quoi ressemble le traitement de l&#039;acn\u00e9 ?<\/h2>\n<\/p><\/div>\n<div>\n<p class=\"p-text\">Le traitement de l&#039;acn\u00e9 am\u00e9liore consid\u00e9rablement l&#039;apparence des boutons et des cicatrices sur la peau. Apr\u00e8s le traitement, la peau semble plus propre, plus lisse, plus saine et plus \u00e9clatante. Une luminosit\u00e9 et un effet de rajeunissement visibles sont observ\u00e9s sur la texture de la peau apr\u00e8s le traitement. L&#039;am\u00e9lioration des cicatrices d&#039;acn\u00e9 et du teint offre un aspect g\u00e9n\u00e9ral plus jeune et frais.<\/p>\n<\/p><\/div>\n<\/p><\/div>\n<div>\n<div>\n<h2 class=\"h2-header\">\u00c0 qui s&#039;adresse ce traitement ?<\/h2>\n<\/p><\/div>\n<div>\n<p class=\"p-text\">Les adolescents en p\u00e9riode de pubert\u00e9 Les personnes souffrant d&#039;acn\u00e9 li\u00e9e \u00e0 l&#039;\u00e2ge Ceux qui \u00e9prouvent une anxi\u00e9t\u00e9 sociale \u00e0 cause de leurs boutons Les personnes ayant une peau sujette \u00e0 l&#039;acn\u00e9 Ceux qui recherchent des r\u00e9sultats rapides Les personnes pr\u00e9f\u00e9rant des options non chirurgicales<\/p>\n<\/p><\/div>\n<\/p><\/div>\n<div>\n<div>\n<h2 class=\"h2-header\">Pourquoi le traitement de l&#039;acn\u00e9 est-il populaire ?<\/h2>\n<\/p><\/div>\n<div>\n<p class=\"p-text\">Le traitement de l&#039;acn\u00e9 aide les individus \u00e0 surmonter leurs probl\u00e8mes de peau et \u00e0 retrouver leur confiance en eux. Avec l&#039;int\u00e9r\u00eat croissant pour les soins de la peau ces derni\u00e8res ann\u00e9es, ce traitement est devenu un choix populaire aussi bien chez les adolescents que chez les adultes. Cette proc\u00e9dure est appr\u00e9ci\u00e9e pour son caract\u00e8re peu invasif et ses r\u00e9sultats rapides. De plus, le traitement de l&#039;acn\u00e9 ne se limite pas aux boutons, il traite \u00e9galement les cicatrices d&#039;acn\u00e9, offrant ainsi une solution plus compl\u00e8te.<\/p>\n<\/p><\/div>\n<\/p><\/div>\n<div>\n<div>\n<h2 class=\"h2-header\">Comment le traitement de l&#039;acn\u00e9 est-il appliqu\u00e9 ?<\/h2>\n<\/p><\/div>\n<div>\n<p class=\"p-text\">Les m\u00e9thodes les plus courantes incluent le traitement au laser, le peeling chimique et le PRP. Les faisceaux laser ciblent les pigments sous la peau pour r\u00e9duire les taches. Le peeling chimique \u00e9limine la couche superficielle de la peau, cr\u00e9ant une surface plus saine. Le PRP r\u00e9g\u00e9n\u00e8re la peau gr\u00e2ce au sang aux propri\u00e9t\u00e9s r\u00e9paratrices. Le processus de traitement est personnalis\u00e9 et r\u00e9alis\u00e9 par un m\u00e9decin expert.<\/p>\n<\/p><\/div>\n<\/p><\/div>\n<div>\n<div>\n<h2 class=\"h2-header\">Quelle est la dur\u00e9e des r\u00e9sultats ?<\/h2>\n<\/p><\/div>\n<div>\n<p class=\"p-text\">La dur\u00e9e des r\u00e9sultats du traitement de l&#039;acn\u00e9 varie en fonction de la m\u00e9thode appliqu\u00e9e et des caract\u00e9ristiques individuelles de la peau. En g\u00e9n\u00e9ral, l&#039;acn\u00e9 et les cicatrices sont significativement r\u00e9duites apr\u00e8s le traitement, et la peau retrouve une apparence plus saine. Cependant, des changements hormonaux, le mode de vie ou des facteurs environnementaux peuvent provoquer une r\u00e9apparition de l&#039;acn\u00e9. Un entretien r\u00e9gulier et des s\u00e9ances de suivi permettent de prolonger les effets du traitement.<\/p>\n<\/p><\/div>\n<\/p><\/div>\n<div>\n<div>\n<h2 class=\"h2-header\">Y a-t-il une douleur ou une g\u00eane ?<\/h2>\n<\/p><\/div>\n<div>\n<p class=\"p-text\">La plupart des traitements de l&#039;acn\u00e9 sont indolores, mais certaines m\u00e9thodes (notamment le peeling chimique ou le laser) peuvent provoquer une l\u00e9g\u00e8re sensation de br\u00fblure ou d&#039;inconfort. Les proc\u00e9dures comme la m\u00e9soth\u00e9rapie et la microdermabrasion sont r\u00e9alis\u00e9es avec un minimum d&#039;inconfort et ne n\u00e9cessitent g\u00e9n\u00e9ralement pas d&#039;anesth\u00e9sie. Selon la sensibilit\u00e9 de votre peau, des cr\u00e8mes anesth\u00e9siantes ou des syst\u00e8mes de refroidissement peuvent \u00eatre appliqu\u00e9s avant le traitement pour r\u00e9duire l&#039;inconfort.<\/p>\n<\/p><\/div>\n<\/p><\/div>\n<div>\n<div>\n<h2 class=\"h2-header\">Prix des traitements de l&#039;acn\u00e9<\/h2>\n<\/p><\/div>\n<div>\n<p class=\"p-text\">Les prix des traitements de l&#039;acn\u00e9 varient en fonction de la m\u00e9thode utilis\u00e9e et du type de peau. En g\u00e9n\u00e9ral, les traitements les plus simples sont propos\u00e9s \u00e0 des tarifs plus abordables, tandis que des m\u00e9thodes avanc\u00e9es comme le laser ou la m\u00e9soth\u00e9rapie peuvent \u00eatre l\u00e9g\u00e8rement plus co\u00fbteuses. Pour des informations tarifaires d\u00e9taill\u00e9es, nous vous recommandons de contacter notre clinique.<\/p>\n<\/p><\/div>\n<\/p><\/div>\n<div>\n<div>\n<h2 class=\"h2-header\">Pourquoi choisir la clinique exclusive Dr. Terziler ?<\/h2>\n<\/p><\/div>\n<div>\n<p class=\"p-text\">Le Dr. Terziler, avec une expertise reconnue \u00e0 l&#039;international et une approche esth\u00e9tique alliant art et science, propose des solutions personnalis\u00e9es offrant non seulement une transformation physique mais aussi un renouvellement \u00e9motionnel. Notre clinique, \u00e9quip\u00e9e de technologies avanc\u00e9es et fonctionnant selon les principes de confort et de s\u00e9curit\u00e9, adopte la perfection comme philosophie d&#039;entreprise. Chaque intervention vise \u00e0 am\u00e9liorer votre bien-\u00eatre global et votre bonheur.<\/p>\n<\/p><\/div>\n<\/p><\/div>\n<\/p><\/div>\n<\/section>\n","protected":false},"excerpt":{"rendered":"<p>Traitement de l&#039;acn\u00e9 et des boutons Il comprend une s\u00e9rie de proc\u00e9dures dermatologiques visant \u00e0 \u00e9liminer les cicatrices d\u2019acn\u00e9 et de boutons. Des m\u00e9thodes telles que les traitements au laser, les peelings chimiques et les m\u00e9dicaments topiques sont utilis\u00e9es pour nettoyer et \u00e9quilibrer la peau. Le soin est personnalis\u00e9 en fonction du type de peau, [&hellip;]<\/p>\n","protected":false},"author":6,"featured_media":0,"parent":16982,"menu_order":0,"comment_status":"closed","ping_status":"closed","template":"","meta":{"footnotes":""},"class_list":["post-17063","page","type-page","status-publish","hentry"],"_links":{"self":[{"href":"https:\/\/drterziler.com\/fr\/wp-json\/wp\/v2\/pages\/17063","targetHints":{"allow":["GET"]}}],"collection":[{"href":"https:\/\/drterziler.com\/fr\/wp-json\/wp\/v2\/pages"}],"about":[{"href":"https:\/\/drterziler.com\/fr\/wp-json\/wp\/v2\/types\/page"}],"author":[{"embeddable":true,"href":"https:\/\/drterziler.com\/fr\/wp-json\/wp\/v2\/users\/6"}],"replies":[{"embeddable":true,"href":"https:\/\/drterziler.com\/fr\/wp-json\/wp\/v2\/comments?post=17063"}],"version-history":[{"count":17,"href":"https:\/\/drterziler.com\/fr\/wp-json\/wp\/v2\/pages\/17063\/revisions"}],"predecessor-version":[{"id":59616,"href":"https:\/\/drterziler.com\/fr\/wp-json\/wp\/v2\/pages\/17063\/revisions\/59616"}],"up":[{"embeddable":true,"href":"https:\/\/drterziler.com\/fr\/wp-json\/wp\/v2\/pages\/16982"}],"wp:attachment":[{"href":"https:\/\/drterziler.com\/fr\/wp-json\/wp\/v2\/media?parent=17063"}],"curies":[{"name":"wp","href":"https:\/\/api.w.org\/{rel}","templated":true}]}}