{"id":17257,"date":"2025-01-28T08:29:38","date_gmt":"2025-01-28T08:29:38","guid":{"rendered":"https:\/\/drterziler.com\/esthetique-medicale\/dermatoloji\/mantar-hastaliklari-tedavisi\/"},"modified":"2026-04-27T08:40:09","modified_gmt":"2026-04-27T08:40:09","slug":"traitement-des-infections-fongiques","status":"publish","type":"page","link":"https:\/\/drterziler.com\/fr\/esthetique-medicale\/dermatologie\/traitement-des-infections-fongiques\/","title":{"rendered":"Traitement des infections fongiques"},"content":{"rendered":"<div class=\"page-content\">\n<div id=\"header-area\">\n<div class=\"container\" id=\"firstContent\">\n<div class=\"header-content d-flex flex-column\">\n<h1 class=\"content-title h1-header\">Traitement des infections fongiques<\/h1>\n<div class=\"content-paragraph\">\n<p class=\"p-text\">Les maladies fongiques sont des probl\u00e8mes de sant\u00e9 caus\u00e9s par des infections fongiques qui apparaissent sur la peau, les ongles, les cheveux et d&#039;autres parties du corps. Ces infections peuvent se propager rapidement, g\u00e9n\u00e9ralement sous l\u2019influence d\u2019environnements humides et chauds. Les maladies fongiques peuvent entra\u00eener des sympt\u00f4mes inqui\u00e9tants dans le corps et, si elles ne sont pas trait\u00e9es, peuvent entra\u00eener de graves probl\u00e8mes de sant\u00e9.<\/p>\n<\/p><\/div>\n<nav aria-label=\"breadcrumb\" class=\"breadcrumbs\">\n<ul class=\"d-flex align-items-center mb-0\">\n<li><a class=\"link\" href=\"https:\/\/drterziler.com\/fr\/\"><span>Dr. Terziler Exclusive Clinic<\/span><\/a><\/li>\n<li class=\"separator\">\u00bb<\/li>\n<li><a class=\"link\" href=\"https:\/\/drterziler.com\/fr\/esthetique-medicale\/\"><span>Esth\u00e9tique m\u00e9dicale<\/span><\/a><\/li>\n<li class=\"separator\">\u00bb<\/li>\n<li><a class=\"link\" href=\"https:\/\/drterziler.com\/fr\/esthetique-medicale\/dermatologie\/\"><span>Dermatologie<\/span><\/a><\/li>\n<li class=\"separator\">\u00bb<\/li>\n<li class=\"current-page\"><span>Traitement des infections fongiques<\/span><\/li>\n<\/ul>\n<\/nav><\/div>\n<\/p><\/div>\n<\/p><\/div>\n<\/div>\n<section id=\"content-area\">\n<div class=\"container my-5\">\n<div class=\"row align-items-start\">\n<div class=\"col-md-6 order-2 order-md-1\">\n<div class=\"custom-toc-box\">\n<div id=\"toc-header\">\n<h4>Table des mati\u00e8res<\/h4>\n<div class=\"toc-toggle-icon\"><\/div>\n<\/p><\/div>\n<div class=\"toc-full-divider\"><\/div>\n<div id=\"toc-body\">\n<div id=\"toc-container\"><\/div>\n<\/p><\/div>\n<\/p><\/div>\n<\/p><\/div>\n<div class=\"col-md-6 order-1 order-md-2\" id=\"jForm\">\n                <script type=\"text\/javascript\" src=\"https:\/\/form.jotform.com\/jsform\/242882407646969\"><\/script>\n            <\/div>\n<\/p><\/div>\n<\/p><\/div>\n<div class=\"container\">\n<div class=\"img-thumb\">\n            <img decoding=\"async\" src=\"https:\/\/drterziler.com\/wp-content\/uploads\/2025\/01\/Mantar-Hastaliklari.webp\" alt=\"Traitement des infections fongiques\" loading=\"lazy\">\n        <\/div>\n<div>\n<div>\n<h2 class=\"h2-header\">Traitement des Infections Fongiques<\/h2>\n<\/p><\/div>\n<div>\n<p class=\"p-text\">Les maladies fongiques sont des infections caus\u00e9es par la prolif\u00e9ration excessive de champignons dans le corps. Diff\u00e9rents types de champignons, tels que les dermatophytes, les levures et les moisissures, peuvent entra\u00eener diverses maladies chez l\u2019homme. Les infections fongiques peuvent se manifester par des sympt\u00f4mes tels que des d\u00e9mangeaisons, des fissures, une desquamation et des changements de couleur de la peau.<\/p>\n<\/p><\/div>\n<\/p><\/div>\n<div>\n<div>\n<h2 class=\"h2-header\">Quels sont les sympt\u00f4mes des maladies fongiques ?<\/h2>\n<\/p><\/div>\n<div>\n<p class=\"p-text\">Rougeur et gonflement D\u00e9mangeaisons Desquamation et s\u00e9cheresse Augmentation de la temp\u00e9rature Plaies ouvertes ou cro\u00fbtes Fissures et d\u00e9chirures cutan\u00e9es Taches blanches ou jaun\u00e2tres Changements au niveau des ongles<\/p>\n<\/p><\/div>\n<\/p><\/div>\n<div>\n<div>\n<h2 class=\"h2-header\">Quels sont les avantages du traitement des maladies fongiques ?<\/h2>\n<\/p><\/div>\n<div>\n<p class=\"p-text\">Peau saine et lisse Am\u00e9lioration esth\u00e9tique Applications indolores R\u00e9cup\u00e9ration rapide R\u00e9sultats efficaces en une seule s\u00e9ance Soutien du syst\u00e8me immunitaire Peau plus propre R\u00e9duction du risque d\u2019infection<\/p>\n<\/p><\/div>\n<\/p><\/div>\n<div>\n<div>\n<h2 class=\"h2-header\">Qui est \u00e0 risque ?<\/h2>\n<\/p><\/div>\n<div>\n<p class=\"p-text\">Personnes pratiquant un exercice physique intense Personnes transpirant fr\u00e9quemment Individus avec un syst\u00e8me immunitaire affaibli Ceux qui prennent des douches dans des espaces communs Personnes atteintes d\u2019infections fongiques des ongles Ceux vivant dans des climats chauds et humides Enfants et personnes \u00e2g\u00e9es Personnes diab\u00e9tiques<\/p>\n<\/p><\/div>\n<\/p><\/div>\n<div>\n<div>\n<h2 class=\"h2-header\">Pourquoi le traitement des infections fongiques est-il populaire ?<\/h2>\n<\/p><\/div>\n<div>\n<p class=\"p-text\">Le traitement des infections fongiques est tr\u00e8s populaire en raison de son efficacit\u00e9 et de ses r\u00e9sultats rapides. Les infections fongiques provoquent souvent des sympt\u00f4mes g\u00eanants et peuvent se propager rapidement, ce qui pousse les gens \u00e0 rechercher un traitement pr\u00e9coce. Les m\u00e9thodes modernes de traitement sont appliqu\u00e9es avec un minimum d&#039;inconfort et permettent d\u2019obtenir des r\u00e9sultats en peu de temps. De plus, la disponibilit\u00e9 et l\u2019accessibilit\u00e9 accrues des options de traitement ont renforc\u00e9 l&#039;int\u00e9r\u00eat pour ces soins. Un autre facteur cl\u00e9 de cette popularit\u00e9 est l\u2019am\u00e9lioration esth\u00e9tique apr\u00e8s le traitement. Comme les maladies fongiques peuvent provoquer des changements ind\u00e9sirables sur la peau et les ongles, l\u2019am\u00e9lioration de l\u2019apparence apr\u00e8s le traitement renforce la confiance en soi des patients. Par ailleurs, la possibilit\u00e9 d\u2019opter pour des traitements \u00e0 domicile rend le processus plus pratique et confortable. Tous ces \u00e9l\u00e9ments contribuent \u00e0 la popularit\u00e9 croissante des traitements contre les infections fongiques.<\/p>\n<\/p><\/div>\n<\/p><\/div>\n<div>\n<div>\n<h2 class=\"h2-header\">Comment se d\u00e9roule le traitement des infections fongiques ?<\/h2>\n<\/p><\/div>\n<div>\n<p class=\"p-text\">Le traitement des infections fongiques peut \u00eatre appliqu\u00e9 selon diff\u00e9rentes m\u00e9thodes en fonction du type et de l\u2019\u00e9tendue de l\u2019infection. Les m\u00e9thodes les plus courantes incluent les cr\u00e8mes topiques, les lotions, les m\u00e9dicaments oraux et certaines th\u00e9rapies sp\u00e9cifiques. Le traitement topique consiste \u00e0 appliquer des cr\u00e8mes ou des lotions antifongiques sur la zone affect\u00e9e. Cette m\u00e9thode est g\u00e9n\u00e9ralement pr\u00e9f\u00e9r\u00e9e pour les infections l\u00e9g\u00e8res et peut durer quelques semaines. En cas d\u2019infections fongiques s\u00e9v\u00e8res, des m\u00e9dicaments antifongiques oraux prescrits par un m\u00e9decin peuvent \u00eatre utilis\u00e9s. Ces m\u00e9dicaments emp\u00eachent la propagation du champignon dans le corps, et le traitement peut durer plusieurs mois. Dans certains cas, des m\u00e9thodes modernes telles que la luminoth\u00e9rapie ou le traitement au laser peuvent \u00eatre employ\u00e9es. Ces options acc\u00e9l\u00e8rent l&#039;\u00e9limination du champignon et r\u00e9duisent le risque de r\u00e9cidive de l\u2019infection. Le processus de traitement n\u00e9cessite un suivi r\u00e9gulier selon les recommandations du m\u00e9decin.<\/p>\n<\/p><\/div>\n<\/p><\/div>\n<div>\n<div>\n<h2 class=\"h2-header\">Y a-t-il de la douleur ou de l&#039;inconfort ?<\/h2>\n<\/p><\/div>\n<div>\n<p class=\"p-text\">En g\u00e9n\u00e9ral, aucun inconfort ou douleur n\u2019est ressenti lors du traitement des infections fongiques. Les m\u00e9thodes modernes de traitement sont appliqu\u00e9es avec des techniques qui minimisent la douleur. Cependant, certains traitements, en particulier pour les infections profondes des ongles ou de la peau, peuvent provoquer un l\u00e9ger inconfort. Celui-ci est g\u00e9n\u00e9ralement temporaire et une am\u00e9lioration est ressentie apr\u00e8s le traitement.<\/p>\n<\/p><\/div>\n<\/p><\/div>\n<div>\n<div>\n<h2 class=\"h2-header\">Quelle est la dur\u00e9e du traitement ?<\/h2>\n<\/p><\/div>\n<div>\n<p class=\"p-text\">La dur\u00e9e du traitement des infections fongiques varie en fonction de la m\u00e9thode utilis\u00e9e. Les traitements topiques prennent g\u00e9n\u00e9ralement quelques semaines, tandis que les traitements m\u00e9dicamenteux oraux peuvent durer plusieurs mois. Les traitements au laser ou par luminoth\u00e9rapie n\u00e9cessitent g\u00e9n\u00e9ralement plusieurs s\u00e9ances. La dur\u00e9e du traitement d\u00e9pend aussi de la gravit\u00e9 de l\u2019infection.<\/p>\n<\/p><\/div>\n<\/p><\/div>\n<div>\n<div>\n<h2 class=\"h2-header\">Combien de temps faut-il pour gu\u00e9rir ?<\/h2>\n<\/p><\/div>\n<div>\n<p class=\"p-text\">Le temps de gu\u00e9rison du traitement des infections fongiques d\u00e9pend de la m\u00e9thode utilis\u00e9e et de l\u2019\u00e9tendue de l\u2019infection. La plupart des patients constatent une am\u00e9lioration apr\u00e8s quelques semaines de traitement. Cependant, dans les cas d\u2019infections profondes comme la mycose des ongles, le processus de gu\u00e9rison peut \u00eatre plus long, allant de 1 \u00e0 3 mois. Il est important de faire preuve de patience durant le traitement afin d\u2019optimiser son efficacit\u00e9.<\/p>\n<\/p><\/div>\n<\/p><\/div>\n<div>\n<div>\n<h2 class=\"h2-header\">Les maladies fongiques peuvent-elles \u00eatre trait\u00e9es ?<\/h2>\n<\/p><\/div>\n<div>\n<p class=\"p-text\">Les maladies fongiques sont traitables, et une intervention pr\u00e9coce peut donner des r\u00e9sultats tr\u00e8s efficaces. Gr\u00e2ce aux bonnes m\u00e9thodes et \u00e0 l\u2019accompagnement d\u2019un professionnel de sant\u00e9, ces infections peuvent \u00eatre rapidement et efficacement prises en charge.<\/p>\n<\/p><\/div>\n<\/p><\/div>\n<div>\n<div>\n<h2 class=\"h2-header\">Pourquoi choisir la clinique exclusive Dr. Terziler ?<\/h2>\n<\/p><\/div>\n<div>\n<p class=\"p-text\">Le Dr. Terziler propose des solutions personnalis\u00e9es avec une expertise reconnue mondialement et une approche esth\u00e9tique qui allie art et science, offrant ainsi une transformation non seulement physique mais aussi \u00e9motionnelle. Notre clinique, \u00e9quip\u00e9e de technologies avanc\u00e9es et ax\u00e9e sur le confort et la s\u00e9curit\u00e9, adopte la perfection comme philosophie d\u2019entreprise. Ici, chaque intervention vise \u00e0 am\u00e9liorer votre bien-\u00eatre et votre bonheur.<\/p>\n<\/p><\/div>\n<\/p><\/div>\n<\/p><\/div>\n<\/section>\n","protected":false},"excerpt":{"rendered":"<p>Traitement des infections fongiques Les maladies fongiques sont des probl\u00e8mes de sant\u00e9 caus\u00e9s par des infections fongiques qui apparaissent sur la peau, les ongles, les cheveux et d&#039;autres parties du corps. Ces infections peuvent se propager rapidement, g\u00e9n\u00e9ralement sous l\u2019influence d\u2019environnements humides et chauds. Les maladies fongiques peuvent entra\u00eener des sympt\u00f4mes inqui\u00e9tants dans le corps [&hellip;]<\/p>\n","protected":false},"author":6,"featured_media":0,"parent":16982,"menu_order":0,"comment_status":"closed","ping_status":"closed","template":"","meta":{"footnotes":""},"class_list":["post-17257","page","type-page","status-publish","hentry"],"_links":{"self":[{"href":"https:\/\/drterziler.com\/fr\/wp-json\/wp\/v2\/pages\/17257","targetHints":{"allow":["GET"]}}],"collection":[{"href":"https:\/\/drterziler.com\/fr\/wp-json\/wp\/v2\/pages"}],"about":[{"href":"https:\/\/drterziler.com\/fr\/wp-json\/wp\/v2\/types\/page"}],"author":[{"embeddable":true,"href":"https:\/\/drterziler.com\/fr\/wp-json\/wp\/v2\/users\/6"}],"replies":[{"embeddable":true,"href":"https:\/\/drterziler.com\/fr\/wp-json\/wp\/v2\/comments?post=17257"}],"version-history":[{"count":18,"href":"https:\/\/drterziler.com\/fr\/wp-json\/wp\/v2\/pages\/17257\/revisions"}],"predecessor-version":[{"id":59624,"href":"https:\/\/drterziler.com\/fr\/wp-json\/wp\/v2\/pages\/17257\/revisions\/59624"}],"up":[{"embeddable":true,"href":"https:\/\/drterziler.com\/fr\/wp-json\/wp\/v2\/pages\/16982"}],"wp:attachment":[{"href":"https:\/\/drterziler.com\/fr\/wp-json\/wp\/v2\/media?parent=17257"}],"curies":[{"name":"wp","href":"https:\/\/api.w.org\/{rel}","templated":true}]}}