{"id":17482,"date":"2025-01-28T08:53:43","date_gmt":"2025-01-28T08:53:43","guid":{"rendered":"https:\/\/drterziler.com\/esthetique-medicale\/dermatoloji\/dokuntulu-hastaliklar\/"},"modified":"2026-04-21T13:39:23","modified_gmt":"2026-04-21T13:39:23","slug":"maladies-deruption-cutanee","status":"publish","type":"page","link":"https:\/\/drterziler.com\/fr\/esthetique-medicale\/dermatologie\/maladies-deruption-cutanee\/","title":{"rendered":"Maladies d&rsquo;\u00e9ruption cutan\u00e9e"},"content":{"rendered":"<div class=\"page-content\">\n<div id=\"header-area\">\n<div class=\"container\" id=\"firstContent\">\n<div class=\"header-content d-flex flex-column\">\n<h1 class=\"content-title h1-header\">Maladies d&#039;\u00e9ruption cutan\u00e9e<\/h1>\n<div class=\"content-paragraph\">\n<p class=\"p-text\">Ce sont des affections qui se manifestent g\u00e9n\u00e9ralement par des sympt\u00f4mes tels que des rougeurs, des d\u00e9mangeaisons, des ampoules ou des taches sur la peau. Le traitement des maladies li\u00e9es aux \u00e9ruptions cutan\u00e9es est d\u00e9termin\u00e9 en fonction de la cause de la maladie et est g\u00e9n\u00e9ralement effectu\u00e9 \u00e0 l&#039;aide de m\u00e9dicaments, de produits de soin de la peau et de traitements de soutien visant \u00e0 soulager les sympt\u00f4mes.<\/p>\n<\/p><\/div>\n<nav aria-label=\"breadcrumb\" class=\"breadcrumbs\">\n<ul class=\"d-flex align-items-center mb-0\">\n<li><a class=\"link\" href=\"https:\/\/drterziler.com\/fr\/\"><span>Dr. Terziler Exclusive Clinic<\/span><\/a><\/li>\n<li class=\"separator\">\u00bb<\/li>\n<li><a class=\"link\" href=\"https:\/\/drterziler.com\/fr\/esthetique-medicale\/\"><span>Esth\u00e9tique m\u00e9dicale<\/span><\/a><\/li>\n<li class=\"separator\">\u00bb<\/li>\n<li><a class=\"link\" href=\"https:\/\/drterziler.com\/fr\/esthetique-medicale\/dermatologie\/\"><span>Dermatologie<\/span><\/a><\/li>\n<li class=\"separator\">\u00bb<\/li>\n<li class=\"current-page\"><span>Maladies d&#039;\u00e9ruption cutan\u00e9e<\/span><\/li>\n<\/ul>\n<\/nav><\/div>\n<\/p><\/div>\n<\/p><\/div>\n<\/div>\n<section id=\"content-area\">\n<div class=\"container my-5\">\n<div class=\"row align-items-start\">\n<div class=\"col-md-6 order-2 order-md-1\">\n<div class=\"custom-toc-box\">\n<div id=\"toc-header\">\n<h4>Table des mati\u00e8res<\/h4>\n<div class=\"toc-toggle-icon\"><\/div>\n<\/p><\/div>\n<div class=\"toc-full-divider\"><\/div>\n<div id=\"toc-body\">\n<div id=\"toc-container\"><\/div>\n<\/p><\/div>\n<\/p><\/div>\n<\/p><\/div>\n<div class=\"col-md-6 order-1 order-md-2\" id=\"jForm\">\n                <script type=\"text\/javascript\" src=\"https:\/\/form.jotform.com\/jsform\/242882407646969\"><\/script>\n            <\/div>\n<\/p><\/div>\n<\/p><\/div>\n<div class=\"container\">\n<div class=\"img-thumb\">\n            <img decoding=\"async\" src=\"https:\/\/drterziler.com\/wp-content\/uploads\/2025\/01\/Dokuntulu-Hastaliklar.webp\" alt=\"Maladies d&#039;\u00e9ruption cutan\u00e9e\" loading=\"lazy\">\n        <\/div>\n<div>\n<div>\n<h2 class=\"h2-header\">Qu&#039;est-ce qu&#039;une Maladie Cutan\u00e9e avec \u00c9ruption ?<\/h2>\n<\/p><\/div>\n<div>\n<p class=\"p-text\">Les maladies cutan\u00e9es avec \u00e9ruption sont des affections qui se manifestent par des sympt\u00f4mes tels que des taches, des cloques, des rougeurs ou des d\u00e9mangeaisons sur la peau, pouvant nuire \u00e0 la sant\u00e9 cutan\u00e9e. Ces affections peuvent \u00eatre caus\u00e9es par divers facteurs, notamment des r\u00e9actions allergiques, des infections, des maladies auto-immunes, le stress, des changements hormonaux ou des probl\u00e8mes dermatologiques. Les maladies cutan\u00e9es avec \u00e9ruption peuvent entra\u00eener un inconfort physique ainsi qu&#039;une baisse de la qualit\u00e9 de vie.<\/p>\n<\/p><\/div>\n<\/p><\/div>\n<div>\n<div>\n<h2 class=\"h2-header\">Quels sont les Sympt\u00f4mes des Maladies Cutan\u00e9es avec \u00c9ruption ?<\/h2>\n<\/p><\/div>\n<div>\n<p class=\"p-text\">\u00c9ruptions rouges sur la peau. D\u00e9mangeaisons et sensibilit\u00e9. Pr\u00e9sence de fi\u00e8vre et de fatigue. Cloques ou taches sur la peau. Rougeurs \u00e9tendues sur le corps. Gonflements et desquamation de la peau. Maux de t\u00eate et douleurs musculaires. Rougeur et larmoiement des yeux.<\/p>\n<\/p><\/div>\n<\/p><\/div>\n<div>\n<div>\n<h2 class=\"h2-header\">Quels sont les Avantages du Traitement des Maladies Cutan\u00e9es avec \u00c9ruption ?<\/h2>\n<\/p><\/div>\n<div>\n<p class=\"p-text\">R\u00e9duction des sympt\u00f4mes gr\u00e2ce \u00e0 une intervention pr\u00e9coce. Augmentation de la confiance en soi dans la vie sociale et professionnelle. Diagnostic facile, traitement rapide. Solutions bas\u00e9es sur des m\u00e9thodes modernes. Une peau saine et \u00e9clatante. Options de traitement \u00e0 r\u00e9ponse rapide. Diverses alternatives th\u00e9rapeutiques. Am\u00e9lioration psychologique et esth\u00e9tique.<\/p>\n<\/p><\/div>\n<\/p><\/div>\n<div>\n<div>\n<h2 class=\"h2-header\">\u00c0 Qui s&#039;Adresse ce Traitement ?<\/h2>\n<\/p><\/div>\n<div>\n<p class=\"p-text\">Personnes pr\u00e9sentant des \u00e9ruptions cutan\u00e9es marqu\u00e9es. Personnes ayant des ant\u00e9c\u00e9dents d&#039;allergies. Patients atteints de maladies auto-immunes. Individus souffrant d&#039;infections virales ou bact\u00e9riennes. Personnes ayant des \u00e9ruptions dues au stress ou \u00e0 des facteurs psychologiques. Personnes souffrant de d\u00e9s\u00e9quilibres hormonaux. Patients atteints de maladies chroniques. Personnes de tout \u00e2ge souffrant d&#039;\u00e9ruptions cutan\u00e9es.<\/p>\n<\/p><\/div>\n<\/p><\/div>\n<div>\n<div>\n<h2 class=\"h2-header\">Pourquoi ce Traitement est-il Populaire ?<\/h2>\n<\/p><\/div>\n<div>\n<p class=\"p-text\">Les maladies cutan\u00e9es avec \u00e9ruption attirent l&#039;attention en raison de leurs sympt\u00f4mes visibles sur la peau, ce qui permet un diagnostic pr\u00e9coce. De plus, les m\u00e9thodes de traitement innovantes d\u00e9velopp\u00e9es gr\u00e2ce aux technologies modernes rendent ces affections plus faciles et plus rapides \u00e0 traiter. La sensibilisation croissante \u00e0 la sant\u00e9 de la peau et aux pr\u00e9occupations esth\u00e9tiques a \u00e9galement contribu\u00e9 \u00e0 la popularit\u00e9 de ces traitements.<\/p>\n<\/p><\/div>\n<\/p><\/div>\n<div>\n<div>\n<h2 class=\"h2-header\">Comment est Appliqu\u00e9 le Traitement des Maladies Cutan\u00e9es avec \u00c9ruption ?<\/h2>\n<\/p><\/div>\n<div>\n<p class=\"p-text\">Le traitement des maladies cutan\u00e9es avec \u00e9ruption est planifi\u00e9 en fonction de la cause sous-jacente de l&#039;affection. Si l&#039;\u00e9ruption est caus\u00e9e par une infection, des antibiotiques sont prescrits pour les infections bact\u00e9riennes, tandis qu&#039;un traitement de soutien est appliqu\u00e9 pour les infections virales. En cas de r\u00e9action allergique, des antihistaminiques sont utilis\u00e9s, accompagn\u00e9s de cr\u00e8mes apaisantes pour soulager les d\u00e9mangeaisons et calmer la peau. De plus, des produits de soin adapt\u00e9s sont employ\u00e9s pour hydrater la peau et pr\u00e9venir les irritations. Pendant le traitement, un suivi m\u00e9dical r\u00e9gulier est essentiel.<\/p>\n<\/p><\/div>\n<\/p><\/div>\n<div>\n<div>\n<h2 class=\"h2-header\">Y a-t-il des Douleurs ou un Inconfort ?<\/h2>\n<\/p><\/div>\n<div>\n<p class=\"p-text\">En g\u00e9n\u00e9ral, aucun inconfort ni douleur n&#039;est ressenti pendant le traitement des \u00e9ruptions cutan\u00e9es. Toutefois, selon la m\u00e9thode utilis\u00e9e, une l\u00e9g\u00e8re sensation de picotement ou d&#039;inconfort peut survenir, mais celle-ci est temporaire et n&#039;affecte pas le processus de traitement.<\/p>\n<\/p><\/div>\n<\/p><\/div>\n<div>\n<div>\n<h2 class=\"h2-header\">Quelle est la Dur\u00e9e de l&#039;Intervention ?<\/h2>\n<\/p><\/div>\n<div>\n<p class=\"p-text\">La dur\u00e9e du traitement d\u00e9pend du type et de la gravit\u00e9 de l&#039;\u00e9ruption. Par exemple, des traitements simples, tels qu&#039;un examen dermatologique et l&#039;application de cr\u00e8mes, peuvent durer de 15 \u00e0 30 minutes, tandis que des traitements plus complexes peuvent n\u00e9cessiter plusieurs s\u00e9ances.<\/p>\n<\/p><\/div>\n<\/p><\/div>\n<div>\n<div>\n<h2 class=\"h2-header\">Combien de Temps pour Observer une Am\u00e9lioration ?<\/h2>\n<\/p><\/div>\n<div>\n<p class=\"p-text\">Le processus de gu\u00e9rison d\u00e9pend de la cause de l&#039;\u00e9ruption et du traitement appliqu\u00e9. Dans la plupart des cas, les sympt\u00f4mes diminuent consid\u00e9rablement en 3 \u00e0 7 jours. Cependant, les \u00e9ruptions li\u00e9es \u00e0 des maladies chroniques ou auto-immunes peuvent n\u00e9cessiter un traitement plus long. Les premiers signes d&#039;am\u00e9lioration sont g\u00e9n\u00e9ralement visibles en quelques jours.<\/p>\n<\/p><\/div>\n<\/p><\/div>\n<div>\n<div>\n<h2 class=\"h2-header\">Pourquoi Choisir la Clinique Exclusive Dr. Terziler ?<\/h2>\n<\/p><\/div>\n<div>\n<p class=\"p-text\">Dr. Terziler propose des solutions personnalis\u00e9es gr\u00e2ce \u00e0 une expertise reconnue \u00e0 l&#039;\u00e9chelle mondiale et une approche esth\u00e9tique qui allie l&#039;art et la science, offrant ainsi une transformation \u00e0 la fois physique et \u00e9motionnelle. Notre clinique, \u00e9quip\u00e9e des technologies les plus avanc\u00e9es et ax\u00e9e sur le confort et la s\u00e9curit\u00e9, adopte la perfection comme philosophie institutionnelle. Ici, chaque intervention vise votre bien-\u00eatre global et votre satisfaction.<\/p>\n<\/p><\/div>\n<\/p><\/div>\n<\/p><\/div>\n<\/section>\n","protected":false},"excerpt":{"rendered":"<p>Maladies d&#039;\u00e9ruption cutan\u00e9e Ce sont des affections qui se manifestent g\u00e9n\u00e9ralement par des sympt\u00f4mes tels que des rougeurs, des d\u00e9mangeaisons, des ampoules ou des taches sur la peau. Le traitement des maladies li\u00e9es aux \u00e9ruptions cutan\u00e9es est d\u00e9termin\u00e9 en fonction de la cause de la maladie et est g\u00e9n\u00e9ralement effectu\u00e9 \u00e0 l&#039;aide de m\u00e9dicaments, de [&hellip;]<\/p>\n","protected":false},"author":6,"featured_media":0,"parent":16982,"menu_order":0,"comment_status":"closed","ping_status":"closed","template":"","meta":{"footnotes":""},"class_list":["post-17482","page","type-page","status-publish","hentry"],"_links":{"self":[{"href":"https:\/\/drterziler.com\/fr\/wp-json\/wp\/v2\/pages\/17482","targetHints":{"allow":["GET"]}}],"collection":[{"href":"https:\/\/drterziler.com\/fr\/wp-json\/wp\/v2\/pages"}],"about":[{"href":"https:\/\/drterziler.com\/fr\/wp-json\/wp\/v2\/types\/page"}],"author":[{"embeddable":true,"href":"https:\/\/drterziler.com\/fr\/wp-json\/wp\/v2\/users\/6"}],"replies":[{"embeddable":true,"href":"https:\/\/drterziler.com\/fr\/wp-json\/wp\/v2\/comments?post=17482"}],"version-history":[{"count":14,"href":"https:\/\/drterziler.com\/fr\/wp-json\/wp\/v2\/pages\/17482\/revisions"}],"predecessor-version":[{"id":59630,"href":"https:\/\/drterziler.com\/fr\/wp-json\/wp\/v2\/pages\/17482\/revisions\/59630"}],"up":[{"embeddable":true,"href":"https:\/\/drterziler.com\/fr\/wp-json\/wp\/v2\/pages\/16982"}],"wp:attachment":[{"href":"https:\/\/drterziler.com\/fr\/wp-json\/wp\/v2\/media?parent=17482"}],"curies":[{"name":"wp","href":"https:\/\/api.w.org\/{rel}","templated":true}]}}