{"id":17531,"date":"2025-01-28T09:05:44","date_gmt":"2025-01-28T09:05:44","guid":{"rendered":"https:\/\/drterziler.com\/esthetique-medicale\/ameliyatsiz-goz-cevresi-uygulamalari\/"},"modified":"2026-03-06T00:43:42","modified_gmt":"2026-03-06T00:43:42","slug":"traitements-periorbitaux-non-chirurgicaux","status":"publish","type":"page","link":"https:\/\/drterziler.com\/fr\/esthetique-medicale\/traitements-periorbitaux-non-chirurgicaux\/","title":{"rendered":"Traitements p\u00e9riorbitaux non chirurgicaux"},"content":{"rendered":"<div class=\"page-content\">\n<div id=\"header-area\">\n<div class=\"container\" id=\"firstContent\">\n<div class=\"header-content d-flex flex-column\">\n<h1 class=\"content-title h1-header\">Traitements p\u00e9riorbitaux non chirurgicaux<\/h1>\n<div class=\"content-paragraph\">\n<p class=\"p-text\">Les traitements non chirurgicaux du contour des yeux ciblent des probl\u00e8mes tels que les rides, les poches et les cernes autour des yeux. Ces proc\u00e9dures, notamment le Botox, les produits de comblement et la m\u00e9soth\u00e9rapie, aident le contour des yeux \u00e0 para\u00eetre plus jeune et plus dynamique. Les effets sont imm\u00e9diatement visibles et le temps de r\u00e9cup\u00e9ration est court, permettant un retour rapide au travail et aux activit\u00e9s sociales.<\/p>\n<\/p><\/div>\n<nav aria-label=\"breadcrumb\" class=\"breadcrumbs\">\n<ul class=\"d-flex align-items-center mb-0\">\n<li><a class=\"link\" href=\"https:\/\/drterziler.com\/fr\/\"><span>Dr. Terziler Exclusive Clinic<\/span><\/a><\/li>\n<li class=\"separator\">\u00bb<\/li>\n<li><a class=\"link\" href=\"https:\/\/drterziler.com\/fr\/esthetique-medicale\/\"><span>Esth\u00e9tique m\u00e9dicale<\/span><\/a><\/li>\n<li class=\"separator\">\u00bb<\/li>\n<li class=\"current-page\"><span>Traitements p\u00e9riorbitaux non chirurgicaux<\/span><\/li>\n<\/ul>\n<\/nav><\/div>\n<\/p><\/div>\n<\/p><\/div>\n<\/div>\n<section id=\"content-area\">\n<div class=\"container my-5\">\n<div class=\"row align-items-start\">\n<div class=\"col-md-6 order-2 order-md-1\">\n<div class=\"custom-toc-box\">\n<div id=\"toc-header\">\n<h4>Table des mati\u00e8res<\/h4>\n<div class=\"toc-toggle-icon\"><\/div>\n<\/p><\/div>\n<div class=\"toc-full-divider\"><\/div>\n<div id=\"toc-body\">\n<div id=\"toc-container\"><\/div>\n<\/p><\/div>\n<\/p><\/div>\n<\/p><\/div>\n<div class=\"col-md-6 order-1 order-md-2\" id=\"jForm\">\n                <script type=\"text\/javascript\" src=\"https:\/\/form.jotform.com\/jsform\/242882407646969\"><\/script>\n            <\/div>\n<\/p><\/div>\n<\/p><\/div>\n<div class=\"container\">\n<div class=\"img-thumb\">\n            <img decoding=\"async\" src=\"https:\/\/drterziler.com\/wp-content\/uploads\/2025\/01\/Ameliyatsiz-Goz-Cevresi-Uygulamalari.webp\" alt=\"Traitements p\u00e9riorbitaux non chirurgicaux\" loading=\"lazy\">\n        <\/div>\n<div>\n<div>\n<h2 class=\"h2-header\">Quels sont les Traitements Non Chirurgicaux pour le Contour des Yeux ?<\/h2>\n<\/p><\/div>\n<div>\n<p class=\"p-text\">Les traitements non chirurgicaux pour le contour des yeux sont des m\u00e9thodes modernes permettant de corriger les imperfections esth\u00e9tiques autour des yeux sans recourir \u00e0 la chirurgie. Des techniques comme le Botox, les injections de comblement, le PRP et les traitements au laser ciblent les rides, les poches, les ridules et la perte de volume. Ces traitements visent \u00e0 offrir des r\u00e9sultats naturels et s\u00fbrs.<\/p>\n<\/p><\/div>\n<\/p><\/div>\n<div>\n<div>\n<h2 class=\"h2-header\">Quels sont les Avantages ?<\/h2>\n<\/p><\/div>\n<div>\n<p class=\"p-text\">Ne n\u00e9cessite pas d\u2019intervention chirurgicale. Rajeunit la zone du regard. Apporte de la vivacit\u00e9 aux expressions du visage. Offre une r\u00e9cup\u00e9ration rapide. R\u00e9sultats naturels. Risques minimes. Effets visibles imm\u00e9diatement. Proc\u00e9dure rapide. Am\u00e9liore le renouvellement de la peau.<\/p>\n<\/p><\/div>\n<\/p><\/div>\n<div>\n<div>\n<h2 class=\"h2-header\">\u00c0 Qui s&#039;Adresse ce Traitement ?<\/h2>\n<\/p><\/div>\n<div>\n<p class=\"p-text\">Personnes ayant des rides autour des yeux. Individus souffrant de poches sous les yeux. Personnes pr\u00e9sentant une perte de volume du visage. Ceux qui ont des ridules sur la peau. Individus recherchant des solutions rapides. Ceux qui ne souhaitent pas subir d\u2019intervention chirurgicale. Personnes souhaitant rajeunir leur expression. Individus recherchant un confort dans leurs expressions faciales.<\/p>\n<\/p><\/div>\n<\/p><\/div>\n<div>\n<div>\n<h2 class=\"h2-header\">Pourquoi ce Traitement est-il Populaire ?<\/h2>\n<\/p><\/div>\n<div>\n<p class=\"p-text\">Les traitements non chirurgicaux du contour des yeux sont moins risqu\u00e9s que les interventions chirurgicales et offrent des r\u00e9sultats rapides. Un temps de r\u00e9cup\u00e9ration court, une douleur minimale et un rendu naturel contribuent \u00e0 leur popularit\u00e9. De plus, ces traitements offrent des alternatives moins invasives aux personnes recherchant des solutions esth\u00e9tiques, attirant ainsi un large public.<\/p>\n<\/p><\/div>\n<\/p><\/div>\n<div>\n<div>\n<h2 class=\"h2-header\">Comment est-il Appliqu\u00e9 ?<\/h2>\n<\/p><\/div>\n<div>\n<p class=\"p-text\">Les traitements non chirurgicaux des yeux sont g\u00e9n\u00e9ralement r\u00e9alis\u00e9s \u00e0 l\u2019aide de Botox, d\u2019injections de comblement ou de PRP. Le Botox d\u00e9tend les muscles pour lisser les rides, tandis que les injections comblent la perte de volume. Le PRP favorise la r\u00e9g\u00e9n\u00e9ration de la peau. Les traitements au laser ciblent la couche externe de la peau pour corriger les imperfections du contour des yeux.<\/p>\n<\/p><\/div>\n<\/p><\/div>\n<div>\n<div>\n<h2 class=\"h2-header\">Y a-t-il des Douleurs ou un Inconfort ?<\/h2>\n<\/p><\/div>\n<div>\n<p class=\"p-text\">Lors des traitements non chirurgicaux du contour des yeux, un l\u00e9ger inconfort peut \u00eatre ressenti. Cependant, une cr\u00e8me anesth\u00e9siante locale est appliqu\u00e9e pour minimiser la douleur. La plupart des patients ne ressentent qu\u2019un l\u00e9ger picotement, et l\u2019inconfort dispara\u00eet rapidement apr\u00e8s l\u2019intervention.<\/p>\n<\/p><\/div>\n<\/p><\/div>\n<div>\n<div>\n<h2 class=\"h2-header\">Quelle est la Dur\u00e9e de la Proc\u00e9dure ?<\/h2>\n<\/p><\/div>\n<div>\n<p class=\"p-text\">Les traitements non chirurgicaux du contour des yeux sont tr\u00e8s rapides. Selon la m\u00e9thode choisie, la proc\u00e9dure dure g\u00e9n\u00e9ralement entre 15 et 30 minutes. Cela permet aux personnes ayant un emploi du temps charg\u00e9 de b\u00e9n\u00e9ficier facilement du traitement et de reprendre rapidement leurs activit\u00e9s quotidiennes.<\/p>\n<\/p><\/div>\n<\/p><\/div>\n<div>\n<div>\n<h2 class=\"h2-header\">Combien de Temps pour R\u00e9cup\u00e9rer ?<\/h2>\n<\/p><\/div>\n<div>\n<p class=\"p-text\">La r\u00e9cup\u00e9ration commence g\u00e9n\u00e9ralement dans les 2 \u00e0 3 jours suivant l\u2019intervention. Une l\u00e9g\u00e8re rougeur, un gonflement ou des ecchymoses peuvent appara\u00eetre, mais ces sympt\u00f4mes disparaissent rapidement. Les r\u00e9sultats finaux sont visibles en 1 \u00e0 2 semaines, et l\u2019effet de r\u00e9g\u00e9n\u00e9ration cutan\u00e9e continue de s\u2019am\u00e9liorer avec le temps.<\/p>\n<\/p><\/div>\n<\/p><\/div>\n<div>\n<div>\n<h2 class=\"h2-header\">Co\u00fbt des Traitements Non Chirurgicaux du Contour des Yeux<\/h2>\n<\/p><\/div>\n<div>\n<p class=\"p-text\">Le co\u00fbt varie en fonction de la m\u00e9thode et du type de traitement utilis\u00e9. Les techniques comme le Botox, les injections de comblement, le PRP ou les traitements au laser ont des prix diff\u00e9rents. Un devis personnalis\u00e9 est \u00e9tabli apr\u00e8s une premi\u00e8re \u00e9valuation, et le co\u00fbt peut donc varier d\u2019un patient \u00e0 l\u2019autre.<\/p>\n<\/p><\/div>\n<\/p><\/div>\n<div>\n<div>\n<h2 class=\"h2-header\">Pourquoi Choisir la Clinique Exclusive Dr. Terziler ?<\/h2>\n<\/p><\/div>\n<div>\n<p class=\"p-text\">Dr. Terziler, reconnu mondialement pour son expertise, allie art et science pour offrir des solutions esth\u00e9tiques personnalis\u00e9es, cr\u00e9ant ainsi des transformations \u00e0 la fois physiques et \u00e9motionnelles. Notre clinique, \u00e9quip\u00e9e des technologies les plus avanc\u00e9es et ax\u00e9e sur le confort et la s\u00e9curit\u00e9, adopte la perfection comme principe fondamental. Ici, chaque intervention vise \u00e0 am\u00e9liorer votre bien-\u00eatre global et votre bonheur.<\/p>\n<\/p><\/div>\n<\/p><\/div>\n<\/p><\/div>\n<\/section>\n","protected":false},"excerpt":{"rendered":"<p>Traitements p\u00e9riorbitaux non chirurgicaux Les traitements non chirurgicaux du contour des yeux ciblent des probl\u00e8mes tels que les rides, les poches et les cernes autour des yeux. Ces proc\u00e9dures, notamment le Botox, les produits de comblement et la m\u00e9soth\u00e9rapie, aident le contour des yeux \u00e0 para\u00eetre plus jeune et plus dynamique. Les effets sont imm\u00e9diatement [&hellip;]<\/p>\n","protected":false},"author":6,"featured_media":0,"parent":2728,"menu_order":0,"comment_status":"closed","ping_status":"closed","template":"","meta":{"footnotes":""},"class_list":["post-17531","page","type-page","status-publish","hentry"],"_links":{"self":[{"href":"https:\/\/drterziler.com\/fr\/wp-json\/wp\/v2\/pages\/17531","targetHints":{"allow":["GET"]}}],"collection":[{"href":"https:\/\/drterziler.com\/fr\/wp-json\/wp\/v2\/pages"}],"about":[{"href":"https:\/\/drterziler.com\/fr\/wp-json\/wp\/v2\/types\/page"}],"author":[{"embeddable":true,"href":"https:\/\/drterziler.com\/fr\/wp-json\/wp\/v2\/users\/6"}],"replies":[{"embeddable":true,"href":"https:\/\/drterziler.com\/fr\/wp-json\/wp\/v2\/comments?post=17531"}],"version-history":[{"count":18,"href":"https:\/\/drterziler.com\/fr\/wp-json\/wp\/v2\/pages\/17531\/revisions"}],"predecessor-version":[{"id":59582,"href":"https:\/\/drterziler.com\/fr\/wp-json\/wp\/v2\/pages\/17531\/revisions\/59582"}],"up":[{"embeddable":true,"href":"https:\/\/drterziler.com\/fr\/wp-json\/wp\/v2\/pages\/2728"}],"wp:attachment":[{"href":"https:\/\/drterziler.com\/fr\/wp-json\/wp\/v2\/media?parent=17531"}],"curies":[{"name":"wp","href":"https:\/\/api.w.org\/{rel}","templated":true}]}}