{"id":17696,"date":"2025-01-28T09:24:47","date_gmt":"2025-01-28T09:24:47","guid":{"rendered":"https:\/\/drterziler.com\/esthetique-medicale\/diger-botoks-uygulamalari\/"},"modified":"2026-04-06T11:44:28","modified_gmt":"2026-04-06T11:44:28","slug":"autres-traitements-au-botox","status":"publish","type":"page","link":"https:\/\/drterziler.com\/fr\/esthetique-medicale\/autres-traitements-au-botox\/","title":{"rendered":"Autres traitements au Botox"},"content":{"rendered":"<div class=\"page-content category-page\">\n<div id=\"header-area\">\n<div class=\"container\" id=\"firstContent\">\n<div class=\"header-content d-flex flex-column\">\n<h1 class=\"content-title\">Autres Traitements au Botox<\/h1>\n<div class=\"content-paragraph\">\n<p>Le Botox est une m\u00e9thode de traitement efficace couvrant un large \u00e9ventail d&rsquo;applications dans les domaines esth\u00e9tiques et m\u00e9dicaux. Le Botox Mass\u00e9ter aide \u00e0 affiner les contours du visage en r\u00e9duisant la tension excessive des muscles de la m\u00e2choire, tandis que le Botox Migraine soulage les maux de t\u00eate et am\u00e9liore la qualit\u00e9 de vie. Le Botox Transpiration contr\u00f4le la sudation excessive, rendant la vie quotidienne plus confortable. Ces types de Botox sont fr\u00e9quemment privil\u00e9gi\u00e9s en raison de leur nature peu invasive et de leurs temps de r\u00e9cup\u00e9ration rapides.<\/p>\n<\/p><\/div>\n<nav aria-label=\"breadcrumb\" class=\"breadcrumbs\">\n<ul class=\"d-flex align-items-center mb-0\">\n<li><a class=\"link\" href=\"https:\/\/drterziler.com\/fr\/\"><span>Dr. Terziler<\/span><\/a><\/li>\n<li class=\"separator\">\u00bb<\/li>\n<li><a class=\"link\" href=\"https:\/\/drterziler.com\/fr\/esthetique-medicale\/\"><span>Esth\u00e9tique M\u00e9dicale<\/span><\/a><\/li>\n<li class=\"separator\">\u00bb<\/li>\n<li class=\"current-page\"><span>Autres Traitements au Botox<\/span><\/li>\n<\/ul>\n<\/nav><\/div>\n<\/p><\/div>\n<\/p><\/div>\n<\/div>\n<section class=\"svc-section\">\n<div class=\"container\">\n<div class=\"svc-item right-card\">\n<div class=\"svc-media\">\n                <img decoding=\"async\" src=\"https:\/\/drterziler.com\/wp-content\/uploads\/2025\/02\/Terleme-Botoksu.webp\" alt=\"Botox Transpiration\" loading=\"lazy\" class=\"cat-img\">\n            <\/div>\n<div class=\"svc-card\">\n<h3 class=\"svc-title gilda\">Botox Transpiration<\/h3>\n<p class=\"svc-text barlow\">\n                    Le Botox Transpiration est une m\u00e9thode de traitement efficace qui utilise la toxine botulique pour contr\u00f4ler la transpiration excessive. Il interrompt temporairement la production de sueur dans des zones telles que les aisselles, les paumes des mains et la plante des pieds, apportant un soulagement.\n                <\/p>\n<p>                <a class=\"btn-details barlow-condensed\" href=\"https:\/\/drterziler.com\/fr\/esthetique-medicale\/autres-traitements-au-botox\/botox-sudation\/\">D\u00c9TAILS<\/a>\n            <\/div>\n<\/p><\/div>\n<div class=\"svc-item left-card\">\n<div class=\"svc-media\">\n                <img decoding=\"async\" src=\"https:\/\/drterziler.com\/wp-content\/uploads\/2025\/02\/Migren-Botoksu.webp\" alt=\"Botox Migraine\" loading=\"lazy\" class=\"cat-img\">\n            <\/div>\n<div class=\"svc-card\">\n<h3 class=\"svc-title gilda\">Botox Migraine<\/h3>\n<p class=\"svc-text barlow\">\n                    Le Botox Migraine est une m\u00e9thode de traitement utilisant la toxine botulique pour pr\u00e9venir les crises de migraine fr\u00e9quentes et s\u00e9v\u00e8res. Le Botox est appliqu\u00e9 sur des zones sp\u00e9cifiques de la t\u00eate, aidant \u00e0 soulager la douleur et \u00e0 r\u00e9duire la fr\u00e9quence des crises. Ce traitement vise \u00e0 am\u00e9liorer la qualit\u00e9 de vie en r\u00e9duisant les crises, plut\u00f4t que d&rsquo;offrir une solution permanente \u00e0 la maladie migraineuse.\n                <\/p>\n<p>                <a class=\"btn-details barlow-condensed\" href=\"https:\/\/drterziler.com\/fr\/esthetique-medicale\/autres-traitements-au-botox\/botox-contre-les-migraines\/\">D\u00c9TAILS<\/a>\n            <\/div>\n<\/p><\/div>\n<div class=\"svc-item right-card\">\n<div class=\"svc-media\">\n                <img decoding=\"async\" src=\"https:\/\/drterziler.com\/wp-content\/uploads\/2025\/02\/Masseter-Botoksu.webp\" alt=\"Botox Mass\u00e9ter\" loading=\"lazy\" class=\"cat-img\">\n            <\/div>\n<div class=\"svc-card\">\n<h3 class=\"svc-title gilda\">Botox Mass\u00e9ter<\/h3>\n<p class=\"svc-text barlow\">\n                    Le Botox Mass\u00e9ter est une m\u00e9thode de traitement qui fa\u00e7onne les contours du visage en emp\u00eachant l&rsquo;hyperactivit\u00e9 des muscles de la m\u00e2choire. En particulier, la largeur caus\u00e9e par le d\u00e9veloppement excessif des muscles de la zone de la m\u00e2choire peut \u00eatre r\u00e9duite avec des injections de Botox. De plus, il offre une solution aux probl\u00e8mes de grincement et de serrement de dents en soulageant la tension des muscles de la m\u00e2choire.\n                <\/p>\n<p>                <a class=\"btn-details barlow-condensed\" href=\"https:\/\/drterziler.com\/fr\/esthetique-medicale\/autres-traitements-au-botox\/botox-masseter-fr\/\">D\u00c9TAILS<\/a>\n            <\/div>\n<\/p><\/div>\n<div class=\"svc-item left-card\">\n<div class=\"svc-media\">\n                <img decoding=\"async\" src=\"https:\/\/drterziler.com\/wp-content\/uploads\/2025\/04\/CIL-KOK-HUCRELI-KREM-ERKEKrev.webp\" alt=\"Produits de Soins de la Peau\" loading=\"lazy\" class=\"cat-img\">\n            <\/div>\n<div class=\"svc-card\">\n<h3 class=\"svc-title gilda\">Produits de Soins de la Peau<\/h3>\n<p class=\"svc-text barlow\">\n                    La cr\u00e8me, appliqu\u00e9e une fois par jour le soir en noisette sur une peau propre et absorb\u00e9e par massage, rafra\u00eechit la peau dans les zones o\u00f9 elle est utilis\u00e9e. Elle peut \u00e9galement \u00eatre appliqu\u00e9e sur la taille, les coudes et les genoux.\n                <\/p>\n<p>                <a class=\"btn-details barlow-condensed\" href=\"https:\/\/drterziler.com\/fr\/esthetique-medicale\/autres-traitements-au-botox\/produits-de-soins-de-la-peau\/creme-facteur-de-cellules-souches\/\">D\u00c9TAILS<\/a>\n            <\/div>\n<\/p><\/div>\n<\/p><\/div>\n<\/section>\n","protected":false},"excerpt":{"rendered":"<p>Autres Traitements au Botox Le Botox est une m\u00e9thode de traitement efficace couvrant un large \u00e9ventail d&rsquo;applications dans les domaines esth\u00e9tiques et m\u00e9dicaux. Le Botox Mass\u00e9ter aide \u00e0 affiner les contours du visage en r\u00e9duisant la tension excessive des muscles de la m\u00e2choire, tandis que le Botox Migraine soulage les maux de t\u00eate et am\u00e9liore [&hellip;]<\/p>\n","protected":false},"author":6,"featured_media":0,"parent":2728,"menu_order":0,"comment_status":"closed","ping_status":"closed","template":"","meta":{"footnotes":""},"class_list":["post-17696","page","type-page","status-publish","hentry"],"_links":{"self":[{"href":"https:\/\/drterziler.com\/fr\/wp-json\/wp\/v2\/pages\/17696","targetHints":{"allow":["GET"]}}],"collection":[{"href":"https:\/\/drterziler.com\/fr\/wp-json\/wp\/v2\/pages"}],"about":[{"href":"https:\/\/drterziler.com\/fr\/wp-json\/wp\/v2\/types\/page"}],"author":[{"embeddable":true,"href":"https:\/\/drterziler.com\/fr\/wp-json\/wp\/v2\/users\/6"}],"replies":[{"embeddable":true,"href":"https:\/\/drterziler.com\/fr\/wp-json\/wp\/v2\/comments?post=17696"}],"version-history":[{"count":41,"href":"https:\/\/drterziler.com\/fr\/wp-json\/wp\/v2\/pages\/17696\/revisions"}],"predecessor-version":[{"id":59591,"href":"https:\/\/drterziler.com\/fr\/wp-json\/wp\/v2\/pages\/17696\/revisions\/59591"}],"up":[{"embeddable":true,"href":"https:\/\/drterziler.com\/fr\/wp-json\/wp\/v2\/pages\/2728"}],"wp:attachment":[{"href":"https:\/\/drterziler.com\/fr\/wp-json\/wp\/v2\/media?parent=17696"}],"curies":[{"name":"wp","href":"https:\/\/api.w.org\/{rel}","templated":true}]}}