{"id":17835,"date":"2025-01-28T10:11:31","date_gmt":"2025-01-28T10:11:31","guid":{"rendered":"https:\/\/drterziler.com\/esthetique-medicale\/diger-botoks-uygulamalari\/migren-botoksu\/"},"modified":"2026-04-21T12:24:27","modified_gmt":"2026-04-21T12:24:27","slug":"botox-contre-les-migraines","status":"publish","type":"page","link":"https:\/\/drterziler.com\/fr\/esthetique-medicale\/autres-traitements-au-botox\/botox-contre-les-migraines\/","title":{"rendered":"Botox contre les migraines"},"content":{"rendered":"<div class=\"page-content\">\n<div id=\"header-area\">\n<div class=\"container\" id=\"firstContent\">\n<div class=\"header-content d-flex flex-column\">\n<h1 class=\"content-title h1-header\">Botox contre les migraines<\/h1>\n<div class=\"content-paragraph\">\n<p class=\"p-text\">La migraine Botox est une m\u00e9thode de traitement qui utilise la toxine botulique pour pr\u00e9venir les crises de migraine fr\u00e9quentes et graves. Le Botox appliqu\u00e9 sur des zones sp\u00e9cifiques de la t\u00eate permet de soulager la douleur et de r\u00e9duire la fr\u00e9quence des crises. Ce traitement vise \u00e0 am\u00e9liorer la qualit\u00e9 de vie en r\u00e9duisant la fr\u00e9quence des crises, plut\u00f4t qu\u2019en offrant une solution permanente \u00e0 la migraine.<\/p>\n<\/p><\/div>\n<nav aria-label=\"breadcrumb\" class=\"breadcrumbs\">\n<ul class=\"d-flex align-items-center mb-0\">\n<li><a class=\"link\" href=\"https:\/\/drterziler.com\/fr\"><span>Dr. Terziler Exclusive Clinic<\/span><\/a><\/li>\n<li class=\"separator\">\u00bb<\/li>\n<li><a class=\"link\" href=\"https:\/\/drterziler.com\/fr\/esthetique-medicale\/\"><span>Esth\u00e9tique m\u00e9dicale<\/span><\/a><\/li>\n<li class=\"separator\">\u00bb<\/li>\n<li><a class=\"link\" href=\"https:\/\/drterziler.com\/fr\/esthetique-medicale\/autres-traitements-au-botox\/\"><span>Autres traitements au Botox<\/span><\/a><\/li>\n<li class=\"separator\">\u00bb<\/li>\n<li class=\"current-page\"><span>Botox contre les migraines<\/span><\/li>\n<\/ul>\n<\/nav><\/div>\n<\/p><\/div>\n<\/p><\/div>\n<\/div>\n<section id=\"content-area\">\n<div class=\"container my-5\">\n<div class=\"row align-items-start\">\n<div class=\"col-md-6 order-2 order-md-1\">\n<div class=\"custom-toc-box\">\n<div id=\"toc-header\">\n<h4>Table des mati\u00e8res<\/h4>\n<div class=\"toc-toggle-icon\"><\/div>\n<\/p><\/div>\n<div class=\"toc-full-divider\"><\/div>\n<div id=\"toc-body\">\n<div id=\"toc-container\"><\/div>\n<\/p><\/div>\n<\/p><\/div>\n<\/p><\/div>\n<div class=\"col-md-6 order-1 order-md-2\" id=\"jForm\">\n               <script type=\"text\/javascript\" src=\"https:\/\/form.jotform.com\/jsform\/242882407646969\"><\/script>\n            <\/div>\n<\/p><\/div>\n<\/p><\/div>\n<div class=\"container\">\n<div class=\"img-thumb\">\n            <img decoding=\"async\" src=\"https:\/\/drterziler.com\/wp-content\/uploads\/2025\/01\/Migren-Botoksu.webp\" alt=\"Botox contre les migraines\" loading=\"lazy\">\n        <\/div>\n<div>\n<div>\n<h2 class=\"h2-header\">Qu&#039;est-ce que le Botox pour les migraines ?<\/h2>\n<\/p><\/div>\n<div>\n<p class=\"p-text\">Le botox pour les migraines est une m\u00e9thode de traitement appliqu\u00e9e aux personnes souffrant de migraines chroniques. La toxine botulique est inject\u00e9e dans les muscles de la t\u00eate et du cou pour bloquer les d\u00e9clencheurs des migraines. L&#039;application est pr\u00e9f\u00e9r\u00e9e pour r\u00e9duire la fr\u00e9quence et l&#039;intensit\u00e9 des attaques de migraines. Le botox emp\u00eache l&#039;apparition de la douleur en bloquant la transmission nerveuse et aide \u00e0 pr\u00e9venir les maux de t\u00eate.<\/p>\n<\/p><\/div>\n<\/p><\/div>\n<div>\n<div>\n<h2 class=\"h2-header\">Comment le Botox pour les migraines emp\u00eache-t-il les maux de t\u00eate ?<\/h2>\n<\/p><\/div>\n<div>\n<p class=\"p-text\">La solution de toxine botulique affecte les terminaisons nerveuses, bloquant la transmission de la douleur et r\u00e9duisant la formation des maux de t\u00eate. Lorsque la toxine botulique est inject\u00e9e dans les muscles de la t\u00eate et du cou, elle emp\u00eache la lib\u00e9ration de produits chimiques qui provoquent la douleur. En cons\u00e9quence, les maux de t\u00eate d\u00e9clench\u00e9s par les migraines et les attaques de douleur s\u00e9v\u00e8res sont att\u00e9nu\u00e9s ou \u00e9vit\u00e9s.<\/p>\n<\/p><\/div>\n<\/p><\/div>\n<div>\n<div>\n<h2 class=\"h2-header\">Quels sont les avantages du Botox pour les migraines ?<\/h2>\n<\/p><\/div>\n<div>\n<p class=\"p-text\">R\u00e9duit les attaques de migraines fr\u00e9quentes et persistantes. Offre un soulagement durable. Ne n\u00e9cessite pas l&#039;utilisation de m\u00e9dicaments. Traitement minimalement invasif. Soulage les maux de t\u00eate. Les effets secondaires sont tr\u00e8s rares. Am\u00e9liore la qualit\u00e9 de vie quotidienne.<\/p>\n<\/p><\/div>\n<\/p><\/div>\n<div>\n<div>\n<h2 class=\"h2-header\">Pour qui est-ce adapt\u00e9 ?<\/h2>\n<\/p><\/div>\n<div>\n<p class=\"p-text\">Les personnes souffrant de migraines chroniques. Les individus qui \u00e9prouvent des douleurs de migraine qui ne disparaissent pas avec les m\u00e9dicaments. Ceux qui ont fr\u00e9quemment des maux de t\u00eate. Les personnes dont la vie sociale est affect\u00e9e par les attaques de migraine. Les individus ayant des douleurs continues dans la t\u00eate et le cou. Les personnes souffrant d&#039;insomnie ou de fatigue excessive. Ceux qui recherchent des solutions \u00e0 long terme pour les migraines. Les individus qui n&#039;ont pas b\u00e9n\u00e9fici\u00e9 d&#039;autres traitements pour les migraines.<\/p>\n<\/p><\/div>\n<\/p><\/div>\n<div>\n<div>\n<h2 class=\"h2-header\">Pourquoi le Botox pour les migraines est-il populaire ?<\/h2>\n<\/p><\/div>\n<div>\n<p class=\"p-text\">Le Botox pour les migraines est devenu tr\u00e8s populaire ces derni\u00e8res ann\u00e9es parce qu&#039;il offre une alternative efficace et s\u00fbre pour traiter les migraines. Dans les situations o\u00f9 les m\u00e9dicaments sont insuffisants et o\u00f9 les attaques de migraine affectent gravement la qualit\u00e9 de vie, le botox offre un soulagement important. De plus, \u00e9tant une m\u00e9thode minimalement invasive, ayant un processus de r\u00e9cup\u00e9ration rapide et offrant un moyen de lutter contre les attaques de migraine r\u00e9currentes, ce traitement devient encore plus attrayant.<\/p>\n<\/p><\/div>\n<\/p><\/div>\n<div>\n<div>\n<h2 class=\"h2-header\">Y a-t-il une restriction d&#039;\u00e2ge pour le Botox contre les migraines ?<\/h2>\n<\/p><\/div>\n<div>\n<p class=\"p-text\">Non, il n&#039;y a pas de restriction d&#039;\u00e2ge sp\u00e9cifique pour le Botox contre les migraines. Il peut g\u00e9n\u00e9ralement \u00eatre appliqu\u00e9 \u00e0 des individus de tous \u00e2ges ayant des migraines ou des maux de t\u00eate. Il est courant que des personnes de tous \u00e2ges se tournent vers ce traitement pour soulager la douleur caus\u00e9e par les migraines et am\u00e9liorer leur qualit\u00e9 de vie.<\/p>\n<\/p><\/div>\n<\/p><\/div>\n<div>\n<div>\n<h2 class=\"h2-header\">Comment le Botox contre les migraines est-il appliqu\u00e9 ?<\/h2>\n<\/p><\/div>\n<div>\n<p class=\"p-text\">Le Botox contre les migraines est appliqu\u00e9 en injectant de la toxine botulique dans des zones sp\u00e9cifiques de la t\u00eate \u00e0 l&#039;aide de fines aiguilles. Lors de l&#039;application, l&#039;avant de la t\u00eate, les tempes, le cou et les \u00e9paules \u2014 les zones d\u00e9clench\u00e9es par les migraines \u2014 sont cibl\u00e9es. La proc\u00e9dure est r\u00e9alis\u00e9e par un sp\u00e9cialiste et prend g\u00e9n\u00e9ralement environ 30 minutes. Le botox aide \u00e0 r\u00e9duire la douleur et diminue la fr\u00e9quence des attaques de migraine en bloquant la transmission nerveuse.<\/p>\n<\/p><\/div>\n<\/p><\/div>\n<div>\n<div>\n<h2 class=\"h2-header\">Y a-t-il de la douleur ou de l&#039;inconfort lors du traitement au Botox pour les migraines ?<\/h2>\n<\/p><\/div>\n<div>\n<p class=\"p-text\">La proc\u00e9dure de Botox pour les migraines cause g\u00e9n\u00e9ralement peu de douleur. Une l\u00e9g\u00e8re sensation de piq\u00fbre peut \u00eatre ressentie pendant l&#039;application, mais la plupart des patients ne trouvent pas cela g\u00eanant. De plus, en raison de l&#039;utilisation de fines aiguilles pendant la proc\u00e9dure, le niveau de douleur est assez faible. Si souhait\u00e9, une cr\u00e8me anesth\u00e9siante peut \u00eatre appliqu\u00e9e sur la zone avant la proc\u00e9dure pour r\u00e9duire davantage l&#039;inconfort.<\/p>\n<\/p><\/div>\n<\/p><\/div>\n<div>\n<div>\n<h2 class=\"h2-header\">Combien de temps dure la proc\u00e9dure ?<\/h2>\n<\/p><\/div>\n<div>\n<p class=\"p-text\">La proc\u00e9dure de Botox contre les migraines prend g\u00e9n\u00e9ralement 20-30 minutes. Le Botox est inject\u00e9 \u00e0 plusieurs points de la t\u00eate et du cou pour le traitement. Les patients peuvent g\u00e9n\u00e9ralement reprendre leurs activit\u00e9s normales peu apr\u00e8s la proc\u00e9dure. La dur\u00e9e du traitement peut varier en fonction de l&#039;intensit\u00e9 du mal de t\u00eate et des zones trait\u00e9es.<\/p>\n<\/p><\/div>\n<\/p><\/div>\n<div>\n<div>\n<h2 class=\"h2-header\">Combien de jours faut-il pour r\u00e9cup\u00e9rer ?<\/h2>\n<\/p><\/div>\n<div>\n<p class=\"p-text\">Les effets du traitement au Botox contre les migraines sont g\u00e9n\u00e9ralement ressentis dans quelques jours, mais les r\u00e9sultats complets apparaissent dans les 2 semaines. Apr\u00e8s la proc\u00e9dure, il peut y avoir une l\u00e9g\u00e8re rougeur, un gonflement ou des marques d&#039;aiguilles, mais ces sympt\u00f4mes disparaissent rapidement. Les effets du botox durent de 3 \u00e0 6 mois, et le traitement peut \u00eatre r\u00e9p\u00e9t\u00e9. Apr\u00e8s la premi\u00e8re application, les patients peuvent observer l&#039;efficacit\u00e9 du traitement et discuter de futurs traitements avec leur m\u00e9decin si n\u00e9cessaire.<\/p>\n<\/p><\/div>\n<\/p><\/div>\n<div>\n<div>\n<h2 class=\"h2-header\">Prix du Botox contre les migraines<\/h2>\n<\/p><\/div>\n<div>\n<p class=\"p-text\">En 2025, les prix du Botox contre les migraines peuvent varier en fonction de la zone trait\u00e9e, de la dur\u00e9e et de l&#039;expertise requise. Notre clinique suit diff\u00e9rentes politiques tarifaires en fonction des m\u00e9thodes et des mat\u00e9riaux utilis\u00e9s pour le traitement. Les prix sont \u00e9galement d\u00e9termin\u00e9s par l&#039;\u00e9tendue de l&#039;application et le nombre de s\u00e9ances, il est donc plus pr\u00e9cis d&#039;obtenir un prix sp\u00e9cifique lors d&#039;une \u00e9valuation personnelle.<\/p>\n<\/p><\/div>\n<\/p><\/div>\n<div>\n<div>\n<h2 class=\"h2-header\">Pourquoi choisir la clinique exclusive Dr. Terziler ?<\/h2>\n<\/p><\/div>\n<div>\n<p class=\"p-text\">Le Dr. Terziler, avec une expertise mondialement reconnue et une approche esth\u00e9tique alliant art et science, propose des solutions personnalis\u00e9es qui offrent non seulement une transformation physique mais aussi \u00e9motionnelle. Notre clinique, \u00e9quip\u00e9e de technologies avanc\u00e9es et op\u00e9rant selon les principes du confort et de la s\u00e9curit\u00e9, adopte la perfection comme philosophie institutionnelle. Car ici, chaque geste vise \u00e0 am\u00e9liorer votre sant\u00e9 et votre bonheur global.<\/p>\n<\/p><\/div>\n<\/p><\/div>\n<\/p><\/div>\n<\/section>\n","protected":false},"excerpt":{"rendered":"<p>Botox contre les migraines La migraine Botox est une m\u00e9thode de traitement qui utilise la toxine botulique pour pr\u00e9venir les crises de migraine fr\u00e9quentes et graves. Le Botox appliqu\u00e9 sur des zones sp\u00e9cifiques de la t\u00eate permet de soulager la douleur et de r\u00e9duire la fr\u00e9quence des crises. Ce traitement vise \u00e0 am\u00e9liorer la qualit\u00e9 [&hellip;]<\/p>\n","protected":false},"author":6,"featured_media":0,"parent":17696,"menu_order":0,"comment_status":"closed","ping_status":"closed","template":"","meta":{"footnotes":""},"class_list":["post-17835","page","type-page","status-publish","hentry"],"_links":{"self":[{"href":"https:\/\/drterziler.com\/fr\/wp-json\/wp\/v2\/pages\/17835","targetHints":{"allow":["GET"]}}],"collection":[{"href":"https:\/\/drterziler.com\/fr\/wp-json\/wp\/v2\/pages"}],"about":[{"href":"https:\/\/drterziler.com\/fr\/wp-json\/wp\/v2\/types\/page"}],"author":[{"embeddable":true,"href":"https:\/\/drterziler.com\/fr\/wp-json\/wp\/v2\/users\/6"}],"replies":[{"embeddable":true,"href":"https:\/\/drterziler.com\/fr\/wp-json\/wp\/v2\/comments?post=17835"}],"version-history":[{"count":14,"href":"https:\/\/drterziler.com\/fr\/wp-json\/wp\/v2\/pages\/17835\/revisions"}],"predecessor-version":[{"id":59634,"href":"https:\/\/drterziler.com\/fr\/wp-json\/wp\/v2\/pages\/17835\/revisions\/59634"}],"up":[{"embeddable":true,"href":"https:\/\/drterziler.com\/fr\/wp-json\/wp\/v2\/pages\/17696"}],"wp:attachment":[{"href":"https:\/\/drterziler.com\/fr\/wp-json\/wp\/v2\/media?parent=17835"}],"curies":[{"name":"wp","href":"https:\/\/api.w.org\/{rel}","templated":true}]}}