{"id":17885,"date":"2025-01-28T10:15:23","date_gmt":"2025-01-28T10:15:23","guid":{"rendered":"https:\/\/drterziler.com\/esthetique-medicale\/diger-botoks-uygulamalari\/masseter-botoksu\/"},"modified":"2026-04-27T08:37:48","modified_gmt":"2026-04-27T08:37:48","slug":"botox-masseter-fr","status":"publish","type":"page","link":"https:\/\/drterziler.com\/fr\/esthetique-medicale\/autres-traitements-au-botox\/botox-masseter-fr\/","title":{"rendered":"Botox Mass\u00e9ter"},"content":{"rendered":"<div class=\"page-content\">\n<div id=\"header-area\">\n<div class=\"container\" id=\"firstContent\">\n<div class=\"header-content d-flex flex-column\">\n<h1 class=\"content-title h1-header\">Botox Mass\u00e9ter<\/h1>\n<div class=\"content-paragraph\">\n<p class=\"p-text\">Masseter Botox est une m\u00e9thode de traitement qui fa\u00e7onne les contours du visage en emp\u00eachant une activit\u00e9 excessive des muscles de la m\u00e2choire. Il peut r\u00e9duire la largeur caus\u00e9e par le surd\u00e9veloppement des muscles de la m\u00e2choire gr\u00e2ce aux injections de Botox. De plus, il aide \u00e0 att\u00e9nuer les probl\u00e8mes tels que le grincement et le serrement des dents, soulageant ainsi la tension dans les muscles de la m\u00e2choire.<\/p>\n<\/p><\/div>\n<nav aria-label=\"breadcrumb\" class=\"breadcrumbs\">\n<ul class=\"d-flex align-items-center mb-0\">\n<li><a class=\"link\" href=\"https:\/\/drterziler.com\/fr\/\"><span>Dr. Terziler Exclusive Clinic<\/span><\/a><\/li>\n<li class=\"separator\">\u00bb<\/li>\n<li><a class=\"link\" href=\"https:\/\/drterziler.com\/fr\/esthetique-medicale\/\"><span>Esth\u00e9tique m\u00e9dicale<\/span><\/a><\/li>\n<li class=\"separator\">\u00bb<\/li>\n<li><a class=\"link\" href=\"https:\/\/drterziler.com\/fr\/esthetique-medicale\/autres-traitements-au-botox\/\"><span>Autres traitements au Botox<\/span><\/a><\/li>\n<li class=\"separator\">\u00bb<\/li>\n<li class=\"current-page\"><span>Botox Mass\u00e9ter<\/span><\/li>\n<\/ul>\n<\/nav><\/div>\n<\/p><\/div>\n<\/p><\/div>\n<\/div>\n<section id=\"content-area\">\n<div class=\"container my-5\">\n<div class=\"row align-items-start\">\n<div class=\"col-md-6 order-2 order-md-1\">\n<div class=\"custom-toc-box\">\n<div id=\"toc-header\">\n<h4>Table des mati\u00e8res<\/h4>\n<div class=\"toc-toggle-icon\"><\/div>\n<\/p><\/div>\n<div class=\"toc-full-divider\"><\/div>\n<div id=\"toc-body\">\n<div id=\"toc-container\"><\/div>\n<\/p><\/div>\n<\/p><\/div>\n<\/p><\/div>\n<div class=\"col-md-6 order-1 order-md-2\" id=\"jForm\">\n                <script type=\"text\/javascript\" src=\"https:\/\/form.jotform.com\/jsform\/242882407646969\"><\/script>\n            <\/div>\n<\/p><\/div>\n<\/p><\/div>\n<div class=\"container\">\n<div class=\"img-thumb\">\n            <img decoding=\"async\" src=\"https:\/\/drterziler.com\/wp-content\/uploads\/2025\/01\/Masseter-Botoksu.webp\" alt=\"Botox Mass\u00e9ter\" loading=\"lazy\">\n        <\/div>\n<div>\n<div>\n<h2 class=\"h2-header\">Qu&#039;est-ce que le Botox pour le Mass\u00e9ter ?<\/h2>\n<\/p><\/div>\n<div>\n<p class=\"p-text\">Le botox pour le mass\u00e9ter est une m\u00e9thode de traitement esth\u00e9tique o\u00f9 la toxine botulique est inject\u00e9e dans les muscles de la m\u00e2choire. Cette application adoucit les lignes de la m\u00e2choire larges et dures caus\u00e9es par un d\u00e9veloppement excessif des muscles mass\u00e9ters, offrant ainsi une apparence plus raffin\u00e9e et \u00e9l\u00e9gante. De plus, ce traitement r\u00e9sout les probl\u00e8mes li\u00e9s aux muscles de la m\u00e2choire, tels que le grincement des dents ou le serrage des dents.<\/p>\n<\/p><\/div>\n<\/p><\/div>\n<div>\n<div>\n<h2 class=\"h2-header\">Quels sont les avantages du Botox pour le Mass\u00e9ter ?<\/h2>\n<\/p><\/div>\n<div>\n<p class=\"p-text\">Affine la ligne de la m\u00e2choire. \u00c9quilibre les traits du visage. Pr\u00e9vient le grincement des dents. R\u00e9sout les difficult\u00e9s \u00e0 ouvrir la bouche. D\u00e9tend les muscles de la m\u00e2choire. Fournit une apparence esth\u00e9tique. R\u00e9duit la douleur de la m\u00e2choire. Am\u00e9liore la qualit\u00e9 du sommeil.<\/p>\n<\/p><\/div>\n<\/p><\/div>\n<div>\n<div>\n<h2 class=\"h2-header\">Pour qui est-ce adapt\u00e9 ?<\/h2>\n<\/p><\/div>\n<div>\n<p class=\"p-text\">Les personnes ayant des m\u00e2choires larges. Les personnes qui \u00e9prouvent des probl\u00e8mes de grincement des dents. Celles qui ont du mal \u00e0 ouvrir la bouche. Les individus ayant des probl\u00e8mes de sommeil caus\u00e9s par le grincement des dents ou le serrage des dents. Celles qui d\u00e9sirent un profil de m\u00e2choire plus attrayant. Les personnes ressentant une tension excessive dans les muscles de la m\u00e2choire. Les individus souhaitant am\u00e9liorer l&#039;esth\u00e9tique globale de leur visage.<\/p>\n<\/p><\/div>\n<\/p><\/div>\n<div>\n<div>\n<h2 class=\"h2-header\">Pourquoi le Botox pour le Mass\u00e9ter est-il populaire ?<\/h2>\n<\/p><\/div>\n<div>\n<p class=\"p-text\">Le botox pour le mass\u00e9ter est tr\u00e8s populaire en raison de ses avantages esth\u00e9tiques et fonctionnels. Ce traitement, pr\u00e9f\u00e9r\u00e9 pour modeler les traits du visage, soulage \u00e9galement la tension excessive et la douleur dans les muscles de la m\u00e2choire, am\u00e9liorant ainsi la qualit\u00e9 de vie quotidienne. Sa nature minimalement invasive, son processus de r\u00e9cup\u00e9ration rapide et ses effets non permanents le rendent tr\u00e8s attrayant. De plus, en offrant des r\u00e9sultats naturels, il augmente la satisfaction des patients.<\/p>\n<\/p><\/div>\n<\/p><\/div>\n<div>\n<div>\n<h2 class=\"h2-header\">Y a-t-il une restriction d&#039;\u00e2ge pour le Botox pour le Mass\u00e9ter ?<\/h2>\n<\/p><\/div>\n<div>\n<p class=\"p-text\">Non, il n&#039;y a pas de restriction d&#039;\u00e2ge sp\u00e9cifique pour le Botox pour le mass\u00e9ter. Il peut g\u00e9n\u00e9ralement \u00eatre appliqu\u00e9 \u00e0 des individus de tous \u00e2ges ayant des probl\u00e8mes esth\u00e9tiques ou fonctionnels. Il est courant que des personnes de tous \u00e2ges recherchent ce traitement pour r\u00e9soudre le d\u00e9veloppement excessif et la tension des muscles de la m\u00e2choire.<\/p>\n<\/p><\/div>\n<\/p><\/div>\n<div>\n<div>\n<h2 class=\"h2-header\">Comment le Botox pour le Mass\u00e9ter est-il appliqu\u00e9 ?<\/h2>\n<\/p><\/div>\n<div>\n<p class=\"p-text\">Le botox pour le mass\u00e9ter est appliqu\u00e9 en injectant de la toxine botulique dans les muscles mass\u00e9ters de la zone de la m\u00e2choire. Avant la proc\u00e9dure, une cr\u00e8me anesth\u00e9siante est g\u00e9n\u00e9ralement appliqu\u00e9e au patient pour \u00e9viter toute g\u00eane pendant le processus. Le botox est inject\u00e9 dans des points sp\u00e9cifiques pour r\u00e9duire la puissance de contraction des muscles, affinant ainsi la ligne de la m\u00e2choire et emp\u00eachant un d\u00e9veloppement musculaire excessif. L&#039;application prend environ 10-15 minutes, et les patients peuvent imm\u00e9diatement reprendre leurs activit\u00e9s normales.<\/p>\n<\/p><\/div>\n<\/p><\/div>\n<div>\n<div>\n<h2 class=\"h2-header\">Y a-t-il de la douleur ou de l&#039;inconfort pendant le traitement au Botox pour le Mass\u00e9ter ?<\/h2>\n<\/p><\/div>\n<div>\n<p class=\"p-text\">Pendant la proc\u00e9dure de botox pour le mass\u00e9ter, il peut y avoir une l\u00e9g\u00e8re sensation d&#039;inconfort, mais la douleur n&#039;est g\u00e9n\u00e9ralement pas attendue. Gr\u00e2ce \u00e0 l&#039;application de la cr\u00e8me anesth\u00e9siante, les sites d&#039;injection deviennent engourdis, rendant la proc\u00e9dure plus confortable. La plupart des patients rapportent uniquement une l\u00e9g\u00e8re sensation de piq\u00fbre et ne ressentent aucune douleur ou inconfort par la suite.<\/p>\n<\/p><\/div>\n<\/p><\/div>\n<div>\n<div>\n<h2 class=\"h2-header\">Combien de temps dure la proc\u00e9dure de Botox pour le Mass\u00e9ter ?<\/h2>\n<\/p><\/div>\n<div>\n<p class=\"p-text\">La proc\u00e9dure de botox pour le mass\u00e9ter est assez rapide et dure g\u00e9n\u00e9ralement de 10 \u00e0 15 minutes. En raison de l&#039;utilisation de fines aiguilles pendant la proc\u00e9dure, il y a peu d&#039;inconfort. Apr\u00e8s le traitement, les patients peuvent reprendre imm\u00e9diatement leurs activit\u00e9s quotidiennes. Les effets du botox peuvent commencer \u00e0 appara\u00eetre dans quelques jours, mais la proc\u00e9dure elle-m\u00eame est tr\u00e8s courte et rapide.<\/p>\n<\/p><\/div>\n<\/p><\/div>\n<div>\n<div>\n<h2 class=\"h2-header\">Combien de jours faut-il pour r\u00e9cup\u00e9rer ?<\/h2>\n<\/p><\/div>\n<div>\n<p class=\"p-text\">Le processus de r\u00e9cup\u00e9ration apr\u00e8s le traitement au botox pour le mass\u00e9ter est assez rapide et se termine g\u00e9n\u00e9ralement en quelques jours. Il peut y avoir une l\u00e9g\u00e8re rougeur, des ecchymoses ou un gonflement apr\u00e8s la proc\u00e9dure, mais ces sympt\u00f4mes disparaissent rapidement. Les effets du botox commencent \u00e0 \u00eatre ressentis dans 3-5 jours, et les r\u00e9sultats complets apparaissent dans 1-2 semaines. Comme il n&#039;y a pas de processus de r\u00e9cup\u00e9ration lent, les patients peuvent imm\u00e9diatement retourner \u00e0 leur vie normale.<\/p>\n<\/p><\/div>\n<\/p><\/div>\n<div>\n<div>\n<h2 class=\"h2-header\">Comment le Botox pour le Mass\u00e9ter r\u00e9sout-il les probl\u00e8mes de grincement ou de serrage des dents ?<\/h2>\n<\/p><\/div>\n<div>\n<p class=\"p-text\">Les probl\u00e8mes de grincement et de serrage des dents sont g\u00e9n\u00e9ralement caus\u00e9s par une tension excessive dans les muscles de la m\u00e2choire. La toxine botulique emp\u00eache les contractions des muscles de la m\u00e2choire, emp\u00eachant ainsi le grincement des dents la nuit et aidant les muscles \u00e0 se d\u00e9tendre pendant la journ\u00e9e. Ce traitement r\u00e9duit les sympt\u00f4mes tels que la tension dans la m\u00e2choire, les maux de t\u00eate et la douleur de la m\u00e2choire en relaxant les muscles de la m\u00e2choire.<\/p>\n<\/p><\/div>\n<\/p><\/div>\n<div>\n<div>\n<h2 class=\"h2-header\">Prix du Botox pour le Mass\u00e9ter<\/h2>\n<\/p><\/div>\n<div>\n<p class=\"p-text\">En 2025, les prix du botox pour le mass\u00e9ter peuvent varier en fonction de la zone trait\u00e9e, de la dur\u00e9e et de l&#039;expertise requise. Notre clinique suit diff\u00e9rentes politiques tarifaires en fonction des m\u00e9thodes et des mat\u00e9riaux utilis\u00e9s pour le traitement. Les prix sont \u00e9galement d\u00e9termin\u00e9s par l&#039;\u00e9tendue de l&#039;application et le nombre de s\u00e9ances, il est donc plus pr\u00e9cis d&#039;obtenir un prix sp\u00e9cifique lors d&#039;une \u00e9valuation personnelle.<\/p>\n<\/p><\/div>\n<\/p><\/div>\n<div>\n<div>\n<h2 class=\"h2-header\">Pourquoi choisir la clinique exclusive Dr. Terziler ?<\/h2>\n<\/p><\/div>\n<div>\n<p class=\"p-text\">Le Dr. Terziler, avec une expertise mondialement reconnue et une approche esth\u00e9tique alliant art et science, propose des solutions personnalis\u00e9es qui offrent non seulement une transformation physique mais aussi \u00e9motionnelle. Notre clinique, \u00e9quip\u00e9e de technologies avanc\u00e9es et op\u00e9rant selon les principes du confort et de la s\u00e9curit\u00e9, adopte la perfection comme philosophie institutionnelle. Car ici, chaque geste vise \u00e0 am\u00e9liorer votre sant\u00e9 et votre bonheur global.<\/p>\n<\/p><\/div>\n<\/p><\/div>\n<\/p><\/div>\n<\/section>\n","protected":false},"excerpt":{"rendered":"<p>Botox Mass\u00e9ter Masseter Botox est une m\u00e9thode de traitement qui fa\u00e7onne les contours du visage en emp\u00eachant une activit\u00e9 excessive des muscles de la m\u00e2choire. Il peut r\u00e9duire la largeur caus\u00e9e par le surd\u00e9veloppement des muscles de la m\u00e2choire gr\u00e2ce aux injections de Botox. De plus, il aide \u00e0 att\u00e9nuer les probl\u00e8mes tels que le [&hellip;]<\/p>\n","protected":false},"author":6,"featured_media":0,"parent":17696,"menu_order":0,"comment_status":"closed","ping_status":"closed","template":"","meta":{"footnotes":""},"class_list":["post-17885","page","type-page","status-publish","hentry"],"_links":{"self":[{"href":"https:\/\/drterziler.com\/fr\/wp-json\/wp\/v2\/pages\/17885","targetHints":{"allow":["GET"]}}],"collection":[{"href":"https:\/\/drterziler.com\/fr\/wp-json\/wp\/v2\/pages"}],"about":[{"href":"https:\/\/drterziler.com\/fr\/wp-json\/wp\/v2\/types\/page"}],"author":[{"embeddable":true,"href":"https:\/\/drterziler.com\/fr\/wp-json\/wp\/v2\/users\/6"}],"replies":[{"embeddable":true,"href":"https:\/\/drterziler.com\/fr\/wp-json\/wp\/v2\/comments?post=17885"}],"version-history":[{"count":17,"href":"https:\/\/drterziler.com\/fr\/wp-json\/wp\/v2\/pages\/17885\/revisions"}],"predecessor-version":[{"id":59636,"href":"https:\/\/drterziler.com\/fr\/wp-json\/wp\/v2\/pages\/17885\/revisions\/59636"}],"up":[{"embeddable":true,"href":"https:\/\/drterziler.com\/fr\/wp-json\/wp\/v2\/pages\/17696"}],"wp:attachment":[{"href":"https:\/\/drterziler.com\/fr\/wp-json\/wp\/v2\/media?parent=17885"}],"curies":[{"name":"wp","href":"https:\/\/api.w.org\/{rel}","templated":true}]}}