{"id":17952,"date":"2025-01-28T10:23:19","date_gmt":"2025-01-28T10:23:19","guid":{"rendered":"https:\/\/drterziler.com\/esthetique-medicale\/teknolojik-uygulamalar\/"},"modified":"2026-04-21T13:37:27","modified_gmt":"2026-04-21T13:37:27","slug":"traitements-technologiques","status":"publish","type":"page","link":"https:\/\/drterziler.com\/fr\/esthetique-medicale\/traitements-technologiques\/","title":{"rendered":"Traitements technologiques"},"content":{"rendered":"<div class=\"page-content\">\n<div id=\"header-area\">\n<div class=\"container\" id=\"firstContent\">\n<div class=\"header-content d-flex flex-column\">\n<h1 class=\"content-title h1-header\">Traitements technologiques<\/h1>\n<div class=\"content-paragraph\">\n<p class=\"p-text\">En tant que Dr Terziler, nous offrons une exp\u00e9rience futuriste avec nos applications de pointe en esth\u00e9tique, sant\u00e9 et beaut\u00e9. Gr\u00e2ce aux dispositifs robotiques, aux technologies laser et aux syst\u00e8mes intelligents, les processus de traitement sont non seulement acc\u00e9l\u00e9r\u00e9s, mais \u00e9galement rendus plus efficaces. Les applications modernis\u00e9es, utilisant des m\u00e9thodes peu invasives, permettent une r\u00e9cup\u00e9ration plus rapide tout en offrant un confort in\u00e9gal\u00e9. En tirant parti de toutes les possibilit\u00e9s de la technologie actuelle, nous formulons une approche de traitement personnalis\u00e9e et obtenons des r\u00e9sultats qui d\u00e9passent les attentes. Nos technologies avanc\u00e9es en esth\u00e9tique et en m\u00e9decine sont optimis\u00e9es \u00e0 chaque \u00e9tape pour obtenir des r\u00e9sultats \u00e9poustouflants. Chez le Dr Terziler, nous adh\u00e9rons au principe de votre \u00ab bonheur holistique \u00bb dans les domaines de la sant\u00e9, de la beaut\u00e9 et de la satisfaction, repoussant les limites pour \u00eatre t\u00e9moin de votre sourire.<\/p>\n<\/p><\/div>\n<nav aria-label=\"breadcrumb\" class=\"breadcrumbs\">\n<ul class=\"d-flex align-items-center mb-0\">\n<li><a class=\"link\" href=\"https:\/\/drterziler.com\/fr\/\"><span>Dr. Terziler Exclusive Clinic<\/span><\/a><\/li>\n<li class=\"separator\">\u00bb<\/li>\n<li><a class=\"link\" href=\"https:\/\/drterziler.com\/fr\/esthetique-medicale\/\"><span>Esth\u00e9tique m\u00e9dicale<\/span><\/a><\/li>\n<li class=\"separator\">\u00bb<\/li>\n<li class=\"current-page\"><span>Traitements technologiques<\/span><\/li>\n<\/ul>\n<\/nav><\/div>\n<\/p><\/div>\n<\/p><\/div>\n<\/div>\n<section id=\"content-area\">\n<div class=\"container my-5\">\n<div class=\"row align-items-start\">\n<div class=\"col-md-6 order-2 order-md-1\">\n<div class=\"custom-toc-box\">\n<div id=\"toc-header\">\n<h4>Table des mati\u00e8res<\/h4>\n<div class=\"toc-toggle-icon\"><\/div>\n<\/p><\/div>\n<div class=\"toc-full-divider\"><\/div>\n<div id=\"toc-body\">\n<div id=\"toc-container\"><\/div>\n<\/p><\/div>\n<\/p><\/div>\n<\/p><\/div>\n<div class=\"col-md-6 order-1 order-md-2\" id=\"jForm\">\n                <script type=\"text\/javascript\" src=\"https:\/\/form.jotform.com\/jsform\/242882407646969\"><\/script>\n            <\/div>\n<\/p><\/div>\n<\/p><\/div>\n<div class=\"container\">\n<div class=\"img-thumb\">\n            <img decoding=\"async\" src=\"https:\/\/drterziler.com\/wp-content\/uploads\/2025\/01\/Teknolojik-Uygulamalar.webp\" alt=\"Traitements technologiques\" loading=\"lazy\">\n        <\/div>\n<div>\n<div>\n<h2 class=\"h2-header\">Pourquoi la clinique exclusive du Dr Terziler ?<\/h2>\n<\/p><\/div>\n<div>\n<p class=\"p-text\">Le Dr Terziler, dot\u00e9 d&#039;une expertise mondialement reconnue et d&#039;une approche esth\u00e9tique m\u00ealant art et science, propose des solutions personnalis\u00e9es qui apportent non seulement une transformation physique mais aussi \u00e9motionnelle. Notre clinique, \u00e9quip\u00e9e de technologies de pointe et fonctionnant sur les principes de confort et de confiance, fait de la perfection sa philosophie fondamentale. Parce qu\u2019ici, chaque contact est con\u00e7u pour am\u00e9liorer votre sant\u00e9 et votre bonheur en g\u00e9n\u00e9ral.<\/p>\n<\/p><\/div>\n<\/p><\/div>\n<\/p><\/div>\n<\/section>\n","protected":false},"excerpt":{"rendered":"<p>Traitements technologiques En tant que Dr Terziler, nous offrons une exp\u00e9rience futuriste avec nos applications de pointe en esth\u00e9tique, sant\u00e9 et beaut\u00e9. Gr\u00e2ce aux dispositifs robotiques, aux technologies laser et aux syst\u00e8mes intelligents, les processus de traitement sont non seulement acc\u00e9l\u00e9r\u00e9s, mais \u00e9galement rendus plus efficaces. Les applications modernis\u00e9es, utilisant des m\u00e9thodes peu invasives, permettent [&hellip;]<\/p>\n","protected":false},"author":6,"featured_media":0,"parent":2728,"menu_order":0,"comment_status":"closed","ping_status":"closed","template":"","meta":{"footnotes":""},"class_list":["post-17952","page","type-page","status-publish","hentry"],"_links":{"self":[{"href":"https:\/\/drterziler.com\/fr\/wp-json\/wp\/v2\/pages\/17952","targetHints":{"allow":["GET"]}}],"collection":[{"href":"https:\/\/drterziler.com\/fr\/wp-json\/wp\/v2\/pages"}],"about":[{"href":"https:\/\/drterziler.com\/fr\/wp-json\/wp\/v2\/types\/page"}],"author":[{"embeddable":true,"href":"https:\/\/drterziler.com\/fr\/wp-json\/wp\/v2\/users\/6"}],"replies":[{"embeddable":true,"href":"https:\/\/drterziler.com\/fr\/wp-json\/wp\/v2\/comments?post=17952"}],"version-history":[{"count":15,"href":"https:\/\/drterziler.com\/fr\/wp-json\/wp\/v2\/pages\/17952\/revisions"}],"predecessor-version":[{"id":59593,"href":"https:\/\/drterziler.com\/fr\/wp-json\/wp\/v2\/pages\/17952\/revisions\/59593"}],"up":[{"embeddable":true,"href":"https:\/\/drterziler.com\/fr\/wp-json\/wp\/v2\/pages\/2728"}],"wp:attachment":[{"href":"https:\/\/drterziler.com\/fr\/wp-json\/wp\/v2\/media?parent=17952"}],"curies":[{"name":"wp","href":"https:\/\/api.w.org\/{rel}","templated":true}]}}