{"id":17985,"date":"2025-01-28T10:27:31","date_gmt":"2025-01-28T10:27:31","guid":{"rendered":"https:\/\/drterziler.com\/esthetique-medicale\/tamamlayici-tip-getat-uygulamalari\/"},"modified":"2026-03-06T00:52:15","modified_gmt":"2026-03-06T00:52:15","slug":"traitements-getat-de-medecine-complementaire","status":"publish","type":"page","link":"https:\/\/drterziler.com\/fr\/esthetique-medicale\/traitements-getat-de-medecine-complementaire\/","title":{"rendered":"Traitements GETAT de m\u00e9decine compl\u00e9mentaire"},"content":{"rendered":"<div class=\"page-content\">\n<div id=\"header-area\">\n<div class=\"container\" id=\"firstContent\">\n<div class=\"header-content d-flex flex-column\">\n<h1 class=\"content-title h1-header\">Traitements GETAT de m\u00e9decine compl\u00e9mentaire<\/h1>\n<div class=\"content-paragraph\">\n<p class=\"p-text\">La m\u00e9decine compl\u00e9mentaire (GETAT) est un domaine de traitement qui vise \u00e0 soutenir le corps gr\u00e2ce \u00e0 des m\u00e9thodes de gu\u00e9rison naturelles et holistiques parall\u00e8lement \u00e0 la m\u00e9decine conventionnelle. Ces pratiques aident non seulement les processus de gu\u00e9rison du corps, mais visent \u00e9galement \u00e0 am\u00e9liorer le bien-\u00eatre mental et physique d&#039;un individu au plus haut niveau.<\/p>\n<\/p><\/div>\n<nav aria-label=\"breadcrumb\" class=\"breadcrumbs\">\n<ul class=\"d-flex align-items-center mb-0\">\n<li><a class=\"link\" href=\"https:\/\/drterziler.com\/fr\/\"><span>Dr. Terziler Exclusive Clinic<\/span><\/a><\/li>\n<li class=\"separator\">\u00bb<\/li>\n<li><a class=\"link\" href=\"https:\/\/drterziler.com\/fr\/esthetique-medicale\/\"><span>Esth\u00e9tique m\u00e9dicale<\/span><\/a><\/li>\n<li class=\"separator\">\u00bb<\/li>\n<li class=\"current-page\"><span>Traitements GETAT de m\u00e9decine compl\u00e9mentaire<\/span><\/li>\n<\/ul>\n<\/nav><\/div>\n<\/p><\/div>\n<\/p><\/div>\n<\/div>\n<section id=\"content-area\">\n<div class=\"container my-5\">\n<div class=\"row align-items-start\">\n<div class=\"col-md-6 order-2 order-md-1\">\n<div class=\"custom-toc-box\">\n<div id=\"toc-header\">\n<h4>Table des mati\u00e8res<\/h4>\n<div class=\"toc-toggle-icon\"><\/div>\n<\/p><\/div>\n<div class=\"toc-full-divider\"><\/div>\n<div id=\"toc-body\">\n<div id=\"toc-container\"><\/div>\n<\/p><\/div>\n<\/p><\/div>\n<\/p><\/div>\n<div class=\"col-md-6 order-1 order-md-2\" id=\"jForm\">\n                <script type=\"text\/javascript\" src=\"https:\/\/form.jotform.com\/jsform\/242882407646969\"><\/script>\n            <\/div>\n<\/p><\/div>\n<\/p><\/div>\n<div class=\"container\">\n<div class=\"img-thumb\">\n            <img decoding=\"async\" src=\"https:\/\/drterziler.com\/wp-content\/uploads\/2025\/01\/Tamamlayici-Tip-GETAT-Uygulamalari.webp\" alt=\"Traitements GETAT de m\u00e9decine compl\u00e9mentaire\" loading=\"lazy\">\n        <\/div>\n<div>\n<div>\n<h2 class=\"h2-header\">Applications de la M\u00e9decine Compl\u00e9mentaire (GETAT)<\/h2>\n<\/p><\/div>\n<div>\n<p class=\"p-text\">La m\u00e9decine compl\u00e9mentaire (GETAT) est un domaine de traitement qui vise \u00e0 soutenir le corps avec des m\u00e9thodes de gu\u00e9rison naturelles et holistiques en parall\u00e8le de la m\u00e9decine conventionnelle. Ces applications soutiennent non seulement les processus de gu\u00e9rison du corps, mais visent \u00e9galement \u00e0 \u00e9lever la sant\u00e9 mentale et physique d&#039;une personne au plus haut niveau. La th\u00e9rapie \u00e0 l&#039;ozone 10X, les applications de m\u00e9soth\u00e9rapie et l&#039;\u00e9lixir de jeunesse ne sont que quelques-uns de nos traitements compl\u00e9mentaires populaires.<\/p>\n<\/p><\/div>\n<\/p><\/div>\n<div>\n<div>\n<h2 class=\"h2-header\">Qu&#039;est-ce que les applications de la M\u00e9decine Compl\u00e9mentaire (GETAT) ?<\/h2>\n<\/p><\/div>\n<div>\n<p class=\"p-text\">La m\u00e9decine compl\u00e9mentaire offre une approche int\u00e9grative de la sant\u00e9 en proposant des m\u00e9thodes de traitement alternatives en parall\u00e8le de la m\u00e9decine conventionnelle. Des m\u00e9thodes naturelles et des techniques de traitement sont utilis\u00e9es pour am\u00e9liorer la capacit\u00e9 d&#039;auto-gu\u00e9rison du corps. Ce type de traitement combine des applications alternatives pour maintenir l&#039;\u00e9quilibre physique, mental et \u00e9motionnel.<\/p>\n<\/p><\/div>\n<\/p><\/div>\n<div>\n<div>\n<h2 class=\"h2-header\">Quels sont les avantages des applications de la M\u00e9decine Compl\u00e9mentaire (GETAT) ?<\/h2>\n<\/p><\/div>\n<div>\n<p class=\"p-text\">Met l&#039;accent sur la gu\u00e9rison naturelle. Augmente l&#039;\u00e9nergie et la vitalit\u00e9. Renforce le syst\u00e8me immunitaire. Apporte une relaxation mentale. R\u00e9duit le stress et l&#039;anxi\u00e9t\u00e9. Aide \u00e0 la gestion de la douleur. Acc\u00e9l\u00e8re le processus de gu\u00e9rison. Plans de traitement personnalis\u00e9s.<\/p>\n<\/p><\/div>\n<\/p><\/div>\n<div>\n<div>\n<h2 class=\"h2-header\">Pour qui est-ce adapt\u00e9 ?<\/h2>\n<\/p><\/div>\n<div>\n<p class=\"p-text\">Les personnes cherchant \u00e0 g\u00e9rer le stress. Les individus recherchant des traitements naturels. Celles qui souffrent de fatigue chronique et d&#039;insomnie. Les personnes atteintes de maladies chroniques. Celles ayant besoin d&#039;une th\u00e9rapie pour soulager la douleur. Les individus recherchant la clart\u00e9 mentale. Les personnes souhaitant renforcer leur syst\u00e8me immunitaire. Celles en cours de processus de r\u00e9cup\u00e9ration physique. Les individus cherchant des traitements non chirurgicaux.<\/p>\n<\/p><\/div>\n<\/p><\/div>\n<div>\n<div>\n<h2 class=\"h2-header\">Pourquoi la M\u00e9decine Compl\u00e9mentaire est-elle populaire ?<\/h2>\n<\/p><\/div>\n<div>\n<p class=\"p-text\">Aujourd&#039;hui, de plus en plus de personnes se tournent vers des approches naturelles et holistiques dans leur parcours de sant\u00e9 et de gu\u00e9rison. Le stress et les probl\u00e8mes de sant\u00e9 caus\u00e9s par la vie moderne ont augment\u00e9 la popularit\u00e9 de ces traitements. De plus, les effets secondaires minimes et les approches de traitement personnalis\u00e9es rendent ce domaine attrayant. Les gens peuvent soutenir les processus de gu\u00e9rison naturels de leur corps tout en atteignant un \u00e9quilibre mental.<\/p>\n<\/p><\/div>\n<\/p><\/div>\n<div>\n<div>\n<h2 class=\"h2-header\">Comment est-ce appliqu\u00e9 ?<\/h2>\n<\/p><\/div>\n<div>\n<p class=\"p-text\">Les applications de la m\u00e9decine compl\u00e9mentaire sont g\u00e9n\u00e9ralement effectu\u00e9es par un m\u00e9decin sp\u00e9cialiste ou un th\u00e9rapeute. Tout d&#039;abord, l&#039;\u00e9tat de sant\u00e9 g\u00e9n\u00e9ral de l&#039;individu est \u00e9valu\u00e9 et un plan de traitement personnalis\u00e9 est cr\u00e9\u00e9. Diff\u00e9rentes m\u00e9thodes telles que la th\u00e9rapie \u00e0 l&#039;ozone 10X, l&#039;\u00e9lixir de jeunesse ou la m\u00e9soth\u00e9rapie sont s\u00e9lectionn\u00e9es et appliqu\u00e9es en fonction des besoins du patient. Le processus de traitement est g\u00e9n\u00e9ralement r\u00e9alis\u00e9 en plusieurs s\u00e9ances, et l&#039;\u00e9tat de la personne est \u00e9valu\u00e9 apr\u00e8s chaque s\u00e9ance. Les m\u00e9thodes d&#039;application consistent g\u00e9n\u00e9ralement en des techniques non invasives, naturelles et relaxantes. Chaque m\u00e9thode utilis\u00e9e pendant le traitement est con\u00e7ue pour am\u00e9liorer la qualit\u00e9 de vie du patient.<\/p>\n<\/p><\/div>\n<\/p><\/div>\n<div>\n<div>\n<h2 class=\"h2-header\">Y a-t-il de la douleur ou de l&#039;inconfort ?<\/h2>\n<\/p><\/div>\n<div>\n<p class=\"p-text\">La proc\u00e9dure est presque indolore ou provoque un tr\u00e8s l\u00e9ger inconfort. En g\u00e9n\u00e9ral, des aiguilles fines sont utilis\u00e9es, mais comme elles sont extr\u00eamement fines, la douleur est rarement ressentie. Bien qu&#039;il puisse y avoir un l\u00e9ger inconfort pendant la proc\u00e9dure, cela est g\u00e9n\u00e9ralement consid\u00e9r\u00e9 comme un signe que le traitement est efficace. Le th\u00e9rapeute ou le sp\u00e9cialiste veille au confort du patient tout au long de la proc\u00e9dure.<\/p>\n<\/p><\/div>\n<\/p><\/div>\n<div>\n<div>\n<h2 class=\"h2-header\">Combien de temps faut-il pour gu\u00e9rir ?<\/h2>\n<\/p><\/div>\n<div>\n<p class=\"p-text\">La p\u00e9riode de r\u00e9cup\u00e9ration peut varier en fonction de la m\u00e9thode de traitement et de l&#039;\u00e9tat de sant\u00e9 de l&#039;individu. Dans la plupart des applications de m\u00e9decine compl\u00e9mentaire, un soulagement imm\u00e9diat peut \u00eatre ressenti et le processus de gu\u00e9rison peut s&#039;acc\u00e9l\u00e9rer. Pendant la p\u00e9riode d&#039;application, nos sp\u00e9cialistes effectuent des suivis r\u00e9guliers pour optimiser le processus et en am\u00e9liorer l&#039;efficacit\u00e9.<\/p>\n<\/p><\/div>\n<\/p><\/div>\n<div>\n<div>\n<h2 class=\"h2-header\">Pourquoi choisir la clinique exclusive Dr. Terziler ?<\/h2>\n<\/p><\/div>\n<div>\n<p class=\"p-text\">Le Dr. Terziler, avec une expertise mondialement reconnue et une approche esth\u00e9tique qui allie art et science, propose des solutions personnalis\u00e9es qui offrent non seulement une transformation physique mais aussi \u00e9motionnelle. Notre clinique, \u00e9quip\u00e9e de technologies avanc\u00e9es et fond\u00e9e sur les principes de confort et de s\u00e9curit\u00e9, adopte la perfection comme philosophie fondamentale. Car ici, chaque geste est con\u00e7u pour am\u00e9liorer votre sant\u00e9 holistique et votre bonheur.<\/p>\n<\/p><\/div>\n<\/p><\/div>\n<\/p><\/div>\n<\/section>\n","protected":false},"excerpt":{"rendered":"<p>Traitements GETAT de m\u00e9decine compl\u00e9mentaire La m\u00e9decine compl\u00e9mentaire (GETAT) est un domaine de traitement qui vise \u00e0 soutenir le corps gr\u00e2ce \u00e0 des m\u00e9thodes de gu\u00e9rison naturelles et holistiques parall\u00e8lement \u00e0 la m\u00e9decine conventionnelle. Ces pratiques aident non seulement les processus de gu\u00e9rison du corps, mais visent \u00e9galement \u00e0 am\u00e9liorer le bien-\u00eatre mental et physique [&hellip;]<\/p>\n","protected":false},"author":6,"featured_media":0,"parent":2728,"menu_order":0,"comment_status":"closed","ping_status":"closed","template":"","meta":{"footnotes":""},"class_list":["post-17985","page","type-page","status-publish","hentry"],"_links":{"self":[{"href":"https:\/\/drterziler.com\/fr\/wp-json\/wp\/v2\/pages\/17985","targetHints":{"allow":["GET"]}}],"collection":[{"href":"https:\/\/drterziler.com\/fr\/wp-json\/wp\/v2\/pages"}],"about":[{"href":"https:\/\/drterziler.com\/fr\/wp-json\/wp\/v2\/types\/page"}],"author":[{"embeddable":true,"href":"https:\/\/drterziler.com\/fr\/wp-json\/wp\/v2\/users\/6"}],"replies":[{"embeddable":true,"href":"https:\/\/drterziler.com\/fr\/wp-json\/wp\/v2\/comments?post=17985"}],"version-history":[{"count":16,"href":"https:\/\/drterziler.com\/fr\/wp-json\/wp\/v2\/pages\/17985\/revisions"}],"predecessor-version":[{"id":59595,"href":"https:\/\/drterziler.com\/fr\/wp-json\/wp\/v2\/pages\/17985\/revisions\/59595"}],"up":[{"embeddable":true,"href":"https:\/\/drterziler.com\/fr\/wp-json\/wp\/v2\/pages\/2728"}],"wp:attachment":[{"href":"https:\/\/drterziler.com\/fr\/wp-json\/wp\/v2\/media?parent=17985"}],"curies":[{"name":"wp","href":"https:\/\/api.w.org\/{rel}","templated":true}]}}