{"id":18018,"date":"2025-01-28T10:41:00","date_gmt":"2025-01-28T10:41:00","guid":{"rendered":"https:\/\/drterziler.com\/esthetique-medicale\/ozon-terapi\/"},"modified":"2026-04-21T12:25:57","modified_gmt":"2026-04-21T12:25:57","slug":"therapie-a-lozone-fr","status":"publish","type":"page","link":"https:\/\/drterziler.com\/fr\/esthetique-medicale\/therapie-a-lozone-fr\/","title":{"rendered":"Th\u00e9rapie \u00e0 l&rsquo;ozone"},"content":{"rendered":"<div class=\"page-content\">\n<div id=\"header-area\">\n<div class=\"container\" id=\"firstContent\">\n<div class=\"header-content d-flex flex-column\">\n<h1 class=\"content-title h1-header\">Th\u00e9rapie \u00e0 l&#039;ozone<\/h1>\n<div class=\"content-paragraph\">\n<p class=\"p-text\">La th\u00e9rapie \u00e0 l&#039;ozone est une m\u00e9thode de traitement qui a retenu l&#039;attention ces derni\u00e8res ann\u00e9es en raison de ses effets sur la sant\u00e9 de la peau. L&#039;ozone est une forme d&#039;oxyg\u00e8ne compos\u00e9e de trois atomes et pr\u00e9sente de fortes propri\u00e9t\u00e9s antioxydantes. L&#039;utilisation de l&#039;ozone dans les traitements de la peau couvre un large \u00e9ventail de domaines, des effets anti-\u00e2ge au traitement de l&#039;acn\u00e9.<\/p>\n<\/p><\/div>\n<nav aria-label=\"breadcrumb\" class=\"breadcrumbs\">\n<ul class=\"d-flex align-items-center mb-0\">\n<li><a class=\"link\" href=\"https:\/\/drterziler.com\/fr\/\"><span>Dr. Terziler Exclusive Clinic<\/span><\/a><\/li>\n<li class=\"separator\">\u00bb<\/li>\n<li><a class=\"link\" href=\"https:\/\/drterziler.com\/fr\/esthetique-medicale\/\"><span>Esth\u00e9tique m\u00e9dicale<\/span><\/a><\/li>\n<li class=\"separator\">\u00bb<\/li>\n<li class=\"current-page\"><span>Th\u00e9rapie \u00e0 l&#039;ozone<\/span><\/li>\n<\/ul>\n<\/nav><\/div>\n<\/p><\/div>\n<\/p><\/div>\n<\/div>\n<section id=\"content-area\">\n<div class=\"container my-5\">\n<div class=\"row align-items-start\">\n<div class=\"col-md-6 order-2 order-md-1\">\n<div class=\"custom-toc-box\">\n<div id=\"toc-header\">\n<h4>Table des mati\u00e8res<\/h4>\n<div class=\"toc-toggle-icon\"><\/div>\n<\/p><\/div>\n<div class=\"toc-full-divider\"><\/div>\n<div id=\"toc-body\">\n<div id=\"toc-container\"><\/div>\n<\/p><\/div>\n<\/p><\/div>\n<\/p><\/div>\n<div class=\"col-md-6 order-1 order-md-2\" id=\"jForm\">\n                <script type=\"text\/javascript\" src=\"https:\/\/form.jotform.com\/jsform\/242882407646969\"><\/script>\n            <\/div>\n<\/p><\/div>\n<\/p><\/div>\n<div class=\"container\">\n<div class=\"img-thumb\">\n            <img decoding=\"async\" src=\"https:\/\/drterziler.com\/wp-content\/uploads\/2025\/02\/Ozon-Terapi1.webp\" alt=\"Th\u00e9rapie \u00e0 l&#039;ozone\" loading=\"lazy\">\n        <\/div>\n<div>\n<div>\n<h2 class=\"h2-header\">Qu&#039;est-ce que la th\u00e9rapie \u00e0 l&#039;ozone et comment affecte-t-elle la peau ?<\/h2>\n<\/p><\/div>\n<div>\n<p class=\"p-text\">La th\u00e9rapie \u00e0 l&#039;ozone consiste \u00e0 m\u00e9langer du gaz ozone avec du sang pr\u00e9lev\u00e9 sur le patient, qui est ensuite r\u00e9introduit dans le corps via un s\u00e9rum. L&#039;ozone aide la peau \u00e0 se r\u00e9g\u00e9n\u00e9rer et \u00e0 se revitaliser, tout en renfor\u00e7ant le syst\u00e8me immunitaire. Il augmente les niveaux d&#039;oxyg\u00e8ne dans la peau, contribuant ainsi \u00e0 obtenir une apparence plus saine et plus lumineuse. De plus, il a un impact positif sur les imperfections de la peau et les signes du vieillissement.<\/p>\n<\/p><\/div>\n<\/p><\/div>\n<div>\n<div>\n<h2 class=\"h2-header\">Quels probl\u00e8mes de peau la th\u00e9rapie \u00e0 l&#039;ozone aide-t-elle \u00e0 r\u00e9soudre ?<\/h2>\n<\/p><\/div>\n<div>\n<p class=\"p-text\">Acn\u00e9 et cicatrices d&#039;acn\u00e9 S\u00e9cheresse excessive et sensibilit\u00e9 Imperfections de la peau et hyperpigmentation Rides fines et perte d&#039;\u00e9lasticit\u00e9 Pores dilat\u00e9s et points noirs Irregularit\u00e9s du teint Dommages caus\u00e9s par le soleil et vieillissement pr\u00e9matur\u00e9<\/p>\n<\/p><\/div>\n<\/p><\/div>\n<div>\n<div>\n<h2 class=\"h2-header\">Les bienfaits de la th\u00e9rapie \u00e0 l&#039;ozone<\/h2>\n<\/p><\/div>\n<div>\n<p class=\"p-text\">Nettoie profond\u00e9ment la peau Acc\u00e9l\u00e8re la r\u00e9g\u00e9n\u00e9ration cellulaire Augmente la production de collag\u00e8ne Serre et revitalise la peau Soutient la circulation sanguine D\u00e9toxifie en \u00e9liminant les toxines Renforce la barri\u00e8re cutan\u00e9e Offre une apparence jeune et saine<\/p>\n<\/p><\/div>\n<\/p><\/div>\n<div>\n<div>\n<h2 class=\"h2-header\">Comment la th\u00e9rapie \u00e0 l&#039;ozone affecte-t-elle les rides et les imperfections ?<\/h2>\n<\/p><\/div>\n<div>\n<p class=\"p-text\">L&#039;ozone p\u00e9n\u00e8tre les couches profondes de la peau, stimulant la production de collag\u00e8ne et d&#039;\u00e9lastine. Cela r\u00e9duit l&#039;apparence des rides tout en \u00e9claircissant la couleur des imperfections et en offrant un teint plus uniforme. Gr\u00e2ce \u00e0 son effet antioxydant, il neutralise les radicaux libres et retarde les signes du vieillissement.<\/p>\n<\/p><\/div>\n<\/p><\/div>\n<div>\n<div>\n<h2 class=\"h2-header\">La th\u00e9rapie \u00e0 l&#039;ozone aide-t-elle \u00e0 traiter les hernies discales ?<\/h2>\n<\/p><\/div>\n<div>\n<p class=\"p-text\">Oui, la th\u00e9rapie \u00e0 l&#039;ozone est utilis\u00e9e comme traitement alternatif de soutien pour les hernies discales. L&#039;ozone r\u00e9duit l&#039;inflammation localis\u00e9e, augmente la circulation sanguine, acc\u00e9l\u00e8re le processus de gu\u00e9rison et soulage la douleur. Cependant, sa pertinence pour chaque patient n\u00e9cessite une \u00e9valuation par un expert.<\/p>\n<\/p><\/div>\n<\/p><\/div>\n<div>\n<div>\n<h2 class=\"h2-header\">\u00c0 qui convient la th\u00e9rapie \u00e0 l&#039;ozone ?<\/h2>\n<\/p><\/div>\n<div>\n<p class=\"p-text\">Celles et ceux recherchant un rajeunissement de la peau Les personnes ayant des probl\u00e8mes d&#039;acn\u00e9 et d&#039;imperfections Celles qui souffrent de fatigue chronique Les personnes ayant des probl\u00e8mes de circulation sanguine Celles qui souhaitent renforcer leur syst\u00e8me immunitaire Les personnes d\u00e9sireuses d&#039;augmenter leur r\u00e9sistance aux infections Les personnes voulant d\u00e9toxifier leur corps Celles visant \u00e0 am\u00e9liorer l&#039;\u00e9lasticit\u00e9 de la peau<\/p>\n<\/p><\/div>\n<\/p><\/div>\n<div>\n<div>\n<h2 class=\"h2-header\">Quels types de peau sont adapt\u00e9s \u00e0 la th\u00e9rapie \u00e0 l&#039;ozone ?<\/h2>\n<\/p><\/div>\n<div>\n<p class=\"p-text\">La th\u00e9rapie \u00e0 l&#039;ozone convient \u00e0 tous les types de peau. Elle r\u00e9gule l&#039;\u00e9quilibre du s\u00e9bum pour les peaux grasses, hydrate les peaux s\u00e8ches et procure des effets rajeunissants sur les peaux sensibles. C&#039;est \u00e9galement une m\u00e9thode s\u00fbre et efficace pour les personnes ayant des probl\u00e8mes dermatologiques.<\/p>\n<\/p><\/div>\n<\/p><\/div>\n<div>\n<div>\n<h2 class=\"h2-header\">Comment est appliqu\u00e9e la th\u00e9rapie \u00e0 l&#039;ozone ?<\/h2>\n<\/p><\/div>\n<div>\n<p class=\"p-text\">La th\u00e9rapie \u00e0 l&#039;ozone est appliqu\u00e9e dans notre clinique en utilisant la m\u00e9thode du s\u00e9rum ozon\u00e9. Dans cette m\u00e9thode, un s\u00e9rum sp\u00e9cialement ozon\u00e9 est administr\u00e9 par voie intraveineuse, augmentant ainsi l&#039;oxyg\u00e9nation des cellules et soutenant le processus de renouvellement. La proc\u00e9dure est r\u00e9alis\u00e9e dans un environnement compl\u00e8tement st\u00e9rile et confortable, et se termine rapidement. Apr\u00e8s le traitement, la personne peut imm\u00e9diatement retourner \u00e0 sa vie quotidienne.<\/p>\n<\/p><\/div>\n<\/p><\/div>\n<\/p><\/div>\n<\/section>\n","protected":false},"excerpt":{"rendered":"<p>Th\u00e9rapie \u00e0 l&#039;ozone La th\u00e9rapie \u00e0 l&#039;ozone est une m\u00e9thode de traitement qui a retenu l&#039;attention ces derni\u00e8res ann\u00e9es en raison de ses effets sur la sant\u00e9 de la peau. L&#039;ozone est une forme d&#039;oxyg\u00e8ne compos\u00e9e de trois atomes et pr\u00e9sente de fortes propri\u00e9t\u00e9s antioxydantes. L&#039;utilisation de l&#039;ozone dans les traitements de la peau couvre [&hellip;]<\/p>\n","protected":false},"author":6,"featured_media":0,"parent":2728,"menu_order":0,"comment_status":"closed","ping_status":"closed","template":"","meta":{"footnotes":""},"class_list":["post-18018","page","type-page","status-publish","hentry"],"_links":{"self":[{"href":"https:\/\/drterziler.com\/fr\/wp-json\/wp\/v2\/pages\/18018","targetHints":{"allow":["GET"]}}],"collection":[{"href":"https:\/\/drterziler.com\/fr\/wp-json\/wp\/v2\/pages"}],"about":[{"href":"https:\/\/drterziler.com\/fr\/wp-json\/wp\/v2\/types\/page"}],"author":[{"embeddable":true,"href":"https:\/\/drterziler.com\/fr\/wp-json\/wp\/v2\/users\/6"}],"replies":[{"embeddable":true,"href":"https:\/\/drterziler.com\/fr\/wp-json\/wp\/v2\/comments?post=18018"}],"version-history":[{"count":14,"href":"https:\/\/drterziler.com\/fr\/wp-json\/wp\/v2\/pages\/18018\/revisions"}],"predecessor-version":[{"id":59599,"href":"https:\/\/drterziler.com\/fr\/wp-json\/wp\/v2\/pages\/18018\/revisions\/59599"}],"up":[{"embeddable":true,"href":"https:\/\/drterziler.com\/fr\/wp-json\/wp\/v2\/pages\/2728"}],"wp:attachment":[{"href":"https:\/\/drterziler.com\/fr\/wp-json\/wp\/v2\/media?parent=18018"}],"curies":[{"name":"wp","href":"https:\/\/api.w.org\/{rel}","templated":true}]}}