{"id":20422,"date":"2025-02-02T22:14:35","date_gmt":"2025-02-02T22:14:35","guid":{"rendered":"https:\/\/drterziler.com\/traitements-dentaires\/dentisterie-esthetique-et-prothetique\/dentisterie-esthetique\/dis-restorasyonlari\/onlay-dis-restorasyonu\/"},"modified":"2025-05-05T10:37:18","modified_gmt":"2025-05-05T10:37:18","slug":"restauration-dentaire-onlay","status":"publish","type":"page","link":"https:\/\/drterziler.com\/fr\/traitements-dentaires\/dentisterie-esthetique\/restaurations-dentaires\/restauration-dentaire-onlay\/","title":{"rendered":"Restauration Dentaire Onlay"},"content":{"rendered":"\t\t<div data-elementor-type=\"wp-page\" data-elementor-id=\"20422\" class=\"elementor elementor-20422\">\n\t\t\t\t<div class=\"elementor-element elementor-element-2df8063b e-flex e-con-boxed e-con e-parent\" data-id=\"2df8063b\" data-element_type=\"container\" data-settings=\"{&quot;background_background&quot;:&quot;classic&quot;}\">\n\t\t\t\t\t<div class=\"e-con-inner\">\n\t\t\t\t<div class=\"elementor-element elementor-element-6c7501d0 elementor-widget elementor-widget-heading\" data-id=\"6c7501d0\" data-element_type=\"widget\" data-widget_type=\"heading.default\">\n\t\t\t\t\t<h2 class=\"elementor-heading-title elementor-size-default\">Add Your Heading Text Here<\/h2>\t\t\t\t<\/div>\n\t\t\t\t<div class=\"elementor-element elementor-element-3c6e661e elementor-widget elementor-widget-text-editor\" data-id=\"3c6e661e\" data-element_type=\"widget\" data-widget_type=\"text-editor.default\">\n\t\t\t\t\t\t\t\t\t<p>Un onlay est un type sp\u00e9cial d\u2019obturation pr\u00e9par\u00e9 en laboratoire, utilis\u00e9 pour restaurer la forme et la fonction des dents endommag\u00e9es ou cari\u00e9es. Pr\u00e9f\u00e9r\u00e9s lorsque le traitement de la couronne n\u2019est pas n\u00e9cessaire, les onlays pr\u00e9servent la structure saine de la dent tout en assurant sa durabilit\u00e9. Ils offrent une solution esth\u00e9tique et fonctionnelle, contribuant \u00e0 obtenir un aspect naturel.<\/p>\t\t\t\t\t\t\t\t<\/div>\n\t\t\t\t<div class=\"elementor-element elementor-element-59d6902 elementor-widget elementor-widget-shortcode\" data-id=\"59d6902\" data-element_type=\"widget\" data-widget_type=\"shortcode.default\">\n\t\t\t\t\t\t\t<div class=\"elementor-shortcode\"><nav aria-label=\"breadcrumbs\" class=\"rank-math-breadcrumb\"><p><span class=\"last\">Dr. Terziler<\/span><\/p><\/nav><\/div>\n\t\t\t\t\t\t<\/div>\n\t\t\t\t\t<\/div>\n\t\t\t\t<\/div>\n\t\t<div class=\"elementor-element elementor-element-195085a e-flex e-con-boxed e-con e-parent\" data-id=\"195085a\" data-element_type=\"container\">\n\t\t\t\t\t<div class=\"e-con-inner\">\n\t\t<div class=\"elementor-element elementor-element-0ac375f e-con-full e-flex e-con e-child\" data-id=\"0ac375f\" data-element_type=\"container\">\n\t\t\t\t<div class=\"elementor-element elementor-element-3e1f485 elementor-widget elementor-widget-table-of-contents\" data-id=\"3e1f485\" data-element_type=\"widget\" data-widget_type=\"table-of-contents.default\">\n\t\t\t\t<div class=\"elementor-widget-container\">\n\t\t\t\t\t \t\t\t\t<\/div>\n\t\t\t\t<\/div>\n\t\t\t\t<\/div>\n\t\t<div class=\"elementor-element elementor-element-85f3b76 e-con-full e-flex e-con e-child\" data-id=\"85f3b76\" data-element_type=\"container\" data-settings=\"{&quot;background_background&quot;:&quot;classic&quot;}\">\n\t\t\t\t<div class=\"elementor-element elementor-element-c0868ef elementor-widget elementor-widget-html\" data-id=\"c0868ef\" data-element_type=\"widget\" data-widget_type=\"html.default\">\n\t\t\t\t\t<script type=\"text\/javascript\" src=\"https:\/\/form.jotform.com\/jsform\/242882407646969\"><\/script>\t\t\t\t<\/div>\n\t\t\t\t<\/div>\n\t\t\t\t\t<\/div>\n\t\t\t\t<\/div>\n\t\t<div class=\"elementor-element elementor-element-2afd40c3 e-flex e-con-boxed e-con e-parent\" data-id=\"2afd40c3\" data-element_type=\"container\">\n\t\t\t\t\t<div class=\"e-con-inner\">\n\t\t\t\t<div class=\"elementor-element elementor-element-7f4a31c8 elementor-widget elementor-widget-image\" data-id=\"7f4a31c8\" data-element_type=\"widget\" data-widget_type=\"image.default\">\n\t\t\t\t\t\t\t\t\t\t\t\t\t\t\t<img fetchpriority=\"high\" decoding=\"async\" width=\"1141\" height=\"642\" src=\"https:\/\/drterziler.com\/wp-content\/uploads\/2025\/04\/Onlay-Dental-Restoration.webp\" class=\"attachment-full size-full wp-image-34999\" alt=\"\" srcset=\"https:\/\/drterziler.com\/wp-content\/uploads\/2025\/04\/Onlay-Dental-Restoration.webp 1141w, https:\/\/drterziler.com\/wp-content\/uploads\/2025\/04\/Onlay-Dental-Restoration-300x169.webp 300w, https:\/\/drterziler.com\/wp-content\/uploads\/2025\/04\/Onlay-Dental-Restoration-1024x576.webp 1024w, https:\/\/drterziler.com\/wp-content\/uploads\/2025\/04\/Onlay-Dental-Restoration-768x432.webp 768w\" sizes=\"(max-width: 1141px) 100vw, 1141px\">\t\t\t\t\t\t\t\t\t\t\t\t\t\t\t<\/div>\n\t\t\t\t\t<\/div>\n\t\t\t\t<\/div>\n\t\t<div class=\"elementor-element elementor-element-79e32a20 e-flex e-con-boxed e-con e-parent\" data-id=\"79e32a20\" data-element_type=\"container\">\n\t\t\t\t\t<div class=\"e-con-inner\">\n\t\t<div class=\"elementor-element elementor-element-756bb7c0 e-con-full e-flex e-con e-child\" data-id=\"756bb7c0\" data-element_type=\"container\">\n\t\t\t\t<div class=\"elementor-element elementor-element-5b604269 elementor-widget elementor-widget-text-editor\" data-id=\"5b604269\" data-element_type=\"widget\" data-widget_type=\"text-editor.default\">\n\t\t\t\t\t\t\t\t\t<h2>Qu&rsquo;est-ce que la restauration dentaire par onlay ?<\/h2>\n<p>La restauration dentaire par onlay est une m\u00e9thode de traitement qui couvre les parties cari\u00e9es ou endommag\u00e9es de la dent, y compris une partie de la surface de mastication et les parois lat\u00e9rales de la dent. Elle est fabriqu\u00e9e \u00e0 partir de mat\u00e9riaux en porcelaine, r\u00e9sine composite ou m\u00e9tal et est con\u00e7ue pour s&rsquo;adapter parfaitement \u00e0 la dent. Cette m\u00e9thode offre une alternative au traitement par couronne, qui n\u00e9cessite une couverture compl\u00e8te de la dent.<\/p>\n\n<h2 style=\"margin-top: 40px;\">Quels sont les avantages de la restauration dentaire par onlay ?<\/h2>\n<ul>\n \t<li>Pr\u00e9servation maximale du tissu dentaire.<\/li>\n \t<li>Apparence de couleur naturelle de la dent.<\/li>\n \t<li>Durabilit\u00e9 \u00e0 long terme.<\/li>\n \t<li>Am\u00e9lioration des fonctions de mastication.<\/li>\n \t<li>Pr\u00e9vention de nouvelles caries.<\/li>\n \t<li>Ajustement pr\u00e9cis \u00e0 la structure de la dent.<\/li>\n \t<li>Apparence esth\u00e9tique et naturelle.<\/li>\n \t<li>Solution minimale invasive.<\/li>\n<\/ul>\n\n<h2 style=\"margin-top: 40px;\">Qui est adapt\u00e9 pour la restauration dentaire par onlay ?<\/h2>\n<ul>\n \t<li>Les personnes ayant de grandes caries mais n&rsquo;ayant pas besoin de couronne.<\/li>\n \t<li>Celles dont la structure dentaire n&rsquo;a pas \u00e9t\u00e9 significativement perdue.<\/li>\n \t<li>Les personnes pr\u00e9occup\u00e9es par l&rsquo;esth\u00e9tique.<\/li>\n \t<li>Celles ouvertes aux alternatives aux obturations m\u00e9talliques.<\/li>\n \t<li>Les personnes ayant une structure osseuse saine.<\/li>\n \t<li>Celles ayant des structures dentaires sensibles.<\/li>\n \t<li>Les patients recherchant une apparence naturelle.<\/li>\n \t<li>Celles souhaitant pr\u00e9server l&rsquo;int\u00e9grit\u00e9 de la dent.<\/li>\n<\/ul>\n\n<h2 style=\"margin-top: 40px;\">Pourquoi est-ce populaire ?<\/h2>\n<p>La restauration dentaire par onlay est populaire en raison de sa capacit\u00e9 \u00e0 pr\u00e9server le tissu dentaire naturel autant que possible et de son soutien \u00e0 l&rsquo;apparence esth\u00e9tique. Ces restaurations, soigneusement pr\u00e9par\u00e9es en laboratoire, offrent une solution durable et \u00e0 long terme. De plus, en ne traitant que la partie endommag\u00e9e de la dent, la perte de tissu inutile est \u00e9vit\u00e9e, ce qui en fait une option id\u00e9ale pour r\u00e9soudre les pr\u00e9occupations esth\u00e9tiques.<\/p>\n\n<h2 style=\"margin-top: 40px;\">Comment la restauration dentaire par onlay est-elle appliqu\u00e9e ?<\/h2>\n<ul>\n \t<li><strong>Examen et planification :<\/strong><br> Le dentiste examine minutieusement la dent pour \u00e9valuer son ad\u00e9quation \u00e0 l&rsquo;application de l&rsquo;onlay. La structure dentaire et l&rsquo;\u00e9tendue de la carie sont analys\u00e9es.<\/li>\n \t<li><strong>Pr\u00e9paration de la dent :<\/strong><br> La zone endommag\u00e9e ou cari\u00e9e est nettoy\u00e9e, et la dent est fa\u00e7onn\u00e9e pour l&rsquo;onlay. Une obturation temporaire est appliqu\u00e9e si n\u00e9cessaire.<\/li>\n \t<li><strong>Prise d&#8217;empreinte :<\/strong><br> Une empreinte est prise pour cr\u00e9er un moule d\u00e9taill\u00e9 afin que le laboratoire pr\u00e9pare l&rsquo;onlay.<\/li>\n \t<li><strong>Production de l&rsquo;onlay :<\/strong><br> L&rsquo;onlay est fabriqu\u00e9 en laboratoire pour correspondre \u00e0 l&rsquo;apparence naturelle et \u00e0 la structure de la dent.<\/li>\n \t<li><strong>Application et fixation :<\/strong><br> L&rsquo;onlay pr\u00e9par\u00e9 est soigneusement plac\u00e9 sur la dent et fix\u00e9 avec un adh\u00e9sif puissant.<\/li>\n<\/ul>\n\n<h2 style=\"margin-top: 40px;\">Y a-t-il de la douleur ou de l&rsquo;inconfort ?<\/h2>\n<p>\u00c9tant donn\u00e9 qu&rsquo;une anesth\u00e9sie locale est utilis\u00e9e pendant la proc\u00e9dure d&rsquo;onlay, aucune douleur ou inconfort n&rsquo;est ressenti. Apr\u00e8s le traitement, une l\u00e9g\u00e8re sensibilit\u00e9 peut survenir, mais cela est g\u00e9n\u00e9ralement de courte dur\u00e9e et se r\u00e9sout de lui-m\u00eame.<\/p>\n\n<h2 style=\"margin-top: 40px;\">Combien de temps dure la proc\u00e9dure ?<\/h2>\n<p>Le traitement par onlay est g\u00e9n\u00e9ralement r\u00e9alis\u00e9 en deux s\u00e9ances. Lors de la premi\u00e8re s\u00e9ance, la dent est pr\u00e9par\u00e9e et une empreinte est prise ; lors de la deuxi\u00e8me s\u00e9ance, l&rsquo;onlay pr\u00e9par\u00e9 en laboratoire est pos\u00e9 sur la dent.<\/p>\n\n<h2 style=\"margin-top: 40px;\">Combien de temps faut-il pour gu\u00e9rir ?<\/h2>\n<p>Apr\u00e8s le traitement par onlay, les dents retrouvent g\u00e9n\u00e9ralement leur fonction normale en 1 \u00e0 2 jours. Cependant, un ajustement complet et la r\u00e9solution de la sensibilit\u00e9 peuvent prendre jusqu&rsquo;\u00e0 une semaine.<\/p>\n\n<h2 style=\"margin-top: 40px;\">Prix de la restauration dentaire par onlay<\/h2>\n<p>Les prix de la restauration dentaire par onlay en 2025 peuvent varier en fonction du type de mat\u00e9riau utilis\u00e9, du plan de traitement et des besoins sp\u00e9cifiques de la dent. Les co\u00fbts peuvent diff\u00e9rer si des mat\u00e9riaux de haute qualit\u00e9 tels que la porcelaine ou la r\u00e9sine composite sont choisis. Pour des informations d\u00e9taill\u00e9es et des prix personnalis\u00e9s, il est recommand\u00e9 de consulter nos conseillers sant\u00e9.<\/p>\n\n<h2 style=\"margin-top: 40px;\">Pourquoi choisir la clinique exclusive Dr. Terziler ?<\/h2>\n<p>Le Dr. Terziler offre des solutions personnalis\u00e9es qui combinent art et science, offrant non seulement une transformation physique mais aussi \u00e9motionnelle. Notre clinique, \u00e9quip\u00e9e de technologies avanc\u00e9es et ax\u00e9e sur le confort et la s\u00e9curit\u00e9, adopte la perfection comme philosophie d&rsquo;entreprise. Car ici, chaque touche vise votre sant\u00e9 et votre bonheur holistiques.<\/p>\n\t\t\t\t\t\t\t\t<\/div>\n\t\t\t\t<\/div>\n\t\t\t\t\t<\/div>\n\t\t\t\t<\/div>\n\t\t\t\t<\/div>\n\t\t","protected":false},"excerpt":{"rendered":"<p>Un onlay est un type sp\u00e9cial d\u2019obturation pr\u00e9par\u00e9 en laboratoire, utilis\u00e9 pour restaurer la forme et la fonction des dents endommag\u00e9es ou cari\u00e9es. Pr\u00e9f\u00e9r\u00e9s lorsque le traitement de la couronne n\u2019est pas n\u00e9cessaire, les onlays pr\u00e9servent la structure saine de la dent tout en assurant sa durabilit\u00e9. Ils offrent une solution esth\u00e9tique et fonctionnelle, contribuant [&hellip;]<\/p>\n","protected":false},"author":6,"featured_media":0,"parent":20328,"menu_order":0,"comment_status":"closed","ping_status":"closed","template":"elementor_header_footer","meta":{"footnotes":""},"class_list":["post-20422","page","type-page","status-publish","hentry"],"_links":{"self":[{"href":"https:\/\/drterziler.com\/fr\/wp-json\/wp\/v2\/pages\/20422","targetHints":{"allow":["GET"]}}],"collection":[{"href":"https:\/\/drterziler.com\/fr\/wp-json\/wp\/v2\/pages"}],"about":[{"href":"https:\/\/drterziler.com\/fr\/wp-json\/wp\/v2\/types\/page"}],"author":[{"embeddable":true,"href":"https:\/\/drterziler.com\/fr\/wp-json\/wp\/v2\/users\/6"}],"replies":[{"embeddable":true,"href":"https:\/\/drterziler.com\/fr\/wp-json\/wp\/v2\/comments?post=20422"}],"version-history":[{"count":17,"href":"https:\/\/drterziler.com\/fr\/wp-json\/wp\/v2\/pages\/20422\/revisions"}],"predecessor-version":[{"id":35720,"href":"https:\/\/drterziler.com\/fr\/wp-json\/wp\/v2\/pages\/20422\/revisions\/35720"}],"up":[{"embeddable":true,"href":"https:\/\/drterziler.com\/fr\/wp-json\/wp\/v2\/pages\/20328"}],"wp:attachment":[{"href":"https:\/\/drterziler.com\/fr\/wp-json\/wp\/v2\/media?parent=20422"}],"curies":[{"name":"wp","href":"https:\/\/api.w.org\/{rel}","templated":true}]}}