{"id":25881,"date":"2024-10-28T18:51:31","date_gmt":"2024-10-28T18:51:31","guid":{"rendered":"https:\/\/drterziler.com\/la-greffe-de-cheveux-va-changer-votre-vie\/"},"modified":"2026-03-10T10:45:34","modified_gmt":"2026-03-10T10:45:34","slug":"la-greffe-de-cheveux-va-changer-votre-vie","status":"publish","type":"page","link":"https:\/\/drterziler.com\/fr\/la-greffe-de-cheveux-va-changer-votre-vie\/","title":{"rendered":"Une greffe de cheveux changera-t-elle votre vie ?"},"content":{"rendered":"<div class=\"page-content\">\n<div id=\"header-area\">\n<div class=\"container\" id=\"firstContent\">\n<div class=\"header-content d-flex flex-column\">\n<h1 class=\"content-title h1-header\">Une greffe de cheveux changera-t-elle votre vie ?<\/h1>\n<div class=\"content-paragraph\">\n<p class=\"p-text\">\n<\/p><\/div>\n<nav aria-label=\"breadcrumb\" class=\"breadcrumbs\">\n<ul class=\"d-flex align-items-center mb-0\">\n<li><a class=\"link\" href=\"https:\/\/drterziler.com\/fr\"><span>Dr. Terziler<\/span><\/a><\/li>\n<li class=\"separator\">\u00bb<\/li>\n<li class=\"current-page\"><span>Une greffe de cheveux changera-t-elle votre vie ?<\/span><\/li>\n<\/ul>\n<\/nav><\/div>\n<\/p><\/div>\n<\/p><\/div>\n<\/div>\n<section id=\"content-area\">\n<div class=\"container my-5\">\n<div class=\"row align-items-start\">\n<div class=\"col-md-6 order-2 order-md-1\">\n<div class=\"custom-toc-box\">\n<div id=\"toc-header\">\n<h4>Table des mati\u00e8res<\/h4>\n<div class=\"toc-toggle-icon\"><\/div>\n<\/p><\/div>\n<div class=\"toc-full-divider\"><\/div>\n<div id=\"toc-body\">\n<div id=\"toc-container\"><\/div>\n<\/p><\/div>\n<\/p><\/div>\n<\/p><\/div>\n<div class=\"col-md-6 order-1 order-md-2\" id=\"jForm\">\n                <script type=\"text\/javascript\" src=\"https:\/\/form.jotform.com\/jsform\/242882407646969\"><\/script>\n            <\/div>\n<\/p><\/div>\n<\/p><\/div>\n<div class=\"container\">\n<div class=\"img-thumb\">\n            <img decoding=\"async\" src=\"https:\/\/drterziler.com\/wp-content\/uploads\/2024\/10\/does-hair-transplant-change-your-life.png\" alt=\"Une greffe de cheveux changera-t-elle votre vie ?\" loading=\"lazy\">\n        <\/div>\n<div>\n<div>\n<h2 class=\"h2-header\">Apparence physique<\/h2>\n<\/p><\/div>\n<div>\n<p class=\"p-text\">L&#039;un des changements les plus imm\u00e9diats apr\u00e8s une greffe de cheveux est l&#039;am\u00e9lioration de l&#039;apparence physique. La perte de cheveux peut affecter de mani\u00e8re significative la fa\u00e7on dont les individus se per\u00e7oivent, ce qui entra\u00eene souvent un sentiment d&#039;ins\u00e9curit\u00e9 et d&#039;insatisfaction. Apr\u00e8s une greffe r\u00e9ussie, les patients ont g\u00e9n\u00e9ralement l&#039;impression d&#039;avoir une chevelure plus fournie, ce qui peut leur redonner confiance et am\u00e9liorer leur apparence g\u00e9n\u00e9rale. Ce changement positif d&#039;apparence peut conduire \u00e0 davantage d&#039;interactions et d&#039;opportunit\u00e9s sociales, car les individus peuvent se sentir plus \u00e0 l&#039;aise dans leur vie personnelle et professionnelle.<\/p>\n<\/p><\/div>\n<\/p><\/div>\n<div>\n<div>\n<h2 class=\"h2-header\">Bien-\u00eatre \u00e9motionnel<\/h2>\n<\/p><\/div>\n<div>\n<p class=\"p-text\">L&#039;impact psychologique de la perte de cheveux peut \u00eatre profond. De nombreuses personnes d\u00e9clarent ressentir une faible estime de soi, de l&#039;anxi\u00e9t\u00e9 et de la d\u00e9pression li\u00e9es \u00e0 leur perte de cheveux. Une greffe de cheveux peut aider \u00e0 att\u00e9nuer ces \u00e9motions n\u00e9gatives en restaurant non seulement les cheveux, mais aussi le sentiment d&#039;identit\u00e9 et de confiance. Des \u00e9tudes ont montr\u00e9 que les personnes qui subissent des proc\u00e9dures de restauration capillaire constatent souvent des am\u00e9liorations significatives de leur sant\u00e9 mentale, ce qui am\u00e9liore leur qualit\u00e9 de vie.<\/p>\n<\/p><\/div>\n<\/p><\/div>\n<div>\n<div>\n<h2 class=\"h2-header\">Opportunit\u00e9s sociales et professionnelles<\/h2>\n<\/p><\/div>\n<div>\n<p class=\"p-text\">Gr\u00e2ce \u00e0 la confiance accrue que leur procure une meilleure apparence physique, de nombreuses personnes se retrouvent plus ouvertes aux situations sociales et aux opportunit\u00e9s professionnelles. Cette confiance retrouv\u00e9e peut conduire \u00e0 de meilleures interactions, \u00e0 plus d&#039;assurance et m\u00eame \u00e0 des promotions professionnelles. Une greffe de cheveux peut permettre aux individus de se pr\u00e9senter d&#039;une mani\u00e8re qui correspond \u00e0 ce qu&#039;ils ressentent int\u00e9rieurement, favorisant ainsi un cycle positif d&#039;am\u00e9lioration de soi.<\/p>\n<\/p><\/div>\n<\/p><\/div>\n<div>\n<div>\n<h2 class=\"h2-header\">Changements de mode de vie<\/h2>\n<\/p><\/div>\n<div>\n<p class=\"p-text\">Bien qu&#039;une greffe de cheveux puisse apporter des r\u00e9sultats transformateurs, il est \u00e9galement important de prendre en compte les changements de mode de vie qui accompagnent la proc\u00e9dure. Les patients doivent s&#039;engager \u00e0 suivre les instructions de soins postop\u00e9ratoires pour garantir des r\u00e9sultats optimaux. Cela peut inclure d&#039;\u00e9viter les activit\u00e9s fatigantes, d&#039;adopter une alimentation saine et de maintenir des rendez-vous de suivi r\u00e9guliers avec leur chirurgien. En outre, il est essentiel de g\u00e9rer les attentes concernant le d\u00e9lai d&#039;obtention des r\u00e9sultats, car la croissance des cheveux prend g\u00e9n\u00e9ralement plusieurs mois pour se d\u00e9velopper pleinement. Une greffe de cheveux peut changer des vies en am\u00e9liorant l&#039;apparence physique, en renfor\u00e7ant le bien-\u00eatre \u00e9motionnel et en ouvrant de nouvelles opportunit\u00e9s sociales et professionnelles. Bien que l&#039;intervention n\u00e9cessite de l&#039;engagement et des soins, les avantages peuvent \u00eatre consid\u00e9rables pour les personnes qui cherchent \u00e0 retrouver leurs cheveux et leur confiance. En comprenant l&#039;impact d&#039;une greffe de cheveux, les patients peuvent prendre des d\u00e9cisions \u00e9clair\u00e9es concernant leur parcours vers la restauration capillaire. Comment une greffe de cheveux modifie-t-elle l&#039;apparence physique ? Une greffe de cheveux r\u00e9tablit les cheveux dans les zones clairsem\u00e9es ou d\u00e9garnies, ce qui donne une chevelure plus fournie et une apparence plus jeune. Une greffe de cheveux peut-elle am\u00e9liorer l&#039;estime de soi ? Oui, de nombreuses personnes font \u00e9tat d&amp;#8217;une augmentation de l&amp;#8217;estime de soi et de la confiance en soi \u00e0 la suite d&amp;#8217;une greffe de cheveux, car celle-ci peut contribuer \u00e0 att\u00e9nuer les sentiments d&amp;#8217;ins\u00e9curit\u00e9 li\u00e9s \u00e0 la perte de cheveux. Quels sont les avantages psychologiques d&#039;une greffe de cheveux ? Les greffes de cheveux peuvent entra\u00eener une am\u00e9lioration de la sant\u00e9 mentale, une r\u00e9duction de l&amp;#8217;anxi\u00e9t\u00e9 et une am\u00e9lioration de la qualit\u00e9 de vie en g\u00e9n\u00e9ral, car les personnes se sentent plus satisfaites de leur apparence. Une greffe de cheveux affectera-t-elle ma vie sociale ? De nombreuses personnes constatent que la confiance accrue qu&amp;#8217;elles tirent d&amp;#8217;une greffe de cheveux a un impact positif sur leurs interactions sociales et leurs relations. Les greffes de cheveux conviennent-elles \u00e0 tout le monde ? Bien que de nombreuses personnes puissent \u00eatre candidates \u00e0 une greffe de cheveux, il est important de consulter un chirurgien qualifi\u00e9 pour \u00e9valuer les conditions et les besoins individuels. Comment puis-je maximiser les avantages d&#039;une greffe de cheveux ? Le respect des consignes de soins postop\u00e9ratoires, le maintien d&amp;#8217;un mode de vie sain et la gestion des attentes concernant les r\u00e9sultats peuvent contribuer \u00e0 maximiser les avantages d&amp;#8217;une greffe de cheveux. Une greffe de cheveux r\u00e9tablit les cheveux dans les zones clairsem\u00e9es ou d\u00e9garnies, ce qui donne une chevelure plus fournie et une apparence plus jeune. Oui, de nombreuses personnes font \u00e9tat d&#039;une augmentation de l&#039;estime de soi et de la confiance en soi \u00e0 la suite d&#039;une greffe de cheveux, car celle-ci peut contribuer \u00e0 att\u00e9nuer les sentiments d&#039;ins\u00e9curit\u00e9 li\u00e9s \u00e0 la perte de cheveux. Les greffes de cheveux peuvent entra\u00eener une am\u00e9lioration de la sant\u00e9 mentale, une r\u00e9duction de l&#039;anxi\u00e9t\u00e9 et une am\u00e9lioration de la qualit\u00e9 de vie en g\u00e9n\u00e9ral, car les personnes se sentent plus satisfaites de leur apparence. De nombreuses personnes constatent que la confiance accrue qu&#039;elles tirent d&#039;une greffe de cheveux a un impact positif sur leurs interactions sociales et leurs relations. Bien que de nombreuses personnes puissent \u00eatre candidates \u00e0 une greffe de cheveux, il est important de consulter un chirurgien qualifi\u00e9 pour \u00e9valuer les conditions et les besoins individuels. Le respect des consignes de soins postop\u00e9ratoires, le maintien d&#039;un mode de vie sain et la gestion des attentes concernant les r\u00e9sultats peuvent contribuer \u00e0 maximiser les avantages d&#039;une greffe de cheveux.<\/p>\n<\/p><\/div>\n<\/p><\/div>\n<\/p><\/div>\n<\/section>\n","protected":false},"excerpt":{"rendered":"<p>Une greffe de cheveux changera-t-elle votre vie ? Dr. Terziler \u00bb Une greffe de cheveux changera-t-elle votre vie ? Table des mati\u00e8res Apparence physique L&#039;un des changements les plus imm\u00e9diats apr\u00e8s une greffe de cheveux est l&#039;am\u00e9lioration de l&#039;apparence physique. La perte de cheveux peut affecter de mani\u00e8re significative la fa\u00e7on dont les individus se [&hellip;]<\/p>\n","protected":false},"author":6,"featured_media":0,"parent":0,"menu_order":0,"comment_status":"closed","ping_status":"closed","template":"","meta":{"footnotes":""},"class_list":["post-25881","page","type-page","status-publish","hentry"],"_links":{"self":[{"href":"https:\/\/drterziler.com\/fr\/wp-json\/wp\/v2\/pages\/25881","targetHints":{"allow":["GET"]}}],"collection":[{"href":"https:\/\/drterziler.com\/fr\/wp-json\/wp\/v2\/pages"}],"about":[{"href":"https:\/\/drterziler.com\/fr\/wp-json\/wp\/v2\/types\/page"}],"author":[{"embeddable":true,"href":"https:\/\/drterziler.com\/fr\/wp-json\/wp\/v2\/users\/6"}],"replies":[{"embeddable":true,"href":"https:\/\/drterziler.com\/fr\/wp-json\/wp\/v2\/comments?post=25881"}],"version-history":[{"count":6,"href":"https:\/\/drterziler.com\/fr\/wp-json\/wp\/v2\/pages\/25881\/revisions"}],"predecessor-version":[{"id":60433,"href":"https:\/\/drterziler.com\/fr\/wp-json\/wp\/v2\/pages\/25881\/revisions\/60433"}],"wp:attachment":[{"href":"https:\/\/drterziler.com\/fr\/wp-json\/wp\/v2\/media?parent=25881"}],"curies":[{"name":"wp","href":"https:\/\/api.w.org\/{rel}","templated":true}]}}