{"id":25883,"date":"2024-10-28T18:41:16","date_gmt":"2024-10-28T18:41:16","guid":{"rendered":"https:\/\/drterziler.com\/augmenter-densite-cheveux\/"},"modified":"2026-03-10T10:46:40","modified_gmt":"2026-03-10T10:46:40","slug":"augmenter-densite-cheveux","status":"publish","type":"page","link":"https:\/\/drterziler.com\/fr\/augmenter-densite-cheveux\/","title":{"rendered":"La greffe de cheveux pour augmenter la densit\u00e9 capillaire"},"content":{"rendered":"<div class=\"page-content\">\n<div id=\"header-area\">\n<div class=\"container\" id=\"firstContent\">\n<div class=\"header-content d-flex flex-column\">\n<h1 class=\"content-title h1-header\">La greffe de cheveux pour augmenter la densit\u00e9 capillaire<\/h1>\n<div class=\"content-paragraph\">\n<p class=\"p-text\">\n<\/p><\/div>\n<nav aria-label=\"breadcrumb\" class=\"breadcrumbs\">\n<ul class=\"d-flex align-items-center mb-0\">\n<li><a class=\"link\" href=\"https:\/\/drterziler.com\/fr\"><span>Dr. Terziler<\/span><\/a><\/li>\n<li class=\"separator\">\u00bb<\/li>\n<li class=\"current-page\"><span>La greffe de cheveux pour augmenter la densit\u00e9 capillaire<\/span><\/li>\n<\/ul>\n<\/nav><\/div>\n<\/p><\/div>\n<\/p><\/div>\n<\/div>\n<section id=\"content-area\">\n<div class=\"container my-5\">\n<div class=\"row align-items-start\">\n<div class=\"col-md-6 order-2 order-md-1\">\n<div class=\"custom-toc-box\">\n<div id=\"toc-header\">\n<h4>Table des mati\u00e8res<\/h4>\n<div class=\"toc-toggle-icon\"><\/div>\n<\/p><\/div>\n<div class=\"toc-full-divider\"><\/div>\n<div id=\"toc-body\">\n<div id=\"toc-container\"><\/div>\n<\/p><\/div>\n<\/p><\/div>\n<\/p><\/div>\n<div class=\"col-md-6 order-1 order-md-2\" id=\"jForm\">\n                <script type=\"text\/javascript\" src=\"https:\/\/form.jotform.com\/jsform\/242882407646969\"><\/script>\n            <\/div>\n<\/p><\/div>\n<\/p><\/div>\n<div class=\"container\">\n<div class=\"img-thumb\">\n            <img decoding=\"async\" src=\"https:\/\/drterziler.com\/wp-content\/uploads\/2024\/10\/hair-transplat-to-incrase-hair-density.png\" alt=\"La greffe de cheveux pour augmenter la densit\u00e9 capillaire\" loading=\"lazy\">\n        <\/div>\n<div>\n<div>\n<h2 class=\"h2-header\">Techniques pour augmenter la densit\u00e9<\/h2>\n<\/p><\/div>\n<div>\n<p class=\"p-text\">Les greffes de cheveux augmentent la densit\u00e9 en transplantant des follicules pileux sains de la zone donneuse vers les r\u00e9gions d\u00e9garnies du cuir chevelu. Ce processus permet aux patients d&#039;obtenir une apparence plus dense dans les zones qui ont pu subir une perte de cheveux importante. Une fois \u00e9tablis, les follicules pileux transplant\u00e9s se d\u00e9veloppent selon leur cycle de croissance naturel, produisant des cheveux qui se fondent parfaitement avec les cheveux existants, contribuant ainsi \u00e0 une augmentation globale de la densit\u00e9. Les chirurgiens peuvent personnaliser la greffe pour r\u00e9pondre aux besoins individuels, en ajustant le nombre de follicules transplant\u00e9s en fonction de la densit\u00e9 souhait\u00e9e par le patient. Les deux principales techniques utilis\u00e9es dans les greffes de cheveux sont l&#039;extraction d&#039;unit\u00e9s folliculaires (FUE) et la transplantation d&#039;unit\u00e9s folliculaires (FUT). La FUE est une technique peu invasive qui consiste \u00e0 extraire des follicules pileux individuels et \u00e0 les implanter dans le site receveur. Cette m\u00e9thode minimise les cicatrices et permet un placement pr\u00e9cis des follicules. La FUT consiste \u00e0 pr\u00e9lever une bande de cuir chevelu dans la zone donneuse, \u00e0 partir de laquelle les follicules pileux sont r\u00e9colt\u00e9s. Cette technique permet d&#039;obtenir un plus grand nombre de follicules en une seule s\u00e9ance, ce qui en fait une option efficace pour les patients qui souhaitent am\u00e9liorer consid\u00e9rablement leur densit\u00e9 capillaire. Soins postop\u00e9ratoires Apr\u00e8s une greffe de cheveux, il est essentiel que les patients se rendent r\u00e9guli\u00e8rement \u00e0 des rendez-vous de suivi avec le chirurgien afin de surveiller la cicatrisation et la repousse des cheveux. Cela permet d&#039;ajuster les plans de soins si n\u00e9cessaire. Les patients doivent \u00e9galement \u00e9viter de tirer ou de forcer sur les cheveux transplant\u00e9s pendant la phase initiale de cicatrisation. Le maintien d&#039;une alimentation \u00e9quilibr\u00e9e, une bonne hydratation et la gestion du stress peuvent favoriser la sant\u00e9 des cheveux et contribuer \u00e0 la r\u00e9ussite globale de la greffe. Il est important de se rappeler que la repousse des cheveux commence g\u00e9n\u00e9ralement dans les 3 \u00e0 6 mois suivant l&#039;intervention, les r\u00e9sultats complets \u00e9tant visibles dans l&#039;ann\u00e9e. La patience est essentielle, car le processus d&#039;augmentation de la densit\u00e9 capillaire prend du temps. Une greffe de cheveux peut effectivement augmenter la densit\u00e9 capillaire chez les personnes souffrant d&#039;amincissement ou de calvitie. En comprenant les techniques utilis\u00e9es, en se pr\u00e9parant correctement \u00e0 l&#039;intervention et en suivant les consignes de soins postop\u00e9ratoires, les patients peuvent obtenir les r\u00e9sultats souhait\u00e9s et profiter d&#039;une chevelure plus fournie et d&#039;apparence plus naturelle. Une greffe de cheveux peut-elle vraiment augmenter la densit\u00e9 des cheveux ? Oui, les greffes de cheveux peuvent augmenter de mani\u00e8re significative la densit\u00e9 des cheveux en d\u00e9pla\u00e7ant des follicules sains vers des zones clairsem\u00e9es ou chauves. Combien de temps faut-il pour voir des r\u00e9sultats apr\u00e8s une greffe de cheveux ? La repousse des cheveux commence g\u00e9n\u00e9ralement au bout de 3 \u00e0 6 mois, et les r\u00e9sultats complets sont visibles au bout d&amp;#8217;un an. Puis-je choisir la densit\u00e9 de ma greffe ? Oui, les chirurgiens peuvent personnaliser les plans de traitement pour atteindre le niveau de densit\u00e9 souhait\u00e9 en fonction des pr\u00e9f\u00e9rences individuelles. Quelles sont les techniques utilis\u00e9es pour augmenter la densit\u00e9 des cheveux ? L&amp;#8217;extraction d&amp;#8217;unit\u00e9s folliculaires (FUE) et la DHI robotis\u00e9e sont des techniques couramment utilis\u00e9es pour transplanter des follicules pileux et am\u00e9liorer la densit\u00e9. Puis-je combiner une greffe de cheveux avec d&#039;autres traitements de restauration capillaire ? Oui, de nombreux patients choisissent de combiner une greffe de cheveux avec d&amp;#8217;autres traitements, tels que la th\u00e9rapie PRP (plasma riche en plaquettes), pour obtenir de meilleurs r\u00e9sultats. Oui, les greffes de cheveux peuvent augmenter de mani\u00e8re significative la densit\u00e9 des cheveux en d\u00e9pla\u00e7ant des follicules sains vers des zones clairsem\u00e9es ou chauves. La repousse des cheveux commence g\u00e9n\u00e9ralement au bout de 3 \u00e0 6 mois, et les r\u00e9sultats complets sont visibles au bout d&#039;un an. Oui, les chirurgiens peuvent personnaliser les plans de traitement pour atteindre le niveau de densit\u00e9 souhait\u00e9 en fonction des pr\u00e9f\u00e9rences individuelles. L&#039;extraction d&#039;unit\u00e9s folliculaires (FUE) et la DHI robotis\u00e9e sont des techniques couramment utilis\u00e9es pour transplanter des follicules pileux et am\u00e9liorer la densit\u00e9. Oui, de nombreux patients choisissent de combiner une greffe de cheveux avec d&#039;autres traitements, tels que la th\u00e9rapie PRP (plasma riche en plaquettes), pour obtenir de meilleurs r\u00e9sultats.<\/p>\n<\/p><\/div>\n<\/p><\/div>\n<\/p><\/div>\n<\/section>\n","protected":false},"excerpt":{"rendered":"<p>La greffe de cheveux pour augmenter la densit\u00e9 capillaire Dr. Terziler \u00bb La greffe de cheveux pour augmenter la densit\u00e9 capillaire Table des mati\u00e8res Techniques pour augmenter la densit\u00e9 Les greffes de cheveux augmentent la densit\u00e9 en transplantant des follicules pileux sains de la zone donneuse vers les r\u00e9gions d\u00e9garnies du cuir chevelu. Ce processus [&hellip;]<\/p>\n","protected":false},"author":6,"featured_media":0,"parent":0,"menu_order":0,"comment_status":"closed","ping_status":"closed","template":"","meta":{"footnotes":""},"class_list":["post-25883","page","type-page","status-publish","hentry"],"_links":{"self":[{"href":"https:\/\/drterziler.com\/fr\/wp-json\/wp\/v2\/pages\/25883","targetHints":{"allow":["GET"]}}],"collection":[{"href":"https:\/\/drterziler.com\/fr\/wp-json\/wp\/v2\/pages"}],"about":[{"href":"https:\/\/drterziler.com\/fr\/wp-json\/wp\/v2\/types\/page"}],"author":[{"embeddable":true,"href":"https:\/\/drterziler.com\/fr\/wp-json\/wp\/v2\/users\/6"}],"replies":[{"embeddable":true,"href":"https:\/\/drterziler.com\/fr\/wp-json\/wp\/v2\/comments?post=25883"}],"version-history":[{"count":7,"href":"https:\/\/drterziler.com\/fr\/wp-json\/wp\/v2\/pages\/25883\/revisions"}],"predecessor-version":[{"id":60436,"href":"https:\/\/drterziler.com\/fr\/wp-json\/wp\/v2\/pages\/25883\/revisions\/60436"}],"wp:attachment":[{"href":"https:\/\/drterziler.com\/fr\/wp-json\/wp\/v2\/media?parent=25883"}],"curies":[{"name":"wp","href":"https:\/\/api.w.org\/{rel}","templated":true}]}}