{"id":25885,"date":"2024-10-28T18:15:28","date_gmt":"2024-10-28T18:15:28","guid":{"rendered":"https:\/\/drterziler.com\/affecter-la-fertilite-masculine\/"},"modified":"2026-03-10T10:48:01","modified_gmt":"2026-03-10T10:48:01","slug":"affecter-la-fertilite-masculine","status":"publish","type":"page","link":"https:\/\/drterziler.com\/fr\/affecter-la-fertilite-masculine\/","title":{"rendered":"La greffe de cheveux affecte-t-elle la fertilit\u00e9 masculine ?"},"content":{"rendered":"<div class=\"page-content\">\n<div id=\"header-area\">\n<div class=\"container\" id=\"firstContent\">\n<div class=\"header-content d-flex flex-column\">\n<h1 class=\"content-title h1-header\">La greffe de cheveux affecte-t-elle la fertilit\u00e9 masculine ?<\/h1>\n<div class=\"content-paragraph\">\n<p class=\"p-text\">\n<\/p><\/div>\n<nav aria-label=\"breadcrumb\" class=\"breadcrumbs\">\n<ul class=\"d-flex align-items-center mb-0\">\n<li><a class=\"link\" href=\"https:\/\/drterziler.com\/fr\"><span>Dr. Terziler Exclusive Clinic<\/span><\/a><\/li>\n<li class=\"separator\">\u00bb<\/li>\n<li class=\"current-page\"><span>La greffe de cheveux affecte-t-elle la fertilit\u00e9 masculine ?<\/span><\/li>\n<\/ul>\n<\/nav><\/div>\n<\/p><\/div>\n<\/p><\/div>\n<\/div>\n<section id=\"content-area\">\n<div class=\"container my-5\">\n<div class=\"row align-items-start\">\n<div class=\"col-md-6 order-2 order-md-1\">\n<div class=\"custom-toc-box\">\n<div id=\"toc-header\">\n<h4>Table des mati\u00e8res<\/h4>\n<div class=\"toc-toggle-icon\"><\/div>\n<\/p><\/div>\n<div class=\"toc-full-divider\"><\/div>\n<div id=\"toc-body\">\n<div id=\"toc-container\"><\/div>\n<\/p><\/div>\n<\/p><\/div>\n<\/p><\/div>\n<div class=\"col-md-6 order-1 order-md-2\" id=\"jForm\">\n                <script type=\"text\/javascript\" src=\"https:\/\/form.jotform.com\/jsform\/242882407646969\"><\/script>\n            <\/div>\n<\/p><\/div>\n<\/p><\/div>\n<div class=\"container\">\n<div class=\"img-thumb\">\n            <img decoding=\"async\" src=\"https:\/\/drterziler.com\/wp-content\/uploads\/2024\/10\/does-hair-transplant-affect-male-fertility.png\" alt=\"La greffe de cheveux affecte-t-elle la fertilit\u00e9 masculine ?\" loading=\"lazy\">\n        <\/div>\n<div>\n<div>\n<h2 class=\"h2-header\">La proc\u00e9dure de greffe de cheveux<\/h2>\n<\/p><\/div>\n<div>\n<p class=\"p-text\">Une greffe de cheveux implique g\u00e9n\u00e9ralement deux techniques principales : l&#039;extraction d&#039;unit\u00e9s folliculaires (FUE) et la transplantation d&#039;unit\u00e9s folliculaires (FUT). Les deux m\u00e9thodes consistent \u00e0 transf\u00e9rer des follicules pileux sains vers les zones touch\u00e9es par la perte de cheveux. La proc\u00e9dure est localis\u00e9e, c&#039;est-\u00e0-dire qu&#039;elle ne vise que le cuir chevelu et n&#039;implique pas de changements syst\u00e9miques susceptibles d&#039;affecter d&#039;autres fonctions corporelles, y compris la sant\u00e9 reproductive.<\/p>\n<\/p><\/div>\n<\/p><\/div>\n<div>\n<div>\n<h2 class=\"h2-header\">Fertilit\u00e9 et greffes de cheveux<\/h2>\n<\/p><\/div>\n<div>\n<p class=\"p-text\">Aucun impact direct sur la fertilit\u00e9 :Les recherches actuelles et les preuves cliniques sugg\u00e8rent que les greffes de cheveux n&#039;ont aucun impact direct sur la fertilit\u00e9 masculine. La proc\u00e9dure n&#039;interf\u00e8re pas avec la production de spermatozo\u00efdes ou les niveaux de testost\u00e9rone. Comme les greffes de cheveux se concentrent sp\u00e9cifiquement sur le cuir chevelu, elles n&#039;impliquent aucun organe reproducteur ou voie hormonale li\u00e9e \u00e0 la fertilit\u00e9. Anesth\u00e9sie et m\u00e9dicaments :Certains patients expriment des inqui\u00e9tudes concernant les m\u00e9dicaments utilis\u00e9s pendant la greffe de cheveux, y compris l&#039;anesth\u00e9sie et les m\u00e9dicaments contre la douleur. Bien que ces m\u00e9dicaments soient essentiels au confort du patient pendant l&#039;intervention, ils sont g\u00e9n\u00e9ralement administr\u00e9s \u00e0 des doses s\u00fbres et ne sont pas susceptibles d&#039;avoir des effets durables sur la fertilit\u00e9. Il est conseill\u00e9 aux patients de discuter de leurs pr\u00e9occupations concernant les m\u00e9dicaments avec leur prestataire de soins de sant\u00e9 avant l&#039;intervention. Stress et r\u00e9tablissement :Bien que la greffe de cheveux en elle-m\u00eame n&#039;affecte pas la fertilit\u00e9, le stress associ\u00e9 \u00e0 l&#039;intervention ou au r\u00e9tablissement peut avoir un impact temporaire sur l&#039;\u00e9quilibre hormonal et la sant\u00e9 reproductive. Des niveaux de stress \u00e9lev\u00e9s peuvent affecter la libido et influencer la production de sperme. Cependant, il s&#039;agit g\u00e9n\u00e9ralement d&#039;un effet \u00e0 court terme qui dispara\u00eet \u00e0 mesure que la personne se remet de l&#039;op\u00e9ration et que le niveau de stress se normalise. Pour les hommes qui envisagent une greffe de cheveux, il est rassurant de savoir que l&#039;intervention n&#039;affecte pas la fertilit\u00e9. Les greffes de cheveux sont des options chirurgicales s\u00fbres pour restaurer la chevelure sans compromettre la sant\u00e9 reproductive. Comme pour toute proc\u00e9dure m\u00e9dicale, il est important de discuter de toute pr\u00e9occupation avec un professionnel de sant\u00e9 qualifi\u00e9 afin de prendre une d\u00e9cision \u00e9clair\u00e9e et de garantir un r\u00e9tablissement sans heurts. Une greffe de cheveux affecte-t-elle la fertilit\u00e9 masculine ? Non, les greffes de cheveux n&amp;#8217;ont pas d&amp;#8217;impact direct sur la fertilit\u00e9 masculine. La proc\u00e9dure se concentre sur le cuir chevelu et n&amp;#8217;interf\u00e8re pas avec la sant\u00e9 reproductive. L&#039;anesth\u00e9sie utilis\u00e9e pendant l&#039;intervention peut-elle affecter la fertilit\u00e9 ? En g\u00e9n\u00e9ral, l&amp;#8217;anesth\u00e9sie et les m\u00e9dicaments utilis\u00e9s lors d&amp;#8217;une greffe de cheveux sont administr\u00e9s \u00e0 des doses s\u00fbres et il est peu probable qu&amp;#8217;ils aient des effets durables sur la fertilit\u00e9. Comment le stress li\u00e9 \u00e0 la proc\u00e9dure affecte-t-il la fertilit\u00e9 ? Si le stress peut temporairement affecter l&amp;#8217;\u00e9quilibre hormonal et la sant\u00e9 reproductive, il s&amp;#8217;agit g\u00e9n\u00e9ralement d&amp;#8217;un effet \u00e0 court terme qui dispara\u00eet apr\u00e8s la gu\u00e9rison. Les m\u00e9dicaments utilis\u00e9s pour les greffes de cheveux ont-ils des effets \u00e0 long terme sur la fertilit\u00e9 ? Les m\u00e9dicaments utilis\u00e9s lors des greffes de cheveux n&amp;#8217;ont pas d&amp;#8217;effets connus \u00e0 long terme sur la fertilit\u00e9. Les patients doivent discuter de leurs inqui\u00e9tudes avec leur prestataire de soins de sant\u00e9. Est-il prudent de subir une greffe de cheveux si j&#039;ai l&#039;intention d&#039;avoir des enfants ? Oui, il n&amp;#8217;y a aucun risque \u00e0 subir une greffe de cheveux si vous pr\u00e9voyez d&amp;#8217;avoir des enfants, car l&amp;#8217;intervention n&amp;#8217;affecte pas la fertilit\u00e9. Puis-je discuter de mes probl\u00e8mes de fertilit\u00e9 avec mon chirurgien ? Il est absolument n\u00e9cessaire de discuter de vos pr\u00e9occupations avec votre chirurgien pour vous assurer que vous \u00eates pleinement inform\u00e9 et \u00e0 l&amp;#8217;aise avec la proc\u00e9dure. Non, les greffes de cheveux n&#039;ont pas d&#039;impact direct sur la fertilit\u00e9 masculine. La proc\u00e9dure se concentre sur le cuir chevelu et n&#039;interf\u00e8re pas avec la sant\u00e9 reproductive. En g\u00e9n\u00e9ral, l&#039;anesth\u00e9sie et les m\u00e9dicaments utilis\u00e9s lors d&#039;une greffe de cheveux sont administr\u00e9s \u00e0 des doses s\u00fbres et il est peu probable qu&#039;ils aient des effets durables sur la fertilit\u00e9. Si le stress peut temporairement affecter l&#039;\u00e9quilibre hormonal et la sant\u00e9 reproductive, il s&#039;agit g\u00e9n\u00e9ralement d&#039;un effet \u00e0 court terme qui dispara\u00eet apr\u00e8s la gu\u00e9rison. Les m\u00e9dicaments utilis\u00e9s lors des greffes de cheveux n&#039;ont pas d&#039;effets connus \u00e0 long terme sur la fertilit\u00e9. Les patients doivent discuter de leurs inqui\u00e9tudes avec leur prestataire de soins de sant\u00e9. Oui, il n&#039;y a aucun risque \u00e0 subir une greffe de cheveux si vous pr\u00e9voyez d&#039;avoir des enfants, car l&#039;intervention n&#039;affecte pas la fertilit\u00e9. Il est absolument n\u00e9cessaire de discuter de vos pr\u00e9occupations avec votre chirurgien pour vous assurer que vous \u00eates pleinement inform\u00e9 et \u00e0 l&#039;aise avec la proc\u00e9dure.<\/p>\n<\/p><\/div>\n<\/p><\/div>\n<\/p><\/div>\n<\/section>\n","protected":false},"excerpt":{"rendered":"<p>La greffe de cheveux affecte-t-elle la fertilit\u00e9 masculine ? Dr. Terziler Exclusive Clinic \u00bb La greffe de cheveux affecte-t-elle la fertilit\u00e9 masculine ? Table des mati\u00e8res La proc\u00e9dure de greffe de cheveux Une greffe de cheveux implique g\u00e9n\u00e9ralement deux techniques principales : l&#039;extraction d&#039;unit\u00e9s folliculaires (FUE) et la transplantation d&#039;unit\u00e9s folliculaires (FUT). Les deux m\u00e9thodes [&hellip;]<\/p>\n","protected":false},"author":6,"featured_media":0,"parent":0,"menu_order":0,"comment_status":"closed","ping_status":"closed","template":"","meta":{"footnotes":""},"class_list":["post-25885","page","type-page","status-publish","hentry"],"_links":{"self":[{"href":"https:\/\/drterziler.com\/fr\/wp-json\/wp\/v2\/pages\/25885","targetHints":{"allow":["GET"]}}],"collection":[{"href":"https:\/\/drterziler.com\/fr\/wp-json\/wp\/v2\/pages"}],"about":[{"href":"https:\/\/drterziler.com\/fr\/wp-json\/wp\/v2\/types\/page"}],"author":[{"embeddable":true,"href":"https:\/\/drterziler.com\/fr\/wp-json\/wp\/v2\/users\/6"}],"replies":[{"embeddable":true,"href":"https:\/\/drterziler.com\/fr\/wp-json\/wp\/v2\/comments?post=25885"}],"version-history":[{"count":6,"href":"https:\/\/drterziler.com\/fr\/wp-json\/wp\/v2\/pages\/25885\/revisions"}],"predecessor-version":[{"id":60438,"href":"https:\/\/drterziler.com\/fr\/wp-json\/wp\/v2\/pages\/25885\/revisions\/60438"}],"wp:attachment":[{"href":"https:\/\/drterziler.com\/fr\/wp-json\/wp\/v2\/media?parent=25885"}],"curies":[{"name":"wp","href":"https:\/\/api.w.org\/{rel}","templated":true}]}}